{"id":9754,"date":"2025-12-11T11:12:55","date_gmt":"2025-12-11T08:12:55","guid":{"rendered":"https:\/\/pokerplanets2.com\/pokerplanets6\/promotions\/sub-zero-weekend-50-for-cold-blood\/"},"modified":"2025-12-11T18:15:26","modified_gmt":"2025-12-11T15:15:26","slug":"sub-zero-weekend-50-for-cold-blood","status":"publish","type":"page","link":"https:\/\/pokerplanets6.com\/pt-br\/promotions\/sub-zero-weekend-50-for-cold-blood\/","title":{"rendered":"Sub-Zero Weekend: $50 por sangue frio!"},"content":{"rendered":"<p style=\"text-align: center;\"><span style=\"font-size: 14pt;\"><strong>Sub-Zero Weekend: $50 por sangue frio!<\/strong><\/span><\/p>\r\n<p><span style=\"font-size: 10pt;\"><strong>De 12 a 14 de dezembro<\/strong>, prepare-se para um fim de semana no estilo Sub-Zero de Mortal Kombat! Tr\u00eas dias de torneios <strong>100% Bounty<\/strong>, com buy-ins de $5.5 a $25, onde a PokerPlanets paga extra por cada golpe preciso nos advers\u00e1rios. A cada <strong>5 elimina\u00e7\u00f5es <\/strong>\u2014 <strong>b\u00f4nus de $5.<\/strong><\/span><\/p>\r\n<p><span style=\"font-size: 10pt;\"><strong>E O SUPER PR\u00caMIO \u2014 $50 por 25 <\/strong><strong>\u041a\u041e<\/strong> durante o periodo da promo\u00e7\u00e3o.<\/span><\/p>\r\n<p><span style=\"font-size: 10pt;\"><strong>7 torneios todos os dias + um freebuy para o Sub-Zero Bountality Sirius.<\/strong><\/span><\/p>\r\n<ul>\r\n\t<li><span style=\"font-size: 10pt;\"><strong>13:00 <\/strong>\u2014 Freebuy to <strong>Sub-Zero Bountality Sirius R&amp;A 0.55<\/strong>.<\/span><\/li>\r\n\t<li><span style=\"font-size: 10pt;\"><strong>13:00, 18:00, 20:00<\/strong> \u2014 tr\u00eas torneios de <strong>100% Sub-Zero Bountality $5.5<\/strong>.<\/span><\/li>\r\n\t<li><span style=\"font-size: 10pt;\"><strong>16:00, 19:00, 21:30<\/strong> \u2014 tr\u00eas torneios de <strong>100% Sub-Zero Bountality $11<\/strong>.<\/span><\/li>\r\n\t<li><span style=\"font-size: 10pt;\"><strong>20:15<\/strong>\u2014 torneio de <strong>$25 100% Sub-Zero Sirius<\/strong>.<\/span><\/li>\r\n<\/ul>\r\n<p><span style=\"font-size: 10pt;\">Nada de esperar pelo ITM ou dividir pr\u00eamio \u2014 <strong>as recompensas est\u00e3o direto nas mesas!<\/strong><\/span><\/p>\r\n<p><span style=\"font-size: 10pt;\"><strong>As elimina\u00e7\u00f5es n\u00e3o zeram!<br \/>\r\n<\/strong>Seu progresso \u00e9 acumulativo ao longo de todos os torneios do evento. Eliminou 3 jogadores em um torneio? \u00d3timo. Elimine mais 2 em outro e receba seus $5.<\/span><\/p>\r\n<p><span style=\"font-size: 10pt;\"><strong>Acompanhe seu progresso no nosso:<\/strong> veja quantas elimina\u00e7\u00f5es faltam para o pr\u00f3ximo pr\u00eamio e quanto bounty voc\u00ea j\u00e1 acumulou. As informa\u00e7\u00f5es s\u00e3o atualizadas diariamente.<\/span><\/p>\r\n<div class=\"table-overflow\">\r\n<div class=\"table-dinamic\" data-table-dinamic=\"\">\r\n<div class=\"table-dinamic__title\" style=\"text-align: center;\">Leaderboard<\/div>\r\n<button class=\"table-dinamic__button button--null\" data-table-dinamic-button=\"close\" data-less=\"Close table\" data-unless=\"Show table\"><\/button>\r\n<table cellspacing=\"0\" cellpadding=\"0\">\r\n<tbody>\r\n<tr>\r\n<td><strong>Player<\/strong><\/td>\r\n<td><strong>Total KO<\/strong><\/td>\r\n<td><strong>KO to Prize <\/strong><\/td>\r\n<td><strong>KO to SUPER PRIZE<\/strong><\/td>\r\n<td><strong>Bountality Prize<\/strong><\/td>\r\n<td><strong>SUPER PRIZE<\/strong><\/td>\r\n<td><strong>Total Prize<\/strong><\/td>\r\n<\/tr>\r\n<\/tbody>\r\n<\/table>\r\n<\/div>\r\n<\/div>\r\n<p>&nbsp;<\/p>\r\n<p style=\"text-align: center;\"><span style=\"font-size: 10pt;\"><strong>V\u00e1 at\u00e9 o fim, golpe por golpe. O pr\u00eamio final: $50 por 25 elimina\u00e7\u00f5es. <\/strong><\/span><span style=\"font-size: 10pt;\"><strong>Consegue encarar?<\/strong><\/span><\/p>\r\n<div style=\"margin: 0 auto; text-align: center;\"><div id=\"detectButton5\" style=\"margin: 0 auto; text-align: center;\"><button class=\"button  button--red\" type=\"button\"><svg class=\"svg\">\r\n              <use xlink:href=\"\/wp-content\/uploads\/sites\/15\/2024\/12\/sprite.svg#lock\"><\/use>\r\n             <\/svg>  BAIXAR O POKERPLANETS <\/button><\/div><\/div>\r\n<p>&nbsp;<\/p>","protected":false},"excerpt":{"rendered":"<p>Sub-Zero Weekend: $50 por sangue frio! De 12 a 14 de dezembro, prepare-se para um fim de semana no estilo Sub-Zero de Mortal Kombat! Tr\u00eas dias de torneios 100% Bounty, com buy-ins de $5.5 a $25, onde a PokerPlanets paga extra por cada golpe preciso nos advers\u00e1rios. A cada 5 elimina\u00e7\u00f5es \u2014 b\u00f4nus de $5. [&hellip;]<\/p>\n","protected":false},"author":1,"featured_media":0,"parent":7185,"menu_order":0,"comment_status":"closed","ping_status":"closed","template":"page-faq-nosidebar-promo.php","meta":{"_acf_changed":false,"inline_featured_image":false,"footnotes":""},"class_list":["post-9754","page","type-page","status-publish","hentry"],"acf":[],"yoast_head":"<!-- This site is optimized with the Yoast SEO plugin v24.4 - https:\/\/yoast.com\/wordpress\/plugins\/seo\/ -->\n<title>Sub-Zero Weekend: $50 por sangue frio! - PokerPlanets<\/title>\n<meta name=\"robots\" content=\"index, follow, max-snippet:-1, max-image-preview:large, max-video-preview:-1\" \/>\n<meta property=\"og:locale\" content=\"pt_BR\" \/>\n<meta property=\"og:type\" content=\"article\" \/>\n<meta property=\"og:title\" content=\"Sub-Zero Weekend: $50 por sangue frio! - PokerPlanets\" \/>\n<meta property=\"og:description\" content=\"Sub-Zero Weekend: $50 por sangue frio! De 12 a 14 de dezembro, prepare-se para um fim de semana no estilo Sub-Zero de Mortal Kombat! Tr\u00eas dias de torneios 100% Bounty, com buy-ins de $5.5 a $25, onde a PokerPlanets paga extra por cada golpe preciso nos advers\u00e1rios. A cada 5 elimina\u00e7\u00f5es \u2014 b\u00f4nus de $5. [&hellip;]\" \/>\n<meta property=\"og:url\" content=\"https:\/\/pokerplanets6.com\/pt-br\/promotions\/sub-zero-weekend-50-for-cold-blood\/\" \/>\n<meta property=\"og:site_name\" content=\"PokerPlanets\" \/>\n<meta property=\"article:modified_time\" content=\"2025-12-11T15:15:26+00:00\" \/>\n<meta name=\"twitter:card\" content=\"summary_large_image\" \/>\n<meta name=\"twitter:label1\" content=\"Est. tempo de leitura\" \/>\n\t<meta name=\"twitter:data1\" content=\"1 minuto\" \/>\n<script type=\"application\/ld+json\" class=\"yoast-schema-graph\">{\"@context\":\"https:\/\/schema.org\",\"@graph\":[{\"@type\":\"WebPage\",\"@id\":\"https:\/\/pokerplanets6.com\/pt-br\/promotions\/sub-zero-weekend-50-for-cold-blood\/\",\"url\":\"https:\/\/pokerplanets6.com\/pt-br\/promotions\/sub-zero-weekend-50-for-cold-blood\/\",\"name\":\"Sub-Zero Weekend: $50 por sangue frio! - PokerPlanets\",\"isPartOf\":{\"@id\":\"https:\/\/pokerplanets6.com\/pt-br\/#website\"},\"datePublished\":\"2025-12-11T08:12:55+00:00\",\"dateModified\":\"2025-12-11T15:15:26+00:00\",\"breadcrumb\":{\"@id\":\"https:\/\/pokerplanets6.com\/pt-br\/promotions\/sub-zero-weekend-50-for-cold-blood\/#breadcrumb\"},\"inLanguage\":\"pt-BR\",\"potentialAction\":[{\"@type\":\"ReadAction\",\"target\":[\"https:\/\/pokerplanets6.com\/pt-br\/promotions\/sub-zero-weekend-50-for-cold-blood\/\"]}]},{\"@type\":\"BreadcrumbList\",\"@id\":\"https:\/\/pokerplanets6.com\/pt-br\/promotions\/sub-zero-weekend-50-for-cold-blood\/#breadcrumb\",\"itemListElement\":[{\"@type\":\"ListItem\",\"position\":1,\"name\":\"Home\",\"item\":\"https:\/\/pokerplanets6.com\/pt-br\/\"},{\"@type\":\"ListItem\",\"position\":2,\"name\":\"Promo\u00e7\u00f5es\",\"item\":\"https:\/\/pokerplanets6.com\/pt-br\/promotions\/\"},{\"@type\":\"ListItem\",\"position\":3,\"name\":\"Sub-Zero Weekend: $50 por sangue frio!\"}]},{\"@type\":\"WebSite\",\"@id\":\"https:\/\/pokerplanets6.com\/pt-br\/#website\",\"url\":\"https:\/\/pokerplanets6.com\/pt-br\/\",\"name\":\"PokerPlanets\",\"description\":\"\",\"potentialAction\":[{\"@type\":\"SearchAction\",\"target\":{\"@type\":\"EntryPoint\",\"urlTemplate\":\"https:\/\/pokerplanets6.com\/pt-br\/?s={search_term_string}\"},\"query-input\":{\"@type\":\"PropertyValueSpecification\",\"valueRequired\":true,\"valueName\":\"search_term_string\"}}],\"inLanguage\":\"pt-BR\"}]}<\/script>\n<!-- \/ Yoast SEO plugin. -->","yoast_head_json":{"title":"Sub-Zero Weekend: $50 por sangue frio! - PokerPlanets","robots":{"index":"index","follow":"follow","max-snippet":"max-snippet:-1","max-image-preview":"max-image-preview:large","max-video-preview":"max-video-preview:-1"},"og_locale":"pt_BR","og_type":"article","og_title":"Sub-Zero Weekend: $50 por sangue frio! - PokerPlanets","og_description":"Sub-Zero Weekend: $50 por sangue frio! De 12 a 14 de dezembro, prepare-se para um fim de semana no estilo Sub-Zero de Mortal Kombat! Tr\u00eas dias de torneios 100% Bounty, com buy-ins de $5.5 a $25, onde a PokerPlanets paga extra por cada golpe preciso nos advers\u00e1rios. A cada 5 elimina\u00e7\u00f5es \u2014 b\u00f4nus de $5. [&hellip;]","og_url":"https:\/\/pokerplanets6.com\/pt-br\/promotions\/sub-zero-weekend-50-for-cold-blood\/","og_site_name":"PokerPlanets","article_modified_time":"2025-12-11T15:15:26+00:00","twitter_card":"summary_large_image","twitter_misc":{"Est. tempo de leitura":"1 minuto"},"schema":{"@context":"https:\/\/schema.org","@graph":[{"@type":"WebPage","@id":"https:\/\/pokerplanets6.com\/pt-br\/promotions\/sub-zero-weekend-50-for-cold-blood\/","url":"https:\/\/pokerplanets6.com\/pt-br\/promotions\/sub-zero-weekend-50-for-cold-blood\/","name":"Sub-Zero Weekend: $50 por sangue frio! - PokerPlanets","isPartOf":{"@id":"https:\/\/pokerplanets6.com\/pt-br\/#website"},"datePublished":"2025-12-11T08:12:55+00:00","dateModified":"2025-12-11T15:15:26+00:00","breadcrumb":{"@id":"https:\/\/pokerplanets6.com\/pt-br\/promotions\/sub-zero-weekend-50-for-cold-blood\/#breadcrumb"},"inLanguage":"pt-BR","potentialAction":[{"@type":"ReadAction","target":["https:\/\/pokerplanets6.com\/pt-br\/promotions\/sub-zero-weekend-50-for-cold-blood\/"]}]},{"@type":"BreadcrumbList","@id":"https:\/\/pokerplanets6.com\/pt-br\/promotions\/sub-zero-weekend-50-for-cold-blood\/#breadcrumb","itemListElement":[{"@type":"ListItem","position":1,"name":"Home","item":"https:\/\/pokerplanets6.com\/pt-br\/"},{"@type":"ListItem","position":2,"name":"Promo\u00e7\u00f5es","item":"https:\/\/pokerplanets6.com\/pt-br\/promotions\/"},{"@type":"ListItem","position":3,"name":"Sub-Zero Weekend: $50 por sangue frio!"}]},{"@type":"WebSite","@id":"https:\/\/pokerplanets6.com\/pt-br\/#website","url":"https:\/\/pokerplanets6.com\/pt-br\/","name":"PokerPlanets","description":"","potentialAction":[{"@type":"SearchAction","target":{"@type":"EntryPoint","urlTemplate":"https:\/\/pokerplanets6.com\/pt-br\/?s={search_term_string}"},"query-input":{"@type":"PropertyValueSpecification","valueRequired":true,"valueName":"search_term_string"}}],"inLanguage":"pt-BR"}]}},"publishpress_future_action":{"enabled":false,"date":"2026-05-06 09:27:46","action":"change-status","newStatus":"draft","terms":[],"taxonomy":"translation_priority","extraData":[]},"publishpress_future_workflow_manual_trigger":{"enabledWorkflows":[]},"_links":{"self":[{"href":"https:\/\/pokerplanets6.com\/pt-br\/wp-json\/wp\/v2\/pages\/9754","targetHints":{"allow":["GET"]}}],"collection":[{"href":"https:\/\/pokerplanets6.com\/pt-br\/wp-json\/wp\/v2\/pages"}],"about":[{"href":"https:\/\/pokerplanets6.com\/pt-br\/wp-json\/wp\/v2\/types\/page"}],"author":[{"embeddable":true,"href":"https:\/\/pokerplanets6.com\/pt-br\/wp-json\/wp\/v2\/users\/1"}],"replies":[{"embeddable":true,"href":"https:\/\/pokerplanets6.com\/pt-br\/wp-json\/wp\/v2\/comments?post=9754"}],"version-history":[{"count":6,"href":"https:\/\/pokerplanets6.com\/pt-br\/wp-json\/wp\/v2\/pages\/9754\/revisions"}],"predecessor-version":[{"id":9834,"href":"https:\/\/pokerplanets6.com\/pt-br\/wp-json\/wp\/v2\/pages\/9754\/revisions\/9834"}],"up":[{"embeddable":true,"href":"https:\/\/pokerplanets6.com\/pt-br\/wp-json\/wp\/v2\/pages\/7185"}],"wp:attachment":[{"href":"https:\/\/pokerplanets6.com\/pt-br\/wp-json\/wp\/v2\/media?parent=9754"}],"curies":[{"name":"wp","href":"https:\/\/api.w.org\/{rel}","templated":true}]}}