{"id":7586,"date":"2025-01-28T23:27:51","date_gmt":"2025-01-28T20:27:51","guid":{"rendered":"https:\/\/pokerplanets2.com\/pokerplanets6\/poker\/poker-tournament-rules\/"},"modified":"2025-08-25T17:59:49","modified_gmt":"2025-08-25T14:59:49","slug":"poker-tournament-rules","status":"publish","type":"page","link":"https:\/\/pokerplanets6.com\/pt-br\/poker\/poker-tournament-rules\/","title":{"rendered":"Regras de torneios de poker"},"content":{"rendered":"<p><span style=\"font-weight: 400; font-size: 10pt;\">1.\tGarantimos a imparcialidade no jogo e a ades\u00e3o a estas regras. Em situa\u00e7\u00f5es excepcionais, decis\u00f5es podem ser tomadas para preservar a integridade do jogo, mesmo que se desviem das regras estabelecidas.<\/span><\/p>\r\n<p><span style=\"font-weight: 400; font-size: 10pt;\">2. O acesso a todos os torneios \u00e9 feito pelo lobby do torneio no software cliente ou aplicativo m\u00f3vel (denominado \u201clobby do torneio\u201d).<\/span><\/p>\r\n<p><span style=\"font-weight: 400; font-size: 10pt;\">3. Informa\u00e7\u00f5es sobre os torneios, como hor\u00e1rio de in\u00edcio, estrutura de pr\u00eamios, estrutura de blinds, dura\u00e7\u00e3o dos n\u00edveis, detalhes de rebuys e intervalos, est\u00e3o dispon\u00edveis no lobby do torneio. Reservamo-nos o direito de atrasar, cancelar ou modificar torneios e seus par\u00e2metros sem aviso pr\u00e9vio.<\/span><\/p>\r\n<p><span style=\"font-weight: 400; font-size: 10pt;\">4. Um jogador pode participar de um torneio apenas uma vez, a menos que as regras do torneio permitam reentrada. Essa informa\u00e7\u00e3o est\u00e1 especificada no lobby do torneio.<\/span><\/p>\r\n<p><span style=\"font-weight: 400; font-size: 10pt;\">5. O registro tardio e sua dura\u00e7\u00e3o s\u00e3o especificados no lobby do torneio de cada torneio.<\/span><\/p>\r\n<p><span style=\"font-weight: 400; font-size: 10pt;\">6. A possibilidade de cancelar a inscri\u00e7\u00e3o de um torneio e o prazo para faz\u00ea-lo s\u00e3o especificados no lobby do torneio e podem variar conforme o torneio. Jogadores que conquistarem vagas via sat\u00e9lites s\u00f3 poder\u00e3o cancelar a inscri\u00e7\u00e3o se essa op\u00e7\u00e3o for permitida no torneio-alvo.<\/span><\/p>\r\n<p><span style=\"font-weight: 400; font-size: 10pt;\">7. No in\u00edcio de um torneio, os assentos s\u00e3o atribu\u00eddos aleatoriamente. O torneio come\u00e7a com o bot\u00e3o colocado de forma aleat\u00f3ria. Jogadores n\u00e3o podem trocar ou escolher seus lugares durante o torneio.<\/span><\/p>\r\n<p><span style=\"font-weight: 400; font-size: 10pt;\">8. Em torneios pot-limit ou no-limit, o n\u00famero de aumentos n\u00e3o \u00e9 limitado.<\/span><\/p>\r\n<p><span style=\"font-weight: 400; font-size: 10pt;\">9. Um torneio termina quando um jogador vence todas as fichas. Jogadores n\u00e3o podem comprar fichas adicionais, a menos que as regras do torneio permitam reentrada.<\/span><\/p>\r\n<p><span style=\"font-weight: 400; font-size: 10pt;\">10. Quando um jogador perde todas as suas fichas, ele \u00e9 eliminado. Torneios sat\u00e9lites terminam quando todos os jogadores se qualificarem para o torneio-alvo, independentemente das fichas restantes.<\/span><\/p>\r\n<p><span style=\"font-weight: 400; font-size: 10pt;\">11. Se v\u00e1rios jogadores forem eliminados na mesma m\u00e3o, o jogador com mais fichas no in\u00edcio da m\u00e3o termina em posi\u00e7\u00e3o superior. Se os jogadores come\u00e7aram com o mesmo n\u00famero de fichas, eles dividem a mesma coloca\u00e7\u00e3o.<\/span><\/p>\r\n<p><span style=\"font-weight: 400; font-size: 10pt;\">12.\tDurante certas fases do torneio (ex.: momentos cr\u00edticos que afetam a distribui\u00e7\u00e3o de pr\u00eamios), pode ser ativado o modo de m\u00e3os sincronizadas quando h\u00e1 jogo em v\u00e1rias mesas. Isso significa que, se uma m\u00e3o terminar mais cedo em uma mesa, a pr\u00f3xima m\u00e3o n\u00e3o come\u00e7ar\u00e1 at\u00e9 que todas as outras mesas concluam as suas respectivas m\u00e3os.<\/span><\/p>\r\n<p><span style=\"font-weight: 400; font-size: 10pt;\">13.\tAp\u00f3s cada m\u00e3o, o bot\u00e3o se move no sentido hor\u00e1rio para o pr\u00f3ximo jogador. No heads-up, o jogador no bot\u00e3o posta o small blind.<\/span><\/p>\r\n<p><span style=\"font-weight: 400; font-size: 10pt;\">14.\tOs hor\u00e1rios dos intervalos est\u00e3o listados no lobby do torneio. Torneios multi-mesas geralmente apresentam pausas de 5 minutos a cada hora, come\u00e7ando aos 55 minutos da hora. Torneios de mesa \u00fanica n\u00e3o t\u00eam pausas.<\/span><\/p>\r\n<p><span style=\"font-weight: 400; font-size: 10pt;\">15.\tOs jogadores s\u00e3o os \u00fanicos respons\u00e1veis por qualquer falha do equipamento ou software que utilizem para se conectar \u00e0 Internet, bem como por interrup\u00e7\u00f5es causadas por seus provedores de Internet. Se um jogador tiver problemas t\u00e9cnicos do seu lado e perder a conex\u00e3o, impedindo-o de continuar no torneio, ele automaticamente pular\u00e1 m\u00e3os e executar\u00e1 a\u00e7\u00f5es padr\u00e3o (como check, fold, postar blinds e\/ou antes).<\/span><\/p>\r\n<p><span style=\"font-weight: 400; font-size: 10pt;\">16.\tEm caso de falha no servidor, erro ou mau funcionamento t\u00e9cnico (\u201ccircunst\u00e2ncias excepcionais\u201d) do nosso lado que impacte o jogo em andamento, aplicar-se-\u00e3o as seguintes regras:<\/span><\/p>\r\n<p><span style=\"font-weight: 400; font-size: 10pt;\">16.1. Se o torneio for cancelado antes de come\u00e7ar, todos os jogadores inscritos receber\u00e3o reembolso do buy-in, taxa do torneio e bounties pessoais (em torneios bounty). O reembolso ser\u00e1 feito na mesma forma do registro original: se foi usado um ticket, ele ser\u00e1 devolvido; se foi usado dinheiro de torneio, ele ser\u00e1 reembolsado.<\/span><\/p>\r\n<p><span style=\"font-weight: 400; font-size: 10pt;\">16.2. Se o torneio for cancelado ap\u00f3s o in\u00edcio mas antes da fase de pr\u00eamios, todos os jogadores restantes receber\u00e3o:<\/span><\/p>\r\n<p><span style=\"font-weight: 400; font-size: 10pt;\"> \u2014 50% do prize pool distribu\u00eddo igualmente entre os jogadores restantes.<\/span><\/p>\r\n<p><span style=\"font-weight: 400; font-size: 10pt;\"> \u2014 50% do prize pool distribu\u00eddo proporcionalmente de acordo com a contagem de fichas de cada jogador no momento do cancelamento.<\/span><\/p>\r\n<p><span style=\"font-weight: 400; font-size: 10pt;\"> \u2014 Reembolso da taxa do torneio.<\/span><\/p>\r\n<p><span style=\"font-weight: 400; font-size: 10pt;\">16.3. Se o torneio for cancelado ap\u00f3s atingir a fase de pr\u00eamios, cada jogador restante receber\u00e1 o pr\u00eamio m\u00ednimo garantido para sua posi\u00e7\u00e3o atual. O restante do prize pool ser\u00e1 distribu\u00eddo proporcionalmente com base nas fichas.<\/span><\/p>\r\n<p><span style=\"font-weight: 400; font-size: 10pt;\">16.4. Em torneios com prize pool garantido, se o torneio for cancelado ap\u00f3s o in\u00edcio, ser\u00e1 distribu\u00eddo o prize pool real, n\u00e3o o valor garantido.<\/span><\/p>\r\n<p><span style=\"font-weight: 400; font-size: 10pt;\">16.5. Se restarem apenas jogadores da mesa final, o prize pool ser\u00e1 distribu\u00eddo usando o modelo ICM (Independent Chip Model). O ICM calcula a parte de cada jogador com base na contagem de fichas, no prize pool restante (excluindo o valor fixo para o vencedor) e na probabilidade de conquistar cada pr\u00eamio. Bounties de jogadores eliminados e bounties pr\u00f3prios permanecem com os respectivos jogadores.<\/span><\/p>\r\n<p><span style=\"font-weight: 400; font-size: 10pt;\">16.6. Se freerolls forem cancelados antes do in\u00edcio ou antes da fase de pr\u00eamios, n\u00e3o h\u00e1 compensa\u00e7\u00e3o. Se um freeroll atingir a fase de pr\u00eamios, os reembolsos ser\u00e3o tratados de acordo com as regras dos torneios padr\u00e3o (excluindo taxas de torneio).<\/span><\/p>\r\n<p><span style=\"font-weight: 400; font-size: 10pt;\">16.7. Ao calcular reembolsos, considera-se todo o prize pool real, incluindo buy-ins, rebuys e add-ons feitos at\u00e9 o momento do cancelamento. Em torneios Mystery Bounty, pr\u00eamios de bounty n\u00e3o pagos s\u00e3o adicionados ao prize pool geral e inclu\u00eddos na distribui\u00e7\u00e3o.<\/span><\/p>\r\n<p><span style=\"font-weight: 400; font-size: 10pt;\">16.8. Quando um torneio \u00e9 cancelado, os jogadores recebem de volta seus bounties pessoais, bem como quaisquer bounties conquistados por eliminar outros jogadores, incluindo pr\u00eamios Mystery Bounty.<\/span><\/p>\r\n<p><span style=\"font-weight: 400; font-size: 10pt;\">16.9. Jogadores eliminados antes do cancelamento do torneio n\u00e3o t\u00eam direito a reembolso.<\/span><\/p>\r\n<p><span style=\"font-weight: 400; font-size: 10pt;\">17.\tNegocia\u00e7\u00f5es entre jogadores na mesa final s\u00e3o permitidas em certos torneios, a menos que proibidas no lobby do torneio. As negocia\u00e7\u00f5es exigem concord\u00e2ncia un\u00e2nime entre os jogadores restantes e ser\u00e3o refletidas na estrutura de pr\u00eamios. Negocia\u00e7\u00f5es n\u00e3o s\u00e3o permitidas em torneios Spin&Win.<\/span><\/p>\r\n<p><span style=\"font-weight: 400; font-size: 10pt;\">18.\tCondi\u00e7\u00f5es para negocia\u00e7\u00f5es:<\/span><\/p>\r\n<p><span style=\"font-weight: 400; font-size: 10pt;\"> \u2014 Permitidas apenas em torneios com dinheiro real.<\/span><\/p>\r\n<p><span style=\"font-weight: 400; font-size: 10pt;\"> \u2014 S\u00f3 podem ser feitas na mesa final, com participa\u00e7\u00e3o de todos os jogadores restantes.<\/span><\/p>\r\n<p><span style=\"font-weight: 400; font-size: 10pt;\"> \u2014 A PokerPlanets n\u00e3o intermedeia os termos do acordo, mas pode atuar como intermedi\u00e1ria para confirmar o consentimento de todos os participantes antes de redistribuir o prize pool.<\/span><\/p>\r\n<p><span style=\"font-weight: 400; font-size: 10pt;\"> \u2014 O m\u00e9todo ICM \u00e9 aplicado em negocia\u00e7\u00f5es.<\/span><\/p>\r\n<p><span style=\"font-weight: 400; font-size: 10pt;\"> \u2014 Em casos excepcionais, quando um representante da PokerPlanets estiver presente na mesa final como intermedi\u00e1rio, um m\u00e9todo alternativo de distribui\u00e7\u00e3o poder\u00e1 ser usado.<\/span><\/p>\r\n<p><span style=\"font-weight: 400; font-size: 10pt;\">19.\tNegocia\u00e7\u00f5es sobre a distribui\u00e7\u00e3o de pontos de leaderboard s\u00e3o proibidas. A viola\u00e7\u00e3o desta regra pode resultar no cancelamento de todos os pontos de leaderboard conquistados no torneio em quest\u00e3o.<\/span><\/p>\r\n<p><span style=\"font-weight: 400; font-size: 10pt;\">20.\tEm certos torneios, os jogadores podem ganhar recompensas por eliminar outros participantes (\u201cbounties\u201d). Essa informa\u00e7\u00e3o est\u00e1 especificada no lobby do torneio. Os bounties s\u00e3o de dois tipos:<\/span><\/p>\r\n<p><span style=\"font-weight: 400; font-size: 10pt;\"> \u2014 Por cada jogador eliminado: Uma recompensa \u00e9 concedida pela elimina\u00e7\u00e3o de qualquer participante. Em alguns torneios, o valor do bounty aumenta a cada elimina\u00e7\u00e3o.<\/span><\/p>\r\n<p><span style=\"font-weight: 400; font-size: 10pt;\"> \u2014 Bounty fixo: Uma recompensa \u00e9 concedida pela elimina\u00e7\u00e3o de um ou mais jogadores especificamente designados.<\/span><\/p>\r\n<p><span style=\"font-weight: 400; font-size: 10pt;\">21.\tUm bounty \u00e9 concedido ao jogador que vencer o pote no qual o participante eliminado deu all-in. Se o pote for dividido entre v\u00e1rios jogadores, o bounty \u00e9 dividido igualmente. Qualquer sobra vai para o jogador em posi\u00e7\u00e3o mais cedo no in\u00edcio da m\u00e3o em que o pote foi dividido.<\/span><\/p>\r\n<p><span style=\"font-weight: 400; font-size: 10pt;\">22.\tSe um jogador vencer um torneio com recompensas bounty, ele recebe o bounty pela sua pr\u00f3pria elimina\u00e7\u00e3o. Se um jogador com bounty atribu\u00eddo n\u00e3o se inscrever no torneio, o bounty correspondente n\u00e3o ser\u00e1 concedido.<\/span><\/p>\r\n<p><span style=\"font-weight: 400; font-size: 10pt;\">23.\tJogadores est\u00e3o proibidos de conspirar para eliminar outros com o objetivo de ganhar bounty. Tais a\u00e7\u00f5es s\u00e3o estritamente proibidas, e os infratores estar\u00e3o sujeitos a penalidades apropriadas.<\/span><\/p>\r\n<p><span style=\"font-weight: 400; font-size: 10pt;\">24.\tEm torneios Mystery Bounty, a recompensa por eliminar um jogador \u00e9 determinada aleatoriamente. Se for feito um acordo entre os jogadores na mesa final, eles devem continuar jogando at\u00e9 que um jogador ven\u00e7a todas as fichas.<\/span><\/p>\r\n<p><span style=\"font-weight: 400; font-size: 10pt;\">25.\tEstas regras podem ser alteradas a qualquer momento a nosso crit\u00e9rio. As decis\u00f5es tomadas pela PokerPlanets s\u00e3o finais e n\u00e3o podem ser contestadas por jogadores ou terceiros.<\/span><\/p>\r\n","protected":false},"excerpt":{"rendered":"<p>1. Garantimos a imparcialidade no jogo e a ades\u00e3o a estas regras. Em situa\u00e7\u00f5es excepcionais, decis\u00f5es podem ser tomadas para preservar a integridade do jogo, mesmo que se desviem das regras estabelecidas. 2. O acesso a todos os torneios \u00e9 feito pelo lobby do torneio no software cliente ou aplicativo m\u00f3vel (denominado \u201clobby do torneio\u201d). [&hellip;]<\/p>\n","protected":false},"author":1,"featured_media":0,"parent":7275,"menu_order":0,"comment_status":"closed","ping_status":"closed","template":"page-simple3.php","meta":{"_acf_changed":false,"inline_featured_image":false,"footnotes":""},"class_list":["post-7586","page","type-page","status-publish","hentry"],"acf":[],"yoast_head":"<!-- This site is optimized with the Yoast SEO plugin v24.4 - https:\/\/yoast.com\/wordpress\/plugins\/seo\/ -->\n<title>Poker Tournament Rules<\/title>\n<meta name=\"description\" content=\"Understand tournament formats \ud83d\udd25 Join top poker tournaments with huge prizes \u2705 Guide from PokerPlanets\" \/>\n<meta name=\"robots\" content=\"index, follow, max-snippet:-1, max-image-preview:large, max-video-preview:-1\" \/>\n<meta property=\"og:locale\" content=\"pt_BR\" \/>\n<meta property=\"og:type\" content=\"article\" \/>\n<meta property=\"og:title\" content=\"Poker Tournament Rules\" \/>\n<meta property=\"og:description\" content=\"Understand tournament formats \ud83d\udd25 Join top poker tournaments with huge prizes \u2705 Guide from PokerPlanets\" \/>\n<meta property=\"og:url\" content=\"https:\/\/pokerplanets6.com\/pt-br\/poker\/poker-tournament-rules\/\" \/>\n<meta property=\"og:site_name\" content=\"PokerPlanets\" \/>\n<meta property=\"article:modified_time\" content=\"2025-08-25T14:59:49+00:00\" \/>\n<meta name=\"twitter:card\" content=\"summary_large_image\" \/>\n<meta name=\"twitter:label1\" content=\"Est. tempo de leitura\" \/>\n\t<meta name=\"twitter:data1\" content=\"6 minutos\" \/>\n<script type=\"application\/ld+json\" class=\"yoast-schema-graph\">{\"@context\":\"https:\/\/schema.org\",\"@graph\":[{\"@type\":\"WebPage\",\"@id\":\"https:\/\/pokerplanets6.com\/pt-br\/poker\/poker-tournament-rules\/\",\"url\":\"https:\/\/pokerplanets6.com\/pt-br\/poker\/poker-tournament-rules\/\",\"name\":\"Poker Tournament Rules\",\"isPartOf\":{\"@id\":\"https:\/\/pokerplanets6.com\/pt-br\/#website\"},\"datePublished\":\"2025-01-28T20:27:51+00:00\",\"dateModified\":\"2025-08-25T14:59:49+00:00\",\"description\":\"Understand tournament formats \ud83d\udd25 Join top poker tournaments with huge prizes \u2705 Guide from PokerPlanets\",\"breadcrumb\":{\"@id\":\"https:\/\/pokerplanets6.com\/pt-br\/poker\/poker-tournament-rules\/#breadcrumb\"},\"inLanguage\":\"pt-BR\",\"potentialAction\":[{\"@type\":\"ReadAction\",\"target\":[\"https:\/\/pokerplanets6.com\/pt-br\/poker\/poker-tournament-rules\/\"]}]},{\"@type\":\"BreadcrumbList\",\"@id\":\"https:\/\/pokerplanets6.com\/pt-br\/poker\/poker-tournament-rules\/#breadcrumb\",\"itemListElement\":[{\"@type\":\"ListItem\",\"position\":1,\"name\":\"Home\",\"item\":\"https:\/\/pokerplanets6.com\/pt-br\/\"},{\"@type\":\"ListItem\",\"position\":2,\"name\":\"Poker\",\"item\":\"https:\/\/pokerplanets6.com\/pt-br\/poker\/\"},{\"@type\":\"ListItem\",\"position\":3,\"name\":\"Regras de torneios de poker\"}]},{\"@type\":\"WebSite\",\"@id\":\"https:\/\/pokerplanets6.com\/pt-br\/#website\",\"url\":\"https:\/\/pokerplanets6.com\/pt-br\/\",\"name\":\"PokerPlanets\",\"description\":\"\",\"potentialAction\":[{\"@type\":\"SearchAction\",\"target\":{\"@type\":\"EntryPoint\",\"urlTemplate\":\"https:\/\/pokerplanets6.com\/pt-br\/?s={search_term_string}\"},\"query-input\":{\"@type\":\"PropertyValueSpecification\",\"valueRequired\":true,\"valueName\":\"search_term_string\"}}],\"inLanguage\":\"pt-BR\"}]}<\/script>\n<!-- \/ Yoast SEO plugin. -->","yoast_head_json":{"title":"Poker Tournament Rules","description":"Understand tournament formats \ud83d\udd25 Join top poker tournaments with huge prizes \u2705 Guide from PokerPlanets","robots":{"index":"index","follow":"follow","max-snippet":"max-snippet:-1","max-image-preview":"max-image-preview:large","max-video-preview":"max-video-preview:-1"},"og_locale":"pt_BR","og_type":"article","og_title":"Poker Tournament Rules","og_description":"Understand tournament formats \ud83d\udd25 Join top poker tournaments with huge prizes \u2705 Guide from PokerPlanets","og_url":"https:\/\/pokerplanets6.com\/pt-br\/poker\/poker-tournament-rules\/","og_site_name":"PokerPlanets","article_modified_time":"2025-08-25T14:59:49+00:00","twitter_card":"summary_large_image","twitter_misc":{"Est. tempo de leitura":"6 minutos"},"schema":{"@context":"https:\/\/schema.org","@graph":[{"@type":"WebPage","@id":"https:\/\/pokerplanets6.com\/pt-br\/poker\/poker-tournament-rules\/","url":"https:\/\/pokerplanets6.com\/pt-br\/poker\/poker-tournament-rules\/","name":"Poker Tournament Rules","isPartOf":{"@id":"https:\/\/pokerplanets6.com\/pt-br\/#website"},"datePublished":"2025-01-28T20:27:51+00:00","dateModified":"2025-08-25T14:59:49+00:00","description":"Understand tournament formats \ud83d\udd25 Join top poker tournaments with huge prizes \u2705 Guide from PokerPlanets","breadcrumb":{"@id":"https:\/\/pokerplanets6.com\/pt-br\/poker\/poker-tournament-rules\/#breadcrumb"},"inLanguage":"pt-BR","potentialAction":[{"@type":"ReadAction","target":["https:\/\/pokerplanets6.com\/pt-br\/poker\/poker-tournament-rules\/"]}]},{"@type":"BreadcrumbList","@id":"https:\/\/pokerplanets6.com\/pt-br\/poker\/poker-tournament-rules\/#breadcrumb","itemListElement":[{"@type":"ListItem","position":1,"name":"Home","item":"https:\/\/pokerplanets6.com\/pt-br\/"},{"@type":"ListItem","position":2,"name":"Poker","item":"https:\/\/pokerplanets6.com\/pt-br\/poker\/"},{"@type":"ListItem","position":3,"name":"Regras de torneios de poker"}]},{"@type":"WebSite","@id":"https:\/\/pokerplanets6.com\/pt-br\/#website","url":"https:\/\/pokerplanets6.com\/pt-br\/","name":"PokerPlanets","description":"","potentialAction":[{"@type":"SearchAction","target":{"@type":"EntryPoint","urlTemplate":"https:\/\/pokerplanets6.com\/pt-br\/?s={search_term_string}"},"query-input":{"@type":"PropertyValueSpecification","valueRequired":true,"valueName":"search_term_string"}}],"inLanguage":"pt-BR"}]}},"publishpress_future_action":{"enabled":false,"date":"2026-04-23 23:32:08","action":"change-status","newStatus":"draft","terms":[],"taxonomy":"translation_priority","extraData":[]},"publishpress_future_workflow_manual_trigger":{"enabledWorkflows":[]},"_links":{"self":[{"href":"https:\/\/pokerplanets6.com\/pt-br\/wp-json\/wp\/v2\/pages\/7586","targetHints":{"allow":["GET"]}}],"collection":[{"href":"https:\/\/pokerplanets6.com\/pt-br\/wp-json\/wp\/v2\/pages"}],"about":[{"href":"https:\/\/pokerplanets6.com\/pt-br\/wp-json\/wp\/v2\/types\/page"}],"author":[{"embeddable":true,"href":"https:\/\/pokerplanets6.com\/pt-br\/wp-json\/wp\/v2\/users\/1"}],"replies":[{"embeddable":true,"href":"https:\/\/pokerplanets6.com\/pt-br\/wp-json\/wp\/v2\/comments?post=7586"}],"version-history":[{"count":4,"href":"https:\/\/pokerplanets6.com\/pt-br\/wp-json\/wp\/v2\/pages\/7586\/revisions"}],"predecessor-version":[{"id":7590,"href":"https:\/\/pokerplanets6.com\/pt-br\/wp-json\/wp\/v2\/pages\/7586\/revisions\/7590"}],"up":[{"embeddable":true,"href":"https:\/\/pokerplanets6.com\/pt-br\/wp-json\/wp\/v2\/pages\/7275"}],"wp:attachment":[{"href":"https:\/\/pokerplanets6.com\/pt-br\/wp-json\/wp\/v2\/media?parent=7586"}],"curies":[{"name":"wp","href":"https:\/\/api.w.org\/{rel}","templated":true}]}}