{"id":7179,"date":"2025-05-21T17:50:39","date_gmt":"2025-05-21T14:50:39","guid":{"rendered":"https:\/\/pokerplanets2.com\/pokerplanets6\/pokerplanets-rewards\/"},"modified":"2025-10-03T13:26:14","modified_gmt":"2025-10-03T10:26:14","slug":"pokerplanets-rewards","status":"publish","type":"page","link":"https:\/\/pokerplanets6.com\/pt-br\/pokerplanets-rewards\/","title":{"rendered":"Rewards"},"content":{"rendered":"<p><span style=\"font-size: 10pt;\"><span style=\"font-weight: 400;\">Ao jogar poker com dinheiro real, voc\u00ea acumula Poker Points e preenche sua barra de progresso, avan\u00e7ando de n\u00edvel em n\u00edvel. Os pontos s\u00e3o concedidos pela participa\u00e7\u00e3o em jogos a dinheiro (cash games) e torneios.<\/span><\/span><\/p>\r\n<ul>\r\n\t<li style=\"font-weight: 400;\" aria-level=\"1\"><span style=\"font-size: 10pt;\"><b>Nos jogos a dinheiro (Cash Games),<\/b><span style=\"font-weight: 400;\"> os Poker Points s\u00e3o calculados com base no rake pago pelo vencedor da m\u00e3o e distribu\u00eddos proporcionalmente entre todos os participantes, de acordo com a sua contribui\u00e7\u00e3o para o pote.<\/span><\/span><\/li>\r\n<\/ul>\r\n<p><span style=\"font-size: 10pt;\"><b>Exemplo:<\/b><\/span><\/p>\r\n<p><span style=\"font-size: 10pt;\"><span style=\"font-weight: 400;\">Pote total: $100 | Rake: $5<\/span><span style=\"font-weight: 400;\"><br \/>\r\n<\/span><span style=\"font-weight: 400;\"> \u2022 Jogador 1 contribuiu com $50 (50% do pote).<\/span><span style=\"font-weight: 400;\"><br \/>\r\n<\/span><span style=\"font-weight: 400;\"> \u2022 Jogador 2 contribuiu com $50 (50% do pote).<\/span><\/span><\/p>\r\n<p><span style=\"font-size: 10pt;\"><span style=\"font-weight: 400;\">Distribui\u00e7\u00e3o de Poker Points:<\/span><b><br \/>\r\n<\/b><span style=\"font-weight: 400;\"> \u2022 <\/span><b>Jogador 1:<\/b><span style=\"font-weight: 400;\"> acumulou 50% do rake ($2.50)<\/span><span style=\"font-weight: 400;\"><br \/>\r\n<\/span><span style=\"font-weight: 400;\"> Poker Points: 2.5 \u00d7 100 = 250<\/span><span style=\"font-weight: 400;\"><br \/>\r\n<\/span><span style=\"font-weight: 400;\"> \u2022 <\/span><b>Jogador 2:<\/b><span style=\"font-weight: 400;\"> acumulou 50% do rake ($2.50)<\/span><span style=\"font-weight: 400;\"><br \/>\r\n<\/span><span style=\"font-weight: 400;\"> Poker points: 2.5 \u00d7 100 = 250.<\/span><\/span><\/p>\r\n<p><span style=\"font-size: 10pt;\"><i><span style=\"font-weight: 400;\">A nossa abordagem garante uma distribui\u00e7\u00e3o justa de pontos entre todos os jogadores da m\u00e3o, independentemente de quem venceu o pote.<\/span><\/i><\/span><\/p>\r\n<ul>\r\n\t<li><span style=\"font-size: 10pt;\"><b>Nos torneios<\/b><span style=\"font-weight: 400;\">, os Poker Points s\u00e3o atribu\u00eddos a cada $0.01 pago em taxas de inscri\u00e7\u00e3o.<\/span><\/span><\/li>\r\n<\/ul>\r\n<p><span style=\"font-size: 10pt;\"><b>Exemplo:<\/b><b><br \/>\r\n<\/b><i><span style=\"font-weight: 400;\">Taxa do torneio: $10. O jogador pagou a taxa e recebeu 10 \u00d7 100 = 1.000 Poker Points<\/span><\/i><\/span><\/p>\r\n<p><span style=\"font-weight: 400; font-size: 10pt;\">Em cada n\u00edvel, voc\u00ea encontrar\u00e1 ba\u00fas com recompensas que aumentam conforme seu progresso. Quanto mais alto for o seu n\u00edvel, maior ser\u00e1 o valor das recompensas.<\/span><\/p>\r\n<p><span style=\"font-size: 10pt;\"><span style=\"font-weight: 400;\">Aten\u00e7\u00e3o: Se voc\u00ea n\u00e3o conquistar um ba\u00fa dentro de 28 dias, o seu progresso ser\u00e1 reiniciado, e voc\u00ea voltar\u00e1 para o n\u00edvel anterior.<\/span><\/span><\/p>\r\n<p style=\"text-align: center;\"><span style=\"font-size: 10pt;\"><b>Ganhe Poker Points, preencha a barra de progresso e desbloqueie ba\u00fas com pr\u00eamios!<\/b><\/span><\/p>\r\n<h3 class=\"h3 fw-700\">Recompensas do POKERPLANETS<\/h3>\r\n<div class=\"rewards-table\">\r\n<table>\r\n<thead>\r\n<tr>\r\n<th>\r\n<p><b>N\u00edvel<\/b><\/p>\r\n<\/th>\r\n<th>\r\n<p><b>Poker Points necess\u00e1rios para desbloquear cada ba\u00fa<\/b><\/p>\r\n<\/th>\r\n<th>\r\n<p><b>N\u00famero de ba\u00fas por n\u00edvel<\/b><\/p>\r\n<\/th>\r\n<th>\r\n<p><b>Recompensa em dinheiro por ba\u00fa\/ Cashback (%)<\/b><\/p>\r\n<\/th>\r\n<\/tr>\r\n<\/thead>\r\n<tbody>\r\n<tr>\r\n<td>\r\n<p><b>Sputnik<\/b><\/p>\r\n<\/td>\r\n<td>\r\n<p>2 000<\/p>\r\n<\/td>\r\n<td>\r\n<p>5<\/p>\r\n<\/td>\r\n<td>\r\n<p>$3\/15%<\/p>\r\n<\/td>\r\n<\/tr>\r\n<tr>\r\n<td>\r\n<p><b>Cometa<\/b><\/p>\r\n<\/td>\r\n<td>\r\n<p>6 000<\/p>\r\n<\/td>\r\n<td>\r\n<p>5<\/p>\r\n<\/td>\r\n<td>\r\n<p>$12\/20%<\/p>\r\n<\/td>\r\n<\/tr>\r\n<tr>\r\n<td>\r\n<p><b>Asteroide<\/b><\/p>\r\n<\/td>\r\n<td>\r\n<p>20 000<\/p>\r\n<\/td>\r\n<td>\r\n<p>5<\/p>\r\n<\/td>\r\n<td>\r\n<p>$50\/25%<\/p>\r\n<\/td>\r\n<\/tr>\r\n<tr>\r\n<td>\r\n<p><b>Lua<\/b><\/p>\r\n<\/td>\r\n<td>\r\n<p>50 000<\/p>\r\n<\/td>\r\n<td>\r\n<p>5<\/p>\r\n<\/td>\r\n<td>\r\n<p>$150\/30%<\/p>\r\n<\/td>\r\n<\/tr>\r\n<tr>\r\n<td>\r\n<p><b>Planeta<\/b><\/p>\r\n<\/td>\r\n<td>\r\n<p>120 000<\/p>\r\n<\/td>\r\n<td>\r\n<p>5<\/p>\r\n<\/td>\r\n<td>\r\n<p>$420\/35%<\/p>\r\n<\/td>\r\n<\/tr>\r\n<tr>\r\n<td>\r\n<p><b>Estrela<\/b><\/p>\r\n<\/td>\r\n<td>\r\n<p>250 000<\/p>\r\n<\/td>\r\n<td>\r\n<p>-<\/p>\r\n<\/td>\r\n<td>\r\n<p>$1 000\/40%<\/p>\r\n<\/td>\r\n<\/tr>\r\n<\/tbody>\r\n<\/table>\r\n<\/div>\r\n<div class=\"rewards-table rewards-table--mob\">\r\n<table>\r\n<thead>\r\n<tr>\r\n<th>\r\n<p><b>N\u00edvel<\/b><\/p>\r\n<\/th>\r\n<th>\r\n<p><b>Sputnik<\/b><\/p>\r\n<\/th>\r\n<\/tr>\r\n<\/thead>\r\n<tbody>\r\n<tr>\r\n<td>\r\n<p><b>Poker Points necess\u00e1rios para desbloquear cada ba\u00fa<\/b><\/p>\r\n<\/td>\r\n<td>\r\n<p>2 000<\/p>\r\n<\/td>\r\n<\/tr>\r\n<tr>\r\n<td>\r\n<p><b>N\u00famero de ba\u00fas por n\u00edvel<\/b><\/p>\r\n<\/td>\r\n<td>\r\n<p>5<\/p>\r\n<\/td>\r\n<\/tr>\r\n<tr>\r\n<td>\r\n<p><b>Recompensa em dinheiro por ba\u00fa\/Cashback (%)<\/b><\/p>\r\n<\/td>\r\n<td>\r\n<p>$3\/15%<\/p>\r\n<\/td>\r\n<\/tr>\r\n<\/tbody>\r\n<\/table>\r\n<table>\r\n<thead>\r\n<tr>\r\n<th>\r\n<p><b>N\u00edvel<\/b><\/p>\r\n<\/th>\r\n<th>\r\n<p><b>Cometa<\/b><\/p>\r\n<\/th>\r\n<\/tr>\r\n<\/thead>\r\n<tbody>\r\n<tr>\r\n<td>\r\n<p><b>Poker Points necess\u00e1rios para desbloquear cada ba\u00fa<\/b><\/p>\r\n<\/td>\r\n<td>\r\n<p>6 000<\/p>\r\n<\/td>\r\n<\/tr>\r\n<tr>\r\n<td>\r\n<p><b>N\u00famero de ba\u00fas por n\u00edvel<\/b><\/p>\r\n<\/td>\r\n<td>\r\n<p>5<\/p>\r\n<\/td>\r\n<\/tr>\r\n<tr>\r\n<td>\r\n<p><b>Recompensa em dinheiro por ba\u00fa\/Cashback (%)<\/b><\/p>\r\n<\/td>\r\n<td>\r\n<p>$12\/20%<\/p>\r\n<\/td>\r\n<\/tr>\r\n<\/tbody>\r\n<\/table>\r\n<table>\r\n<thead>\r\n<tr>\r\n<th>\r\n<p><b>N\u00edvel<\/b><\/p>\r\n<\/th>\r\n<th>\r\n<p><b>Asteroide<\/b><\/p>\r\n<\/th>\r\n<\/tr>\r\n<\/thead>\r\n<tbody>\r\n<tr>\r\n<td>\r\n<p><b>Poker Points necess\u00e1rios para desbloquear cada ba\u00fa<\/b><\/p>\r\n<\/td>\r\n<td>\r\n<p>20 000<\/p>\r\n<\/td>\r\n<\/tr>\r\n<tr>\r\n<td>\r\n<p><b>N\u00famero de ba\u00fas por n\u00edvel<\/b><\/p>\r\n<\/td>\r\n<td>\r\n<p>5<\/p>\r\n<\/td>\r\n<\/tr>\r\n<tr>\r\n<td>\r\n<p><b>Recompensa em dinheiro por ba\u00fa\/Cashback (%)<\/b><\/p>\r\n<\/td>\r\n<td>\r\n<p>$50\/25%<\/p>\r\n<\/td>\r\n<\/tr>\r\n<\/tbody>\r\n<\/table>\r\n<table>\r\n<thead>\r\n<tr>\r\n<th>\r\n<p><b>N\u00edvel<\/b><\/p>\r\n<\/th>\r\n<th>\r\n<p><b>Lua<\/b><\/p>\r\n<\/th>\r\n<\/tr>\r\n<\/thead>\r\n<tbody>\r\n<tr>\r\n<td>\r\n<p><b>Poker Points necess\u00e1rios para desbloquear cada ba\u00fa<\/b><\/p>\r\n<\/td>\r\n<td>\r\n<p>60 000<\/p>\r\n<\/td>\r\n<\/tr>\r\n<tr>\r\n<td>\r\n<p><b>N\u00famero de ba\u00fas por n\u00edvel<\/b><\/p>\r\n<\/td>\r\n<td>\r\n<p>5<\/p>\r\n<\/td>\r\n<\/tr>\r\n<tr>\r\n<td>\r\n<p><b>Cash Reward per Chest\/Poker Cashback (%)<\/b><\/p>\r\n<\/td>\r\n<td>\r\n<p>$150\/30%<\/p>\r\n<\/td>\r\n<\/tr>\r\n<\/tbody>\r\n<\/table>\r\n<table>\r\n<thead>\r\n<tr>\r\n<th>\r\n<p><b>N\u00edvel<\/b><\/p>\r\n<\/th>\r\n<th>\r\n<p><b>Planeta<\/b><\/p>\r\n<\/th>\r\n<\/tr>\r\n<\/thead>\r\n<tbody>\r\n<tr>\r\n<td>\r\n<p><b>Poker Points necess\u00e1rios para desbloquear cada ba\u00fa<\/b><\/p>\r\n<\/td>\r\n<td>\r\n<p>120 000<\/p>\r\n<\/td>\r\n<\/tr>\r\n<tr>\r\n<td>\r\n<p><b>N\u00famero de ba\u00fas por n\u00edvel<\/b><\/p>\r\n<\/td>\r\n<td>\r\n<p>5<\/p>\r\n<\/td>\r\n<\/tr>\r\n<tr>\r\n<td>\r\n<p><b>Recompensa em dinheiro por ba\u00fa\/Cashback (%)<\/b><\/p>\r\n<\/td>\r\n<td>\r\n<p>$420\/35%<\/p>\r\n<\/td>\r\n<\/tr>\r\n<\/tbody>\r\n<\/table>\r\n<table>\r\n<thead>\r\n<tr>\r\n<th>\r\n<p><b>N\u00edvel<\/b><\/p>\r\n<\/th>\r\n<th>\r\n<p><b>Estrela<\/b><\/p>\r\n<\/th>\r\n<\/tr>\r\n<\/thead>\r\n<tbody>\r\n<tr>\r\n<td>\r\n<p><b>Poker Points necess\u00e1rios para desbloquear cada ba\u00fa<\/b><\/p>\r\n<\/td>\r\n<td>\r\n<p>250 000<\/p>\r\n<\/td>\r\n<\/tr>\r\n<tr>\r\n<td>\r\n<p><b>N\u00famero de ba\u00fas por n\u00edvel<\/b><\/p>\r\n<\/td>\r\n<td>\r\n<p>-<\/p>\r\n<\/td>\r\n<\/tr>\r\n<tr>\r\n<td>\r\n<p><b>Recompensa em dinheiro por ba\u00fa\/Cashback (%)<\/b><\/p>\r\n<\/td>\r\n<td>\r\n<p>$1 000\/40%<\/p>\r\n<\/td>\r\n<\/tr>\r\n<\/tbody>\r\n<\/table>\r\n<\/div>","protected":false},"excerpt":{"rendered":"<p>Ao jogar poker com dinheiro real, voc\u00ea acumula Poker Points e preenche sua barra de progresso, avan\u00e7ando de n\u00edvel em n\u00edvel. Os pontos s\u00e3o concedidos pela participa\u00e7\u00e3o em jogos a dinheiro (cash games) e torneios. Nos jogos a dinheiro (Cash Games), os Poker Points s\u00e3o calculados com base no rake pago pelo vencedor da m\u00e3o [&hellip;]<\/p>\n","protected":false},"author":1,"featured_media":0,"parent":0,"menu_order":0,"comment_status":"closed","ping_status":"closed","template":"rewards.php","meta":{"_acf_changed":false,"inline_featured_image":false,"footnotes":""},"class_list":["post-7179","page","type-page","status-publish","hentry"],"acf":[],"yoast_head":"<!-- This site is optimized with the Yoast SEO plugin v24.4 - https:\/\/yoast.com\/wordpress\/plugins\/seo\/ -->\n<title>Rewards - PokerPlanets<\/title>\n<meta name=\"robots\" content=\"index, follow, max-snippet:-1, max-image-preview:large, max-video-preview:-1\" \/>\n<meta property=\"og:locale\" content=\"pt_BR\" \/>\n<meta property=\"og:type\" content=\"article\" \/>\n<meta property=\"og:title\" content=\"PokerPlanets Rewards \u2013 Up to 40% Rakeback\" \/>\n<meta property=\"og:description\" content=\"Play poker, earn points, rise through the levels and get up to 40% rake and fee cashback in our loyalty program\" \/>\n<meta property=\"og:url\" content=\"https:\/\/pokerplanets6.com\/pt-br\/pokerplanets-rewards\/\" \/>\n<meta property=\"og:site_name\" content=\"PokerPlanets\" \/>\n<meta property=\"article:modified_time\" content=\"2025-10-03T10:26:14+00:00\" \/>\n<meta name=\"twitter:card\" content=\"summary_large_image\" \/>\n<meta name=\"twitter:label1\" content=\"Est. tempo de leitura\" \/>\n\t<meta name=\"twitter:data1\" content=\"2 minutos\" \/>\n<script type=\"application\/ld+json\" class=\"yoast-schema-graph\">{\"@context\":\"https:\/\/schema.org\",\"@graph\":[{\"@type\":\"WebPage\",\"@id\":\"https:\/\/pokerplanets6.com\/pt-br\/pokerplanets-rewards\/\",\"url\":\"https:\/\/pokerplanets6.com\/pt-br\/pokerplanets-rewards\/\",\"name\":\"Rewards - PokerPlanets\",\"isPartOf\":{\"@id\":\"https:\/\/pokerplanets6.com\/pt-br\/#website\"},\"datePublished\":\"2025-05-21T14:50:39+00:00\",\"dateModified\":\"2025-10-03T10:26:14+00:00\",\"breadcrumb\":{\"@id\":\"https:\/\/pokerplanets6.com\/pt-br\/pokerplanets-rewards\/#breadcrumb\"},\"inLanguage\":\"pt-BR\",\"potentialAction\":[{\"@type\":\"ReadAction\",\"target\":[\"https:\/\/pokerplanets6.com\/pt-br\/pokerplanets-rewards\/\"]}]},{\"@type\":\"BreadcrumbList\",\"@id\":\"https:\/\/pokerplanets6.com\/pt-br\/pokerplanets-rewards\/#breadcrumb\",\"itemListElement\":[{\"@type\":\"ListItem\",\"position\":1,\"name\":\"Home\",\"item\":\"https:\/\/pokerplanets6.com\/pt-br\/\"},{\"@type\":\"ListItem\",\"position\":2,\"name\":\"Rewards\"}]},{\"@type\":\"WebSite\",\"@id\":\"https:\/\/pokerplanets6.com\/pt-br\/#website\",\"url\":\"https:\/\/pokerplanets6.com\/pt-br\/\",\"name\":\"PokerPlanets\",\"description\":\"\",\"potentialAction\":[{\"@type\":\"SearchAction\",\"target\":{\"@type\":\"EntryPoint\",\"urlTemplate\":\"https:\/\/pokerplanets6.com\/pt-br\/?s={search_term_string}\"},\"query-input\":{\"@type\":\"PropertyValueSpecification\",\"valueRequired\":true,\"valueName\":\"search_term_string\"}}],\"inLanguage\":\"pt-BR\"}]}<\/script>\n<!-- \/ Yoast SEO plugin. -->","yoast_head_json":{"title":"Rewards - PokerPlanets","robots":{"index":"index","follow":"follow","max-snippet":"max-snippet:-1","max-image-preview":"max-image-preview:large","max-video-preview":"max-video-preview:-1"},"og_locale":"pt_BR","og_type":"article","og_title":"PokerPlanets Rewards \u2013 Up to 40% Rakeback","og_description":"Play poker, earn points, rise through the levels and get up to 40% rake and fee cashback in our loyalty program","og_url":"https:\/\/pokerplanets6.com\/pt-br\/pokerplanets-rewards\/","og_site_name":"PokerPlanets","article_modified_time":"2025-10-03T10:26:14+00:00","twitter_card":"summary_large_image","twitter_misc":{"Est. tempo de leitura":"2 minutos"},"schema":{"@context":"https:\/\/schema.org","@graph":[{"@type":"WebPage","@id":"https:\/\/pokerplanets6.com\/pt-br\/pokerplanets-rewards\/","url":"https:\/\/pokerplanets6.com\/pt-br\/pokerplanets-rewards\/","name":"Rewards - PokerPlanets","isPartOf":{"@id":"https:\/\/pokerplanets6.com\/pt-br\/#website"},"datePublished":"2025-05-21T14:50:39+00:00","dateModified":"2025-10-03T10:26:14+00:00","breadcrumb":{"@id":"https:\/\/pokerplanets6.com\/pt-br\/pokerplanets-rewards\/#breadcrumb"},"inLanguage":"pt-BR","potentialAction":[{"@type":"ReadAction","target":["https:\/\/pokerplanets6.com\/pt-br\/pokerplanets-rewards\/"]}]},{"@type":"BreadcrumbList","@id":"https:\/\/pokerplanets6.com\/pt-br\/pokerplanets-rewards\/#breadcrumb","itemListElement":[{"@type":"ListItem","position":1,"name":"Home","item":"https:\/\/pokerplanets6.com\/pt-br\/"},{"@type":"ListItem","position":2,"name":"Rewards"}]},{"@type":"WebSite","@id":"https:\/\/pokerplanets6.com\/pt-br\/#website","url":"https:\/\/pokerplanets6.com\/pt-br\/","name":"PokerPlanets","description":"","potentialAction":[{"@type":"SearchAction","target":{"@type":"EntryPoint","urlTemplate":"https:\/\/pokerplanets6.com\/pt-br\/?s={search_term_string}"},"query-input":{"@type":"PropertyValueSpecification","valueRequired":true,"valueName":"search_term_string"}}],"inLanguage":"pt-BR"}]}},"publishpress_future_action":{"enabled":false,"date":"2026-04-24 00:45:53","action":"change-status","newStatus":"draft","terms":[],"taxonomy":"translation_priority","extraData":[]},"publishpress_future_workflow_manual_trigger":{"enabledWorkflows":[]},"_links":{"self":[{"href":"https:\/\/pokerplanets6.com\/pt-br\/wp-json\/wp\/v2\/pages\/7179","targetHints":{"allow":["GET"]}}],"collection":[{"href":"https:\/\/pokerplanets6.com\/pt-br\/wp-json\/wp\/v2\/pages"}],"about":[{"href":"https:\/\/pokerplanets6.com\/pt-br\/wp-json\/wp\/v2\/types\/page"}],"author":[{"embeddable":true,"href":"https:\/\/pokerplanets6.com\/pt-br\/wp-json\/wp\/v2\/users\/1"}],"replies":[{"embeddable":true,"href":"https:\/\/pokerplanets6.com\/pt-br\/wp-json\/wp\/v2\/comments?post=7179"}],"version-history":[{"count":4,"href":"https:\/\/pokerplanets6.com\/pt-br\/wp-json\/wp\/v2\/pages\/7179\/revisions"}],"predecessor-version":[{"id":8291,"href":"https:\/\/pokerplanets6.com\/pt-br\/wp-json\/wp\/v2\/pages\/7179\/revisions\/8291"}],"wp:attachment":[{"href":"https:\/\/pokerplanets6.com\/pt-br\/wp-json\/wp\/v2\/media?parent=7179"}],"curies":[{"name":"wp","href":"https:\/\/api.w.org\/{rel}","templated":true}]}}