{"id":7150,"date":"2024-12-20T22:57:03","date_gmt":"2024-12-20T19:57:03","guid":{"rendered":"https:\/\/pokerplanets2.com\/pokerplanets6\/how-to-play-omaha-poker\/"},"modified":"2025-08-21T08:41:36","modified_gmt":"2025-08-21T05:41:36","slug":"how-to-play-omaha-poker","status":"publish","type":"page","link":"https:\/\/pokerplanets6.com\/pt-br\/poker\/how-to-play-omaha-poker\/","title":{"rendered":"How to Play Omaha Poker"},"content":{"rendered":"<p style=\"text-align: center;\"><span style=\"font-size: 14pt;\"><b>Omaha \u2013 Seu Pr\u00f3ximo Passo no Mundo do P\u00f4quer!<\/b><\/span><\/p>\r\n<p><span style=\"font-size: 10pt;\"><b>Omaha <\/b><span style=\"font-weight: 400;\">Omaha \u00e9 um formato popular de p\u00f4quer que combina estrat\u00e9gia e adrenalina numa experi\u00eancia din\u00e2mica e envolvente. Para ter sucesso nesse jogo, \u00e9 preciso mais do que apenas c\u00e1lculos \u2014 \u00e9 fundamental saber se adaptar \u00e0s mudan\u00e7as r\u00e1pidas que ocorrem a cada rodada. Diferente do Texas Hold'em, no Omaha cada jogador recebe quatro cartas fechadas, mas s\u00f3 pode usar duas delas para formar sua m\u00e3o final, combinando com tr\u00eas das cinco cartas comunit\u00e1rias na mesa. Essa regra cria infinitas possibilidades t\u00e1ticas e exige racioc\u00ednio estrat\u00e9gico constante.<\/span><\/span><\/p>\r\n<h3><span style=\"font-size: 10pt;\"><b>A Hist\u00f3ria do Omaha<\/b><\/span><\/h3>\r\n<p><span style=\"font-size: 10pt;\"><span style=\"font-weight: 400;\">As origens exatas do Omaha s\u00e3o incertas, mas acredita-se que o jogo tenha surgido em clubes de p\u00f4quer de Detroit, nos anos 1960, com o nome de \u201cHigh Hold\u2019em\u201d. Na d\u00e9cada de 1980, ganhou popularidade nos cassinos de Las Vegas e, a partir da\u00ed, se espalhou pelo mundo. Hoje, o Pot-Limit Omaha \u00e9 uma das variantes mais disputadas, ficando atr\u00e1s apenas do Texas Hold\u2019em em termos de popularidade.<\/span><\/span><\/p>\r\n<h3><span style=\"font-size: 10pt;\"><b>Como o Jogo Funciona?<\/b><\/span><\/h3>\r\n<ul>\r\n\t<li style=\"font-weight: 400;\" aria-level=\"1\"><span style=\"font-size: 10pt;\"><b>Preflop<\/b><span style=\"font-weight: 400;\">: Cada jogador recebe quatro cartas. Come\u00e7a a primeira rodada de apostas.<\/span><\/span><\/li>\r\n\t<li style=\"font-weight: 400;\" aria-level=\"1\"><span style=\"font-size: 10pt;\"><b>Flop<\/b><span style=\"font-weight: 400;\">: Tr\u00eas cartas comunit\u00e1rias s\u00e3o reveladas. Nova rodada de apostas.<\/span><\/span><\/li>\r\n\t<li style=\"font-weight: 400;\" aria-level=\"1\"><span style=\"font-size: 10pt;\"><b>Turn<\/b><span style=\"font-weight: 400;\">: Uma quarta carta comunit\u00e1ria \u00e9 adicionada. Mais uma rodada de apostas.<\/span><\/span><\/li>\r\n\t<li style=\"font-weight: 400;\" aria-level=\"1\"><span style=\"font-size: 10pt;\"><b>River<\/b><span style=\"font-weight: 400;\">: A quinta e \u00faltima carta comunit\u00e1ria aparece. \u00daltima rodada de apostas.<\/span><\/span><\/li>\r\n\t<li style=\"font-weight: 400;\" aria-level=\"1\"><span style=\"font-size: 10pt;\"><b>Showdown<\/b><span style=\"font-weight: 400;\">: Os jogadores revelam suas cartas. Vence quem formar a melhor combina\u00e7\u00e3o usando exatamente duas cartas da m\u00e3o + tr\u00eas cartas da mesa.<\/span><\/span><\/li>\r\n<\/ul>\r\n<h3><span style=\"font-size: 10pt;\"><b>Principais Tipos de Omaha<\/b><\/span><\/h3>\r\n<p><span style=\"font-size: 10pt;\"><span style=\"font-weight: 400;\">No PokerPlanets, voc\u00ea encontra os dois formatos mais populares de Omaha:<\/span><\/span><\/p>\r\n<ul>\r\n\t<li style=\"font-weight: 400;\" aria-level=\"1\"><span style=\"font-size: 10pt;\"><b>Pot-Limit Omaha<\/b><span style=\"font-weight: 400;\"> - As apostas s\u00e3o limitadas ao valor atual do pote. Isso traz mais tens\u00e3o e profundidade estrat\u00e9gica \u00e0 partida.<\/span><\/span><\/li>\r\n\t<li style=\"font-weight: 400;\" aria-level=\"1\"><span style=\"font-size: 10pt;\"><b>No-Limit Omaha<\/b><span style=\"font-weight: 400;\"> - N\u00e3o h\u00e1 limite para o tamanho das apostas. Permite blefes ousados e jogadas dram\u00e1ticas.<\/span><\/span><\/li>\r\n<\/ul>\r\n<h3><span style=\"font-size: 10pt;\"><b>Como Funcionam as Apostas?<\/b><\/span><\/h3>\r\n<h4><span style=\"font-size: 10pt;\"><b>Pot-Limit Omaha<\/b><\/span><\/h4>\r\n<ul>\r\n\t<li style=\"font-weight: 400;\" aria-level=\"1\"><span style=\"font-weight: 400; font-size: 10pt;\">A aposta m\u00ednima \u00e9 igual ao valor da big blind.<\/span><\/li>\r\n\t<li style=\"font-weight: 400;\" aria-level=\"1\"><span style=\"font-weight: 400; font-size: 10pt;\">O aumento m\u00ednimo deve ser igual ao aumento anterior. Exemplo: se a aposta foi de 10 para 20 fichas (aumento de 10), o pr\u00f3ximo aumento precisa ser de no m\u00ednimo mais 10 fichas.<\/span><\/li>\r\n\t<li style=\"font-weight: 400;\" aria-level=\"1\"><span style=\"font-weight: 400; font-size: 10pt;\">A aposta m\u00e1xima \u00e9 o valor total do pote no momento.<\/span><\/li>\r\n\t<li style=\"font-weight: 400;\" aria-level=\"1\"><span style=\"font-weight: 400; font-size: 10pt;\">N\u00famero de aumentos: ilimitado.<\/span><\/li>\r\n<\/ul>\r\n<h4><span style=\"font-size: 10pt;\"><b>No-Limit Omaha<\/b><\/span><\/h4>\r\n<ul>\r\n\t<li style=\"font-weight: 400;\" aria-level=\"1\"><span style=\"font-weight: 400; font-size: 10pt;\">A aposta m\u00ednima tamb\u00e9m segue a big blind.<\/span><\/li>\r\n\t<li style=\"font-weight: 400;\" aria-level=\"1\"><span style=\"font-weight: 400; font-size: 10pt;\">O aumento m\u00ednimo deve ser igual ao anterior.<\/span><\/li>\r\n\t<li style=\"font-weight: 400;\" aria-level=\"1\"><span style=\"font-weight: 400; font-size: 10pt;\">A aposta m\u00e1xima pode ser todo o stack do jogador.<\/span><\/li>\r\n        <li style=\"font-weight: 400;\" aria-level=\"1\"><span style=\"font-weight: 400; font-size: 10pt;\">N\u00famero de aumentos: tamb\u00e9m ilimitado.<\/span><\/li>\r\n<\/ul>\r\n<h3><span style=\"font-size: 10pt;\"><b>O que Diferencia o Omaha do Texas Hold\u2019em?<\/b><\/span><\/h3>\r\n<ul>\r\n\t<li style=\"font-weight: 400;\" aria-level=\"1\"><span style=\"font-weight: 400; font-size: 10pt;\">Os jogadores recebem quatro cartas, n\u00e3o duas, o que gera muito mais combina\u00e7\u00f5es.<\/span><\/li>\r\n\t<li style=\"font-weight: 400;\" aria-level=\"1\"><span style=\"font-weight: 400; font-size: 10pt;\">\u00c9 obrigat\u00f3rio usar duas cartas da m\u00e3o e tr\u00eas da mesa para formar a jogada.<\/span><\/li>\r\n\t<li style=\"font-weight: 400;\" aria-level=\"1\"><span style=\"font-weight: 400; font-size: 10pt;\">Em m\u00e9dia, os potes no Omaha costumam ser bem maiores do que no Texas Hold\u2019em.<\/span><\/li>\r\n<\/ul>\r\n<p style=\"text-align: center;\"><span style=\"font-size: 10pt;\"><b>Pronto para Jogar?<\/b><\/span><\/p>\r\n<p style=\"text-align: center;\"><span style=\"font-size: 10pt;\"><span style=\"font-weight: 400;\">Baixe o aplicativo PokerPlanets e comece a jogar agora \u2014 gratuitamente ou com dinheiro real. Mergulhe de cabe\u00e7a no jogo, aprenda estrat\u00e9gias, observe seus advers\u00e1rios e conquiste grandes vit\u00f3rias. Com mesas variadas, partidas justas e uma comunidade ativa, Omaha promete uma experi\u00eancia inesquec\u00edvel.<\/span><\/span><\/p>\r\n<div id=\"detectButton5\" style=\"margin: 0 auto; text-align: center;\"><button class=\"button  button--red\" type=\"button\"><svg class=\"svg\">\r\n              <use xlink:href=\"\/wp-content\/uploads\/sites\/15\/2024\/12\/sprite.svg#lock\"><\/use>\r\n             <\/svg>  BAIXAR O POKERPLANETS <\/button><\/div>","protected":false},"excerpt":{"rendered":"<p>Omaha \u2013 Seu Pr\u00f3ximo Passo no Mundo do P\u00f4quer! Omaha Omaha \u00e9 um formato popular de p\u00f4quer que combina estrat\u00e9gia e adrenalina numa experi\u00eancia din\u00e2mica e envolvente. Para ter sucesso nesse jogo, \u00e9 preciso mais do que apenas c\u00e1lculos \u2014 \u00e9 fundamental saber se adaptar \u00e0s mudan\u00e7as r\u00e1pidas que ocorrem a cada rodada. Diferente do [&hellip;]<\/p>\n","protected":false},"author":1,"featured_media":0,"parent":7275,"menu_order":0,"comment_status":"closed","ping_status":"closed","template":"page-faq-nosidebar.php","meta":{"_acf_changed":false,"inline_featured_image":false,"footnotes":""},"class_list":["post-7150","page","type-page","status-publish","hentry"],"acf":[],"yoast_head":"<!-- This site is optimized with the Yoast SEO plugin v24.4 - https:\/\/yoast.com\/wordpress\/plugins\/seo\/ -->\n<title>How to Play Omaha Poker \u2014 Strategy Guide<\/title>\n<meta name=\"description\" content=\"Step-by-step Omaha tutorial \u2705 Learn Omaha and join live cash games\" \/>\n<meta name=\"robots\" content=\"index, follow, max-snippet:-1, max-image-preview:large, max-video-preview:-1\" \/>\n<meta property=\"og:locale\" content=\"pt_BR\" \/>\n<meta property=\"og:type\" content=\"article\" \/>\n<meta property=\"og:title\" content=\"How to Play Omaha Poker \u2014 Strategy Guide\" \/>\n<meta property=\"og:description\" content=\"Step-by-step Omaha tutorial \u2705 Learn Omaha and join live cash games\" \/>\n<meta property=\"og:url\" content=\"https:\/\/pokerplanets6.com\/pt-br\/poker\/how-to-play-omaha-poker\/\" \/>\n<meta property=\"og:site_name\" content=\"PokerPlanets\" \/>\n<meta property=\"article:modified_time\" content=\"2025-08-21T05:41:36+00:00\" \/>\n<meta name=\"twitter:card\" content=\"summary_large_image\" \/>\n<meta name=\"twitter:label1\" content=\"Est. tempo de leitura\" \/>\n\t<meta name=\"twitter:data1\" content=\"3 minutos\" \/>\n<script type=\"application\/ld+json\" class=\"yoast-schema-graph\">{\"@context\":\"https:\/\/schema.org\",\"@graph\":[{\"@type\":\"WebPage\",\"@id\":\"https:\/\/pokerplanets6.com\/pt-br\/poker\/how-to-play-omaha-poker\/\",\"url\":\"https:\/\/pokerplanets6.com\/pt-br\/poker\/how-to-play-omaha-poker\/\",\"name\":\"How to Play Omaha Poker \u2014 Strategy Guide\",\"isPartOf\":{\"@id\":\"https:\/\/pokerplanets6.com\/pt-br\/#website\"},\"datePublished\":\"2024-12-20T19:57:03+00:00\",\"dateModified\":\"2025-08-21T05:41:36+00:00\",\"description\":\"Step-by-step Omaha tutorial \u2705 Learn Omaha and join live cash games\",\"breadcrumb\":{\"@id\":\"https:\/\/pokerplanets6.com\/pt-br\/poker\/how-to-play-omaha-poker\/#breadcrumb\"},\"inLanguage\":\"pt-BR\",\"potentialAction\":[{\"@type\":\"ReadAction\",\"target\":[\"https:\/\/pokerplanets6.com\/pt-br\/poker\/how-to-play-omaha-poker\/\"]}]},{\"@type\":\"BreadcrumbList\",\"@id\":\"https:\/\/pokerplanets6.com\/pt-br\/poker\/how-to-play-omaha-poker\/#breadcrumb\",\"itemListElement\":[{\"@type\":\"ListItem\",\"position\":1,\"name\":\"Home\",\"item\":\"https:\/\/pokerplanets6.com\/pt-br\/\"},{\"@type\":\"ListItem\",\"position\":2,\"name\":\"Poker\",\"item\":\"https:\/\/pokerplanets6.com\/pt-br\/poker\/\"},{\"@type\":\"ListItem\",\"position\":3,\"name\":\"How to Play Omaha Poker\"}]},{\"@type\":\"WebSite\",\"@id\":\"https:\/\/pokerplanets6.com\/pt-br\/#website\",\"url\":\"https:\/\/pokerplanets6.com\/pt-br\/\",\"name\":\"PokerPlanets\",\"description\":\"\",\"potentialAction\":[{\"@type\":\"SearchAction\",\"target\":{\"@type\":\"EntryPoint\",\"urlTemplate\":\"https:\/\/pokerplanets6.com\/pt-br\/?s={search_term_string}\"},\"query-input\":{\"@type\":\"PropertyValueSpecification\",\"valueRequired\":true,\"valueName\":\"search_term_string\"}}],\"inLanguage\":\"pt-BR\"}]}<\/script>\n<!-- \/ Yoast SEO plugin. -->","yoast_head_json":{"title":"How to Play Omaha Poker \u2014 Strategy Guide","description":"Step-by-step Omaha tutorial \u2705 Learn Omaha and join live cash games","robots":{"index":"index","follow":"follow","max-snippet":"max-snippet:-1","max-image-preview":"max-image-preview:large","max-video-preview":"max-video-preview:-1"},"og_locale":"pt_BR","og_type":"article","og_title":"How to Play Omaha Poker \u2014 Strategy Guide","og_description":"Step-by-step Omaha tutorial \u2705 Learn Omaha and join live cash games","og_url":"https:\/\/pokerplanets6.com\/pt-br\/poker\/how-to-play-omaha-poker\/","og_site_name":"PokerPlanets","article_modified_time":"2025-08-21T05:41:36+00:00","twitter_card":"summary_large_image","twitter_misc":{"Est. tempo de leitura":"3 minutos"},"schema":{"@context":"https:\/\/schema.org","@graph":[{"@type":"WebPage","@id":"https:\/\/pokerplanets6.com\/pt-br\/poker\/how-to-play-omaha-poker\/","url":"https:\/\/pokerplanets6.com\/pt-br\/poker\/how-to-play-omaha-poker\/","name":"How to Play Omaha Poker \u2014 Strategy Guide","isPartOf":{"@id":"https:\/\/pokerplanets6.com\/pt-br\/#website"},"datePublished":"2024-12-20T19:57:03+00:00","dateModified":"2025-08-21T05:41:36+00:00","description":"Step-by-step Omaha tutorial \u2705 Learn Omaha and join live cash games","breadcrumb":{"@id":"https:\/\/pokerplanets6.com\/pt-br\/poker\/how-to-play-omaha-poker\/#breadcrumb"},"inLanguage":"pt-BR","potentialAction":[{"@type":"ReadAction","target":["https:\/\/pokerplanets6.com\/pt-br\/poker\/how-to-play-omaha-poker\/"]}]},{"@type":"BreadcrumbList","@id":"https:\/\/pokerplanets6.com\/pt-br\/poker\/how-to-play-omaha-poker\/#breadcrumb","itemListElement":[{"@type":"ListItem","position":1,"name":"Home","item":"https:\/\/pokerplanets6.com\/pt-br\/"},{"@type":"ListItem","position":2,"name":"Poker","item":"https:\/\/pokerplanets6.com\/pt-br\/poker\/"},{"@type":"ListItem","position":3,"name":"How to Play Omaha Poker"}]},{"@type":"WebSite","@id":"https:\/\/pokerplanets6.com\/pt-br\/#website","url":"https:\/\/pokerplanets6.com\/pt-br\/","name":"PokerPlanets","description":"","potentialAction":[{"@type":"SearchAction","target":{"@type":"EntryPoint","urlTemplate":"https:\/\/pokerplanets6.com\/pt-br\/?s={search_term_string}"},"query-input":{"@type":"PropertyValueSpecification","valueRequired":true,"valueName":"search_term_string"}}],"inLanguage":"pt-BR"}]}},"publishpress_future_action":{"enabled":false,"date":"2026-04-23 23:36:31","action":"change-status","newStatus":"draft","terms":[],"taxonomy":"translation_priority","extraData":[]},"publishpress_future_workflow_manual_trigger":{"enabledWorkflows":[]},"_links":{"self":[{"href":"https:\/\/pokerplanets6.com\/pt-br\/wp-json\/wp\/v2\/pages\/7150","targetHints":{"allow":["GET"]}}],"collection":[{"href":"https:\/\/pokerplanets6.com\/pt-br\/wp-json\/wp\/v2\/pages"}],"about":[{"href":"https:\/\/pokerplanets6.com\/pt-br\/wp-json\/wp\/v2\/types\/page"}],"author":[{"embeddable":true,"href":"https:\/\/pokerplanets6.com\/pt-br\/wp-json\/wp\/v2\/users\/1"}],"replies":[{"embeddable":true,"href":"https:\/\/pokerplanets6.com\/pt-br\/wp-json\/wp\/v2\/comments?post=7150"}],"version-history":[{"count":3,"href":"https:\/\/pokerplanets6.com\/pt-br\/wp-json\/wp\/v2\/pages\/7150\/revisions"}],"predecessor-version":[{"id":7154,"href":"https:\/\/pokerplanets6.com\/pt-br\/wp-json\/wp\/v2\/pages\/7150\/revisions\/7154"}],"up":[{"embeddable":true,"href":"https:\/\/pokerplanets6.com\/pt-br\/wp-json\/wp\/v2\/pages\/7275"}],"wp:attachment":[{"href":"https:\/\/pokerplanets6.com\/pt-br\/wp-json\/wp\/v2\/media?parent=7150"}],"curies":[{"name":"wp","href":"https:\/\/api.w.org\/{rel}","templated":true}]}}