{"id":7145,"date":"2024-12-20T22:43:05","date_gmt":"2024-12-20T19:43:05","guid":{"rendered":"https:\/\/pokerplanets2.com\/pokerplanets6\/how-to-play-texas-holdem\/"},"modified":"2025-08-21T08:27:39","modified_gmt":"2025-08-21T05:27:39","slug":"how-to-play-texas-holdem","status":"publish","type":"page","link":"https:\/\/pokerplanets6.com\/pt-br\/poker\/how-to-play-texas-holdem\/","title":{"rendered":"How to Play Texas Hold'em"},"content":{"rendered":"<p style=\"text-align: center;\"><span style=\"font-size: 14pt;\"><b>Quer dominar a variante mais popular do p\u00f4quer \u2014 o Texas Hold'em?<\/b><\/span><\/p>\r\n<p><span style=\"font-weight: 400; font-size: 10pt;\">Neste guia, voc\u00ea vai aprender os fundamentos do jogo, suas regras, combina\u00e7\u00f5es de cartas e os principais aspectos estrat\u00e9gicos.<\/b><\/span><\/p>\r\n<p><span style=\"font-weight: 400; font-size: 10pt;\">Texas Hold'em \u00e9 uma das variantes mais populares e din\u00e2micas do p\u00f4quer. Apesar de ter regras b\u00e1sicas simples, o jogo oferece uma grande variedade de possibilidades estrat\u00e9gicas e uma experi\u00eancia extremamente empolgante.<\/span><\/p>\r\n<p><span style=\"font-size: 12pt;\"><b>Regras b\u00e1sicas do Texas Hold'em<\/b><\/span><\/p>\r\n<p><span style=\"font-size: 10pt;\"><b>Distribui\u00e7\u00e3o das cartas<\/b><b><br \/>\r\n<\/b><span style=\"font-weight: 400;\">Cada jogador recebe duas cartas fechadas (conhecidas como cartas de m\u00e3o ou cartas pocket).<\/span><\/span><\/p>\r\n<p><span style=\"font-size: 10pt;\"><b>Cartas comunit\u00e1rias<\/b><b><br \/>\r\n<\/b><span style=\"font-weight: 400;\">Cinco cartas comunit\u00e1rias s\u00e3o colocadas na mesa: tr\u00eas cartas iniciais (o flop), depois uma quarta (o turn) e, por fim, a quinta (o river). Os jogadores devem formar a melhor m\u00e3o poss\u00edvel usando qualquer combina\u00e7\u00e3o de cinco cartas entre as sete dispon\u00edveis (duas da m\u00e3o + cinco da mesa).<\/span><\/span><\/p>\r\n<p><span style=\"font-size: 10pt;\"><b>Rodadas de apostas<\/b><b><br \/>\r\n<\/b><span style=\"font-weight: 400;\">O jogo \u00e9 dividido em quatro etapas de apostas:<\/span><\/span><\/p>\r\n<ul>\r\n\t<li style=\"font-weight: 400;\" aria-level=\"1\"><span style=\"font-size: 10pt;\"><b>Pre-flop<\/b><span style=\"font-weight: 400;\"> \u2014 Ap\u00f3s receberem as cartas, os jogadores decidem se continuam ou n\u00e3o na m\u00e3o.<\/span><\/span><\/li>\r\n\t<li style=\"font-weight: 400;\" aria-level=\"1\"><span style=\"font-size: 10pt;\"><b>Flop<\/b><span style=\"font-weight: 400;\"> \u2014 Tr\u00eas cartas comunit\u00e1rias s\u00e3o reveladas, seguidas por uma rodada de apostas.<\/span><\/span><\/li>\r\n\t<li style=\"font-weight: 400;\" aria-level=\"1\"><span style=\"font-size: 10pt;\"><b>Turn<\/b><span style=\"font-weight: 400;\"> \u2014 A quarta carta comunit\u00e1ria \u00e9 revelada, seguida por mais apostas.<\/span><\/span><\/li>\r\n\t<li style=\"font-weight: 400;\" aria-level=\"1\"><span style=\"font-size: 10pt;\"><b>River<\/b><span style=\"font-weight: 400;\"> \u2014 A \u00faltima carta comunit\u00e1ria \u00e9 colocada na mesa, seguida pela rodada final de apostas.<\/span><\/span><\/li>\r\n<\/ul>\r\n<p><span style=\"font-size: 10pt;\"><span style=\"font-weight: 400;\">Se, ap\u00f3s todas as apostas, mais de um jogador permanecer na m\u00e3o, acontece o showdown \u2014 momento em que todos revelam suas cartas e o vencedor \u00e9 determinado.<\/span><\/span><\/p>\r\n<p><span style=\"font-size: 10pt;\"><b>Apostas obrigat\u00f3rias<\/b><\/span><\/p>\r\n<p><span style=\"font-size: 10pt;\"><span style=\"font-weight: 400;\">O Texas Hold'em usa um sistema de apostas for\u00e7adas chamadas blinds, que garantem que sempre haja fichas no pote antes da a\u00e7\u00e3o come\u00e7ar. A posi\u00e7\u00e3o mais importante \u00e9 o bot\u00e3o (dealer button), que representa o distribuidor nominal e gira no sentido hor\u00e1rio a cada m\u00e3o.<\/span><\/span><\/p>\r\n<p><span style=\"font-weight: 400; font-size: 10pt;\">Os dois jogadores \u00e0 esquerda do bot\u00e3o devem pagar as apostas obrigat\u00f3rias:<\/span><\/p>\r\n<ul>\r\n\t<li style=\"font-weight: 400;\" aria-level=\"1\"><span style=\"font-size: 10pt;\"><b>Small Blind (SB)<\/b><span style=\"font-weight: 400;\"> \u2014 O jogador \u00e0 esquerda do bot\u00e3o aposta uma quantia fixa.<\/span><\/span><\/li>\r\n\t<li style=\"font-weight: 400;\" aria-level=\"1\"><span style=\"font-size: 10pt;\"><b>Big Blind (BB)<\/b><span style=\"font-weight: 400;\"> \u2014 O pr\u00f3ximo jogador \u00e0 esquerda aposta o dobro da small blind.<\/span><\/span><\/li>\r\n<\/ul>\r\n<p><span style=\"font-size: 10pt;\"><b>Como funcionam as blinds:<\/b><\/span><\/p>\r\n<ul>\r\n\t<li style=\"font-weight: 400;\" aria-level=\"1\"><span style=\"font-weight: 400; font-size: 10pt;\">Ap\u00f3s as blinds, cada jogador recebe duas cartas fechadas.<\/span><\/li>\r\n\t<li style=\"font-weight: 400;\" aria-level=\"1\"><span style=\"font-weight: 400; font-size: 10pt;\">A primeira rodada de apostas come\u00e7a com o jogador \u00e0 esquerda do big blind.<\/span><\/li>\r\n\t<li style=\"font-weight: 400;\" aria-level=\"1\"><span style=\"font-weight: 400; font-size: 10pt;\">Nas rodadas seguintes, a a\u00e7\u00e3o come\u00e7a com o primeiro jogador ativo \u00e0 esquerda do bot\u00e3o.<\/span><\/li>\r\n\t<li style=\"font-weight: 400;\" aria-level=\"1\"><span style=\"font-weight: 400; font-size: 10pt;\">O bot\u00e3o gira no sentido hor\u00e1rio ap\u00f3s cada m\u00e3o.<\/span><\/li>\r\n<\/ul>\r\n<p><span style=\"font-size: 10pt;\"><span style=\"font-weight: 400;\">Em alguns jogos, pode haver tamb\u00e9m o ante, uma aposta obrigat\u00f3ria feita por todos os jogadores para aumentar o pote antes das apostas come\u00e7arem.<\/span><\/span><\/p>\r\n<p><span style=\"font-size: 10pt;\"><b>Op\u00e7\u00f5es de a\u00e7\u00e3o dos jogadores<\/b><\/span><\/p>\r\n<p><span style=\"font-weight: 400; font-size: 10pt;\">Durante cada rodada de apostas, o jogador pode:<\/span><\/p>\r\n<ul>\r\n\t<li style=\"font-weight: 400;\" aria-level=\"1\"><span style=\"font-size: 10pt;\"><b>Check<\/b><span style=\"font-weight: 400;\"> \u2014 Passar a vez sem apostar (s\u00f3 \u00e9 poss\u00edvel se ningu\u00e9m tiver apostado antes).<\/span><\/span><\/li>\r\n\t<li style=\"font-weight: 400;\" aria-level=\"1\"><span style=\"font-size: 10pt;\"><b>Bet<\/b><span style=\"font-weight: 400;\"> \u2014 Fazer uma aposta colocando fichas no pote.<\/span><\/span><\/li>\r\n\t<li style=\"font-weight: 400;\" aria-level=\"1\"><span style=\"font-size: 10pt;\"><b>Call<\/b><span style=\"font-weight: 400;\"> \u2014 Igualar a \u00faltima aposta feita.<\/span><\/span><\/li>\r\n\t<li style=\"font-weight: 400;\" aria-level=\"1\"><span style=\"font-size: 10pt;\"><b>Raise<\/b><span style=\"font-weight: 400;\"> \u2014 Aumentar o valor da aposta atual.<\/span><\/span><\/li>\r\n\t<li style=\"font-weight: 400;\" aria-level=\"1\"><span style=\"font-size: 10pt;\"><b>Fold<\/b><span style=\"font-weight: 400;\"> \u2014 Desistir da m\u00e3o e perder as fichas j\u00e1 colocadas no pote.<\/span><\/span><\/li>\r\n<\/ul>\r\n<p><span style=\"font-size: 10pt;\"><b>All-In e Side Pot<\/b><\/span><\/p>\r\n<p><span style=\"font-size: 10pt;\"><span style=\"font-weight: 400;\">Se um jogador aposta todas as suas fichas (all-in), ele s\u00f3 pode disputar a parte do pote que conseguiu cobrir. Se os outros continuarem apostando, \u00e9 criado um side pot (pote paralelo), no qual o jogador all-in n\u00e3o participa.<\/span><\/span><\/p>\r\n<p><span style=\"font-size: 10pt;\"><b>Exemplo:<\/b><\/span><\/p>\r\n<ul>\r\n\t<li style=\"font-weight: 400;\" aria-level=\"1\"><span style=\"font-size: 10pt;\">O pote tem 100 fichas.<\/span><\/li>\r\n\t<li style=\"font-weight: 400;\" aria-level=\"1\"><span style=\"font-size: 10pt;\">Tr\u00eas jogadores ainda est\u00e3o na m\u00e3o.<\/span><\/li>\r\n\t<li style=\"font-weight: 400;\" aria-level=\"1\"><span style=\"font-size: 10pt;\">O jogador A tem 30 fichas e vai all-in.<\/span><\/li>\r\n\t<li style=\"font-weight: 400;\" aria-level=\"1\"><span style=\"font-size: 10pt;\">Jogadores B e C pagam os 30 fichas cada, totalizando 90 fichas no pote principal.<\/span><\/li>\r\n\t<li style=\"font-weight: 400;\" aria-level=\"1\"><span style=\"font-size: 10pt;\">Se B e C continuarem apostando entre si, ser\u00e1 criado um pote paralelo apenas entre eles.<\/span><\/li>\r\n        <li style=\"font-weight: 400;\" aria-level=\"1\"><span style=\"font-size: 10pt;\">No fim, se A tiver a melhor m\u00e3o, ele vence apenas o pote principal. O side pot ser\u00e1 disputado entre B e C.<\/span><\/li>\r\n<\/ul>\r\n<p><span style=\"font-weight: 400; font-size: 10pt;\">Esse sistema garante que ningu\u00e9m ganhe mais do que apostou, mantendo o jogo justo.<\/span><\/p>\r\n<h3><span style=\"font-size: 10pt;\"><b>Tipos de Texas Hold'em por estrutura de apostas<\/b><\/span><\/h3>\r\n<p><span style=\"font-weight: 400; font-size: 10pt;\">O Texas Hold'em pode ter diferentes formatos conforme o limite das apostas. Os dois principais s\u00e3o:<\/span><\/p>\r\n<h4><span style=\"font-size: 10pt;\"><b>No-Limit Hold'em (NL)<\/b><\/span><\/h4>\r\n<ul>\r\n\t<li style=\"font-weight: 400;\" aria-level=\"1\"><span style=\"font-weight: 400; font-size: 10pt;\">O jogador pode apostar qualquer valor, at\u00e9 todas as suas fichas.<\/span><\/li>\r\n\t<li style=\"font-weight: 400;\" aria-level=\"1\"><span style=\"font-weight: 400; font-size: 10pt;\">A aposta m\u00ednima \u00e9 igual ao valor da big blind.<\/span><\/li>\r\n\t<li style=\"font-weight: 400;\" aria-level=\"1\"><span style=\"font-weight: 400; font-size: 10pt;\">O aumento m\u00ednimo deve ser igual ou superior \u00e0 aposta anterior da mesma rodada.<\/span><\/li>\r\n<\/ul>\r\n<h4><span style=\"font-size: 10pt;\"><b>Pot-Limit Hold'em (PL)<\/b><\/span><\/h4>\r\n<ul>\r\n\t<li style=\"font-weight: 400;\" aria-level=\"1\"><span style=\"font-weight: 400; font-size: 10pt;\">O valor m\u00e1ximo da aposta \u00e9 limitado ao tamanho atual do pote.<\/span><\/li>\r\n\t<li style=\"font-weight: 400;\" aria-level=\"1\"><span style=\"font-weight: 400; font-size: 10pt;\">A aposta m\u00ednima continua sendo igual \u00e0 big blind.<\/span><\/li>\r\n\t<li style=\"font-weight: 400;\" aria-level=\"1\"><span style=\"font-weight: 400; font-size: 10pt;\">O aumento m\u00ednimo deve seguir a mesma l\u00f3gica do No-Limit.<\/span><\/li>\r\n<\/ul>\r\n<h3><span style=\"font-size: 10pt;\"><b>Como calcular o aumento m\u00e1ximo no Pot-Limit?<\/b><\/span><\/h3>\r\n<p><span style=\"font-size: 10pt;\"><span style=\"font-weight: 400;\">F\u00f3rmula: <\/span><b>valor do pote + valor do call + valor do aumento do jogador.<\/b><\/span><\/p>\r\n<p><span style=\"font-size: 10pt;\"><b>Exemplo:<\/b><\/span><\/p>\r\n<ul>\r\n\t<li style=\"font-weight: 400;\" aria-level=\"1\"><span style=\"font-weight: 400; font-size: 10pt;\">O pote tem 100 fichas.<\/span><\/li>\r\n\t<li style=\"font-weight: 400;\" aria-level=\"1\"><span style=\"font-weight: 400; font-size: 10pt;\">Jogador 1 aposta 100.<\/span><\/li>\r\n\t<li style=\"font-weight: 400;\" aria-level=\"1\"><span style=\"font-weight: 400; font-size: 10pt;\">O pote agora tem 200.<\/span><\/li>\r\n\t<li style=\"font-weight: 400;\" aria-level=\"1\"><span style=\"font-size: 10pt;\">Jogador 2 pode dar call com 100 (pote = 300).<\/span><\/li>\r\n\t<li style=\"font-weight: 400;\" aria-level=\"1\"><span style=\"font-size: 10pt;\">Ele pode ent\u00e3o aumentar em 300.<\/span><\/li>\r\n\t<li style=\"font-weight: 400;\" aria-level=\"1\"><span style=\"font-size: 10pt;\">A aposta total ser\u00e1 100 (call) + 300 (raise) = 400 fichas.<\/span><\/li>\r\n<\/ul>\r\n<h3><span style=\"font-weight: 400; font-size: 10pt;\">Combina\u00e7\u00f5es de m\u00e3os no p\u00f4quer<\/span><\/h3>\r\n<p><span style=\"font-weight: 400; font-size: 10pt;\">Existem 1.326 poss\u00edveis m\u00e3os iniciais em Hold'em. Mas, como os naipes n\u00e3o t\u00eam hierarquia, s\u00e3o 169 combina\u00e7\u00f5es \u00fanicas.<\/span><\/p>\r\n<h4><span style=\"font-size: 10pt;\"><b>Ranking das m\u00e3os (da mais forte \u00e0 mais fraca):<\/b><\/span><\/h4>\r\n<ol>\r\n\t<li style=\"font-weight: 400;\" aria-level=\"1\"><span style=\"font-size: 10pt;\"><b>Royal Flush<\/b><span style=\"font-weight: 400;\"> \u2013 10, J, Q, K, A do mesmo naipe.<\/span><\/span><\/li>\r\n\t<li style=\"font-weight: 400;\" aria-level=\"1\"><span style=\"font-size: 10pt;\"><b>Straight Flush<\/b><span style=\"font-weight: 400;\"> \u2013 Cinco cartas seguidas do mesmo naipe.<\/span><\/span><\/li>\r\n\t<li style=\"font-weight: 400;\" aria-level=\"1\"><span style=\"font-size: 10pt;\"><b>Four of a Kind<\/b><span style=\"font-weight: 400;\"> \u2013 Quatro cartas do mesmo valor.<\/span><\/span><\/li>\r\n\t<li style=\"font-weight: 400;\" aria-level=\"1\"><span style=\"font-size: 10pt;\"><b>Full House<\/b><span style=\"font-weight: 400;\"> \u2013 Trinca + um par.<\/span><\/span><\/li>\r\n\t<li style=\"font-weight: 400;\" aria-level=\"1\"><span style=\"font-size: 10pt;\"><b>Flush<\/b><span style=\"font-weight: 400;\"> \u2013 Cinco cartas do mesmo naipe, n\u00e3o sequenciais.<\/span><\/span><\/li>\r\n\t<li style=\"font-weight: 400;\" aria-level=\"1\"><span style=\"font-size: 10pt;\"><b>Straight<\/b><span style=\"font-weight: 400;\"> \u2013 Cinco cartas seguidas de naipes diferentes.<\/span><\/span><\/li>\r\n\t<li style=\"font-weight: 400;\" aria-level=\"1\"><span style=\"font-size: 10pt;\"><b>Three of a Kind (Set)<\/b><span style=\"font-weight: 400;\"> \u2013 Tr\u00eas cartas iguais.<\/span><\/span><\/li>\r\n\t<li style=\"font-weight: 400;\" aria-level=\"1\"><span style=\"font-size: 10pt;\"><b>Two Pair<\/b><span style=\"font-weight: 400;\"> \u2013 Duas duplas.<\/span><\/span><\/li>\r\n\t<li style=\"font-weight: 400;\" aria-level=\"1\"><span style=\"font-size: 10pt;\"><b>One Pair<\/b><span style=\"font-weight: 400;\"> \u2013 Duas cartas iguais.<\/span><\/span><\/li>\r\n\t<li style=\"font-weight: 400;\" aria-level=\"1\"><span style=\"font-size: 10pt;\"><b>High Card<\/b><span style=\"font-weight: 400;\"> \u2013 Se ningu\u00e9m tiver nenhuma das m\u00e3os acima, vence quem tiver a carta mais alta.<\/span><\/span><\/li>\r\n<\/ol>\r\n<p style=\"text-align: center;\"><span style=\"font-size: 10pt;\"><b>Pronto para jogar?<\/b><\/span><\/p>\r\n<p style=\"text-align: center;\"><span style=\"font-size: 10pt;\"><span style=\"font-weight: 400;\">Agora que voc\u00ea conhece as regras, \u00e9 hora de colocar seu conhecimento em pr\u00e1tica. Baixe o PokerPlanets e junte-se a milhares de jogadores nas mesas. Aprimore suas habilidades, participe de torneios e fa\u00e7a parte dessa comunidade c\u00f3smica de p\u00f4quer!<\/span><\/span><\/p>\r\n<p style=\"text-align: center;\"><div id=\"detectButton5\" style=\"margin: 0 auto; text-align: center;\"><button class=\"button  button--red\" type=\"button\"><svg class=\"svg\">\r\n              <use xlink:href=\"\/wp-content\/uploads\/sites\/15\/2024\/12\/sprite.svg#lock\"><\/use>\r\n             <\/svg>  BAIXAR O POKERPLANETS <\/button><\/div>","protected":false},"excerpt":{"rendered":"<p>Quer dominar a variante mais popular do p\u00f4quer \u2014 o Texas Hold'em? Neste guia, voc\u00ea vai aprender os fundamentos do jogo, suas regras, combina\u00e7\u00f5es de cartas e os principais aspectos estrat\u00e9gicos. Texas Hold'em \u00e9 uma das variantes mais populares e din\u00e2micas do p\u00f4quer. Apesar de ter regras b\u00e1sicas simples, o jogo oferece uma grande variedade [&hellip;]<\/p>\n","protected":false},"author":1,"featured_media":0,"parent":7275,"menu_order":0,"comment_status":"closed","ping_status":"closed","template":"page-faq-nosidebar.php","meta":{"_acf_changed":false,"inline_featured_image":false,"footnotes":""},"class_list":["post-7145","page","type-page","status-publish","hentry"],"acf":[],"yoast_head":"<!-- This site is optimized with the Yoast SEO plugin v24.4 - https:\/\/yoast.com\/wordpress\/plugins\/seo\/ -->\n<title>How to Play Texas Hold\u2019em \u2014 Beginner\u2019s Guide<\/title>\n<meta name=\"description\" content=\"Start playing Texas Hold\u2019em \ud83d\udd25 Hold\u2019em is the world\u2019s most popular poker format\" \/>\n<meta name=\"robots\" content=\"index, follow, max-snippet:-1, max-image-preview:large, max-video-preview:-1\" \/>\n<meta property=\"og:locale\" content=\"pt_BR\" \/>\n<meta property=\"og:type\" content=\"article\" \/>\n<meta property=\"og:title\" content=\"How to Play Texas Hold\u2019em \u2014 Beginner\u2019s Guide\" \/>\n<meta property=\"og:description\" content=\"Start playing Texas Hold\u2019em \ud83d\udd25 Hold\u2019em is the world\u2019s most popular poker format\" \/>\n<meta property=\"og:url\" content=\"https:\/\/pokerplanets6.com\/pt-br\/poker\/how-to-play-texas-holdem\/\" \/>\n<meta property=\"og:site_name\" content=\"PokerPlanets\" \/>\n<meta property=\"article:modified_time\" content=\"2025-08-21T05:27:39+00:00\" \/>\n<meta name=\"twitter:card\" content=\"summary_large_image\" \/>\n<meta name=\"twitter:label1\" content=\"Est. tempo de leitura\" \/>\n\t<meta name=\"twitter:data1\" content=\"5 minutos\" \/>\n<script type=\"application\/ld+json\" class=\"yoast-schema-graph\">{\"@context\":\"https:\/\/schema.org\",\"@graph\":[{\"@type\":\"WebPage\",\"@id\":\"https:\/\/pokerplanets6.com\/pt-br\/poker\/how-to-play-texas-holdem\/\",\"url\":\"https:\/\/pokerplanets6.com\/pt-br\/poker\/how-to-play-texas-holdem\/\",\"name\":\"How to Play Texas Hold\u2019em \u2014 Beginner\u2019s Guide\",\"isPartOf\":{\"@id\":\"https:\/\/pokerplanets6.com\/pt-br\/#website\"},\"datePublished\":\"2024-12-20T19:43:05+00:00\",\"dateModified\":\"2025-08-21T05:27:39+00:00\",\"description\":\"Start playing Texas Hold\u2019em \ud83d\udd25 Hold\u2019em is the world\u2019s most popular poker format\",\"breadcrumb\":{\"@id\":\"https:\/\/pokerplanets6.com\/pt-br\/poker\/how-to-play-texas-holdem\/#breadcrumb\"},\"inLanguage\":\"pt-BR\",\"potentialAction\":[{\"@type\":\"ReadAction\",\"target\":[\"https:\/\/pokerplanets6.com\/pt-br\/poker\/how-to-play-texas-holdem\/\"]}]},{\"@type\":\"BreadcrumbList\",\"@id\":\"https:\/\/pokerplanets6.com\/pt-br\/poker\/how-to-play-texas-holdem\/#breadcrumb\",\"itemListElement\":[{\"@type\":\"ListItem\",\"position\":1,\"name\":\"Home\",\"item\":\"https:\/\/pokerplanets6.com\/pt-br\/\"},{\"@type\":\"ListItem\",\"position\":2,\"name\":\"Poker\",\"item\":\"https:\/\/pokerplanets6.com\/pt-br\/poker\/\"},{\"@type\":\"ListItem\",\"position\":3,\"name\":\"How to Play Texas Hold'em\"}]},{\"@type\":\"WebSite\",\"@id\":\"https:\/\/pokerplanets6.com\/pt-br\/#website\",\"url\":\"https:\/\/pokerplanets6.com\/pt-br\/\",\"name\":\"PokerPlanets\",\"description\":\"\",\"potentialAction\":[{\"@type\":\"SearchAction\",\"target\":{\"@type\":\"EntryPoint\",\"urlTemplate\":\"https:\/\/pokerplanets6.com\/pt-br\/?s={search_term_string}\"},\"query-input\":{\"@type\":\"PropertyValueSpecification\",\"valueRequired\":true,\"valueName\":\"search_term_string\"}}],\"inLanguage\":\"pt-BR\"}]}<\/script>\n<!-- \/ Yoast SEO plugin. -->","yoast_head_json":{"title":"How to Play Texas Hold\u2019em \u2014 Beginner\u2019s Guide","description":"Start playing Texas Hold\u2019em \ud83d\udd25 Hold\u2019em is the world\u2019s most popular poker format","robots":{"index":"index","follow":"follow","max-snippet":"max-snippet:-1","max-image-preview":"max-image-preview:large","max-video-preview":"max-video-preview:-1"},"og_locale":"pt_BR","og_type":"article","og_title":"How to Play Texas Hold\u2019em \u2014 Beginner\u2019s Guide","og_description":"Start playing Texas Hold\u2019em \ud83d\udd25 Hold\u2019em is the world\u2019s most popular poker format","og_url":"https:\/\/pokerplanets6.com\/pt-br\/poker\/how-to-play-texas-holdem\/","og_site_name":"PokerPlanets","article_modified_time":"2025-08-21T05:27:39+00:00","twitter_card":"summary_large_image","twitter_misc":{"Est. tempo de leitura":"5 minutos"},"schema":{"@context":"https:\/\/schema.org","@graph":[{"@type":"WebPage","@id":"https:\/\/pokerplanets6.com\/pt-br\/poker\/how-to-play-texas-holdem\/","url":"https:\/\/pokerplanets6.com\/pt-br\/poker\/how-to-play-texas-holdem\/","name":"How to Play Texas Hold\u2019em \u2014 Beginner\u2019s Guide","isPartOf":{"@id":"https:\/\/pokerplanets6.com\/pt-br\/#website"},"datePublished":"2024-12-20T19:43:05+00:00","dateModified":"2025-08-21T05:27:39+00:00","description":"Start playing Texas Hold\u2019em \ud83d\udd25 Hold\u2019em is the world\u2019s most popular poker format","breadcrumb":{"@id":"https:\/\/pokerplanets6.com\/pt-br\/poker\/how-to-play-texas-holdem\/#breadcrumb"},"inLanguage":"pt-BR","potentialAction":[{"@type":"ReadAction","target":["https:\/\/pokerplanets6.com\/pt-br\/poker\/how-to-play-texas-holdem\/"]}]},{"@type":"BreadcrumbList","@id":"https:\/\/pokerplanets6.com\/pt-br\/poker\/how-to-play-texas-holdem\/#breadcrumb","itemListElement":[{"@type":"ListItem","position":1,"name":"Home","item":"https:\/\/pokerplanets6.com\/pt-br\/"},{"@type":"ListItem","position":2,"name":"Poker","item":"https:\/\/pokerplanets6.com\/pt-br\/poker\/"},{"@type":"ListItem","position":3,"name":"How to Play Texas Hold'em"}]},{"@type":"WebSite","@id":"https:\/\/pokerplanets6.com\/pt-br\/#website","url":"https:\/\/pokerplanets6.com\/pt-br\/","name":"PokerPlanets","description":"","potentialAction":[{"@type":"SearchAction","target":{"@type":"EntryPoint","urlTemplate":"https:\/\/pokerplanets6.com\/pt-br\/?s={search_term_string}"},"query-input":{"@type":"PropertyValueSpecification","valueRequired":true,"valueName":"search_term_string"}}],"inLanguage":"pt-BR"}]}},"publishpress_future_action":{"enabled":false,"date":"2026-04-23 23:20:23","action":"change-status","newStatus":"draft","terms":[],"taxonomy":"translation_priority","extraData":[]},"publishpress_future_workflow_manual_trigger":{"enabledWorkflows":[]},"_links":{"self":[{"href":"https:\/\/pokerplanets6.com\/pt-br\/wp-json\/wp\/v2\/pages\/7145","targetHints":{"allow":["GET"]}}],"collection":[{"href":"https:\/\/pokerplanets6.com\/pt-br\/wp-json\/wp\/v2\/pages"}],"about":[{"href":"https:\/\/pokerplanets6.com\/pt-br\/wp-json\/wp\/v2\/types\/page"}],"author":[{"embeddable":true,"href":"https:\/\/pokerplanets6.com\/pt-br\/wp-json\/wp\/v2\/users\/1"}],"replies":[{"embeddable":true,"href":"https:\/\/pokerplanets6.com\/pt-br\/wp-json\/wp\/v2\/comments?post=7145"}],"version-history":[{"count":3,"href":"https:\/\/pokerplanets6.com\/pt-br\/wp-json\/wp\/v2\/pages\/7145\/revisions"}],"predecessor-version":[{"id":7148,"href":"https:\/\/pokerplanets6.com\/pt-br\/wp-json\/wp\/v2\/pages\/7145\/revisions\/7148"}],"up":[{"embeddable":true,"href":"https:\/\/pokerplanets6.com\/pt-br\/wp-json\/wp\/v2\/pages\/7275"}],"wp:attachment":[{"href":"https:\/\/pokerplanets6.com\/pt-br\/wp-json\/wp\/v2\/media?parent=7145"}],"curies":[{"name":"wp","href":"https:\/\/api.w.org\/{rel}","templated":true}]}}