{"id":7018,"date":"2025-01-28T23:25:27","date_gmt":"2025-01-28T20:25:27","guid":{"rendered":"https:\/\/pokerplanets2.com\/pokerplanets6\/responsible-gaming\/"},"modified":"2025-08-19T17:34:22","modified_gmt":"2025-08-19T14:34:22","slug":"responsible-gaming","status":"publish","type":"page","link":"https:\/\/pokerplanets6.com\/pt-br\/terms-conditions\/responsible-gaming\/","title":{"rendered":"JOGO RESPONS\u00c1VEL"},"content":{"rendered":"<p><span style=\"font-size: 10pt;\"><em>Vers\u00e3o 1.0<\/em><\/span><br \/>\r\n<span style=\"font-size: 10pt;\"><em>\u00daltima atualiza\u00e7\u00e3o: 01 de mar\u00e7o de 2025<\/em><\/span><\/p>\r\n<div>\r\n<ul>\r\n\t<li><span style=\"font-size: 10pt;\">Este site, o aplicativo cliente com interface gr\u00e1fica e os aplicativos m\u00f3veis correspondentes (\u201cSite\u201d) s\u00e3o de propriedade e operados pela Entertainment Planets B.V., empresa registrada sob as leis de Cura\u00e7ao, n\u00famero de registro 166486, com endere\u00e7o em Kaya Richard J. Beaujon Z\/N, Cura\u00e7ao. Este site \u00e9 licenciado e regulado pelo Cura\u00e7ao Gaming Control Board, Licen\u00e7a N\u00ba OGL\/2024\/1469\/0855.<\/span><\/li>\r\n\t<li><span style=\"font-size: 10pt;\">Os termos \u201cusu\u00e1rio\u201d, \u201cjogador\u201d ou \u201cvoc\u00ea\u201d referem-se \u00e0 pessoa que se registrou ou pretende se registrar em uma Conta no Site.<\/span><\/li>\r\n<\/ul>\r\n<\/div>\r\n<div>\r\n<p><span style=\"font-size: 10pt;\"><strong>Compromisso com o Jogo Respons\u00e1vel<\/strong><\/span><\/p>\r\n<ul>\r\n\t<li><span style=\"font-size: 10pt;\">Para a maioria dos nossos usu\u00e1rios, os jogos representam uma forma de entretenimento, passatempo e divers\u00e3o saud\u00e1vel. No entanto, entendemos que, para algumas pessoas, o jogo pode ter consequ\u00eancias negativas. A medicina reconhece o jogo patol\u00f3gico como uma doen\u00e7a.<\/span><\/li>\r\n\t<li><span style=\"font-size: 10pt;\">Desde o in\u00edcio das nossas atividades, levamos essa quest\u00e3o a s\u00e9rio e fazemos o poss\u00edvel para minimizar os riscos. Por \u201cjogo respons\u00e1vel\u201d, entendemos um conjunto de medidas que podem ser adotadas para reduzir a probabilidade de consequ\u00eancias negativas. O principal caminho para evitar problemas com jogos \u00e9 o conhecimento e a educa\u00e7\u00e3o sobre os riscos envolvidos, para que os usu\u00e1rios possam controlar seus comportamentos.<\/span><\/li>\r\n<\/ul>\r\n<\/div>\r\n<div><span style=\"font-size: 10pt;\"><strong>Informa\u00e7\u00f5es e Contato<\/strong><\/span>\r\n<ul>\r\n\t<li><span style=\"font-size: 10pt;\">Apoiamos iniciativas que promovem o jogo respons\u00e1vel e recomendamos que voc\u00ea consulte os sites das seguintes organiza\u00e7\u00f5es: GambleAware (<a href=\"https:\/\/www.gambleaware.co.uk\/\">https:\/\/www.gambleaware.co.uk\/<\/a>), GamCare (<a href=\"https:\/\/www.gamcare.org.uk\/\">https:\/\/www.gamcare.org.uk\/<\/a>), GordonHouse (<a href=\"https:\/\/www.gamblingtherapy.org\/\">https:\/\/www.gamblingtherapy.org\/<\/a>), Gamon (<a href=\"http:\/\/gamanon.org.uk\/\">http:\/\/gamanon.org.uk\/<\/a>) and GA (<a href=\"https:\/\/www.gamblersanonymous.org.uk\/\">https:\/\/www.gamblersanonymous.org.uk\/<\/a>).<\/span><\/li>\r\n\t<li><span style=\"font-size: 10pt;\">Voc\u00ea tamb\u00e9m pode realizar um teste de depend\u00eancia de jogos em: <a href=\"https:\/\/www.begambleaware.org\/gambling-problems\/do-i-have-a-gambling-problem\/\">https:\/\/www.begambleaware.org\/gambling-problems\/do-i-have-a-gambling-problem\/<\/a>.<\/span><\/li>\r\n\t<li><span style=\"font-size: 10pt;\">Nosso suporte est\u00e1 sempre dispon\u00edvel para ajudar: support@pokerplanets2.com\/pokerplanets6.<\/span><\/li>\r\n<\/ul>\r\n<\/div>\r\n<div><span style=\"font-size: 10pt;\"><strong>Dicas \u00dateis para Jogar com Responsabilidade<\/strong><\/span>\r\n<ul>\r\n\t<li><span style=\"font-size: 10pt;\"><strong>\u2022 Defina um limite de dep\u00f3sito<\/strong><\/span><br \/>\r\n<span style=\"font-size: 10pt;\">Antes de come\u00e7ar a jogar, pense no quanto voc\u00ea pode gastar com base na sua situa\u00e7\u00e3o financeira. Use apenas valores destinados ao lazer.<\/span><br \/>\r\n<span style=\"font-size: 10pt;\"><strong>\u2022 N\u00e3o tente recuperar preju\u00edzos a qualquer custo<\/strong><\/span><br \/>\r\n<span style=\"font-size: 10pt;\">Evite correr riscos excessivos. Jogue por divers\u00e3o, n\u00e3o como uma forma de ganhar dinheiro.<\/span><br \/>\r\n<span style=\"font-size: 10pt;\"><strong>\u2022 Defina um limite de tempo<\/strong><\/span><br \/>\r\n<span style=\"font-size: 10pt;\">Estabele\u00e7a um per\u00edodo di\u00e1rio ou semanal para jogar. O jogo deve estar em equil\u00edbrio com outros interesses e responsabilidades da sua vida.<\/span><br \/>\r\n<span style=\"font-size: 10pt;\"><strong>\u2022 Jogue com consci\u00eancia<\/strong><\/span><br \/>\r\n<span style=\"font-size: 10pt;\">Evite jogar se estiver estressado, deprimido ou sob efeito de medicamentos, \u00e1lcool ou drogas.<\/span><br \/>\r\n<span style=\"font-size: 10pt;\"><strong>\u2022 Fa\u00e7a pausas regulares<\/strong><\/span><br \/>\r\n<span style=\"font-size: 10pt;\">Se perceber cansa\u00e7o ou dificuldade de concentra\u00e7\u00e3o, interrompa o jogo.<\/span><br \/>\r\n<span style=\"font-size: 10pt;\"><strong>\u2022 Uma conta por pessoa<\/strong><\/span><br \/>\r\n<span style=\"font-size: 10pt;\">Isso facilita o controle sobre tempo e gastos, al\u00e9m de estar em conformidade com as regras do Site.<\/span><\/li>\r\n<\/ul>\r\n<\/div>\r\n<div><span style=\"font-size: 10pt;\"><strong>Prote\u00e7\u00e3o de Menores<\/strong><\/span>\r\n<ul>\r\n\t<li><span style=\"font-size: 10pt;\">Menores de 18 anos (ou da idade legal aplic\u00e1vel na jurisdi\u00e7\u00e3o) n\u00e3o podem acessar ou utilizar os nossos servi\u00e7os. Mantenha seus dados de login seguros e fora do alcance de menores.<\/span><\/li>\r\n\t<li><span style=\"font-size: 10pt;\">Recomendamos o uso de sistemas de filtragem para limitar o acesso de crian\u00e7as a conte\u00fados inadequados, inclusive sites de jogos.<\/span><\/li>\r\n\t<li><span style=\"font-size: 10pt;\">Para ajudar nesse controle, consulte: <a href=\"https:\/\/famisafe.wondershare.com\/internet-filter\/best-internet-filters.html\">https:\/\/famisafe.wondershare.com\/internet-filter\/best-internet-filters.html<\/a><\/span><\/li>\r\n<\/ul>\r\n<\/div>\r\n<div>\r\n<p><span style=\"font-size: 10pt;\"><strong>Limites Pessoais<\/strong><\/span><\/p>\r\n<ul>\r\n\t<li><span style=\"font-size: 10pt;\">Voc\u00ea pode definir os seguintes limites na sua conta:<\/span><\/li>\r\n\t<li><span style=\"font-size: 10pt;\">\u2022 Tempo m\u00e1ximo de uso por dia, semana ou m\u00eas;<\/span><br \/>\r\n<span style=\"font-size: 10pt;\">\u2022 Valor m\u00e1ximo de dep\u00f3sito di\u00e1rio, semanal ou mensal;<\/span><br \/>\r\n<span style=\"font-size: 10pt;\">\u2022 Valor m\u00e1ximo que pode ser gasto por dia, semana ou m\u00eas (n\u00e3o inclui b\u00f4nus ou apostas gr\u00e1tis).<\/span><\/li>\r\n\t<li><span style=\"font-size: 10pt;\">Esses limites podem ser definidos diretamente na se\u00e7\u00e3o correspondente do Site.<\/span><\/li>\r\n<\/ul>\r\n<\/div>\r\n<div><span style=\"font-size: 10pt;\"><strong>Autoexclus\u00e3o<\/strong><\/span>\r\n<ul>\r\n\t<li><span style=\"font-size: 10pt;\">Se voc\u00ea precisar de um tempo longe dos jogos, pode optar pela autoexclus\u00e3o. Nesse caso, sua conta ser\u00e1 encerrada por um per\u00edodo m\u00ednimo de 6 (seis) meses e n\u00e3o poder\u00e1 ser reativada durante esse tempo.<\/span><\/li>\r\n\t<li><span style=\"font-size: 10pt;\">Nos esfor\u00e7aremos para impedir a cria\u00e7\u00e3o de novas contas durante a autoexclus\u00e3o. No entanto, caso voc\u00ea consiga registrar uma nova conta com informa\u00e7\u00f5es falsas, voc\u00ea assume total responsabilidade por quaisquer perdas decorrentes dessa a\u00e7\u00e3o. Se detectarmos a cria\u00e7\u00e3o de uma conta duplicada, ela ser\u00e1 imediatamente encerrada.<\/span><\/li>\r\n<\/ul>\r\n<\/div>","protected":false},"excerpt":{"rendered":"<p>Vers\u00e3o 1.0 \u00daltima atualiza\u00e7\u00e3o: 01 de mar\u00e7o de 2025 Este site, o aplicativo cliente com interface gr\u00e1fica e os aplicativos m\u00f3veis correspondentes (\u201cSite\u201d) s\u00e3o de propriedade e operados pela Entertainment Planets B.V., empresa registrada sob as leis de Cura\u00e7ao, n\u00famero de registro 166486, com endere\u00e7o em Kaya Richard J. Beaujon Z\/N, Cura\u00e7ao. Este site \u00e9 [&hellip;]<\/p>\n","protected":false},"author":1,"featured_media":0,"parent":7071,"menu_order":0,"comment_status":"closed","ping_status":"closed","template":"page-simple3.php","meta":{"_acf_changed":false,"inline_featured_image":false,"footnotes":""},"class_list":["post-7018","page","type-page","status-publish","hentry"],"acf":[],"yoast_head":"<!-- This site is optimized with the Yoast SEO plugin v24.4 - https:\/\/yoast.com\/wordpress\/plugins\/seo\/ -->\n<title>Responsible Gaming<\/title>\n<meta name=\"description\" content=\"Tools for safe gambling \u2705 Answers to the most common poker questions\" \/>\n<meta name=\"robots\" content=\"index, follow, max-snippet:-1, max-image-preview:large, max-video-preview:-1\" \/>\n<meta property=\"og:locale\" content=\"pt_BR\" \/>\n<meta property=\"og:type\" content=\"article\" \/>\n<meta property=\"og:title\" content=\"Responsible Gaming\" \/>\n<meta property=\"og:description\" content=\"Tools for safe gambling \u2705 Answers to the most common poker questions\" \/>\n<meta property=\"og:url\" content=\"https:\/\/pokerplanets6.com\/pt-br\/terms-conditions\/responsible-gaming\/\" \/>\n<meta property=\"og:site_name\" content=\"PokerPlanets\" \/>\n<meta property=\"article:modified_time\" content=\"2025-08-19T14:34:22+00:00\" \/>\n<meta name=\"twitter:card\" content=\"summary_large_image\" \/>\n<meta name=\"twitter:label1\" content=\"Est. tempo de leitura\" \/>\n\t<meta name=\"twitter:data1\" content=\"4 minutos\" \/>\n<script type=\"application\/ld+json\" class=\"yoast-schema-graph\">{\"@context\":\"https:\/\/schema.org\",\"@graph\":[{\"@type\":\"WebPage\",\"@id\":\"https:\/\/pokerplanets6.com\/pt-br\/terms-conditions\/responsible-gaming\/\",\"url\":\"https:\/\/pokerplanets6.com\/pt-br\/terms-conditions\/responsible-gaming\/\",\"name\":\"Responsible Gaming\",\"isPartOf\":{\"@id\":\"https:\/\/pokerplanets6.com\/pt-br\/#website\"},\"datePublished\":\"2025-01-28T20:25:27+00:00\",\"dateModified\":\"2025-08-19T14:34:22+00:00\",\"description\":\"Tools for safe gambling \u2705 Answers to the most common poker questions\",\"breadcrumb\":{\"@id\":\"https:\/\/pokerplanets6.com\/pt-br\/terms-conditions\/responsible-gaming\/#breadcrumb\"},\"inLanguage\":\"pt-BR\",\"potentialAction\":[{\"@type\":\"ReadAction\",\"target\":[\"https:\/\/pokerplanets6.com\/pt-br\/terms-conditions\/responsible-gaming\/\"]}]},{\"@type\":\"BreadcrumbList\",\"@id\":\"https:\/\/pokerplanets6.com\/pt-br\/terms-conditions\/responsible-gaming\/#breadcrumb\",\"itemListElement\":[{\"@type\":\"ListItem\",\"position\":1,\"name\":\"Home\",\"item\":\"https:\/\/pokerplanets6.com\/pt-br\/\"},{\"@type\":\"ListItem\",\"position\":2,\"name\":\"TERMOS E CONDI\u00c7\u00d5ES GERAIS\",\"item\":\"https:\/\/pokerplanets6.com\/pt-br\/terms-conditions\/\"},{\"@type\":\"ListItem\",\"position\":3,\"name\":\"JOGO RESPONS\u00c1VEL\"}]},{\"@type\":\"WebSite\",\"@id\":\"https:\/\/pokerplanets6.com\/pt-br\/#website\",\"url\":\"https:\/\/pokerplanets6.com\/pt-br\/\",\"name\":\"PokerPlanets\",\"description\":\"\",\"potentialAction\":[{\"@type\":\"SearchAction\",\"target\":{\"@type\":\"EntryPoint\",\"urlTemplate\":\"https:\/\/pokerplanets6.com\/pt-br\/?s={search_term_string}\"},\"query-input\":{\"@type\":\"PropertyValueSpecification\",\"valueRequired\":true,\"valueName\":\"search_term_string\"}}],\"inLanguage\":\"pt-BR\"}]}<\/script>\n<!-- \/ Yoast SEO plugin. -->","yoast_head_json":{"title":"Responsible Gaming","description":"Tools for safe gambling \u2705 Answers to the most common poker questions","robots":{"index":"index","follow":"follow","max-snippet":"max-snippet:-1","max-image-preview":"max-image-preview:large","max-video-preview":"max-video-preview:-1"},"og_locale":"pt_BR","og_type":"article","og_title":"Responsible Gaming","og_description":"Tools for safe gambling \u2705 Answers to the most common poker questions","og_url":"https:\/\/pokerplanets6.com\/pt-br\/terms-conditions\/responsible-gaming\/","og_site_name":"PokerPlanets","article_modified_time":"2025-08-19T14:34:22+00:00","twitter_card":"summary_large_image","twitter_misc":{"Est. tempo de leitura":"4 minutos"},"schema":{"@context":"https:\/\/schema.org","@graph":[{"@type":"WebPage","@id":"https:\/\/pokerplanets6.com\/pt-br\/terms-conditions\/responsible-gaming\/","url":"https:\/\/pokerplanets6.com\/pt-br\/terms-conditions\/responsible-gaming\/","name":"Responsible Gaming","isPartOf":{"@id":"https:\/\/pokerplanets6.com\/pt-br\/#website"},"datePublished":"2025-01-28T20:25:27+00:00","dateModified":"2025-08-19T14:34:22+00:00","description":"Tools for safe gambling \u2705 Answers to the most common poker questions","breadcrumb":{"@id":"https:\/\/pokerplanets6.com\/pt-br\/terms-conditions\/responsible-gaming\/#breadcrumb"},"inLanguage":"pt-BR","potentialAction":[{"@type":"ReadAction","target":["https:\/\/pokerplanets6.com\/pt-br\/terms-conditions\/responsible-gaming\/"]}]},{"@type":"BreadcrumbList","@id":"https:\/\/pokerplanets6.com\/pt-br\/terms-conditions\/responsible-gaming\/#breadcrumb","itemListElement":[{"@type":"ListItem","position":1,"name":"Home","item":"https:\/\/pokerplanets6.com\/pt-br\/"},{"@type":"ListItem","position":2,"name":"TERMOS E CONDI\u00c7\u00d5ES GERAIS","item":"https:\/\/pokerplanets6.com\/pt-br\/terms-conditions\/"},{"@type":"ListItem","position":3,"name":"JOGO RESPONS\u00c1VEL"}]},{"@type":"WebSite","@id":"https:\/\/pokerplanets6.com\/pt-br\/#website","url":"https:\/\/pokerplanets6.com\/pt-br\/","name":"PokerPlanets","description":"","potentialAction":[{"@type":"SearchAction","target":{"@type":"EntryPoint","urlTemplate":"https:\/\/pokerplanets6.com\/pt-br\/?s={search_term_string}"},"query-input":{"@type":"PropertyValueSpecification","valueRequired":true,"valueName":"search_term_string"}}],"inLanguage":"pt-BR"}]}},"publishpress_future_action":{"enabled":false,"date":"2026-04-23 23:32:08","action":"change-status","newStatus":"draft","terms":[],"taxonomy":"translation_priority","extraData":[]},"publishpress_future_workflow_manual_trigger":{"enabledWorkflows":[]},"_links":{"self":[{"href":"https:\/\/pokerplanets6.com\/pt-br\/wp-json\/wp\/v2\/pages\/7018","targetHints":{"allow":["GET"]}}],"collection":[{"href":"https:\/\/pokerplanets6.com\/pt-br\/wp-json\/wp\/v2\/pages"}],"about":[{"href":"https:\/\/pokerplanets6.com\/pt-br\/wp-json\/wp\/v2\/types\/page"}],"author":[{"embeddable":true,"href":"https:\/\/pokerplanets6.com\/pt-br\/wp-json\/wp\/v2\/users\/1"}],"replies":[{"embeddable":true,"href":"https:\/\/pokerplanets6.com\/pt-br\/wp-json\/wp\/v2\/comments?post=7018"}],"version-history":[{"count":3,"href":"https:\/\/pokerplanets6.com\/pt-br\/wp-json\/wp\/v2\/pages\/7018\/revisions"}],"predecessor-version":[{"id":7021,"href":"https:\/\/pokerplanets6.com\/pt-br\/wp-json\/wp\/v2\/pages\/7018\/revisions\/7021"}],"up":[{"embeddable":true,"href":"https:\/\/pokerplanets6.com\/pt-br\/wp-json\/wp\/v2\/pages\/7071"}],"wp:attachment":[{"href":"https:\/\/pokerplanets6.com\/pt-br\/wp-json\/wp\/v2\/media?parent=7018"}],"curies":[{"name":"wp","href":"https:\/\/api.w.org\/{rel}","templated":true}]}}