{"id":6938,"date":"2024-12-21T19:16:56","date_gmt":"2024-12-21T16:16:56","guid":{"rendered":"https:\/\/pokerplanets2.com\/pokerplanets6\/?page_id=6938"},"modified":"2025-08-19T07:08:24","modified_gmt":"2025-08-19T04:08:24","slug":"teleport","status":"publish","type":"page","link":"https:\/\/pokerplanets6.com\/pt-br\/poker\/teleport\/","title":{"rendered":"Teleport"},"content":{"rendered":"<div>\r\n<p style=\"text-align: center;\"><span style=\"font-size: 14pt;\"><b>Regras do Teleport: como jogar poker r\u00e1pido<\/b><\/span><\/p>\r\n<p><span style=\"font-size: 10pt;\"><span style=\"font-weight: 400;\">O Teleport \u00e9 um formato de jogo muito mais empolgante por causa da sua din\u00e2mica acelerada. J\u00e1 as regras continuam sendo as cl\u00e1ssicas. Essa combina\u00e7\u00e3o torna o Teleport um dos formatos de poker mais populares da atualidade.<\/span><\/span><\/p>\r\n<p><span style=\"font-size: 10pt;\">A principal regra do poker r\u00e1pido Teleport \u00e9 simples: se o jogador der fold, a pr\u00f3xima m\u00e3o come\u00e7a imediatamente. As m\u00e3os seguem as regras tradicionais do Texas Hold'em ou do Omaha, dependendo da variante escolhida.<\/span><\/p>\r\n<p><span style=\"font-weight: 400; font-size: 10pt;\">No Teleport, os jogadores n\u00e3o enfrentam advers\u00e1rios fixos na mesma mesa, mas sim um pool de jogadores. Isso permite aproveitar a grande vantagem desse formato: dar fold e ser transferido para uma nova mesa automaticamente, antes mesmo de ser sua vez de jogar.<\/span><\/p>\r\n<p><span style=\"font-weight: 400; font-size: 10pt;\">O recurso de fold r\u00e1pido permite jogar muito mais m\u00e3os do que nas mesas de cash convencionais e adaptar a estrat\u00e9gia de m\u00e3os iniciais em tempo real.<\/span><\/p>\r\n<p style=\"text-align: center;\"><span style=\"font-weight: 400; font-size: 10pt;\">Entre agora no PokerPlanets e descubra todas as vantagens do Teleport! Baixe o aplicativo e comece a jogar com toda a emo\u00e7\u00e3o do poker acelerado.<\/span><\/p>\r\n<\/div>\r\n<div style=\"margin: 0 auto; text-align: center;\"><div id=\"detectButton5\" style=\"margin: 0 auto; text-align: center;\"><button class=\"button  button--red\" type=\"button\"><svg class=\"svg\">\r\n              <use xlink:href=\"\/wp-content\/uploads\/sites\/15\/2024\/12\/sprite.svg#lock\"><\/use>\r\n             <\/svg>  BAIXAR O POKERPLANETS <\/button><\/div><\/div>\r\n<div class=\"table-overflow\">\r\n<div class=\"table-dinamic\" data-table-dinamic=\"\">\r\n<div class=\"table-dinamic__title\" style=\"text-align: center;\"><br \/>\r\nTabela de Rake dos Jogos Teleport \u2013 Texas Hold\u2019em<\/div>\r\n<button class=\"table-dinamic__button button--null\" data-table-dinamic-button=\"close\" data-less=\"Fechar Tabela\" data-unless=\"Mostrar mais\"><\/button>\r\n<table cellspacing=\"0\" cellpadding=\"0\">\r\n<tbody>\r\n<tr>\r\n<td colspan=\"3\"><strong>Teleport Texas<\/strong><\/td>\r\n<\/tr>\r\n<tr>\r\n<td><strong>Blinds ($)<\/strong><\/td>\r\n<td>% de rake<\/td>\r\n<td>CAP (limite m\u00e1ximo de rake)<\/td>\r\n<\/tr>\r\n<tr>\r\n<td>0.01-0.02<\/td>\r\n<td>5<\/td>\r\n<td>0.06<\/td>\r\n<\/tr>\r\n<tr>\r\n<td>0.02-0.05<\/td>\r\n<td>5<\/td>\r\n<td>0.15<\/td>\r\n<\/tr>\r\n<tr>\r\n<td>0.05-0.1<\/td>\r\n<td>5<\/td>\r\n<td>0.3<\/td>\r\n<\/tr>\r\n<tr>\r\n<td>0.1-0.25<\/td>\r\n<td>5<\/td>\r\n<td>0.75<\/td>\r\n<\/tr>\r\n<tr>\r\n<td>0.15-0.3<\/td>\r\n<td>5<\/td>\r\n<td>0.9<\/td>\r\n<\/tr>\r\n<tr>\r\n<td>0.25-0.5<\/td>\r\n<td>5<\/td>\r\n<td>1.5<\/td>\r\n<\/tr>\r\n<tr>\r\n<td>0.5-1<\/td>\r\n<td>5<\/td>\r\n<td>3<\/td>\r\n<\/tr>\r\n<tr>\r\n<td>1-2<\/td>\r\n<td>5<\/td>\r\n<td>6<\/td>\r\n<\/tr>\r\n<tr>\r\n<td>2.5-5<\/td>\r\n<td>5<\/td>\r\n<td>7<\/td>\r\n<\/tr>\r\n<tr>\r\n<td>5-10<\/td>\r\n<td>5<\/td>\r\n<td>8<\/td>\r\n<\/tr>\r\n<tr>\r\n<td>10-20<\/td>\r\n<td>5<\/td>\r\n<td>10<\/td>\r\n<\/tr>\r\n<\/tbody>\r\n<\/table>\r\n<\/div>\r\n<\/div>\r\n<p>&nbsp;<\/p>\r\n<div class=\"table-overflow\">\r\n<div class=\"table-dinamic\" data-table-dinamic=\"\">\r\n<div class=\"table-dinamic__title\" style=\"text-align: center;\">Tabela de Rake dos Jogos Teleport \u2013 Omaha<\/div>\r\n<button class=\"table-dinamic__button button--null\" data-table-dinamic-button=\"close\" data-less=\"Fechar Tabela\" data-unless=\"Mostrar mais\"><\/button>\r\n<table cellspacing=\"0\" cellpadding=\"0\">\r\n<tbody>\r\n<tr>\r\n<td colspan=\"3\"><strong>Teleport Omaha<\/strong><\/td>\r\n<\/tr>\r\n<tr>\r\n<td><strong>Blinds ($)<\/strong><\/td>\r\n<td>% de rake<\/td>\r\n<td>CAP (limite m\u00e1ximo de rake)<\/td>\r\n<\/tr>\r\n<tr>\r\n<td>0.01-0.02<\/td>\r\n<td>5<\/td>\r\n<td>0.05<\/td>\r\n<\/tr>\r\n<tr>\r\n<td>0.02-0.05<\/td>\r\n<td>5<\/td>\r\n<td>0.12<\/td>\r\n<\/tr>\r\n<tr>\r\n<td>0.05-0.1<\/td>\r\n<td>5<\/td>\r\n<td>0.25<\/td>\r\n<\/tr>\r\n<tr>\r\n<td>0.1-0.25<\/td>\r\n<td>5<\/td>\r\n<td>0.7<\/td>\r\n<\/tr>\r\n<tr>\r\n<td>0.15-0.3<\/td>\r\n<td>5<\/td>\r\n<td>0.75<\/td>\r\n<\/tr>\r\n<tr>\r\n<td>0.25-0.5<\/td>\r\n<td>5<\/td>\r\n<td>0.8<\/td>\r\n<\/tr>\r\n<tr>\r\n<td>0.5-1<\/td>\r\n<td>5<\/td>\r\n<td>1.7<\/td>\r\n<\/tr>\r\n<tr>\r\n<td>1-2<\/td>\r\n<td>5<\/td>\r\n<td>3.5<\/td>\r\n<\/tr>\r\n<tr>\r\n<td>2.5-5<\/td>\r\n<td>5<\/td>\r\n<td>6<\/td>\r\n<\/tr>\r\n<tr>\r\n<td>5-10<\/td>\r\n<td>5<\/td>\r\n<td>11<\/td>\r\n<\/tr>\r\n<tr>\r\n<td>10-20<\/td>\r\n<td>5<\/td>\r\n<td>16<\/td>\r\n<\/tr>\r\n<\/tbody>\r\n<\/table>\r\n<\/div>\r\n<\/div>\r\n<p>&nbsp;<\/p>","protected":false},"excerpt":{"rendered":"<p>Regras do Teleport: como jogar poker r\u00e1pido O Teleport \u00e9 um formato de jogo muito mais empolgante por causa da sua din\u00e2mica acelerada. J\u00e1 as regras continuam sendo as cl\u00e1ssicas. Essa combina\u00e7\u00e3o torna o Teleport um dos formatos de poker mais populares da atualidade. A principal regra do poker r\u00e1pido Teleport \u00e9 simples: se o [&hellip;]<\/p>\n","protected":false},"author":1,"featured_media":0,"parent":7275,"menu_order":0,"comment_status":"closed","ping_status":"closed","template":"page-faq-nosidebar.php","meta":{"_acf_changed":false,"inline_featured_image":false,"footnotes":""},"class_list":["post-6938","page","type-page","status-publish","hentry"],"acf":[],"yoast_head":"<!-- This site is optimized with the Yoast SEO plugin v24.4 - https:\/\/yoast.com\/wordpress\/plugins\/seo\/ -->\n<title>Teleport - PokerPlanets<\/title>\n<meta name=\"robots\" content=\"index, follow, max-snippet:-1, max-image-preview:large, max-video-preview:-1\" \/>\n<meta property=\"og:locale\" content=\"pt_BR\" \/>\n<meta property=\"og:type\" content=\"article\" \/>\n<meta property=\"og:title\" content=\"Teleport - PokerPlanets\" \/>\n<meta property=\"og:description\" content=\"Regras do Teleport: como jogar poker r\u00e1pido O Teleport \u00e9 um formato de jogo muito mais empolgante por causa da sua din\u00e2mica acelerada. J\u00e1 as regras continuam sendo as cl\u00e1ssicas. Essa combina\u00e7\u00e3o torna o Teleport um dos formatos de poker mais populares da atualidade. A principal regra do poker r\u00e1pido Teleport \u00e9 simples: se o [&hellip;]\" \/>\n<meta property=\"og:url\" content=\"https:\/\/pokerplanets6.com\/pt-br\/poker\/teleport\/\" \/>\n<meta property=\"og:site_name\" content=\"PokerPlanets\" \/>\n<meta property=\"article:modified_time\" content=\"2025-08-19T04:08:24+00:00\" \/>\n<meta name=\"twitter:card\" content=\"summary_large_image\" \/>\n<meta name=\"twitter:label1\" content=\"Est. tempo de leitura\" \/>\n\t<meta name=\"twitter:data1\" content=\"2 minutos\" \/>\n<script type=\"application\/ld+json\" class=\"yoast-schema-graph\">{\"@context\":\"https:\/\/schema.org\",\"@graph\":[{\"@type\":\"WebPage\",\"@id\":\"https:\/\/pokerplanets6.com\/pt-br\/poker\/teleport\/\",\"url\":\"https:\/\/pokerplanets6.com\/pt-br\/poker\/teleport\/\",\"name\":\"Teleport - PokerPlanets\",\"isPartOf\":{\"@id\":\"https:\/\/pokerplanets6.com\/pt-br\/#website\"},\"datePublished\":\"2024-12-21T16:16:56+00:00\",\"dateModified\":\"2025-08-19T04:08:24+00:00\",\"breadcrumb\":{\"@id\":\"https:\/\/pokerplanets6.com\/pt-br\/poker\/teleport\/#breadcrumb\"},\"inLanguage\":\"pt-BR\",\"potentialAction\":[{\"@type\":\"ReadAction\",\"target\":[\"https:\/\/pokerplanets6.com\/pt-br\/poker\/teleport\/\"]}]},{\"@type\":\"BreadcrumbList\",\"@id\":\"https:\/\/pokerplanets6.com\/pt-br\/poker\/teleport\/#breadcrumb\",\"itemListElement\":[{\"@type\":\"ListItem\",\"position\":1,\"name\":\"Home\",\"item\":\"https:\/\/pokerplanets6.com\/pt-br\/\"},{\"@type\":\"ListItem\",\"position\":2,\"name\":\"Poker\",\"item\":\"https:\/\/pokerplanets6.com\/pt-br\/poker\/\"},{\"@type\":\"ListItem\",\"position\":3,\"name\":\"Teleport\"}]},{\"@type\":\"WebSite\",\"@id\":\"https:\/\/pokerplanets6.com\/pt-br\/#website\",\"url\":\"https:\/\/pokerplanets6.com\/pt-br\/\",\"name\":\"PokerPlanets\",\"description\":\"\",\"potentialAction\":[{\"@type\":\"SearchAction\",\"target\":{\"@type\":\"EntryPoint\",\"urlTemplate\":\"https:\/\/pokerplanets6.com\/pt-br\/?s={search_term_string}\"},\"query-input\":{\"@type\":\"PropertyValueSpecification\",\"valueRequired\":true,\"valueName\":\"search_term_string\"}}],\"inLanguage\":\"pt-BR\"}]}<\/script>\n<!-- \/ Yoast SEO plugin. -->","yoast_head_json":{"title":"Teleport - PokerPlanets","robots":{"index":"index","follow":"follow","max-snippet":"max-snippet:-1","max-image-preview":"max-image-preview:large","max-video-preview":"max-video-preview:-1"},"og_locale":"pt_BR","og_type":"article","og_title":"Teleport - PokerPlanets","og_description":"Regras do Teleport: como jogar poker r\u00e1pido O Teleport \u00e9 um formato de jogo muito mais empolgante por causa da sua din\u00e2mica acelerada. J\u00e1 as regras continuam sendo as cl\u00e1ssicas. Essa combina\u00e7\u00e3o torna o Teleport um dos formatos de poker mais populares da atualidade. A principal regra do poker r\u00e1pido Teleport \u00e9 simples: se o [&hellip;]","og_url":"https:\/\/pokerplanets6.com\/pt-br\/poker\/teleport\/","og_site_name":"PokerPlanets","article_modified_time":"2025-08-19T04:08:24+00:00","twitter_card":"summary_large_image","twitter_misc":{"Est. tempo de leitura":"2 minutos"},"schema":{"@context":"https:\/\/schema.org","@graph":[{"@type":"WebPage","@id":"https:\/\/pokerplanets6.com\/pt-br\/poker\/teleport\/","url":"https:\/\/pokerplanets6.com\/pt-br\/poker\/teleport\/","name":"Teleport - PokerPlanets","isPartOf":{"@id":"https:\/\/pokerplanets6.com\/pt-br\/#website"},"datePublished":"2024-12-21T16:16:56+00:00","dateModified":"2025-08-19T04:08:24+00:00","breadcrumb":{"@id":"https:\/\/pokerplanets6.com\/pt-br\/poker\/teleport\/#breadcrumb"},"inLanguage":"pt-BR","potentialAction":[{"@type":"ReadAction","target":["https:\/\/pokerplanets6.com\/pt-br\/poker\/teleport\/"]}]},{"@type":"BreadcrumbList","@id":"https:\/\/pokerplanets6.com\/pt-br\/poker\/teleport\/#breadcrumb","itemListElement":[{"@type":"ListItem","position":1,"name":"Home","item":"https:\/\/pokerplanets6.com\/pt-br\/"},{"@type":"ListItem","position":2,"name":"Poker","item":"https:\/\/pokerplanets6.com\/pt-br\/poker\/"},{"@type":"ListItem","position":3,"name":"Teleport"}]},{"@type":"WebSite","@id":"https:\/\/pokerplanets6.com\/pt-br\/#website","url":"https:\/\/pokerplanets6.com\/pt-br\/","name":"PokerPlanets","description":"","potentialAction":[{"@type":"SearchAction","target":{"@type":"EntryPoint","urlTemplate":"https:\/\/pokerplanets6.com\/pt-br\/?s={search_term_string}"},"query-input":{"@type":"PropertyValueSpecification","valueRequired":true,"valueName":"search_term_string"}}],"inLanguage":"pt-BR"}]}},"publishpress_future_action":{"enabled":false,"date":"2026-04-23 23:21:49","action":"change-status","newStatus":"draft","terms":[],"taxonomy":"translation_priority","extraData":[]},"publishpress_future_workflow_manual_trigger":{"enabledWorkflows":[]},"_links":{"self":[{"href":"https:\/\/pokerplanets6.com\/pt-br\/wp-json\/wp\/v2\/pages\/6938","targetHints":{"allow":["GET"]}}],"collection":[{"href":"https:\/\/pokerplanets6.com\/pt-br\/wp-json\/wp\/v2\/pages"}],"about":[{"href":"https:\/\/pokerplanets6.com\/pt-br\/wp-json\/wp\/v2\/types\/page"}],"author":[{"embeddable":true,"href":"https:\/\/pokerplanets6.com\/pt-br\/wp-json\/wp\/v2\/users\/1"}],"replies":[{"embeddable":true,"href":"https:\/\/pokerplanets6.com\/pt-br\/wp-json\/wp\/v2\/comments?post=6938"}],"version-history":[{"count":5,"href":"https:\/\/pokerplanets6.com\/pt-br\/wp-json\/wp\/v2\/pages\/6938\/revisions"}],"predecessor-version":[{"id":6946,"href":"https:\/\/pokerplanets6.com\/pt-br\/wp-json\/wp\/v2\/pages\/6938\/revisions\/6946"}],"up":[{"embeddable":true,"href":"https:\/\/pokerplanets6.com\/pt-br\/wp-json\/wp\/v2\/pages\/7275"}],"wp:attachment":[{"href":"https:\/\/pokerplanets6.com\/pt-br\/wp-json\/wp\/v2\/media?parent=6938"}],"curies":[{"name":"wp","href":"https:\/\/api.w.org\/{rel}","templated":true}]}}