{"id":6901,"date":"2024-12-21T19:13:32","date_gmt":"2024-12-21T16:13:32","guid":{"rendered":"https:\/\/pokerplanets2.com\/pokerplanets6\/tournaments\/"},"modified":"2025-08-22T08:40:36","modified_gmt":"2025-08-22T05:40:36","slug":"torneios","status":"publish","type":"page","link":"https:\/\/pokerplanets6.com\/pt-br\/poker\/torneios\/","title":{"rendered":"Tournaments"},"content":{"rendered":"<h2 style=\"text-align: center;\"><span style=\"font-size: 14pt;\"><strong>Quais tipos de torneios te aguardam no PokerPlanets?<\/strong><\/span><\/h2>\r\n<p class=\"\" data-start=\"0\" data-end=\"181\"><span style=\"font-size: 10pt;\">O PokerPlanets oferece torneios para todos os gostos \u2014 desde os formatos cl\u00e1ssicos at\u00e9 emocionantes batalhas knockout e os eletrizantes eventos Mystery Bounty. Escolha o seu caminho e dispute grandes pr\u00eamios.<\/span><\/p>\r\n<ul>\r\n\t<li data-start=\"183\" data-end=\"719\"><span style=\"font-size: 10pt;\"><strong data-start=\"183\" data-end=\"206\">Torneios Cl\u00e1ssicos<\/strong> \u2014 a base do poker de torneio! Esse formato consagrado pelo tempo \u00e9 perfeito para quem valoriza estrat\u00e9gia e paci\u00eancia. Aqui, o importante \u00e9 manter seu stack, escolher os momentos certos para jogar e avan\u00e7ar com confian\u00e7a rumo \u00e0 final. Diferente de outros formatos, o sucesso n\u00e3o \u00e9 medido pela quantidade de advers\u00e1rios eliminados, mas sim pela sua capacidade de avan\u00e7ar at\u00e9 as fases premiadas. E quanto mais jogadores, maior o prize pool. Os detalhes dos pr\u00eamios e da estrutura do torneio est\u00e3o dispon\u00edveis no lobby.<\/span><\/li>\r\n\t<li data-start=\"721\" data-end=\"1090\"><span style=\"font-size: 10pt;\"><strong data-start=\"721\" data-end=\"746\">Torneios Multi-Day<\/strong> \u2014 seu caminho para grandes vit\u00f3rias! Se voc\u00ea prefere torneios com estruturas mais profundas, esse \u00e9 o formato ideal. Voc\u00ea pode escolher um dia inicial que seja conveniente, acumular fichas aos poucos e avan\u00e7ar para as fases finais. Ao chegar no Dia 2, o pr\u00eamio j\u00e1 est\u00e1 garantido \u2014 mas \u00e9 na final que os maiores valores s\u00e3o decididos.<\/span><\/li>\r\n\t<li data-start=\"1092\" data-end=\"1491\"><span style=\"font-size: 10pt;\"><strong data-start=\"1092\" data-end=\"1128\">Torneios Progressive Knockout<\/strong> \u2014 cada vit\u00f3ria vale dinheiro! Esse formato \u00e9 ideal para quem gosta de a\u00e7\u00e3o r\u00e1pida, pois as elimina\u00e7\u00f5es geram recompensas imediatas. A cada advers\u00e1rio eliminado, voc\u00ea recebe um pagamento instant\u00e2neo, e o valor da sua pr\u00f3pria elimina\u00e7\u00e3o aumenta. Quanto mais pr\u00f3ximo da final, maiores os valores em jogo. Na mesa final, um knockout pode valer mais do que o pr\u00eamio padr\u00e3o.<\/span><\/li>\r\n<\/ul>\r\n<p style=\"padding-left: 40px;\"><span style=\"font-size: 10pt;\"><strong>Como funciona:<\/strong> O valor inicial do bounty em um torneio \u00e9 de $20, ou valor equivalente em Reais. Quando voc\u00ea elimina um advers\u00e1rio, metade desse valor ($10) \u00e9 creditado imediatamente na sua conta, e a outra metade \u00e9 adicionada ao valor do seu pr\u00f3prio bounty. Agora, se algu\u00e9m te eliminar, essa pessoa ganhar\u00e1 $30 \u2014 e assim por diante.<\/span><\/p>\r\n<ul>\r\n\t<li data-start=\"1790\" data-end=\"2264\"><span style=\"font-size: 10pt;\"><strong data-start=\"1790\" data-end=\"1808\">Mystery Bounty<\/strong> \u2014 elimine oponentes e descubra recompensas secretas! Se voc\u00ea gosta de surpresa, esse \u00e9 o seu torneio. Diferente dos knockouts tradicionais, ningu\u00e9m sabe qual ser\u00e1 o valor do bounty por eliminar um advers\u00e1rio. Alguns pr\u00eamios podem ser pequenos, enquanto outros s\u00e3o verdadeiros jackpots. Os sorteios de bounty s\u00f3 come\u00e7am ap\u00f3s determinada fase do torneio, adicionando uma camada extra de suspense. Os maiores pr\u00eamios v\u00e3o para quem est\u00e1 disposto a arriscar e mostrar coragem.<\/span><\/li>\r\n\t<li data-start=\"2266\" data-end=\"2791\"><span style=\"font-size: 10pt;\"><strong data-start=\"2266\" data-end=\"2280\">Sat\u00e9lites<\/strong> \u2014 um ingresso para grandes torneios com investimento m\u00ednimo! Quer jogar um torneio prestigiado, mas n\u00e3o quer pagar o buy-in alto? Os sat\u00e9lites s\u00e3o a sua chance. Classifique-se para eventos top com uma pequena entrada e enfrente os melhores\r\njogadores. O PokerPlanets oferece sat\u00e9lites cl\u00e1ssicos e knockout. Nos cl\u00e1ssicos, os vencedores ganham ingressos para torneios de buy-in maior; j\u00e1 nos knockouts, voc\u00ea pode conquistar seu ticket e ainda ganhar dinheiro eliminando oponentes.<\/span><\/li>\r\n\t<li data-start=\"2793\" data-end=\"3238\"><span style=\"font-size: 10pt;\"><strong data-start=\"2793\" data-end=\"2806\">Freerolls<\/strong> \u2014 a chance de ganhar sem investir nada! Se voc\u00ea quer testar suas habilidades sem arriscar dinheiro, os freerolls s\u00e3o o ponto de partida ideal. Esses torneios n\u00e3o t\u00eam taxa de entrada, mas ainda assim \u00e9 poss\u00edvel ganhar dinheiro real, ingressos para grandes torneios e b\u00f4nus valiosos. \u00c9 uma excelente op\u00e7\u00e3o tanto para iniciantes quanto para jogadores experientes que querem aumentar o bankroll sem nenhum custo adicional.<\/span><\/li>\r\n<\/ul>\r\n<p class=\"\" style=\"text-align: center;\" data-start=\"3240\" data-end=\"3322\"><span style=\"font-size: 10pt;\">Escolha o formato que mais combina com voc\u00ea, sente-se \u00e0 mesa e lute por pr\u00eamios de\r\nverdade.<\/span><\/p>\r\n<p class=\"\" style=\"text-align: center;\" data-start=\"3240\" data-end=\"3322\"><span style=\"font-size: 10pt;\">Baixe o aplicativo PokerPlanets e comece agora sua jornada rumo \u00e0 vit\u00f3ria!<\/span><\/p>\r\n<p style=\"text-align: center;\"><span style=\"font-size: 10pt;\"><br \/>\r\n<br \/>\r\n<\/span><div id=\"detectButton5\" style=\"margin: 0 auto; text-align: center;\"><button class=\"button  button--red\" type=\"button\"><svg class=\"svg\"><use xlink:href=\"\/wp-content\/uploads\/sites\/15\/2024\/12\/sprite.svg#lock\"><\/use> <\/svg>  DOWNLOAD POKERPLANETS <\/button><\/div>\r\n<p>&nbsp;<\/p>","protected":false},"excerpt":{"rendered":"<p>Quais tipos de torneios te aguardam no PokerPlanets? O PokerPlanets oferece torneios para todos os gostos \u2014 desde os formatos cl\u00e1ssicos at\u00e9 emocionantes batalhas knockout e os eletrizantes eventos Mystery Bounty. Escolha o seu caminho e dispute grandes pr\u00eamios. Torneios Cl\u00e1ssicos \u2014 a base do poker de torneio! Esse formato consagrado pelo tempo \u00e9 perfeito [&hellip;]<\/p>\n","protected":false},"author":1,"featured_media":0,"parent":7275,"menu_order":0,"comment_status":"closed","ping_status":"closed","template":"page-faq-nosidebar.php","meta":{"_acf_changed":false,"inline_featured_image":false,"footnotes":""},"class_list":["post-6901","page","type-page","status-publish","hentry"],"acf":[],"yoast_head":"<!-- This site is optimized with the Yoast SEO plugin v24.4 - https:\/\/yoast.com\/wordpress\/plugins\/seo\/ -->\n<title>Online Poker Tournaments \u2014 Join Poker Planets<\/title>\n<meta name=\"description\" content=\"Join multi-format tourneys \ud83d\udd25 Join top poker tournaments with huge prize pools on PokerPlanets\" \/>\n<meta name=\"robots\" content=\"index, follow, max-snippet:-1, max-image-preview:large, max-video-preview:-1\" \/>\n<meta property=\"og:locale\" content=\"pt_BR\" \/>\n<meta property=\"og:type\" content=\"article\" \/>\n<meta property=\"og:title\" content=\"PokerPlanets Tournaments \u2013 Play Your Style\" \/>\n<meta property=\"og:description\" content=\"From classics to Mystery Bounty and freerolls \u2014 choose your format and compete for serious prizes at PokerPlanets\" \/>\n<meta property=\"og:url\" content=\"https:\/\/pokerplanets6.com\/pt-br\/poker\/torneios\/\" \/>\n<meta property=\"og:site_name\" content=\"PokerPlanets\" \/>\n<meta property=\"article:modified_time\" content=\"2025-08-22T05:40:36+00:00\" \/>\n<meta name=\"twitter:card\" content=\"summary_large_image\" \/>\n<meta name=\"twitter:label1\" content=\"Est. tempo de leitura\" \/>\n\t<meta name=\"twitter:data1\" content=\"3 minutos\" \/>\n<script type=\"application\/ld+json\" class=\"yoast-schema-graph\">{\"@context\":\"https:\/\/schema.org\",\"@graph\":[{\"@type\":\"WebPage\",\"@id\":\"https:\/\/pokerplanets6.com\/pt-br\/poker\/torneios\/\",\"url\":\"https:\/\/pokerplanets6.com\/pt-br\/poker\/torneios\/\",\"name\":\"Online Poker Tournaments \u2014 Join Poker Planets\",\"isPartOf\":{\"@id\":\"https:\/\/pokerplanets6.com\/pt-br\/#website\"},\"datePublished\":\"2024-12-21T16:13:32+00:00\",\"dateModified\":\"2025-08-22T05:40:36+00:00\",\"description\":\"Join multi-format tourneys \ud83d\udd25 Join top poker tournaments with huge prize pools on PokerPlanets\",\"breadcrumb\":{\"@id\":\"https:\/\/pokerplanets6.com\/pt-br\/poker\/torneios\/#breadcrumb\"},\"inLanguage\":\"pt-BR\",\"potentialAction\":[{\"@type\":\"ReadAction\",\"target\":[\"https:\/\/pokerplanets6.com\/pt-br\/poker\/torneios\/\"]}]},{\"@type\":\"BreadcrumbList\",\"@id\":\"https:\/\/pokerplanets6.com\/pt-br\/poker\/torneios\/#breadcrumb\",\"itemListElement\":[{\"@type\":\"ListItem\",\"position\":1,\"name\":\"Home\",\"item\":\"https:\/\/pokerplanets6.com\/pt-br\/\"},{\"@type\":\"ListItem\",\"position\":2,\"name\":\"Poker\",\"item\":\"https:\/\/pokerplanets6.com\/pt-br\/poker\/\"},{\"@type\":\"ListItem\",\"position\":3,\"name\":\"Tournaments\"}]},{\"@type\":\"WebSite\",\"@id\":\"https:\/\/pokerplanets6.com\/pt-br\/#website\",\"url\":\"https:\/\/pokerplanets6.com\/pt-br\/\",\"name\":\"PokerPlanets\",\"description\":\"\",\"potentialAction\":[{\"@type\":\"SearchAction\",\"target\":{\"@type\":\"EntryPoint\",\"urlTemplate\":\"https:\/\/pokerplanets6.com\/pt-br\/?s={search_term_string}\"},\"query-input\":{\"@type\":\"PropertyValueSpecification\",\"valueRequired\":true,\"valueName\":\"search_term_string\"}}],\"inLanguage\":\"pt-BR\"}]}<\/script>\n<!-- \/ Yoast SEO plugin. -->","yoast_head_json":{"title":"Online Poker Tournaments \u2014 Join Poker Planets","description":"Join multi-format tourneys \ud83d\udd25 Join top poker tournaments with huge prize pools on PokerPlanets","robots":{"index":"index","follow":"follow","max-snippet":"max-snippet:-1","max-image-preview":"max-image-preview:large","max-video-preview":"max-video-preview:-1"},"og_locale":"pt_BR","og_type":"article","og_title":"PokerPlanets Tournaments \u2013 Play Your Style","og_description":"From classics to Mystery Bounty and freerolls \u2014 choose your format and compete for serious prizes at PokerPlanets","og_url":"https:\/\/pokerplanets6.com\/pt-br\/poker\/torneios\/","og_site_name":"PokerPlanets","article_modified_time":"2025-08-22T05:40:36+00:00","twitter_card":"summary_large_image","twitter_misc":{"Est. tempo de leitura":"3 minutos"},"schema":{"@context":"https:\/\/schema.org","@graph":[{"@type":"WebPage","@id":"https:\/\/pokerplanets6.com\/pt-br\/poker\/torneios\/","url":"https:\/\/pokerplanets6.com\/pt-br\/poker\/torneios\/","name":"Online Poker Tournaments \u2014 Join Poker Planets","isPartOf":{"@id":"https:\/\/pokerplanets6.com\/pt-br\/#website"},"datePublished":"2024-12-21T16:13:32+00:00","dateModified":"2025-08-22T05:40:36+00:00","description":"Join multi-format tourneys \ud83d\udd25 Join top poker tournaments with huge prize pools on PokerPlanets","breadcrumb":{"@id":"https:\/\/pokerplanets6.com\/pt-br\/poker\/torneios\/#breadcrumb"},"inLanguage":"pt-BR","potentialAction":[{"@type":"ReadAction","target":["https:\/\/pokerplanets6.com\/pt-br\/poker\/torneios\/"]}]},{"@type":"BreadcrumbList","@id":"https:\/\/pokerplanets6.com\/pt-br\/poker\/torneios\/#breadcrumb","itemListElement":[{"@type":"ListItem","position":1,"name":"Home","item":"https:\/\/pokerplanets6.com\/pt-br\/"},{"@type":"ListItem","position":2,"name":"Poker","item":"https:\/\/pokerplanets6.com\/pt-br\/poker\/"},{"@type":"ListItem","position":3,"name":"Tournaments"}]},{"@type":"WebSite","@id":"https:\/\/pokerplanets6.com\/pt-br\/#website","url":"https:\/\/pokerplanets6.com\/pt-br\/","name":"PokerPlanets","description":"","potentialAction":[{"@type":"SearchAction","target":{"@type":"EntryPoint","urlTemplate":"https:\/\/pokerplanets6.com\/pt-br\/?s={search_term_string}"},"query-input":{"@type":"PropertyValueSpecification","valueRequired":true,"valueName":"search_term_string"}}],"inLanguage":"pt-BR"}]}},"publishpress_future_action":{"enabled":false,"date":"2026-04-23 23:20:23","action":"change-status","newStatus":"draft","terms":[],"taxonomy":"translation_priority","extraData":[]},"publishpress_future_workflow_manual_trigger":{"enabledWorkflows":[]},"_links":{"self":[{"href":"https:\/\/pokerplanets6.com\/pt-br\/wp-json\/wp\/v2\/pages\/6901","targetHints":{"allow":["GET"]}}],"collection":[{"href":"https:\/\/pokerplanets6.com\/pt-br\/wp-json\/wp\/v2\/pages"}],"about":[{"href":"https:\/\/pokerplanets6.com\/pt-br\/wp-json\/wp\/v2\/types\/page"}],"author":[{"embeddable":true,"href":"https:\/\/pokerplanets6.com\/pt-br\/wp-json\/wp\/v2\/users\/1"}],"replies":[{"embeddable":true,"href":"https:\/\/pokerplanets6.com\/pt-br\/wp-json\/wp\/v2\/comments?post=6901"}],"version-history":[{"count":3,"href":"https:\/\/pokerplanets6.com\/pt-br\/wp-json\/wp\/v2\/pages\/6901\/revisions"}],"predecessor-version":[{"id":6907,"href":"https:\/\/pokerplanets6.com\/pt-br\/wp-json\/wp\/v2\/pages\/6901\/revisions\/6907"}],"up":[{"embeddable":true,"href":"https:\/\/pokerplanets6.com\/pt-br\/wp-json\/wp\/v2\/pages\/7275"}],"wp:attachment":[{"href":"https:\/\/pokerplanets6.com\/pt-br\/wp-json\/wp\/v2\/media?parent=6901"}],"curies":[{"name":"wp","href":"https:\/\/api.w.org\/{rel}","templated":true}]}}