{"id":6704,"date":"2024-12-11T12:51:06","date_gmt":"2024-12-11T09:51:06","guid":{"rendered":"https:\/\/pokerplanets2.com\/pokerplanets6\/?page_id=6704"},"modified":"2026-01-08T23:15:17","modified_gmt":"2026-01-08T20:15:17","slug":"glavnaya","status":"publish","type":"page","link":"https:\/\/pokerplanets6.com\/pt-br\/","title":{"rendered":"In\u00edcio"},"content":{"rendered":"","protected":false},"excerpt":{"rendered":"","protected":false},"author":1,"featured_media":0,"parent":0,"menu_order":0,"comment_status":"closed","ping_status":"closed","template":"page-home.php","meta":{"_acf_changed":false,"inline_featured_image":false,"footnotes":""},"class_list":["post-6704","page","type-page","status-publish","hentry"],"acf":[],"yoast_head":"<!-- This site is optimized with the Yoast SEO plugin v24.4 - https:\/\/yoast.com\/wordpress\/plugins\/seo\/ -->\n<title>PokerPlanets \u2014 An\u00e1lise do Site de Poker e Condi\u00e7\u00f5es de Jogo<\/title>\n<meta name=\"description\" content=\"Uma an\u00e1lise detalhada da sala de poker PokerPlanets: funcionalidades, b\u00f4nus, m\u00e9todos de dep\u00f3sito e saque. Descubra os benef\u00edcios de jogar no site oficial.\" \/>\n<meta name=\"robots\" content=\"index, follow, max-snippet:-1, max-image-preview:large, max-video-preview:-1\" \/>\n<meta property=\"og:locale\" content=\"pt_BR\" \/>\n<meta property=\"og:type\" content=\"article\" \/>\n<meta property=\"og:title\" content=\"PokerPlanets \u2014 \u0432\u0435\u0441\u044c \u043f\u043e\u043a\u0435\u0440 \u0432 \u043e\u0434\u043d\u043e\u043c \u043c\u0435\u0441\u0442\u0435\" \/>\n<meta property=\"og:description\" content=\"\u0422\u0443\u0440\u043d\u0438\u0440\u044b, \u043a\u044d\u0448-\u0438\u0433\u0440\u044b, \u0440\u0435\u0439\u043a\u0431\u0435\u043a \u0434\u043e 40\u202f%, \u0441\u043f\u0438\u043d\u044b \u0434\u043e $120 000, \u0431\u044b\u0441\u0442\u0440\u044b\u0439 \u043f\u043e\u043a\u0435\u0440 \u0438 \u0449\u0435\u0434\u0440\u044b\u0435 \u0431\u043e\u043d\u0443\u0441\u044b \u0434\u043b\u044f \u043d\u043e\u0432\u044b\u0445 \u0438\u0433\u0440\u043e\u043a\u043e\u0432\" \/>\n<meta property=\"og:url\" content=\"https:\/\/pokerplanets6.com\/pt-br\/\" \/>\n<meta property=\"og:site_name\" content=\"PokerPlanets\" \/>\n<meta property=\"article:modified_time\" content=\"2026-01-08T20:15:17+00:00\" \/>\n<meta name=\"twitter:card\" content=\"summary_large_image\" \/>\n<script type=\"application\/ld+json\" class=\"yoast-schema-graph\">{\"@context\":\"https:\/\/schema.org\",\"@graph\":[{\"@type\":\"WebPage\",\"@id\":\"https:\/\/pokerplanets6.com\/pt-br\/\",\"url\":\"https:\/\/pokerplanets6.com\/pt-br\/\",\"name\":\"PokerPlanets \u2014 An\u00e1lise do Site de Poker e Condi\u00e7\u00f5es de Jogo\",\"isPartOf\":{\"@id\":\"https:\/\/pokerplanets6.com\/pt-br\/#website\"},\"datePublished\":\"2024-12-11T09:51:06+00:00\",\"dateModified\":\"2026-01-08T20:15:17+00:00\",\"description\":\"Uma an\u00e1lise detalhada da sala de poker PokerPlanets: funcionalidades, b\u00f4nus, m\u00e9todos de dep\u00f3sito e saque. Descubra os benef\u00edcios de jogar no site oficial.\",\"breadcrumb\":{\"@id\":\"https:\/\/pokerplanets6.com\/pt-br\/#breadcrumb\"},\"inLanguage\":\"pt-BR\",\"potentialAction\":[{\"@type\":\"ReadAction\",\"target\":[\"https:\/\/pokerplanets6.com\/pt-br\/\"]}]},{\"@type\":\"BreadcrumbList\",\"@id\":\"https:\/\/pokerplanets6.com\/pt-br\/#breadcrumb\",\"itemListElement\":[{\"@type\":\"ListItem\",\"position\":1,\"name\":\"Home\",\"item\":\"https:\/\/pokerplanets6.com\/pt-br\/\"},{\"@type\":\"ListItem\",\"position\":2,\"name\":\"In\u00edcio\"}]},{\"@type\":\"WebSite\",\"@id\":\"https:\/\/pokerplanets6.com\/pt-br\/#website\",\"url\":\"https:\/\/pokerplanets6.com\/pt-br\/\",\"name\":\"PokerPlanets\",\"description\":\"\",\"potentialAction\":[{\"@type\":\"SearchAction\",\"target\":{\"@type\":\"EntryPoint\",\"urlTemplate\":\"https:\/\/pokerplanets6.com\/pt-br\/?s={search_term_string}\"},\"query-input\":{\"@type\":\"PropertyValueSpecification\",\"valueRequired\":true,\"valueName\":\"search_term_string\"}}],\"inLanguage\":\"pt-BR\"}]}<\/script>\n<!-- \/ Yoast SEO plugin. -->","yoast_head_json":{"title":"PokerPlanets \u2014 An\u00e1lise do Site de Poker e Condi\u00e7\u00f5es de Jogo","description":"Uma an\u00e1lise detalhada da sala de poker PokerPlanets: funcionalidades, b\u00f4nus, m\u00e9todos de dep\u00f3sito e saque. Descubra os benef\u00edcios de jogar no site oficial.","robots":{"index":"index","follow":"follow","max-snippet":"max-snippet:-1","max-image-preview":"max-image-preview:large","max-video-preview":"max-video-preview:-1"},"og_locale":"pt_BR","og_type":"article","og_title":"PokerPlanets \u2014 \u0432\u0435\u0441\u044c \u043f\u043e\u043a\u0435\u0440 \u0432 \u043e\u0434\u043d\u043e\u043c \u043c\u0435\u0441\u0442\u0435","og_description":"\u0422\u0443\u0440\u043d\u0438\u0440\u044b, \u043a\u044d\u0448-\u0438\u0433\u0440\u044b, \u0440\u0435\u0439\u043a\u0431\u0435\u043a \u0434\u043e 40\u202f%, \u0441\u043f\u0438\u043d\u044b \u0434\u043e $120 000, \u0431\u044b\u0441\u0442\u0440\u044b\u0439 \u043f\u043e\u043a\u0435\u0440 \u0438 \u0449\u0435\u0434\u0440\u044b\u0435 \u0431\u043e\u043d\u0443\u0441\u044b \u0434\u043b\u044f \u043d\u043e\u0432\u044b\u0445 \u0438\u0433\u0440\u043e\u043a\u043e\u0432","og_url":"https:\/\/pokerplanets6.com\/pt-br\/","og_site_name":"PokerPlanets","article_modified_time":"2026-01-08T20:15:17+00:00","twitter_card":"summary_large_image","schema":{"@context":"https:\/\/schema.org","@graph":[{"@type":"WebPage","@id":"https:\/\/pokerplanets6.com\/pt-br\/","url":"https:\/\/pokerplanets6.com\/pt-br\/","name":"PokerPlanets \u2014 An\u00e1lise do Site de Poker e Condi\u00e7\u00f5es de Jogo","isPartOf":{"@id":"https:\/\/pokerplanets6.com\/pt-br\/#website"},"datePublished":"2024-12-11T09:51:06+00:00","dateModified":"2026-01-08T20:15:17+00:00","description":"Uma an\u00e1lise detalhada da sala de poker PokerPlanets: funcionalidades, b\u00f4nus, m\u00e9todos de dep\u00f3sito e saque. Descubra os benef\u00edcios de jogar no site oficial.","breadcrumb":{"@id":"https:\/\/pokerplanets6.com\/pt-br\/#breadcrumb"},"inLanguage":"pt-BR","potentialAction":[{"@type":"ReadAction","target":["https:\/\/pokerplanets6.com\/pt-br\/"]}]},{"@type":"BreadcrumbList","@id":"https:\/\/pokerplanets6.com\/pt-br\/#breadcrumb","itemListElement":[{"@type":"ListItem","position":1,"name":"Home","item":"https:\/\/pokerplanets6.com\/pt-br\/"},{"@type":"ListItem","position":2,"name":"In\u00edcio"}]},{"@type":"WebSite","@id":"https:\/\/pokerplanets6.com\/pt-br\/#website","url":"https:\/\/pokerplanets6.com\/pt-br\/","name":"PokerPlanets","description":"","potentialAction":[{"@type":"SearchAction","target":{"@type":"EntryPoint","urlTemplate":"https:\/\/pokerplanets6.com\/pt-br\/?s={search_term_string}"},"query-input":{"@type":"PropertyValueSpecification","valueRequired":true,"valueName":"search_term_string"}}],"inLanguage":"pt-BR"}]}},"publishpress_future_action":{"enabled":false,"date":"2026-04-23 22:07:32","action":"change-status","newStatus":"draft","terms":[],"taxonomy":"translation_priority","extraData":[]},"publishpress_future_workflow_manual_trigger":{"enabledWorkflows":[]},"_links":{"self":[{"href":"https:\/\/pokerplanets6.com\/pt-br\/wp-json\/wp\/v2\/pages\/6704","targetHints":{"allow":["GET"]}}],"collection":[{"href":"https:\/\/pokerplanets6.com\/pt-br\/wp-json\/wp\/v2\/pages"}],"about":[{"href":"https:\/\/pokerplanets6.com\/pt-br\/wp-json\/wp\/v2\/types\/page"}],"author":[{"embeddable":true,"href":"https:\/\/pokerplanets6.com\/pt-br\/wp-json\/wp\/v2\/users\/1"}],"replies":[{"embeddable":true,"href":"https:\/\/pokerplanets6.com\/pt-br\/wp-json\/wp\/v2\/comments?post=6704"}],"version-history":[{"count":45,"href":"https:\/\/pokerplanets6.com\/pt-br\/wp-json\/wp\/v2\/pages\/6704\/revisions"}],"predecessor-version":[{"id":10260,"href":"https:\/\/pokerplanets6.com\/pt-br\/wp-json\/wp\/v2\/pages\/6704\/revisions\/10260"}],"wp:attachment":[{"href":"https:\/\/pokerplanets6.com\/pt-br\/wp-json\/wp\/v2\/media?parent=6704"}],"curies":[{"name":"wp","href":"https:\/\/api.w.org\/{rel}","templated":true}]}}