{"id":10039,"date":"2025-12-19T23:36:16","date_gmt":"2025-12-19T20:36:16","guid":{"rendered":"https:\/\/pokerplanets2.com\/pokerplanets6\/promotions\/holiday-gift-blizzard\/"},"modified":"2025-12-19T23:53:53","modified_gmt":"2025-12-19T20:53:53","slug":"holiday-gift-blizzard","status":"publish","type":"page","link":"https:\/\/pokerplanets6.com\/pt-br\/promotions\/holiday-gift-blizzard\/","title":{"rendered":"Holiday Gift Blizzard"},"content":{"rendered":"<p style=\"text-align: center;\"><span style=\"font-size: 14pt;\"><strong>Nevasca de presentes de fim de ano no PokerPlanets!<\/strong><\/span><\/p>\r\n<p><span style=\"font-size: 10pt;\"><strong>De 20 de dezembro a 16 de janeiro, <\/strong>os jogos de cash ficam ainda mais vantajosos: jogue em qualquer limite, ganhe ingressos para os <strong>torneios All-in Shootout e conquiste pr\u00eamios e<\/strong>m sorteios semanais no valor total de<strong> $5 000.<\/strong><\/span><\/p>\r\n<p><span style=\"font-size: 10pt;\"><strong>Mec\u00e2nica simples:<\/strong><\/span><\/p>\r\n<ol>\r\n\t<li><span style=\"font-size: 10pt;\">Jogue <strong>cash com dinheiro real em<\/strong> qualquer limite.<\/span><\/li>\r\n\t<li><span style=\"font-size: 10pt;\">A <strong>cada 50 m\u00e3os com rake, ganhe 1 ticket<\/strong> para o torneio. At\u00e9 <strong>4 tickets por semana<\/strong>!<\/span><\/li>\r\n\t<li><span style=\"font-size: 10pt;\"><strong>A presen\u00e7a n\u00e3o \u00e9 obrigat\u00f3ria: os pr\u00eamios encontraram voc\u00ea.<\/strong><\/span><\/li>\r\n<\/ol>\r\n<p><span style=\"font-size: 10pt;\"><strong>Mais tickets, maiores as chances!<\/strong><\/span><\/p>\r\n<p><span style=\"font-size: 10pt;\">Cada ticket vale uma entrada separada no torneio. Pegue o m\u00e1ximo e multiplique suas chances de ganhar.<\/span><\/p>\r\n<p><span style=\"font-size: 10pt;\"><strong>Torneios finais:<\/strong><\/span><\/p>\r\n<ul>\r\n\t<li><span style=\"font-size: 10pt;\"><strong>26 de dezembro, 16:30 MSK<\/strong> \u2014 premia\u00e7\u00e3o de <strong>$1 000<\/strong>.<\/span><\/li>\r\n\t<li><span style=\"font-size: 10pt;\"><strong>2 de janeiro, 16:30 MSK<\/strong> \u2014 premia\u00e7\u00e3o de <strong>$1 500<\/strong>.<\/span><\/li>\r\n\t<li><span style=\"font-size: 10pt;\"><strong>9 de janeiro, 16:30 MSK<\/strong> \u2014 premia\u00e7\u00e3o de<strong> $1 500<\/strong>.<\/span><\/li>\r\n\t<li><span style=\"font-size: 10pt;\"><strong>16 de janeiro, 16:30 MSK<\/strong> \u2014 premia\u00e7\u00e3o de <strong>$1 000<\/strong>.<\/span><\/li>\r\n<\/ul>\r\n<p style=\"text-align: center;\"><span style=\"font-size: 10pt;\"><strong>Jogue cash, acumule o m\u00e1ximo de tickets e garanta seus presentes de fim de ano no PokerPlanets.<\/strong><\/span><\/p>\r\n<div style=\"margin: 0 auto; text-align: center;\"><div id=\"detectButton5\" style=\"margin: 0 auto; text-align: center;\"><button class=\"button  button--red\" type=\"button\"><svg class=\"svg\">\r\n              <use xlink:href=\"\/wp-content\/uploads\/sites\/15\/2024\/12\/sprite.svg#lock\"><\/use>\r\n             <\/svg>  BAIXAR O POKERPLANETS <\/button><\/div><\/div>\r\n<p>&nbsp;<\/p>","protected":false},"excerpt":{"rendered":"<p>Nevasca de presentes de fim de ano no PokerPlanets! De 20 de dezembro a 16 de janeiro, os jogos de cash ficam ainda mais vantajosos: jogue em qualquer limite, ganhe ingressos para os torneios All-in Shootout e conquiste pr\u00eamios em sorteios semanais no valor total de $5 000. Mec\u00e2nica simples: Jogue cash com dinheiro real [&hellip;]<\/p>\n","protected":false},"author":1,"featured_media":0,"parent":7185,"menu_order":0,"comment_status":"closed","ping_status":"closed","template":"page-faq-nosidebar-promo.php","meta":{"_acf_changed":false,"inline_featured_image":false,"footnotes":""},"class_list":["post-10039","page","type-page","status-publish","hentry"],"acf":[],"yoast_head":"<!-- This site is optimized with the Yoast SEO plugin v24.4 - https:\/\/yoast.com\/wordpress\/plugins\/seo\/ -->\n<title>Holiday Gift Blizzard - PokerPlanets<\/title>\n<meta name=\"robots\" content=\"index, follow, max-snippet:-1, max-image-preview:large, max-video-preview:-1\" \/>\n<meta property=\"og:locale\" content=\"pt_BR\" \/>\n<meta property=\"og:type\" content=\"article\" \/>\n<meta property=\"og:title\" content=\"Holiday Gift Blizzard - PokerPlanets\" \/>\n<meta property=\"og:description\" content=\"Nevasca de presentes de fim de ano no PokerPlanets! De 20 de dezembro a 16 de janeiro, os jogos de cash ficam ainda mais vantajosos: jogue em qualquer limite, ganhe ingressos para os torneios All-in Shootout e conquiste pr\u00eamios em sorteios semanais no valor total de $5 000. Mec\u00e2nica simples: Jogue cash com dinheiro real [&hellip;]\" \/>\n<meta property=\"og:url\" content=\"https:\/\/pokerplanets6.com\/pt-br\/promotions\/holiday-gift-blizzard\/\" \/>\n<meta property=\"og:site_name\" content=\"PokerPlanets\" \/>\n<meta property=\"article:modified_time\" content=\"2025-12-19T20:53:53+00:00\" \/>\n<meta name=\"twitter:card\" content=\"summary_large_image\" \/>\n<meta name=\"twitter:label1\" content=\"Est. tempo de leitura\" \/>\n\t<meta name=\"twitter:data1\" content=\"1 minuto\" \/>\n<script type=\"application\/ld+json\" class=\"yoast-schema-graph\">{\"@context\":\"https:\/\/schema.org\",\"@graph\":[{\"@type\":\"WebPage\",\"@id\":\"https:\/\/pokerplanets6.com\/pt-br\/promotions\/holiday-gift-blizzard\/\",\"url\":\"https:\/\/pokerplanets6.com\/pt-br\/promotions\/holiday-gift-blizzard\/\",\"name\":\"Holiday Gift Blizzard - PokerPlanets\",\"isPartOf\":{\"@id\":\"https:\/\/pokerplanets6.com\/pt-br\/#website\"},\"datePublished\":\"2025-12-19T20:36:16+00:00\",\"dateModified\":\"2025-12-19T20:53:53+00:00\",\"breadcrumb\":{\"@id\":\"https:\/\/pokerplanets6.com\/pt-br\/promotions\/holiday-gift-blizzard\/#breadcrumb\"},\"inLanguage\":\"pt-BR\",\"potentialAction\":[{\"@type\":\"ReadAction\",\"target\":[\"https:\/\/pokerplanets6.com\/pt-br\/promotions\/holiday-gift-blizzard\/\"]}]},{\"@type\":\"BreadcrumbList\",\"@id\":\"https:\/\/pokerplanets6.com\/pt-br\/promotions\/holiday-gift-blizzard\/#breadcrumb\",\"itemListElement\":[{\"@type\":\"ListItem\",\"position\":1,\"name\":\"Home\",\"item\":\"https:\/\/pokerplanets6.com\/pt-br\/\"},{\"@type\":\"ListItem\",\"position\":2,\"name\":\"Promo\u00e7\u00f5es\",\"item\":\"https:\/\/pokerplanets6.com\/pt-br\/promotions\/\"},{\"@type\":\"ListItem\",\"position\":3,\"name\":\"Holiday Gift Blizzard\"}]},{\"@type\":\"WebSite\",\"@id\":\"https:\/\/pokerplanets6.com\/pt-br\/#website\",\"url\":\"https:\/\/pokerplanets6.com\/pt-br\/\",\"name\":\"PokerPlanets\",\"description\":\"\",\"potentialAction\":[{\"@type\":\"SearchAction\",\"target\":{\"@type\":\"EntryPoint\",\"urlTemplate\":\"https:\/\/pokerplanets6.com\/pt-br\/?s={search_term_string}\"},\"query-input\":{\"@type\":\"PropertyValueSpecification\",\"valueRequired\":true,\"valueName\":\"search_term_string\"}}],\"inLanguage\":\"pt-BR\"}]}<\/script>\n<!-- \/ Yoast SEO plugin. -->","yoast_head_json":{"title":"Holiday Gift Blizzard - PokerPlanets","robots":{"index":"index","follow":"follow","max-snippet":"max-snippet:-1","max-image-preview":"max-image-preview:large","max-video-preview":"max-video-preview:-1"},"og_locale":"pt_BR","og_type":"article","og_title":"Holiday Gift Blizzard - PokerPlanets","og_description":"Nevasca de presentes de fim de ano no PokerPlanets! De 20 de dezembro a 16 de janeiro, os jogos de cash ficam ainda mais vantajosos: jogue em qualquer limite, ganhe ingressos para os torneios All-in Shootout e conquiste pr\u00eamios em sorteios semanais no valor total de $5 000. Mec\u00e2nica simples: Jogue cash com dinheiro real [&hellip;]","og_url":"https:\/\/pokerplanets6.com\/pt-br\/promotions\/holiday-gift-blizzard\/","og_site_name":"PokerPlanets","article_modified_time":"2025-12-19T20:53:53+00:00","twitter_card":"summary_large_image","twitter_misc":{"Est. tempo de leitura":"1 minuto"},"schema":{"@context":"https:\/\/schema.org","@graph":[{"@type":"WebPage","@id":"https:\/\/pokerplanets6.com\/pt-br\/promotions\/holiday-gift-blizzard\/","url":"https:\/\/pokerplanets6.com\/pt-br\/promotions\/holiday-gift-blizzard\/","name":"Holiday Gift Blizzard - PokerPlanets","isPartOf":{"@id":"https:\/\/pokerplanets6.com\/pt-br\/#website"},"datePublished":"2025-12-19T20:36:16+00:00","dateModified":"2025-12-19T20:53:53+00:00","breadcrumb":{"@id":"https:\/\/pokerplanets6.com\/pt-br\/promotions\/holiday-gift-blizzard\/#breadcrumb"},"inLanguage":"pt-BR","potentialAction":[{"@type":"ReadAction","target":["https:\/\/pokerplanets6.com\/pt-br\/promotions\/holiday-gift-blizzard\/"]}]},{"@type":"BreadcrumbList","@id":"https:\/\/pokerplanets6.com\/pt-br\/promotions\/holiday-gift-blizzard\/#breadcrumb","itemListElement":[{"@type":"ListItem","position":1,"name":"Home","item":"https:\/\/pokerplanets6.com\/pt-br\/"},{"@type":"ListItem","position":2,"name":"Promo\u00e7\u00f5es","item":"https:\/\/pokerplanets6.com\/pt-br\/promotions\/"},{"@type":"ListItem","position":3,"name":"Holiday Gift Blizzard"}]},{"@type":"WebSite","@id":"https:\/\/pokerplanets6.com\/pt-br\/#website","url":"https:\/\/pokerplanets6.com\/pt-br\/","name":"PokerPlanets","description":"","potentialAction":[{"@type":"SearchAction","target":{"@type":"EntryPoint","urlTemplate":"https:\/\/pokerplanets6.com\/pt-br\/?s={search_term_string}"},"query-input":{"@type":"PropertyValueSpecification","valueRequired":true,"valueName":"search_term_string"}}],"inLanguage":"pt-BR"}]}},"publishpress_future_action":{"enabled":false,"date":"2026-05-07 01:12:05","action":"change-status","newStatus":"draft","terms":[],"taxonomy":"translation_priority","extraData":[]},"publishpress_future_workflow_manual_trigger":{"enabledWorkflows":[]},"_links":{"self":[{"href":"https:\/\/pokerplanets6.com\/pt-br\/wp-json\/wp\/v2\/pages\/10039","targetHints":{"allow":["GET"]}}],"collection":[{"href":"https:\/\/pokerplanets6.com\/pt-br\/wp-json\/wp\/v2\/pages"}],"about":[{"href":"https:\/\/pokerplanets6.com\/pt-br\/wp-json\/wp\/v2\/types\/page"}],"author":[{"embeddable":true,"href":"https:\/\/pokerplanets6.com\/pt-br\/wp-json\/wp\/v2\/users\/1"}],"replies":[{"embeddable":true,"href":"https:\/\/pokerplanets6.com\/pt-br\/wp-json\/wp\/v2\/comments?post=10039"}],"version-history":[{"count":2,"href":"https:\/\/pokerplanets6.com\/pt-br\/wp-json\/wp\/v2\/pages\/10039\/revisions"}],"predecessor-version":[{"id":10041,"href":"https:\/\/pokerplanets6.com\/pt-br\/wp-json\/wp\/v2\/pages\/10039\/revisions\/10041"}],"up":[{"embeddable":true,"href":"https:\/\/pokerplanets6.com\/pt-br\/wp-json\/wp\/v2\/pages\/7185"}],"wp:attachment":[{"href":"https:\/\/pokerplanets6.com\/pt-br\/wp-json\/wp\/v2\/media?parent=10039"}],"curies":[{"name":"wp","href":"https:\/\/api.w.org\/{rel}","templated":true}]}}