{"id":9758,"date":"2025-12-11T11:12:55","date_gmt":"2025-12-11T08:12:55","guid":{"rendered":"https:\/\/pokerplanets2.com\/pokerplanets6\/promociones\/sub-zero-weekend-50-for-cold-blood\/"},"modified":"2025-12-11T18:15:56","modified_gmt":"2025-12-11T15:15:56","slug":"sub-zero-weekend-50-for-cold-blood","status":"publish","type":"page","link":"https:\/\/pokerplanets6.com\/es\/promociones\/sub-zero-weekend-50-for-cold-blood\/","title":{"rendered":"Sub-Zero Weekend: \u00a1$50 por sangre fr\u00eda!"},"content":{"rendered":"<p style=\"text-align: center;\"><span style=\"font-size: 14pt;\"><strong>Sub-Zero Weekend: \u00a1$50 por sangre fr\u00eda!<\/strong><\/span><\/p>\r\n<p><span style=\"font-size: 10pt;\"><strong>\u00a1Del 12 al 14 de diciembre<\/strong>, vive un fin de semana al estilo de Sub-Zero de Mortal Kombat!<\/span><\/p>\r\n<p><span style=\"font-size: 10pt;\">Tres d\u00edas de torneos <strong>100% Bounty<\/strong>, con buy-ins desde $5.5 hasta $25, donde PokerPlanets te paga extra por cada golpe certero a tus oponentes. Por cada<strong> 5 eliminaciones<\/strong> \u2014 <strong>$5 adicionales de parte de PokerPlanets.<\/strong><\/span><\/p>\r\n<p><span style=\"font-size: 10pt;\"><strong>Y EL GRAN PREMIO \u2014 $50 por 25 KO durante el periodo promocional.<\/strong><\/span><\/p>\r\n<p><span style=\"font-size: 10pt;\"><strong>7 torneos cada dia + un freebuy a Sub-Zero Bountality Sirius.<\/strong><\/span><\/p>\r\n<ul>\r\n\t<li><span style=\"font-size: 10pt;\"><strong>13:00<\/strong> \u2014 <strong>Freebuy to Sub-Zero Bountality Sirius R&amp;A 0.55.<\/strong><\/span><\/li>\r\n\t<li><span style=\"font-size: 10pt;\"><strong>13:00, 18:00, 20:00<\/strong> \u2014 tres torneos <strong>100 % Sub-Zero Bountality $5.5<\/strong>.<\/span><\/li>\r\n\t<li><span style=\"font-size: 10pt;\"><strong>16:00, 19:00, 21:30<\/strong> \u2014 tres torneos <strong>100 % Sub-Zero Bountality $11<\/strong>.<\/span><\/li>\r\n\t<li><span style=\"font-size: 10pt;\"><strong>20:15<\/strong>\u2014 torneo de <strong>$25 100 % Sub-Zero Bountality Sirius<\/strong>.<\/span><\/li>\r\n<\/ul>\r\n<p><span style=\"font-size: 10pt;\">Sin esperar a entrar en premios ni dividir botes \u2014 <strong>las recompensas ya est\u00e1n en juego<\/strong>.<\/span><\/p>\r\n<p><span style=\"font-size: 10pt;\"><strong>\u00a1Las eliminaciones no se reinician!<\/strong><\/span><\/p>\r\n<p><span style=\"font-size: 10pt;\">Tu conteo de eliminaciones se mantiene a lo largo de todos los torneos del fin de semana.<\/span><\/p>\r\n<p><span style=\"font-size: 10pt;\">\u00bfEliminaste a 3 en uno? Perfecto. Elimina 2 m\u00e1s en otro y ll\u00e9vate tus $5.<\/span><\/p>\r\n<p><span style=\"font-size: 10pt;\"><strong>Consulta tu progreso en nuestro:<\/strong> cu\u00e1ntas eliminaciones faltan para tu pr\u00f3ximo premio y cu\u00e1nto bounty has acumulado. Los datos se actualizan una vez al d\u00eda.<\/span><\/p>\r\n<div style=\"margin: 0 auto; text-align: center;\">\u00a0<\/div>\r\n<div class=\"table-overflow\">\r\n<div class=\"table-dinamic\" data-table-dinamic=\"\">\r\n<div class=\"table-dinamic__title\" style=\"text-align: center;\">Leaderboard<\/div>\r\n<button class=\"table-dinamic__button button--null\" data-table-dinamic-button=\"close\" data-less=\"Close table\" data-unless=\"Show table\"><\/button>\r\n<table cellspacing=\"0\" cellpadding=\"0\">\r\n<tbody>\r\n<tr>\r\n<td><strong>Player<\/strong><\/td>\r\n<td><strong>Total KO<\/strong><\/td>\r\n<td><strong>KO to Prize <\/strong><\/td>\r\n<td><strong>KO to SUPER PRIZE<\/strong><\/td>\r\n<td><strong>Bountality Prize<\/strong><\/td>\r\n<td><strong>SUPER PRIZE<\/strong><\/td>\r\n<td><strong>Total Prize<\/strong><\/td>\r\n<\/tr>\r\n<\/tbody>\r\n<\/table>\r\n<\/div>\r\n<\/div>\r\n<p>&nbsp;<\/p>\r\n<p style=\"text-align: center;\"><span style=\"font-size: 10pt;\"><strong>Ve hasta el final, golpe a golpe. La recompensa final \u2014 $50 por 25 eliminaciones. <\/strong><\/span><span style=\"font-size: 10pt;\"><strong>\u00bfEst\u00e1s listo para enfrentarlo?<\/strong><\/span><\/p>\r\n<div style=\"margin: 0 auto; text-align: center;\"><div id=\"detectButton5\" style=\"margin: 0 auto; text-align: center;\"><button class=\"button  button--red\" type=\"button\"><svg class=\"svg\">\r\n              <use xlink:href=\"\/wp-content\/uploads\/sites\/15\/2024\/12\/sprite.svg#lock\"><\/use>\r\n             <\/svg>  DESCARGAR POKERPLANETS <\/button><\/div><\/div>","protected":false},"excerpt":{"rendered":"<p>Sub-Zero Weekend: \u00a1$50 por sangre fr\u00eda! \u00a1Del 12 al 14 de diciembre, vive un fin de semana al estilo de Sub-Zero de Mortal Kombat! Tres d\u00edas de torneos 100% Bounty, con buy-ins desde $5.5 hasta $25, donde PokerPlanets te paga extra por cada golpe certero a tus oponentes. Por cada 5 eliminaciones \u2014 $5 adicionales [&hellip;]<\/p>\n","protected":false},"author":1,"featured_media":0,"parent":6515,"menu_order":0,"comment_status":"closed","ping_status":"closed","template":"page-faq-nosidebar-promo.php","meta":{"_acf_changed":false,"inline_featured_image":false,"footnotes":""},"class_list":["post-9758","page","type-page","status-publish","hentry"],"acf":[],"yoast_head":"<!-- This site is optimized with the Yoast SEO plugin v24.4 - https:\/\/yoast.com\/wordpress\/plugins\/seo\/ -->\n<title>Sub-Zero Weekend: \u00a1$50 por sangre fr\u00eda! - PokerPlanets<\/title>\n<meta name=\"robots\" content=\"index, follow, max-snippet:-1, max-image-preview:large, max-video-preview:-1\" \/>\n<meta property=\"og:locale\" content=\"es_ES\" \/>\n<meta property=\"og:type\" content=\"article\" \/>\n<meta property=\"og:title\" content=\"Sub-Zero Weekend: \u00a1$50 por sangre fr\u00eda! - PokerPlanets\" \/>\n<meta property=\"og:description\" content=\"Sub-Zero Weekend: \u00a1$50 por sangre fr\u00eda! \u00a1Del 12 al 14 de diciembre, vive un fin de semana al estilo de Sub-Zero de Mortal Kombat! Tres d\u00edas de torneos 100% Bounty, con buy-ins desde $5.5 hasta $25, donde PokerPlanets te paga extra por cada golpe certero a tus oponentes. Por cada 5 eliminaciones \u2014 $5 adicionales [&hellip;]\" \/>\n<meta property=\"og:url\" content=\"https:\/\/pokerplanets6.com\/es\/promociones\/sub-zero-weekend-50-for-cold-blood\/\" \/>\n<meta property=\"og:site_name\" content=\"PokerPlanets\" \/>\n<meta property=\"article:modified_time\" content=\"2025-12-11T15:15:56+00:00\" \/>\n<meta name=\"twitter:card\" content=\"summary_large_image\" \/>\n<meta name=\"twitter:label1\" content=\"Tiempo de lectura\" \/>\n\t<meta name=\"twitter:data1\" content=\"2 minutos\" \/>\n<script type=\"application\/ld+json\" class=\"yoast-schema-graph\">{\"@context\":\"https:\/\/schema.org\",\"@graph\":[{\"@type\":\"WebPage\",\"@id\":\"https:\/\/pokerplanets6.com\/es\/promociones\/sub-zero-weekend-50-for-cold-blood\/\",\"url\":\"https:\/\/pokerplanets6.com\/es\/promociones\/sub-zero-weekend-50-for-cold-blood\/\",\"name\":\"Sub-Zero Weekend: \u00a1$50 por sangre fr\u00eda! - PokerPlanets\",\"isPartOf\":{\"@id\":\"https:\/\/pokerplanets6.com\/es\/#website\"},\"datePublished\":\"2025-12-11T08:12:55+00:00\",\"dateModified\":\"2025-12-11T15:15:56+00:00\",\"breadcrumb\":{\"@id\":\"https:\/\/pokerplanets6.com\/es\/promociones\/sub-zero-weekend-50-for-cold-blood\/#breadcrumb\"},\"inLanguage\":\"es\",\"potentialAction\":[{\"@type\":\"ReadAction\",\"target\":[\"https:\/\/pokerplanets6.com\/es\/promociones\/sub-zero-weekend-50-for-cold-blood\/\"]}]},{\"@type\":\"BreadcrumbList\",\"@id\":\"https:\/\/pokerplanets6.com\/es\/promociones\/sub-zero-weekend-50-for-cold-blood\/#breadcrumb\",\"itemListElement\":[{\"@type\":\"ListItem\",\"position\":1,\"name\":\"Home\",\"item\":\"https:\/\/pokerplanets6.com\/es\/\"},{\"@type\":\"ListItem\",\"position\":2,\"name\":\"Promociones\",\"item\":\"https:\/\/pokerplanets6.com\/es\/promociones\/\"},{\"@type\":\"ListItem\",\"position\":3,\"name\":\"Sub-Zero Weekend: \u00a1$50 por sangre fr\u00eda!\"}]},{\"@type\":\"WebSite\",\"@id\":\"https:\/\/pokerplanets6.com\/es\/#website\",\"url\":\"https:\/\/pokerplanets6.com\/es\/\",\"name\":\"PokerPlanets\",\"description\":\"\",\"potentialAction\":[{\"@type\":\"SearchAction\",\"target\":{\"@type\":\"EntryPoint\",\"urlTemplate\":\"https:\/\/pokerplanets6.com\/es\/?s={search_term_string}\"},\"query-input\":{\"@type\":\"PropertyValueSpecification\",\"valueRequired\":true,\"valueName\":\"search_term_string\"}}],\"inLanguage\":\"es\"}]}<\/script>\n<!-- \/ Yoast SEO plugin. -->","yoast_head_json":{"title":"Sub-Zero Weekend: \u00a1$50 por sangre fr\u00eda! - PokerPlanets","robots":{"index":"index","follow":"follow","max-snippet":"max-snippet:-1","max-image-preview":"max-image-preview:large","max-video-preview":"max-video-preview:-1"},"og_locale":"es_ES","og_type":"article","og_title":"Sub-Zero Weekend: \u00a1$50 por sangre fr\u00eda! - PokerPlanets","og_description":"Sub-Zero Weekend: \u00a1$50 por sangre fr\u00eda! \u00a1Del 12 al 14 de diciembre, vive un fin de semana al estilo de Sub-Zero de Mortal Kombat! Tres d\u00edas de torneos 100% Bounty, con buy-ins desde $5.5 hasta $25, donde PokerPlanets te paga extra por cada golpe certero a tus oponentes. Por cada 5 eliminaciones \u2014 $5 adicionales [&hellip;]","og_url":"https:\/\/pokerplanets6.com\/es\/promociones\/sub-zero-weekend-50-for-cold-blood\/","og_site_name":"PokerPlanets","article_modified_time":"2025-12-11T15:15:56+00:00","twitter_card":"summary_large_image","twitter_misc":{"Tiempo de lectura":"2 minutos"},"schema":{"@context":"https:\/\/schema.org","@graph":[{"@type":"WebPage","@id":"https:\/\/pokerplanets6.com\/es\/promociones\/sub-zero-weekend-50-for-cold-blood\/","url":"https:\/\/pokerplanets6.com\/es\/promociones\/sub-zero-weekend-50-for-cold-blood\/","name":"Sub-Zero Weekend: \u00a1$50 por sangre fr\u00eda! - PokerPlanets","isPartOf":{"@id":"https:\/\/pokerplanets6.com\/es\/#website"},"datePublished":"2025-12-11T08:12:55+00:00","dateModified":"2025-12-11T15:15:56+00:00","breadcrumb":{"@id":"https:\/\/pokerplanets6.com\/es\/promociones\/sub-zero-weekend-50-for-cold-blood\/#breadcrumb"},"inLanguage":"es","potentialAction":[{"@type":"ReadAction","target":["https:\/\/pokerplanets6.com\/es\/promociones\/sub-zero-weekend-50-for-cold-blood\/"]}]},{"@type":"BreadcrumbList","@id":"https:\/\/pokerplanets6.com\/es\/promociones\/sub-zero-weekend-50-for-cold-blood\/#breadcrumb","itemListElement":[{"@type":"ListItem","position":1,"name":"Home","item":"https:\/\/pokerplanets6.com\/es\/"},{"@type":"ListItem","position":2,"name":"Promociones","item":"https:\/\/pokerplanets6.com\/es\/promociones\/"},{"@type":"ListItem","position":3,"name":"Sub-Zero Weekend: \u00a1$50 por sangre fr\u00eda!"}]},{"@type":"WebSite","@id":"https:\/\/pokerplanets6.com\/es\/#website","url":"https:\/\/pokerplanets6.com\/es\/","name":"PokerPlanets","description":"","potentialAction":[{"@type":"SearchAction","target":{"@type":"EntryPoint","urlTemplate":"https:\/\/pokerplanets6.com\/es\/?s={search_term_string}"},"query-input":{"@type":"PropertyValueSpecification","valueRequired":true,"valueName":"search_term_string"}}],"inLanguage":"es"}]}},"publishpress_future_action":{"enabled":false,"date":"2026-05-06 10:28:21","action":"change-status","newStatus":"draft","terms":[],"taxonomy":"translation_priority","extraData":[]},"publishpress_future_workflow_manual_trigger":{"enabledWorkflows":[]},"_links":{"self":[{"href":"https:\/\/pokerplanets6.com\/es\/wp-json\/wp\/v2\/pages\/9758","targetHints":{"allow":["GET"]}}],"collection":[{"href":"https:\/\/pokerplanets6.com\/es\/wp-json\/wp\/v2\/pages"}],"about":[{"href":"https:\/\/pokerplanets6.com\/es\/wp-json\/wp\/v2\/types\/page"}],"author":[{"embeddable":true,"href":"https:\/\/pokerplanets6.com\/es\/wp-json\/wp\/v2\/users\/1"}],"replies":[{"embeddable":true,"href":"https:\/\/pokerplanets6.com\/es\/wp-json\/wp\/v2\/comments?post=9758"}],"version-history":[{"count":6,"href":"https:\/\/pokerplanets6.com\/es\/wp-json\/wp\/v2\/pages\/9758\/revisions"}],"predecessor-version":[{"id":9835,"href":"https:\/\/pokerplanets6.com\/es\/wp-json\/wp\/v2\/pages\/9758\/revisions\/9835"}],"up":[{"embeddable":true,"href":"https:\/\/pokerplanets6.com\/es\/wp-json\/wp\/v2\/pages\/6515"}],"wp:attachment":[{"href":"https:\/\/pokerplanets6.com\/es\/wp-json\/wp\/v2\/media?parent=9758"}],"curies":[{"name":"wp","href":"https:\/\/api.w.org\/{rel}","templated":true}]}}