{"id":6676,"date":"2025-05-21T17:50:39","date_gmt":"2025-05-21T14:50:39","guid":{"rendered":"https:\/\/pokerplanets2.com\/pokerplanets6\/recompensas\/"},"modified":"2025-05-21T17:50:39","modified_gmt":"2025-05-21T14:50:39","slug":"recompensas","status":"publish","type":"page","link":"https:\/\/pokerplanets6.com\/es\/recompensas\/","title":{"rendered":"Recompensas"},"content":{"rendered":"<p><span style=\"font-size: 10pt;\">Cuando juegas al p\u00f3ker con dinero real, acumulas puntos de p\u00f3ker y llenas tu barra de progreso, avanzando de nivel en nivel. Los puntos de p\u00f3ker se otorgan por participar en partidas de cash y torneos. Los jugadores reciben <b>1 punto de p\u00f3ker por cada $0,01<\/b> que corresponda a su parte del rake o de las comisiones de torneo.<\/span><\/p>\r\n<ul>\r\n\t<li style=\"font-weight: 400;\" aria-level=\"1\"><span style=\"font-size: 10pt;\"><b>En partidas de cash,<\/b> los puntos de p\u00f3ker se calculan en funci\u00f3n del rake pagado por el ganador de la mano y se distribuyen entre todos los participantes de forma proporcional a su contribuci\u00f3n al bote.<\/span><\/li>\r\n<\/ul>\r\n<p><span style=\"font-size: 10pt;\"><b>Ejemplo:<\/b><\/span><\/p>\r\n<p><span style=\"font-size: 10pt;\">Bote total: $100, Rake: $5.<br \/>\r\n \u2022 Jugador 1 aport\u00f3 $50 (50% del bote).<br \/>\r\n \u2022 Jugador 2 aport\u00f3 $50 (50% del bote).<\/span><\/p>\r\n<p><span style=\"font-size: 10pt;\">Distribuci\u00f3n de puntos de p\u00f3ker:<br \/>\r\n \u2022 <b>Jugador 1<\/b>: acumula el 50% del rake ($2,5).<br \/>\r\n  Puntos de p\u00f3ker: 2,5 \u00d7 100 = 250.<br \/>\r\n \u2022 <b>Jugador 2<\/b>: acumula el 50% del rake ($2,5).<br \/>\r\n  Puntos de p\u00f3ker: 2,5 \u00d7 100 = 250.<\/span><\/p>\r\n<p><span style=\"font-size: 10pt;\"><i>Este sistema garantiza que los puntos de p\u00f3ker se repartan de forma justa entre todos los participantes de la mano, independientemente del resultado final.<\/i><\/span><\/p>\r\n<ul>\r\n\t<li><span style=\"font-size: 10pt;\"><b>En torneos<\/b>, los puntos de p\u00f3ker se conceden por cada $0,01 de comisi\u00f3n de torneo pagada por el jugador.<\/span><\/li>\r\n<\/ul>\r\n<p><span style=\"font-size: 10pt;\"><b>Ejemplo:<\/b><br \/>\r\n<i>Cuota de torneo: $10. El jugador pag\u00f3 la cuota y recibi\u00f3 10 \u00d7 100 = 1 000 puntos de p\u00f3ker.<\/i><\/span><\/p>\r\n<p><span style=\"font-weight: 400; font-size: 10pt;\">En cada nivel encontrar\u00e1s cofres con recompensas que aumentan a medida que avanzas. Cuanto mayor sea tu nivel, mayor ser\u00e1 el valor de las recompensas.<\/span><\/p>\r\n<p><span style=\"font-size: 10pt;\">Si no consigues un cofre en un plazo de <b>28 d\u00edas<\/b>, tu progreso se reiniciar\u00e1 y volver\u00e1s al nivel anterior.<\/span><\/p>\r\n<p style=\"text-align: center;\"><span style=\"font-size: 10pt;\"><b>\u00a1Gana puntos de p\u00f3ker, llena la barra de progreso y abre cofres con recompensas!<\/b><\/span><\/p>\r\n<h3 class=\"h3 fw-700\">Recompensas de PokerPlanets<\/h3>\r\n<div class=\"rewards-table\">\r\n<table>\r\n<thead>\r\n<tr>\r\n<th><p><b>Nivel<\/b><\/p><\/th>\r\n<th><p><b>Puntos de P\u00f3ker Necesarios para el Cofre<\/b><\/p><\/th>\r\n<th><p><b>N\u00famero de Cofres<\/b><\/p><\/th>\r\n<th><p><b>Premio en Efectivo por Cofre \/ Cashback de P\u00f3ker (%)<\/b><\/p><\/th>\r\n<\/tr>\r\n<\/thead>\r\n<tbody>\r\n<tr><td><p><b>Sputnik<\/b><\/p><\/td><td><p>2 000<\/p><\/td><td><p>5<\/p><\/td><td><p>$3 \/ 15%<\/p><\/td><\/tr>\r\n<tr><td><p><b>Comet<\/b><\/p><\/td><td><p>6 000<\/p><\/td><td><p>5<\/p><\/td><td><p>$12 \/ 20%<\/p><\/td><\/tr>\r\n<tr><td><p><b>Asteroid<\/b><\/p><\/td><td><p>20 000<\/p><\/td><td><p>5<\/p><\/td><td><p>$50 \/ 25%<\/p><\/td><\/tr>\r\n<tr><td><p><b>Moon<\/b><\/p><\/td><td><p>50 000<\/p><\/td><td><p>5<\/p><\/td><td><p>$150 \/ 30%<\/p><\/td><\/tr>\r\n<tr><td><p><b>Planet<\/b><\/p><\/td><td><p>120 000<\/p><\/td><td><p>5<\/p><\/td><td><p>$420 \/ 35%<\/p><\/td><\/tr>\r\n<tr><td><p><b>Star<\/b><\/p><\/td><td><p>250 000<\/p><\/td><td><p>-<\/p><\/td><td><p>$1 000 \/ 40%<\/p><\/td><\/tr>\r\n<\/tbody>\r\n<\/table>\r\n<\/div>\r\n<div class=\"rewards-table rewards-table--mob\">\r\n<table>\r\n<thead><tr><th><p><b>Nivel<\/b><\/p><\/th><th><p><b>Sputnik<\/b><\/p><\/th><\/tr><\/thead>\r\n<tbody>\r\n<tr><td><p><b>Puntos de P\u00f3ker Necesarios para el Cofre<\/b><\/p><\/td><td><p>2 000<\/p><\/td><\/tr>\r\n<tr><td><p><b>N\u00famero de Cofres<\/b><\/p><\/td><td><p>5<\/p><\/td><\/tr>\r\n<tr><td><p><b>Premio en Efectivo por Cofre \/ Cashback de P\u00f3ker (%)<\/b><\/p><\/td><td><p>$3 \/ 15%<\/p><\/td><\/tr>\r\n<\/tbody>\r\n<\/table>\r\n<table>\r\n<thead><tr><th><p><b>Nivel<\/b><\/p><\/th><th><p><b>Comet<\/b><\/p><\/th><\/tr><\/thead>\r\n<tbody>\r\n<tr><td><p><b>Puntos de P\u00f3ker Necesarios para el Cofre<\/b><\/p><\/td><td><p>6 000<\/p><\/td><\/tr>\r\n<tr><td><p><b>N\u00famero de Cofres<\/b><\/p><\/td><td><p>5<\/p><\/td><\/tr>\r\n<tr><td><p><b>Premio en Efectivo por Cofre \/ Cashback de P\u00f3ker (%)<\/b><\/p><\/td><td><p>$12 \/ 20%<\/p><\/td><\/tr>\r\n<\/tbody>\r\n<\/table>\r\n<table>\r\n<thead><tr><th><p><b>Nivel<\/b><\/p><\/th><th><p><b>Asteroid<\/b><\/p><\/th><\/tr><\/thead>\r\n<tbody>\r\n<tr><td><p><b>Puntos de P\u00f3ker Necesarios para el Cofre<\/b><\/p><\/td><td><p>20 000<\/p><\/td><\/tr>\r\n<tr><td><p><b>N\u00famero de Cofres<\/b><\/p><\/td><td><p>5<\/p><\/td><\/tr>\r\n<tr><td><p><b>Premio en Efectivo por Cofre \/ Cashback de P\u00f3ker (%)<\/b><\/p><\/td><td><p>$50 \/ 25%<\/p><\/td><\/tr>\r\n<\/tbody>\r\n<\/table>\r\n<table>\r\n<thead><tr><th><p><b>Nivel<\/b><\/p><\/th><th><p><b>Moon<\/b><\/p><\/th><\/tr><\/thead>\r\n<tbody>\r\n<tr><td><p><b>Puntos de P\u00f3ker Necesarios para el Cofre<\/b><\/p><\/td><td><p>60 000<\/p><\/td><\/tr>\r\n<tr><td><p><b>N\u00famero de Cofres<\/b><\/p><\/td><td><p>5<\/p><\/td><\/tr>\r\n<tr><td><p><b>Premio en Efectivo por Cofre \/ Cashback de P\u00f3ker (%)<\/b><\/p><\/td><td><p>$150 \/ 30%<\/p><\/td><\/tr>\r\n<\/tbody>\r\n<\/table>\r\n<table>\r\n<thead><tr><th><p><b>Nivel<\/b><\/p><\/th><th><p><b>Planet<\/b><\/p><\/th><\/tr><\/thead>\r\n<tbody>\r\n<tr><td><p><b>Puntos de P\u00f3ker Necesarios para el Cofre<\/b><\/p><\/td><td><p>120 000<\/p><\/td><\/tr>\r\n<tr><td><p><b>N\u00famero de Cofres<\/b><\/p><\/td><td><p>5<\/p><\/td><\/tr>\r\n<tr><td><p><b>Premio en Efectivo por Cofre \/ Cashback de P\u00f3ker (%)<\/b><\/p><\/td><td><p>$420 \/ 35%<\/p><\/td><\/tr>\r\n<\/tbody>\r\n<\/table>\r\n<table>\r\n<thead><tr><th><p><b>Nivel<\/b><\/p><\/th><th><p><b>Star<\/b><\/p><\/th><\/tr><\/thead>\r\n<tbody>\r\n<tr><td><p><b>Puntos de P\u00f3ker Necesarios para el Cofre<\/b><\/p><\/td><td><p>250 000<\/p><\/td><\/tr>\r\n<tr><td><p><b>N\u00famero de Cofres<\/b><\/p><\/td><td><p>-<\/p><\/td><\/tr>\r\n<tr><td><p><b>Premio en Efectivo por Cofre \/ Cashback de P\u00f3ker (%)<\/b><\/p><\/td><td><p>$1 000 \/ 40%<\/p><\/td><\/tr>\r\n<\/tbody>\r\n<\/table>\r\n<\/div>","protected":false},"excerpt":{"rendered":"<p>Cuando juegas al p\u00f3ker con dinero real, acumulas puntos de p\u00f3ker y llenas tu barra de progreso, avanzando de nivel en nivel. Los puntos de p\u00f3ker se otorgan por participar en partidas de cash y torneos. Los jugadores reciben 1 punto de p\u00f3ker por cada $0,01 que corresponda a su parte del rake o de [&hellip;]<\/p>\n","protected":false},"author":1,"featured_media":0,"parent":0,"menu_order":0,"comment_status":"closed","ping_status":"closed","template":"rewards.php","meta":{"_acf_changed":false,"inline_featured_image":false,"footnotes":""},"class_list":["post-6676","page","type-page","status-publish","hentry"],"acf":[],"yoast_head":"<!-- This site is optimized with the Yoast SEO plugin v24.4 - https:\/\/yoast.com\/wordpress\/plugins\/seo\/ -->\n<title>Recompensas - PokerPlanets<\/title>\n<meta name=\"robots\" content=\"index, follow, max-snippet:-1, max-image-preview:large, max-video-preview:-1\" \/>\n<meta property=\"og:locale\" content=\"es_ES\" \/>\n<meta property=\"og:type\" content=\"article\" \/>\n<meta property=\"og:title\" content=\"PokerPlanets Rewards \u2013 Hasta un 40 % de rakeback\" \/>\n<meta property=\"og:description\" content=\"Juega al p\u00f3ker, acumula puntos, sube de nivel y obt\u00e9n hasta un 40 % de reembolso de rake y comisiones en nuestro programa de lealtad\" \/>\n<meta property=\"og:url\" content=\"https:\/\/pokerplanets6.com\/es\/recompensas\/\" \/>\n<meta property=\"og:site_name\" content=\"PokerPlanets\" \/>\n<meta name=\"twitter:card\" content=\"summary_large_image\" \/>\n<meta name=\"twitter:label1\" content=\"Tiempo de lectura\" \/>\n\t<meta name=\"twitter:data1\" content=\"2 minutos\" \/>\n<script type=\"application\/ld+json\" class=\"yoast-schema-graph\">{\"@context\":\"https:\/\/schema.org\",\"@graph\":[{\"@type\":\"WebPage\",\"@id\":\"https:\/\/pokerplanets6.com\/es\/recompensas\/\",\"url\":\"https:\/\/pokerplanets6.com\/es\/recompensas\/\",\"name\":\"Recompensas - PokerPlanets\",\"isPartOf\":{\"@id\":\"https:\/\/pokerplanets6.com\/es\/#website\"},\"datePublished\":\"2025-05-21T14:50:39+00:00\",\"breadcrumb\":{\"@id\":\"https:\/\/pokerplanets6.com\/es\/recompensas\/#breadcrumb\"},\"inLanguage\":\"es\",\"potentialAction\":[{\"@type\":\"ReadAction\",\"target\":[\"https:\/\/pokerplanets6.com\/es\/recompensas\/\"]}]},{\"@type\":\"BreadcrumbList\",\"@id\":\"https:\/\/pokerplanets6.com\/es\/recompensas\/#breadcrumb\",\"itemListElement\":[{\"@type\":\"ListItem\",\"position\":1,\"name\":\"Home\",\"item\":\"https:\/\/pokerplanets6.com\/es\/\"},{\"@type\":\"ListItem\",\"position\":2,\"name\":\"Recompensas\"}]},{\"@type\":\"WebSite\",\"@id\":\"https:\/\/pokerplanets6.com\/es\/#website\",\"url\":\"https:\/\/pokerplanets6.com\/es\/\",\"name\":\"PokerPlanets\",\"description\":\"\",\"potentialAction\":[{\"@type\":\"SearchAction\",\"target\":{\"@type\":\"EntryPoint\",\"urlTemplate\":\"https:\/\/pokerplanets6.com\/es\/?s={search_term_string}\"},\"query-input\":{\"@type\":\"PropertyValueSpecification\",\"valueRequired\":true,\"valueName\":\"search_term_string\"}}],\"inLanguage\":\"es\"}]}<\/script>\n<!-- \/ Yoast SEO plugin. -->","yoast_head_json":{"title":"Recompensas - PokerPlanets","robots":{"index":"index","follow":"follow","max-snippet":"max-snippet:-1","max-image-preview":"max-image-preview:large","max-video-preview":"max-video-preview:-1"},"og_locale":"es_ES","og_type":"article","og_title":"PokerPlanets Rewards \u2013 Hasta un 40 % de rakeback","og_description":"Juega al p\u00f3ker, acumula puntos, sube de nivel y obt\u00e9n hasta un 40 % de reembolso de rake y comisiones en nuestro programa de lealtad","og_url":"https:\/\/pokerplanets6.com\/es\/recompensas\/","og_site_name":"PokerPlanets","twitter_card":"summary_large_image","twitter_misc":{"Tiempo de lectura":"2 minutos"},"schema":{"@context":"https:\/\/schema.org","@graph":[{"@type":"WebPage","@id":"https:\/\/pokerplanets6.com\/es\/recompensas\/","url":"https:\/\/pokerplanets6.com\/es\/recompensas\/","name":"Recompensas - PokerPlanets","isPartOf":{"@id":"https:\/\/pokerplanets6.com\/es\/#website"},"datePublished":"2025-05-21T14:50:39+00:00","breadcrumb":{"@id":"https:\/\/pokerplanets6.com\/es\/recompensas\/#breadcrumb"},"inLanguage":"es","potentialAction":[{"@type":"ReadAction","target":["https:\/\/pokerplanets6.com\/es\/recompensas\/"]}]},{"@type":"BreadcrumbList","@id":"https:\/\/pokerplanets6.com\/es\/recompensas\/#breadcrumb","itemListElement":[{"@type":"ListItem","position":1,"name":"Home","item":"https:\/\/pokerplanets6.com\/es\/"},{"@type":"ListItem","position":2,"name":"Recompensas"}]},{"@type":"WebSite","@id":"https:\/\/pokerplanets6.com\/es\/#website","url":"https:\/\/pokerplanets6.com\/es\/","name":"PokerPlanets","description":"","potentialAction":[{"@type":"SearchAction","target":{"@type":"EntryPoint","urlTemplate":"https:\/\/pokerplanets6.com\/es\/?s={search_term_string}"},"query-input":{"@type":"PropertyValueSpecification","valueRequired":true,"valueName":"search_term_string"}}],"inLanguage":"es"}]}},"publishpress_future_action":{"enabled":false,"date":"2026-04-23 23:20:13","action":"change-status","newStatus":"draft","terms":[],"taxonomy":"translation_priority","extraData":[]},"publishpress_future_workflow_manual_trigger":{"enabledWorkflows":[]},"_links":{"self":[{"href":"https:\/\/pokerplanets6.com\/es\/wp-json\/wp\/v2\/pages\/6676","targetHints":{"allow":["GET"]}}],"collection":[{"href":"https:\/\/pokerplanets6.com\/es\/wp-json\/wp\/v2\/pages"}],"about":[{"href":"https:\/\/pokerplanets6.com\/es\/wp-json\/wp\/v2\/types\/page"}],"author":[{"embeddable":true,"href":"https:\/\/pokerplanets6.com\/es\/wp-json\/wp\/v2\/users\/1"}],"replies":[{"embeddable":true,"href":"https:\/\/pokerplanets6.com\/es\/wp-json\/wp\/v2\/comments?post=6676"}],"version-history":[{"count":1,"href":"https:\/\/pokerplanets6.com\/es\/wp-json\/wp\/v2\/pages\/6676\/revisions"}],"predecessor-version":[{"id":7591,"href":"https:\/\/pokerplanets6.com\/es\/wp-json\/wp\/v2\/pages\/6676\/revisions\/7591"}],"wp:attachment":[{"href":"https:\/\/pokerplanets6.com\/es\/wp-json\/wp\/v2\/media?parent=6676"}],"curies":[{"name":"wp","href":"https:\/\/api.w.org\/{rel}","templated":true}]}}