{"id":6615,"date":"2024-12-26T23:51:30","date_gmt":"2024-12-26T20:51:30","guid":{"rendered":"https:\/\/pokerplanets2.com\/pokerplanets6\/?page_id=6615"},"modified":"2025-08-18T16:34:23","modified_gmt":"2025-08-18T13:34:23","slug":"poker-terminos-y-definiciones","status":"publish","type":"page","link":"https:\/\/pokerplanets6.com\/es\/poker-terminos-y-definiciones\/","title":{"rendered":"T\u00e9rminos y definiciones del p\u00f3ker"},"content":{"rendered":"","protected":false},"excerpt":{"rendered":"","protected":false},"author":1,"featured_media":0,"parent":0,"menu_order":0,"comment_status":"closed","ping_status":"closed","template":"page-terms.php","meta":{"_acf_changed":false,"inline_featured_image":false,"footnotes":""},"class_list":["post-6615","page","type-page","status-publish","hentry"],"acf":[],"yoast_head":"<!-- This site is optimized with the Yoast SEO plugin v24.4 - https:\/\/yoast.com\/wordpress\/plugins\/seo\/ -->\n<title>Glosario de P\u00f3ker<\/title>\n<meta name=\"description\" content=\"Comprende con claridad los t\u00e9rminos del p\u00f3ker \u2714 Definiciones y conceptos para principiantes\" \/>\n<meta name=\"robots\" content=\"index, follow, max-snippet:-1, max-image-preview:large, max-video-preview:-1\" \/>\n<meta property=\"og:locale\" content=\"es_ES\" \/>\n<meta property=\"og:type\" content=\"article\" \/>\n<meta property=\"og:title\" content=\"Poker Glossary \u2013 Learn the Key Terms\" \/>\n<meta property=\"og:description\" content=\"From ante to outs and bounty \u2013 master poker lingo with this glossary and feel confident at any table\" \/>\n<meta property=\"og:url\" content=\"https:\/\/pokerplanets6.com\/es\/poker-terminos-y-definiciones\/\" \/>\n<meta property=\"og:site_name\" content=\"PokerPlanets\" \/>\n<meta property=\"article:modified_time\" content=\"2025-08-18T13:34:23+00:00\" \/>\n<meta name=\"twitter:card\" content=\"summary_large_image\" \/>\n<script type=\"application\/ld+json\" class=\"yoast-schema-graph\">{\"@context\":\"https:\/\/schema.org\",\"@graph\":[{\"@type\":\"WebPage\",\"@id\":\"https:\/\/pokerplanets6.com\/es\/poker-terminos-y-definiciones\/\",\"url\":\"https:\/\/pokerplanets6.com\/es\/poker-terminos-y-definiciones\/\",\"name\":\"Glosario de P\u00f3ker\",\"isPartOf\":{\"@id\":\"https:\/\/pokerplanets6.com\/es\/#website\"},\"datePublished\":\"2024-12-26T20:51:30+00:00\",\"dateModified\":\"2025-08-18T13:34:23+00:00\",\"description\":\"Comprende con claridad los t\u00e9rminos del p\u00f3ker \u2714 Definiciones y conceptos para principiantes\",\"breadcrumb\":{\"@id\":\"https:\/\/pokerplanets6.com\/es\/poker-terminos-y-definiciones\/#breadcrumb\"},\"inLanguage\":\"es\",\"potentialAction\":[{\"@type\":\"ReadAction\",\"target\":[\"https:\/\/pokerplanets6.com\/es\/poker-terminos-y-definiciones\/\"]}]},{\"@type\":\"BreadcrumbList\",\"@id\":\"https:\/\/pokerplanets6.com\/es\/poker-terminos-y-definiciones\/#breadcrumb\",\"itemListElement\":[{\"@type\":\"ListItem\",\"position\":1,\"name\":\"Home\",\"item\":\"https:\/\/pokerplanets6.com\/es\/\"},{\"@type\":\"ListItem\",\"position\":2,\"name\":\"T\u00e9rminos y definiciones del p\u00f3ker\"}]},{\"@type\":\"WebSite\",\"@id\":\"https:\/\/pokerplanets6.com\/es\/#website\",\"url\":\"https:\/\/pokerplanets6.com\/es\/\",\"name\":\"PokerPlanets\",\"description\":\"\",\"potentialAction\":[{\"@type\":\"SearchAction\",\"target\":{\"@type\":\"EntryPoint\",\"urlTemplate\":\"https:\/\/pokerplanets6.com\/es\/?s={search_term_string}\"},\"query-input\":{\"@type\":\"PropertyValueSpecification\",\"valueRequired\":true,\"valueName\":\"search_term_string\"}}],\"inLanguage\":\"es\"}]}<\/script>\n<!-- \/ Yoast SEO plugin. -->","yoast_head_json":{"title":"Glosario de P\u00f3ker","description":"Comprende con claridad los t\u00e9rminos del p\u00f3ker \u2714 Definiciones y conceptos para principiantes","robots":{"index":"index","follow":"follow","max-snippet":"max-snippet:-1","max-image-preview":"max-image-preview:large","max-video-preview":"max-video-preview:-1"},"og_locale":"es_ES","og_type":"article","og_title":"Poker Glossary \u2013 Learn the Key Terms","og_description":"From ante to outs and bounty \u2013 master poker lingo with this glossary and feel confident at any table","og_url":"https:\/\/pokerplanets6.com\/es\/poker-terminos-y-definiciones\/","og_site_name":"PokerPlanets","article_modified_time":"2025-08-18T13:34:23+00:00","twitter_card":"summary_large_image","schema":{"@context":"https:\/\/schema.org","@graph":[{"@type":"WebPage","@id":"https:\/\/pokerplanets6.com\/es\/poker-terminos-y-definiciones\/","url":"https:\/\/pokerplanets6.com\/es\/poker-terminos-y-definiciones\/","name":"Glosario de P\u00f3ker","isPartOf":{"@id":"https:\/\/pokerplanets6.com\/es\/#website"},"datePublished":"2024-12-26T20:51:30+00:00","dateModified":"2025-08-18T13:34:23+00:00","description":"Comprende con claridad los t\u00e9rminos del p\u00f3ker \u2714 Definiciones y conceptos para principiantes","breadcrumb":{"@id":"https:\/\/pokerplanets6.com\/es\/poker-terminos-y-definiciones\/#breadcrumb"},"inLanguage":"es","potentialAction":[{"@type":"ReadAction","target":["https:\/\/pokerplanets6.com\/es\/poker-terminos-y-definiciones\/"]}]},{"@type":"BreadcrumbList","@id":"https:\/\/pokerplanets6.com\/es\/poker-terminos-y-definiciones\/#breadcrumb","itemListElement":[{"@type":"ListItem","position":1,"name":"Home","item":"https:\/\/pokerplanets6.com\/es\/"},{"@type":"ListItem","position":2,"name":"T\u00e9rminos y definiciones del p\u00f3ker"}]},{"@type":"WebSite","@id":"https:\/\/pokerplanets6.com\/es\/#website","url":"https:\/\/pokerplanets6.com\/es\/","name":"PokerPlanets","description":"","potentialAction":[{"@type":"SearchAction","target":{"@type":"EntryPoint","urlTemplate":"https:\/\/pokerplanets6.com\/es\/?s={search_term_string}"},"query-input":{"@type":"PropertyValueSpecification","valueRequired":true,"valueName":"search_term_string"}}],"inLanguage":"es"}]}},"publishpress_future_action":{"enabled":false,"date":"2026-04-23 23:27:10","action":"change-status","newStatus":"draft","terms":[],"taxonomy":"translation_priority","extraData":[]},"publishpress_future_workflow_manual_trigger":{"enabledWorkflows":[]},"_links":{"self":[{"href":"https:\/\/pokerplanets6.com\/es\/wp-json\/wp\/v2\/pages\/6615","targetHints":{"allow":["GET"]}}],"collection":[{"href":"https:\/\/pokerplanets6.com\/es\/wp-json\/wp\/v2\/pages"}],"about":[{"href":"https:\/\/pokerplanets6.com\/es\/wp-json\/wp\/v2\/types\/page"}],"author":[{"embeddable":true,"href":"https:\/\/pokerplanets6.com\/es\/wp-json\/wp\/v2\/users\/1"}],"replies":[{"embeddable":true,"href":"https:\/\/pokerplanets6.com\/es\/wp-json\/wp\/v2\/comments?post=6615"}],"version-history":[{"count":7,"href":"https:\/\/pokerplanets6.com\/es\/wp-json\/wp\/v2\/pages\/6615\/revisions"}],"predecessor-version":[{"id":6928,"href":"https:\/\/pokerplanets6.com\/es\/wp-json\/wp\/v2\/pages\/6615\/revisions\/6928"}],"wp:attachment":[{"href":"https:\/\/pokerplanets6.com\/es\/wp-json\/wp\/v2\/media?parent=6615"}],"curies":[{"name":"wp","href":"https:\/\/api.w.org\/{rel}","templated":true}]}}