{"id":6472,"date":"2025-01-28T23:27:51","date_gmt":"2025-01-28T20:27:51","guid":{"rendered":"https:\/\/pokerplanets2.com\/pokerplanets6\/poker\/reglas-de-torneos-de-poker\/"},"modified":"2025-01-28T23:27:51","modified_gmt":"2025-01-28T20:27:51","slug":"reglas-de-torneos-de-poker","status":"publish","type":"page","link":"https:\/\/pokerplanets6.com\/es\/poker\/reglas-de-torneos-de-poker\/","title":{"rendered":"Reglas de torneos de p\u00f3ker"},"content":{"rendered":"<p><span style=\"font-weight: 400; font-size: 10pt;\">1. Garantizamos la equidad en el juego y el cumplimiento de estas reglas. En situaciones excepcionales, se podr\u00e1n tomar decisiones para mantener la integridad del juego, incluso si se apartan de las reglas establecidas.<\/span><\/p>\r\n<p><span style=\"font-weight: 400; font-size: 10pt;\">2. El acceso a todos los torneos se proporciona a trav\u00e9s del lobby de torneos en el software cliente o la aplicaci\u00f3n m\u00f3vil (denominado \"lobby de torneos\").<\/span><\/p>\r\n<p><span style=\"font-weight: 400; font-size: 10pt;\">3. La informaci\u00f3n sobre los torneos, como la hora de inicio, estructura de premios, estructura de ciegas, duraci\u00f3n de niveles, detalles de recompras y descansos, est\u00e1 disponible en el lobby de torneos. Nos reservamos el derecho de retrasar, cancelar o modificar torneos y sus par\u00e1metros sin previo aviso.<\/span><\/p>\r\n<p><span style=\"font-weight: 400; font-size: 10pt;\">4. Un jugador puede participar en un torneo solo una vez, a menos que las reglas del torneo permitan la reentrada. Esta informaci\u00f3n se especifica en el lobby de torneos.<\/span><\/p>\r\n<p><span style=\"font-weight: 400; font-size: 10pt;\">5. El registro tard\u00edo y su duraci\u00f3n se especifican en el lobby de torneos para cada torneo.<\/span><\/p>\r\n<p><span style=\"font-weight: 400; font-size: 10pt;\">6. La posibilidad de darse de baja de un torneo y el plazo para hacerlo se especifican en el lobby de torneos y pueden variar seg\u00fan el torneo. Los jugadores que obtengan asientos mediante sat\u00e9lites solo podr\u00e1n darse de baja si esta opci\u00f3n est\u00e1 permitida para el torneo de destino.<\/span><\/p>\r\n<p><span style=\"font-weight: 400; font-size: 10pt;\">7. Al inicio de un torneo, los asientos se asignan al azar. El torneo comienza con el bot\u00f3n colocado aleatoriamente. Los jugadores no pueden cambiar ni elegir sus asientos durante el torneo.<\/span><\/p>\r\n<p><span style=\"font-weight: 400; font-size: 10pt;\">8. En torneos con l\u00edmite de bote o sin l\u00edmite, el n\u00famero de subidas no est\u00e1 limitado.<\/span><\/p>\r\n<p><span style=\"font-weight: 400; font-size: 10pt;\">9. Un torneo termina cuando un jugador gana todas las fichas. Los jugadores no pueden comprar fichas adicionales a menos que las reglas del torneo permitan la reentrada.<\/span><\/p>\r\n<p><span style=\"font-weight: 400; font-size: 10pt;\">10. Cuando un jugador pierde todas sus fichas, queda eliminado. Los torneos sat\u00e9lite terminan cuando todos los jugadores se han clasificado para el torneo de destino, independientemente de sus fichas restantes.<\/span><\/p>\r\n<p><span style=\"font-weight: 400; font-size: 10pt;\">11. Si varios jugadores son eliminados en la misma mano, el jugador con m\u00e1s fichas al inicio de la mano queda en una posici\u00f3n m\u00e1s alta. Si los jugadores empezaron con el mismo n\u00famero de fichas, comparten la misma posici\u00f3n.<\/span><\/p>\r\n<p><span style=\"font-weight: 400; font-size: 10pt;\">12. Durante ciertas fases del torneo (por ejemplo, momentos cr\u00edticos que afectan la distribuci\u00f3n de premios), se puede activar el modo de manos sincronizadas cuando el juego se desarrolla en varias mesas. Esto significa que si una mano termina antes en una mesa, la siguiente no comenzar\u00e1 hasta que todas las dem\u00e1s mesas hayan finalizado sus manos respectivas.<\/span><\/p>\r\n<p><span style=\"font-weight: 400; font-size: 10pt;\">13. Despu\u00e9s de cada mano, el bot\u00f3n se mueve en sentido horario al siguiente jugador. En el juego mano a mano, el jugador en el bot\u00f3n coloca la ciega peque\u00f1a.<\/span><\/p>\r\n<p><span style=\"font-weight: 400; font-size: 10pt;\">14. Los horarios de descanso se indican en el lobby de torneos. Los torneos multimesa suelen tener descansos de 5 minutos cada hora, comenzando a los 55 minutos. Los torneos de mesa \u00fanica no tienen descansos.<\/span><\/p>\r\n<p><span style=\"font-weight: 400; font-size: 10pt;\">15. Los jugadores son los \u00fanicos responsables de cualquier fallo del equipo o software que utilicen para conectarse a Internet, as\u00ed como de las interrupciones causadas por sus proveedores de servicios de Internet. Si un jugador experimenta problemas t\u00e9cnicos de su parte y pierde la conexi\u00f3n, lo que le impide continuar en el torneo, omitir\u00e1 manos autom\u00e1ticamente y realizar\u00e1 acciones predeterminadas (por ejemplo, pasar, retirarse, colocar ciegas y\/o antes).<\/span><\/p>\r\n<p><span style=\"font-weight: 400; font-size: 10pt;\">16. En caso de fallo del servidor, error o mal funcionamiento t\u00e9cnico (\"circunstancias excepcionales\") por nuestra parte que afecte el desarrollo del juego, se aplicar\u00e1n las siguientes reglas:<\/span><\/p>\r\n<p style=\"padding-left: 40px;\"><span style=\"font-weight: 400; font-size: 10pt;\">16.1. Si el torneo se cancela antes de comenzar, todos los jugadores registrados recibir\u00e1n un reembolso de su entrada, comisi\u00f3n de torneo y recompensas personales (en torneos con recompensas). Los reembolsos se emitir\u00e1n en la misma forma de la inscripci\u00f3n original: si se us\u00f3 un ticket, se devolver\u00e1 el ticket; si se us\u00f3 dinero de torneo, se reembolsar\u00e1 en dinero de torneo.<\/span><\/p>\r\n<p style=\"padding-left: 40px;\"><span style=\"font-weight: 400; font-size: 10pt;\">16.2. Si el torneo se cancela despu\u00e9s de comenzar pero antes de llegar a la fase de premios, todos los jugadores restantes recibir\u00e1n:<\/span><\/p>\r\n<p style=\"padding-left: 80px;\"><span style=\"font-weight: 400; font-size: 10pt;\">\u2014 50% del bote de premios distribuido en partes iguales entre todos los jugadores restantes.<\/span><\/p>\r\n<p style=\"padding-left: 80px;\"><span style=\"font-weight: 400; font-size: 10pt;\">\u2014 50% del bote de premios distribuido proporcionalmente seg\u00fan el n\u00famero de fichas de cada jugador en el momento de la cancelaci\u00f3n.<\/span><\/p>\r\n<p style=\"padding-left: 80px;\"><span style=\"font-weight: 400; font-size: 10pt;\">\u2014 Un reembolso de la comisi\u00f3n de torneo.<\/span><\/p>\r\n<p style=\"padding-left: 40px;\"><span style=\"font-weight: 400; font-size: 10pt;\">16.3. Si el torneo se cancela despu\u00e9s de llegar a la fase de premios, cada jugador restante recibir\u00e1 el premio m\u00ednimo garantizado para su posici\u00f3n actual. El resto del bote se distribuir\u00e1 proporcionalmente seg\u00fan el n\u00famero de fichas.<\/span><\/p>\r\n<p style=\"padding-left: 40px;\"><span style=\"font-weight: 400; font-size: 10pt;\">16.4. En torneos con bote garantizado, si se cancela despu\u00e9s de comenzar, se distribuir\u00e1 el bote real, no el garantizado.<\/span><\/p>\r\n<p style=\"padding-left: 40px;\"><span style=\"font-weight: 400; font-size: 10pt;\">16.5. Si solo quedan jugadores de la mesa final, el bote se distribuir\u00e1 usando el Modelo Independiente de Fichas (ICM). El ICM calcula la parte del bote de cada jugador seg\u00fan sus fichas, el bote restante (excluyendo una cantidad fija para el ganador) y la probabilidad de ganar cada premio. Las recompensas por jugadores eliminados y las recompensas personales se mantienen para cada jugador.<\/span><\/p>\r\n<p style=\"padding-left: 40px;\"><span style=\"font-weight: 400; font-size: 10pt;\">16.6. Si los freerolls se cancelan antes de comenzar o antes de la fase de premios, no se ofrece compensaci\u00f3n. Si un freeroll llega a la fase de premios, los reembolsos se manejar\u00e1n seg\u00fan las reglas de los torneos est\u00e1ndar (excluyendo comisiones).<\/span><\/p>\r\n<p style=\"padding-left: 40px;\"><span style=\"font-weight: 400; font-size: 10pt;\">16.7. Al calcular reembolsos, se considera todo el bote real, incluyendo inscripciones, recompras y add-ons realizados hasta el momento de la cancelaci\u00f3n. En torneos Mystery Bounty, las recompensas no pagadas se a\u00f1aden al bote total para su distribuci\u00f3n.<\/span><\/p>\r\n<p style=\"padding-left: 40px;\"><span style=\"font-weight: 400; font-size: 10pt;\">16.8. Cuando un torneo es cancelado, se reembolsan las recompensas personales y las ganadas por eliminar a otros jugadores, incluidas las recompensas Mystery Bounty.<\/span><\/p>\r\n<p style=\"padding-left: 40px;\"><span style=\"font-weight: 400; font-size: 10pt;\">16.9. Los jugadores eliminados antes de la cancelaci\u00f3n no tienen derecho a reembolso.<\/span><\/p>\r\n<p><span style=\"font-weight: 400; font-size: 10pt;\">17. Se permiten acuerdos entre jugadores en la mesa final en ciertos torneos, a menos que est\u00e9n prohibidos en el lobby de torneos. Los acuerdos requieren el consentimiento un\u00e1nime de los jugadores restantes y se reflejar\u00e1n en la estructura de pagos. No est\u00e1n disponibles en torneos Spin&amp;Win.<\/span><\/p>\r\n<p><span style=\"font-weight: 400; font-size: 10pt;\">18. Condiciones para hacer acuerdos:<\/span><\/p>\r\n<p style=\"padding-left: 40px;\"><span style=\"font-weight: 400; font-size: 10pt;\">\u2014 Solo se permiten en torneos con dinero real.<\/span><\/p>\r\n<p style=\"padding-left: 40px;\"><span style=\"font-weight: 400; font-size: 10pt;\">\u2014 Solo pueden hacerse en la mesa final y con participaci\u00f3n de todos los jugadores restantes.<\/span><\/p>\r\n<p style=\"padding-left: 40px;\"><span style=\"font-weight: 400; font-size: 10pt;\">\u2014 PokerPlanets no mediar\u00e1 en los t\u00e9rminos del acuerdo, pero podr\u00e1 actuar como intermediario para confirmar el consentimiento de todos antes de redistribuir el bote.<\/span><\/p>\r\n<p style=\"padding-left: 40px;\"><span style=\"font-weight: 400; font-size: 10pt;\">\u2014 Se aplica el m\u00e9todo ICM para realizar acuerdos.<\/span><\/p>\r\n<p style=\"padding-left: 40px;\"><span style=\"font-weight: 400; font-size: 10pt;\">\u2014 En casos excepcionales, cuando un representante de PokerPlanets est\u00e9 presente en la mesa final como intermediario, se podr\u00e1 usar otro m\u00e9todo para distribuir el bote.<\/span><\/p>\r\n<p><span style=\"font-weight: 400; font-size: 10pt;\">19. Est\u00e1 prohibido hacer acuerdos sobre la distribuci\u00f3n de puntos del ranking. Infringir esta norma puede conllevar la cancelaci\u00f3n de todos los puntos obtenidos en el torneo.<\/span><\/p>\r\n<p><span style=\"font-weight: 400; font-size: 10pt;\">20. En ciertos torneos, los jugadores pueden ganar recompensas por eliminar a otros (\"bounties\"). Esta informaci\u00f3n se indica en el lobby de torneos. Los tipos de recompensas son:<\/span><\/p>\r\n<p style=\"padding-left: 40px;\"><span style=\"font-weight: 400; font-size: 10pt;\">\u2014 Por cada jugador eliminado: se concede una recompensa por eliminar a cualquier participante. En algunos torneos, la cantidad aumenta con cada eliminaci\u00f3n.<\/span><\/p>\r\n<p style=\"padding-left: 40px;\"><span style=\"font-weight: 400; font-size: 10pt;\">\u2014 Recompensa fija: se concede por eliminar a uno o m\u00e1s jugadores designados.<\/span><\/p>\r\n<p><span style=\"font-weight: 400; font-size: 10pt;\">21. Una recompensa se otorga al jugador que gana el bote en el que el eliminado fue all-in. Si el bote se reparte, la recompensa se divide a partes iguales. Cualquier resto va al jugador en la posici\u00f3n m\u00e1s temprana al inicio de la mano en la que se reparti\u00f3 el bote.<\/span><\/p>\r\n<p><span style=\"font-weight: 400; font-size: 10pt;\">22. Si un jugador gana un torneo con recompensas, recibe la recompensa por su propia eliminaci\u00f3n. Si un jugador con recompensa asignada no se registra, dicha recompensa no se otorga.<\/span><\/p>\r\n<p><span style=\"font-weight: 400; font-size: 10pt;\">23. Est\u00e1 prohibido que los jugadores se confabulen para eliminar a otros con el fin de obtener recompensas. Estas acciones est\u00e1n estrictamente prohibidas y se sancionar\u00e1n adecuadamente.<\/span><\/p>\r\n<p><span style=\"font-weight: 400; font-size: 10pt;\">24. En torneos Mystery Bounty, la recompensa por eliminar a un jugador se determina aleatoriamente. Si se realiza un acuerdo en la mesa final, los jugadores deben continuar hasta que uno gane todas las fichas.<\/span><\/p>\r\n<p><span style=\"font-weight: 400; font-size: 10pt;\">25. Estas reglas pueden modificarse en cualquier momento a nuestra discreci\u00f3n. Las decisiones tomadas por PokerPlanets son finales y no se pueden apelar por jugadores o terceros.<\/span><\/p>","protected":false},"excerpt":{"rendered":"<p>1. Garantizamos la equidad en el juego y el cumplimiento de estas reglas. En situaciones excepcionales, se podr\u00e1n tomar decisiones para mantener la integridad del juego, incluso si se apartan de las reglas establecidas. 2. El acceso a todos los torneos se proporciona a trav\u00e9s del lobby de torneos en el software cliente o la [&hellip;]<\/p>\n","protected":false},"author":1,"featured_media":0,"parent":6403,"menu_order":0,"comment_status":"closed","ping_status":"closed","template":"page-simple3.php","meta":{"_acf_changed":false,"inline_featured_image":false,"footnotes":""},"class_list":["post-6472","page","type-page","status-publish","hentry"],"acf":[],"yoast_head":"<!-- This site is optimized with the Yoast SEO plugin v24.4 - https:\/\/yoast.com\/wordpress\/plugins\/seo\/ -->\n<title>Reglas del P\u00f3ker Online<\/title>\n<meta name=\"description\" content=\"Conoce los formatos de torneo \ud83d\udd25 Participa en los mejores torneos de p\u00f3ker con grandes premios \u2705 Gu\u00eda de PokerPlanets\" \/>\n<meta name=\"robots\" content=\"index, follow, max-snippet:-1, max-image-preview:large, max-video-preview:-1\" \/>\n<meta property=\"og:locale\" content=\"es_ES\" \/>\n<meta property=\"og:type\" content=\"article\" \/>\n<meta property=\"og:title\" content=\"Reglas del P\u00f3ker Online\" \/>\n<meta property=\"og:description\" content=\"Conoce los formatos de torneo \ud83d\udd25 Participa en los mejores torneos de p\u00f3ker con grandes premios \u2705 Gu\u00eda de PokerPlanets\" \/>\n<meta property=\"og:url\" content=\"https:\/\/pokerplanets6.com\/es\/poker\/reglas-de-torneos-de-poker\/\" \/>\n<meta property=\"og:site_name\" content=\"PokerPlanets\" \/>\n<meta name=\"twitter:card\" content=\"summary_large_image\" \/>\n<meta name=\"twitter:label1\" content=\"Tiempo de lectura\" \/>\n\t<meta name=\"twitter:data1\" content=\"7 minutos\" \/>\n<script type=\"application\/ld+json\" class=\"yoast-schema-graph\">{\"@context\":\"https:\/\/schema.org\",\"@graph\":[{\"@type\":\"WebPage\",\"@id\":\"https:\/\/pokerplanets6.com\/es\/poker\/reglas-de-torneos-de-poker\/\",\"url\":\"https:\/\/pokerplanets6.com\/es\/poker\/reglas-de-torneos-de-poker\/\",\"name\":\"Reglas del P\u00f3ker Online\",\"isPartOf\":{\"@id\":\"https:\/\/pokerplanets6.com\/es\/#website\"},\"datePublished\":\"2025-01-28T20:27:51+00:00\",\"description\":\"Conoce los formatos de torneo \ud83d\udd25 Participa en los mejores torneos de p\u00f3ker con grandes premios \u2705 Gu\u00eda de PokerPlanets\",\"breadcrumb\":{\"@id\":\"https:\/\/pokerplanets6.com\/es\/poker\/reglas-de-torneos-de-poker\/#breadcrumb\"},\"inLanguage\":\"es\",\"potentialAction\":[{\"@type\":\"ReadAction\",\"target\":[\"https:\/\/pokerplanets6.com\/es\/poker\/reglas-de-torneos-de-poker\/\"]}]},{\"@type\":\"BreadcrumbList\",\"@id\":\"https:\/\/pokerplanets6.com\/es\/poker\/reglas-de-torneos-de-poker\/#breadcrumb\",\"itemListElement\":[{\"@type\":\"ListItem\",\"position\":1,\"name\":\"Home\",\"item\":\"https:\/\/pokerplanets6.com\/es\/\"},{\"@type\":\"ListItem\",\"position\":2,\"name\":\"P\u00f3ker\",\"item\":\"https:\/\/pokerplanets6.com\/es\/poker\/\"},{\"@type\":\"ListItem\",\"position\":3,\"name\":\"Reglas de torneos de p\u00f3ker\"}]},{\"@type\":\"WebSite\",\"@id\":\"https:\/\/pokerplanets6.com\/es\/#website\",\"url\":\"https:\/\/pokerplanets6.com\/es\/\",\"name\":\"PokerPlanets\",\"description\":\"\",\"potentialAction\":[{\"@type\":\"SearchAction\",\"target\":{\"@type\":\"EntryPoint\",\"urlTemplate\":\"https:\/\/pokerplanets6.com\/es\/?s={search_term_string}\"},\"query-input\":{\"@type\":\"PropertyValueSpecification\",\"valueRequired\":true,\"valueName\":\"search_term_string\"}}],\"inLanguage\":\"es\"}]}<\/script>\n<!-- \/ Yoast SEO plugin. -->","yoast_head_json":{"title":"Reglas del P\u00f3ker Online","description":"Conoce los formatos de torneo \ud83d\udd25 Participa en los mejores torneos de p\u00f3ker con grandes premios \u2705 Gu\u00eda de PokerPlanets","robots":{"index":"index","follow":"follow","max-snippet":"max-snippet:-1","max-image-preview":"max-image-preview:large","max-video-preview":"max-video-preview:-1"},"og_locale":"es_ES","og_type":"article","og_title":"Reglas del P\u00f3ker Online","og_description":"Conoce los formatos de torneo \ud83d\udd25 Participa en los mejores torneos de p\u00f3ker con grandes premios \u2705 Gu\u00eda de PokerPlanets","og_url":"https:\/\/pokerplanets6.com\/es\/poker\/reglas-de-torneos-de-poker\/","og_site_name":"PokerPlanets","twitter_card":"summary_large_image","twitter_misc":{"Tiempo de lectura":"7 minutos"},"schema":{"@context":"https:\/\/schema.org","@graph":[{"@type":"WebPage","@id":"https:\/\/pokerplanets6.com\/es\/poker\/reglas-de-torneos-de-poker\/","url":"https:\/\/pokerplanets6.com\/es\/poker\/reglas-de-torneos-de-poker\/","name":"Reglas del P\u00f3ker Online","isPartOf":{"@id":"https:\/\/pokerplanets6.com\/es\/#website"},"datePublished":"2025-01-28T20:27:51+00:00","description":"Conoce los formatos de torneo \ud83d\udd25 Participa en los mejores torneos de p\u00f3ker con grandes premios \u2705 Gu\u00eda de PokerPlanets","breadcrumb":{"@id":"https:\/\/pokerplanets6.com\/es\/poker\/reglas-de-torneos-de-poker\/#breadcrumb"},"inLanguage":"es","potentialAction":[{"@type":"ReadAction","target":["https:\/\/pokerplanets6.com\/es\/poker\/reglas-de-torneos-de-poker\/"]}]},{"@type":"BreadcrumbList","@id":"https:\/\/pokerplanets6.com\/es\/poker\/reglas-de-torneos-de-poker\/#breadcrumb","itemListElement":[{"@type":"ListItem","position":1,"name":"Home","item":"https:\/\/pokerplanets6.com\/es\/"},{"@type":"ListItem","position":2,"name":"P\u00f3ker","item":"https:\/\/pokerplanets6.com\/es\/poker\/"},{"@type":"ListItem","position":3,"name":"Reglas de torneos de p\u00f3ker"}]},{"@type":"WebSite","@id":"https:\/\/pokerplanets6.com\/es\/#website","url":"https:\/\/pokerplanets6.com\/es\/","name":"PokerPlanets","description":"","potentialAction":[{"@type":"SearchAction","target":{"@type":"EntryPoint","urlTemplate":"https:\/\/pokerplanets6.com\/es\/?s={search_term_string}"},"query-input":{"@type":"PropertyValueSpecification","valueRequired":true,"valueName":"search_term_string"}}],"inLanguage":"es"}]}},"publishpress_future_action":{"enabled":false,"date":"2026-04-23 23:34:35","action":"change-status","newStatus":"draft","terms":[],"taxonomy":"translation_priority","extraData":[]},"publishpress_future_workflow_manual_trigger":{"enabledWorkflows":[]},"_links":{"self":[{"href":"https:\/\/pokerplanets6.com\/es\/wp-json\/wp\/v2\/pages\/6472","targetHints":{"allow":["GET"]}}],"collection":[{"href":"https:\/\/pokerplanets6.com\/es\/wp-json\/wp\/v2\/pages"}],"about":[{"href":"https:\/\/pokerplanets6.com\/es\/wp-json\/wp\/v2\/types\/page"}],"author":[{"embeddable":true,"href":"https:\/\/pokerplanets6.com\/es\/wp-json\/wp\/v2\/users\/1"}],"replies":[{"embeddable":true,"href":"https:\/\/pokerplanets6.com\/es\/wp-json\/wp\/v2\/comments?post=6472"}],"version-history":[{"count":0,"href":"https:\/\/pokerplanets6.com\/es\/wp-json\/wp\/v2\/pages\/6472\/revisions"}],"up":[{"embeddable":true,"href":"https:\/\/pokerplanets6.com\/es\/wp-json\/wp\/v2\/pages\/6403"}],"wp:attachment":[{"href":"https:\/\/pokerplanets6.com\/es\/wp-json\/wp\/v2\/media?parent=6472"}],"curies":[{"name":"wp","href":"https:\/\/api.w.org\/{rel}","templated":true}]}}