{"id":6462,"date":"2024-12-20T22:11:03","date_gmt":"2024-12-20T19:11:03","guid":{"rendered":"https:\/\/pokerplanets2.com\/pokerplanets6\/poker\/manos-de-poker\/"},"modified":"2024-12-20T22:11:03","modified_gmt":"2024-12-20T19:11:03","slug":"manos-de-poker","status":"publish","type":"page","link":"https:\/\/pokerplanets6.com\/es\/poker\/manos-de-poker\/","title":{"rendered":"Manos de P\u00f3ker"},"content":{"rendered":"<h2 style=\"text-align: center;\"><span style=\"font-size: 14pt;\"><strong>Manos de P\u00f3ker<\/strong><\/span><\/h2>\r\n<p><span style=\"font-size: 10pt;\">En nuestra sala de p\u00f3ker, jugamos a una gran variedad de modalidades, y cada una utiliza un conjunto espec\u00edfico de reglas para clasificar las manos. Vamos a desglosarlo:<\/span><\/p>\r\n<p><span style=\"font-size: 10pt;\"><strong>Clasificaci\u00f3n Cl\u00e1sica de Manos<br \/>\r\n<\/strong>La mayor\u00eda de los juegos de p\u00f3ker, como Texas Hold'em, Omaha, Seven Card Stud y Five Card Draw, usan la clasificaci\u00f3n tradicional de manos altas. Este es el orden de mayor a menor:<\/span><\/p>\r\n<table style=\"border-collapse: collapse; width: 100%;\">\r\n<tbody>\r\n<tr>\r\n<td style=\"width: 50%;\"><span style=\"font-size: 10pt;\"><strong>1. Escalera Real<\/strong>: la mano m\u00e1s alta en el p\u00f3ker. Consta de As, Rey, Reina, Jota y Diez del mismo palo (por ejemplo, todos corazones, todos diamantes, todos tr\u00e9boles o todas picas).<img loading=\"lazy\" decoding=\"async\" class=\"alignnone size-medium wp-image-153\" src=\"http:\/\/pokerplanets2.com\/pokerplanets6\/wp-content\/uploads\/sites\/15\/2024\/12\/1-300x167.png\" alt=\"\" width=\"300\" height=\"167\" srcset=\"https:\/\/pokerplanets6.com\/wp-content\/uploads\/sites\/15\/2024\/12\/1-300x167.png 300w, https:\/\/pokerplanets6.com\/wp-content\/uploads\/sites\/15\/2024\/12\/1-768x428.png 768w, https:\/\/pokerplanets6.com\/wp-content\/uploads\/sites\/15\/2024\/12\/1.png 900w\" sizes=\"auto, (max-width: 300px) 100vw, 300px\" \/><\/span><\/td>\r\n<td style=\"width: 50%;\"><span style=\"font-size: 10pt;\"><strong>2. Escalera de Color<\/strong>: cinco cartas en secuencia, todas del mismo palo. La m\u00e1s alta gana, siendo la Escalera Real (As, Rey, Reina, Jota, Diez del mismo palo) la mejor posible.<img loading=\"lazy\" decoding=\"async\" class=\"alignnone size-medium wp-image-155\" src=\"http:\/\/pokerplanets2.com\/pokerplanets6\/wp-content\/uploads\/sites\/15\/2024\/12\/2-300x167.png\" alt=\"\" width=\"300\" height=\"167\" srcset=\"https:\/\/pokerplanets6.com\/wp-content\/uploads\/sites\/15\/2024\/12\/2-300x167.png 300w, https:\/\/pokerplanets6.com\/wp-content\/uploads\/sites\/15\/2024\/12\/2-768x428.png 768w, https:\/\/pokerplanets6.com\/wp-content\/uploads\/sites\/15\/2024\/12\/2.png 900w\" sizes=\"auto, (max-width: 300px) 100vw, 300px\" \/><\/span><\/td>\r\n<\/tr>\r\n<tr>\r\n<td style=\"width: 50%;\"><span style=\"font-size: 10pt;\"><strong>3. P\u00f3ker<\/strong>: cuatro cartas del mismo valor m\u00e1s una carta adicional llamada kicker, usada para desempatar. Tambi\u00e9n conocida como \"cuatro iguales\".<img loading=\"lazy\" decoding=\"async\" class=\"alignnone size-medium wp-image-157\" src=\"http:\/\/pokerplanets2.com\/pokerplanets6\/wp-content\/uploads\/sites\/15\/2024\/12\/3-300x167.png\" alt=\"\" width=\"300\" height=\"167\" srcset=\"https:\/\/pokerplanets6.com\/wp-content\/uploads\/sites\/15\/2024\/12\/3-300x167.png 300w, https:\/\/pokerplanets6.com\/wp-content\/uploads\/sites\/15\/2024\/12\/3-768x428.png 768w, https:\/\/pokerplanets6.com\/wp-content\/uploads\/sites\/15\/2024\/12\/3.png 900w\" sizes=\"auto, (max-width: 300px) 100vw, 300px\" \/><\/span><\/td>\r\n<td style=\"width: 50%;\"><span style=\"font-size: 10pt;\"><strong>4. Full<\/strong>: tres cartas de un valor y dos de otro. A veces llamado \u201cfull boat\u201d o simplemente \u201cboat\u201d.<img loading=\"lazy\" decoding=\"async\" class=\"size-medium wp-image-159 alignleft\" src=\"http:\/\/pokerplanets2.com\/pokerplanets6\/wp-content\/uploads\/sites\/15\/2024\/12\/4-300x167.png\" alt=\"\" width=\"300\" height=\"167\" srcset=\"https:\/\/pokerplanets6.com\/wp-content\/uploads\/sites\/15\/2024\/12\/4-300x167.png 300w, https:\/\/pokerplanets6.com\/wp-content\/uploads\/sites\/15\/2024\/12\/4-768x428.png 768w, https:\/\/pokerplanets6.com\/wp-content\/uploads\/sites\/15\/2024\/12\/4.png 900w\" sizes=\"auto, (max-width: 300px) 100vw, 300px\" \/>En caso de empate, gana el tr\u00edo m\u00e1s alto. Si son iguales, gana la pareja m\u00e1s alta.<\/span><\/td>\r\n<\/tr>\r\n<tr>\r\n<td style=\"width: 50%;\">\r\n<p><span style=\"font-size: 10pt;\"><strong>5. Color<\/strong>: cinco cartas del mismo palo que no est\u00e9n en secuencia.<img loading=\"lazy\" decoding=\"async\" class=\"size-medium wp-image-161 alignleft\" src=\"http:\/\/pokerplanets2.com\/pokerplanets6\/wp-content\/uploads\/sites\/15\/2024\/12\/5-300x167.png\" alt=\"\" width=\"300\" height=\"167\" srcset=\"https:\/\/pokerplanets6.com\/wp-content\/uploads\/sites\/15\/2024\/12\/5-300x167.png 300w, https:\/\/pokerplanets6.com\/wp-content\/uploads\/sites\/15\/2024\/12\/5-768x428.png 768w, https:\/\/pokerplanets6.com\/wp-content\/uploads\/sites\/15\/2024\/12\/5.png 900w\" sizes=\"auto, (max-width: 300px) 100vw, 300px\" \/>En caso de empate, gana la carta m\u00e1s alta del color; si es igual, se compara la siguiente, y as\u00ed sucesivamente.<\/span><\/p>\r\n<\/td>\r\n<td style=\"width: 50%;\">\r\n<p><span style=\"font-size: 10pt;\"><strong>6. Escalera<\/strong>: cinco cartas en secuencia de cualquier palo. El As puede ser la carta m\u00e1s alta o m\u00e1s baja, pero no ambas.<img loading=\"lazy\" decoding=\"async\" class=\"size-medium wp-image-163 alignleft\" src=\"http:\/\/pokerplanets2.com\/pokerplanets6\/wp-content\/uploads\/sites\/15\/2024\/12\/6-300x167.png\" alt=\"\" width=\"300\" height=\"167\" srcset=\"https:\/\/pokerplanets6.com\/wp-content\/uploads\/sites\/15\/2024\/12\/6-300x167.png 300w, https:\/\/pokerplanets6.com\/wp-content\/uploads\/sites\/15\/2024\/12\/6-768x428.png 768w, https:\/\/pokerplanets6.com\/wp-content\/uploads\/sites\/15\/2024\/12\/6.png 900w\" sizes=\"auto, (max-width: 300px) 100vw, 300px\" \/><\/span><\/p>\r\n<\/td>\r\n<\/tr>\r\n<tr>\r\n<td style=\"width: 50%;\">\r\n<p><span style=\"font-size: 10pt;\"><strong>7. Tr\u00edo<\/strong>: tres cartas del mismo valor m\u00e1s dos cartas no relacionadas.<img loading=\"lazy\" decoding=\"async\" class=\"alignnone size-medium wp-image-165\" src=\"http:\/\/pokerplanets2.com\/pokerplanets6\/wp-content\/uploads\/sites\/15\/2024\/12\/7-300x167.png\" alt=\"\" width=\"300\" height=\"167\" srcset=\"https:\/\/pokerplanets6.com\/wp-content\/uploads\/sites\/15\/2024\/12\/7-300x167.png 300w, https:\/\/pokerplanets6.com\/wp-content\/uploads\/sites\/15\/2024\/12\/7-768x428.png 768w, https:\/\/pokerplanets6.com\/wp-content\/uploads\/sites\/15\/2024\/12\/7.png 900w\" sizes=\"auto, (max-width: 300px) 100vw, 300px\" \/>Si hay empate, gana el tr\u00edo m\u00e1s alto; si es igual, decide el kicker.<\/span><\/p>\r\n<\/td>\r\n<td style=\"width: 50%;\">\r\n<p><span style=\"font-size: 10pt;\"><strong>8. Doble Pareja<\/strong>: dos cartas de un valor, dos de otro y una carta no relacionada.<img loading=\"lazy\" decoding=\"async\" class=\"alignnone size-medium wp-image-167\" src=\"http:\/\/pokerplanets2.com\/pokerplanets6\/wp-content\/uploads\/sites\/15\/2024\/12\/8-300x167.png\" alt=\"\" width=\"300\" height=\"167\" srcset=\"https:\/\/pokerplanets6.com\/wp-content\/uploads\/sites\/15\/2024\/12\/8-300x167.png 300w, https:\/\/pokerplanets6.com\/wp-content\/uploads\/sites\/15\/2024\/12\/8-768x428.png 768w, https:\/\/pokerplanets6.com\/wp-content\/uploads\/sites\/15\/2024\/12\/8.png 900w\" sizes=\"auto, (max-width: 300px) 100vw, 300px\" \/>En caso de empate, se compara la pareja m\u00e1s alta, luego la segunda y despu\u00e9s el kicker.<\/span><\/p>\r\n<\/td>\r\n<\/tr>\r\n<tr>\r\n<td style=\"width: 50%;\">\r\n<p><span style=\"font-size: 10pt;\"><strong>9. Pareja<\/strong>: dos cartas del mismo valor m\u00e1s tres cartas no relacionadas.<img loading=\"lazy\" decoding=\"async\" class=\"size-medium wp-image-169 alignleft\" src=\"http:\/\/pokerplanets2.com\/pokerplanets6\/wp-content\/uploads\/sites\/15\/2024\/12\/9-300x167.png\" alt=\"\" width=\"300\" height=\"167\" srcset=\"https:\/\/pokerplanets6.com\/wp-content\/uploads\/sites\/15\/2024\/12\/9-300x167.png 300w, https:\/\/pokerplanets6.com\/wp-content\/uploads\/sites\/15\/2024\/12\/9-768x428.png 768w, https:\/\/pokerplanets6.com\/wp-content\/uploads\/sites\/15\/2024\/12\/9.png 900w\" sizes=\"auto, (max-width: 300px) 100vw, 300px\" \/>En empate, gana el kicker m\u00e1s alto; si es igual, el siguiente, y as\u00ed sucesivamente.<\/span><\/p>\r\n<\/td>\r\n<td style=\"width: 50%;\"><span style=\"font-size: 10pt;\"><strong>10. Carta Alta<\/strong>: si no hay ninguna otra combinaci\u00f3n, gana la carta m\u00e1s alta.<img loading=\"lazy\" decoding=\"async\" class=\"size-medium wp-image-171 alignleft\" src=\"http:\/\/pokerplanets2.com\/pokerplanets6\/wp-content\/uploads\/sites\/15\/2024\/12\/10-300x167.png\" alt=\"\" width=\"300\" height=\"167\" srcset=\"https:\/\/pokerplanets6.com\/wp-content\/uploads\/sites\/15\/2024\/12\/10-300x167.png 300w, https:\/\/pokerplanets6.com\/wp-content\/uploads\/sites\/15\/2024\/12\/10-768x428.png 768w, https:\/\/pokerplanets6.com\/wp-content\/uploads\/sites\/15\/2024\/12\/10.png 900w\" sizes=\"auto, (max-width: 300px) 100vw, 300px\" \/><\/span><\/td>\r\n<\/tr>\r\n<\/tbody>\r\n<\/table>\r\n<p><span style=\"font-size: 10pt;\"><strong>Clasificaci\u00f3n Ace To Five Lowball<\/strong><\/span><\/p>\r\n<p><span style=\"font-size: 10pt;\">Usada en juegos Hi\/Lo como Omaha Hi\/Lo y Stud Hi\/Lo, as\u00ed como en Razz. Los palos no importan; las escaleras o colores no rompen la mano baja.<\/span><\/p>\r\n<p><span style=\"font-size: 10pt;\">El valor de la mano se determina por la carta m\u00e1s alta y baja progresivamente.<\/span><\/p>\r\n<table>\r\n<tbody>\r\n<tr>\r\n<td style=\"width: 50%;\"><span style=\"font-size: 10pt;\"><strong>Cinco Bajo (Wheel)<\/strong>: Cinco, Cuatro, Tres, Dos y As.<img loading=\"lazy\" decoding=\"async\" class=\"alignnone size-medium wp-image-196\" src=\"http:\/\/pokerplanets2.com\/pokerplanets6\/wp-content\/uploads\/sites\/15\/2024\/12\/21-300x167.png\" alt=\"\" width=\"300\" height=\"167\" srcset=\"https:\/\/pokerplanets6.com\/wp-content\/uploads\/sites\/15\/2024\/12\/21-300x167.png 300w, https:\/\/pokerplanets6.com\/wp-content\/uploads\/sites\/15\/2024\/12\/21-768x428.png 768w, https:\/\/pokerplanets6.com\/wp-content\/uploads\/sites\/15\/2024\/12\/21.png 900w\" sizes=\"auto, (max-width: 300px) 100vw, 300px\" \/>En empate, las manos se reparten el bote.<\/span><\/td>\r\n<td style=\"width: 50%;\"><span style=\"font-size: 10pt;\"><strong>Seis Bajo<\/strong>: cinco cartas no emparejadas con un Seis como carta m\u00e1s alta.<img loading=\"lazy\" decoding=\"async\" class=\"alignnone size-medium wp-image-198\" src=\"http:\/\/pokerplanets2.com\/pokerplanets6\/wp-content\/uploads\/sites\/15\/2024\/12\/22-300x167.png\" alt=\"\" width=\"300\" height=\"167\" srcset=\"https:\/\/pokerplanets6.com\/wp-content\/uploads\/sites\/15\/2024\/12\/22-300x167.png 300w, https:\/\/pokerplanets6.com\/wp-content\/uploads\/sites\/15\/2024\/12\/22-768x428.png 768w, https:\/\/pokerplanets6.com\/wp-content\/uploads\/sites\/15\/2024\/12\/22.png 900w\" sizes=\"auto, (max-width: 300px) 100vw, 300px\" \/>Gana la segunda carta m\u00e1s baja.<\/span><\/td>\r\n<\/tr>\r\n<tr>\r\n<td style=\"width: 50%;\"><span style=\"font-size: 10pt;\"><strong>Siete Bajo<\/strong>: cinco cartas no emparejadas con un Siete como carta m\u00e1s alta.<img loading=\"lazy\" decoding=\"async\" class=\"alignnone size-medium wp-image-200\" src=\"http:\/\/pokerplanets2.com\/pokerplanets6\/wp-content\/uploads\/sites\/15\/2024\/12\/23-300x167.png\" alt=\"\" width=\"300\" height=\"167\" srcset=\"https:\/\/pokerplanets6.com\/wp-content\/uploads\/sites\/15\/2024\/12\/23-300x167.png 300w, https:\/\/pokerplanets6.com\/wp-content\/uploads\/sites\/15\/2024\/12\/23-768x428.png 768w, https:\/\/pokerplanets6.com\/wp-content\/uploads\/sites\/15\/2024\/12\/23.png 900w\" sizes=\"auto, (max-width: 300px) 100vw, 300px\" \/><\/span><\/td>\r\n<td style=\"width: 50%;\"><span style=\"font-size: 10pt;\"><strong>Ocho Bajo<\/strong>: cinco cartas no emparejadas con un Ocho como carta m\u00e1s alta.<img loading=\"lazy\" decoding=\"async\" class=\"alignnone size-medium wp-image-202\" src=\"http:\/\/pokerplanets2.com\/pokerplanets6\/wp-content\/uploads\/sites\/15\/2024\/12\/24-300x167.png\" alt=\"\" width=\"300\" height=\"167\" srcset=\"https:\/\/pokerplanets6.com\/wp-content\/uploads\/sites\/15\/2024\/12\/24-300x167.png 300w, https:\/\/pokerplanets6.com\/wp-content\/uploads\/sites\/15\/2024\/12\/24-768x428.png 768w, https:\/\/pokerplanets6.com\/wp-content\/uploads\/sites\/15\/2024\/12\/24.png 900w\" sizes=\"auto, (max-width: 300px) 100vw, 300px\" \/><\/span><\/td>\r\n<\/tr>\r\n<\/tbody>\r\n<\/table>\r\n<p><span style=\"font-size: 10pt;\"><strong>Clasificaci\u00f3n Deuce To Seven Lowball<\/strong><\/span><\/p>\r\n<p><span style=\"font-size: 10pt;\">Opuesta a la clasificaci\u00f3n de manos altas. El As siempre es carta alta y las escaleras y colores cuentan en contra.<\/span><\/p>\r\n<table style=\"border-collapse: collapse; width: 100%;\">\r\n<tbody>\r\n<tr>\r\n<td style=\"width: 50%;\"><span style=\"font-size: 10pt;\"><strong>Siete Bajo<\/strong>: cinco cartas no emparejadas y no consecutivas, con un Siete como carta m\u00e1s alta.<img loading=\"lazy\" decoding=\"async\" class=\"alignnone size-medium wp-image-207\" src=\"http:\/\/pokerplanets2.com\/pokerplanets6\/wp-content\/uploads\/sites\/15\/2024\/12\/25-300x167.png\" alt=\"\" width=\"300\" height=\"167\" srcset=\"https:\/\/pokerplanets6.com\/wp-content\/uploads\/sites\/15\/2024\/12\/25-300x167.png 300w, https:\/\/pokerplanets6.com\/wp-content\/uploads\/sites\/15\/2024\/12\/25-768x428.png 768w, https:\/\/pokerplanets6.com\/wp-content\/uploads\/sites\/15\/2024\/12\/25.png 900w\" sizes=\"auto, (max-width: 300px) 100vw, 300px\" \/><\/span><\/td>\r\n<td style=\"width: 50%;\"><span style=\"font-size: 10pt;\"><strong>Ocho Bajo<\/strong>: cinco cartas no emparejadas y no consecutivas, con un Ocho como carta m\u00e1s alta.<img loading=\"lazy\" decoding=\"async\" class=\"alignnone size-medium wp-image-209\" src=\"http:\/\/pokerplanets2.com\/pokerplanets6\/wp-content\/uploads\/sites\/15\/2024\/12\/26-300x167.png\" alt=\"\" width=\"300\" height=\"167\" srcset=\"https:\/\/pokerplanets6.com\/wp-content\/uploads\/sites\/15\/2024\/12\/26-300x167.png 300w, https:\/\/pokerplanets6.com\/wp-content\/uploads\/sites\/15\/2024\/12\/26-768x428.png 768w, https:\/\/pokerplanets6.com\/wp-content\/uploads\/sites\/15\/2024\/12\/26.png 900w\" sizes=\"auto, (max-width: 300px) 100vw, 300px\" \/><\/span><\/td>\r\n<\/tr>\r\n<tr>\r\n<td style=\"width: 50%;\"><span style=\"font-size: 10pt;\"><strong>Nueve Bajo<\/strong>: cinco cartas no emparejadas y no consecutivas, con un Nueve como carta m\u00e1s alta.<img loading=\"lazy\" decoding=\"async\" class=\"alignnone size-medium wp-image-211\" src=\"http:\/\/pokerplanets2.com\/pokerplanets6\/wp-content\/uploads\/sites\/15\/2024\/12\/27-300x167.png\" alt=\"\" width=\"300\" height=\"167\" srcset=\"https:\/\/pokerplanets6.com\/wp-content\/uploads\/sites\/15\/2024\/12\/27-300x167.png 300w, https:\/\/pokerplanets6.com\/wp-content\/uploads\/sites\/15\/2024\/12\/27-768x428.png 768w, https:\/\/pokerplanets6.com\/wp-content\/uploads\/sites\/15\/2024\/12\/27.png 900w\" sizes=\"auto, (max-width: 300px) 100vw, 300px\" \/><\/span><\/td>\r\n<td style=\"width: 50%;\"><span style=\"font-size: 10pt;\"><strong>Diez Bajo<\/strong>: cinco cartas no emparejadas y no consecutivas, con un Diez como carta m\u00e1s alta.<img loading=\"lazy\" decoding=\"async\" class=\"alignnone size-medium wp-image-213\" src=\"http:\/\/pokerplanets2.com\/pokerplanets6\/wp-content\/uploads\/sites\/15\/2024\/12\/28-300x167.png\" alt=\"\" width=\"300\" height=\"167\" srcset=\"https:\/\/pokerplanets6.com\/wp-content\/uploads\/sites\/15\/2024\/12\/28-300x167.png 300w, https:\/\/pokerplanets6.com\/wp-content\/uploads\/sites\/15\/2024\/12\/28-768x428.png 768w, https:\/\/pokerplanets6.com\/wp-content\/uploads\/sites\/15\/2024\/12\/28.png 900w\" sizes=\"auto, (max-width: 300px) 100vw, 300px\" \/><\/span><\/td>\r\n<\/tr>\r\n<\/tbody>\r\n<\/table>\r\n<p><span style=\"font-size: 10pt;\"><strong>C\u00f3mo saber qui\u00e9n gana en el p\u00f3ker<\/strong><\/span><\/p>\r\n<p><span style=\"font-size: 10pt;\">\u2022 Pareja &gt; carta alta<br \/>\u2022 Doble pareja &gt; pareja<br \/>\u2022 Tr\u00edo &gt; doble pareja<br \/>\u2022 Escalera &gt; tr\u00edo<br \/>\u2022 Color &gt; escalera<br \/>\u2022 Full &gt; color<br \/>\u2022 P\u00f3ker &gt; full<br \/>\u2022 Escalera de color &gt; p\u00f3ker<br \/>\u2022 Escalera real &gt; escalera de color<\/span><\/p>\r\n<p><span style=\"font-size: 10pt;\"><strong>C\u00f3mo calcular probabilidades<\/strong><\/span><\/p>\r\n<p><span style=\"font-size: 10pt;\">Una baraja tiene 52 cartas y 2.598.960 combinaciones posibles. Por ejemplo, hay 4 formas de conseguir una escalera real, as\u00ed que la probabilidad es 4 \u00f7 2.598.960 = 0,00000154.<\/span><\/p>","protected":false},"excerpt":{"rendered":"<p>Manos de P\u00f3ker En nuestra sala de p\u00f3ker, jugamos a una gran variedad de modalidades, y cada una utiliza un conjunto espec\u00edfico de reglas para clasificar las manos. Vamos a desglosarlo: Clasificaci\u00f3n Cl\u00e1sica de Manos La mayor\u00eda de los juegos de p\u00f3ker, como Texas Hold'em, Omaha, Seven Card Stud y Five Card Draw, usan la [&hellip;]<\/p>\n","protected":false},"author":1,"featured_media":0,"parent":6403,"menu_order":0,"comment_status":"closed","ping_status":"closed","template":"page-faq-nosidebar.php","meta":{"_acf_changed":false,"inline_featured_image":false,"footnotes":""},"class_list":["post-6462","page","type-page","status-publish","hentry"],"acf":[],"yoast_head":"<!-- This site is optimized with the Yoast SEO plugin v24.4 - https:\/\/yoast.com\/wordpress\/plugins\/seo\/ -->\n<title>Clasificaci\u00f3n de manos de p\u00f3ker: aprende qu\u00e9 mano gana a cu\u00e1l<\/title>\n<meta name=\"description\" content=\"Lista completa de manos ganadoras \u2714 Aprende las reglas y \u00fanete a las partidas en vivo en PokerPlanets\" \/>\n<meta name=\"robots\" content=\"index, follow, max-snippet:-1, max-image-preview:large, max-video-preview:-1\" \/>\n<meta property=\"og:locale\" content=\"es_ES\" \/>\n<meta property=\"og:type\" content=\"article\" \/>\n<meta property=\"og:title\" content=\"Clasificaci\u00f3n de manos de p\u00f3ker: desde la pareja hasta la escalera real\" \/>\n<meta property=\"og:description\" content=\"Explora la lista completa de manos de p\u00f3ker con ejemplos y explicaciones claras. Perfecto para principiantes y jugadores avanzados\" \/>\n<meta property=\"og:url\" content=\"https:\/\/pokerplanets6.com\/es\/poker\/manos-de-poker\/\" \/>\n<meta property=\"og:site_name\" content=\"PokerPlanets\" \/>\n<meta property=\"og:image\" content=\"http:\/\/pokerplanets2.com\/pokerplanets6\/wp-content\/uploads\/sites\/15\/2024\/12\/1-300x167.png\" \/>\n<meta name=\"twitter:card\" content=\"summary_large_image\" \/>\n<meta name=\"twitter:label1\" content=\"Tiempo de lectura\" \/>\n\t<meta name=\"twitter:data1\" content=\"3 minutos\" \/>\n<script type=\"application\/ld+json\" class=\"yoast-schema-graph\">{\"@context\":\"https:\/\/schema.org\",\"@graph\":[{\"@type\":\"WebPage\",\"@id\":\"https:\/\/pokerplanets6.com\/es\/poker\/manos-de-poker\/\",\"url\":\"https:\/\/pokerplanets6.com\/es\/poker\/manos-de-poker\/\",\"name\":\"Clasificaci\u00f3n de manos de p\u00f3ker: aprende qu\u00e9 mano gana a cu\u00e1l\",\"isPartOf\":{\"@id\":\"https:\/\/pokerplanets6.com\/es\/#website\"},\"primaryImageOfPage\":{\"@id\":\"https:\/\/pokerplanets6.com\/es\/poker\/manos-de-poker\/#primaryimage\"},\"image\":{\"@id\":\"https:\/\/pokerplanets6.com\/es\/poker\/manos-de-poker\/#primaryimage\"},\"thumbnailUrl\":\"http:\/\/pokerplanets2.com\/pokerplanets6\/wp-content\/uploads\/sites\/15\/2024\/12\/1-300x167.png\",\"datePublished\":\"2024-12-20T19:11:03+00:00\",\"description\":\"Lista completa de manos ganadoras \u2714 Aprende las reglas y \u00fanete a las partidas en vivo en PokerPlanets\",\"breadcrumb\":{\"@id\":\"https:\/\/pokerplanets6.com\/es\/poker\/manos-de-poker\/#breadcrumb\"},\"inLanguage\":\"es\",\"potentialAction\":[{\"@type\":\"ReadAction\",\"target\":[\"https:\/\/pokerplanets6.com\/es\/poker\/manos-de-poker\/\"]}]},{\"@type\":\"ImageObject\",\"inLanguage\":\"es\",\"@id\":\"https:\/\/pokerplanets6.com\/es\/poker\/manos-de-poker\/#primaryimage\",\"url\":\"http:\/\/pokerplanets2.com\/pokerplanets6\/wp-content\/uploads\/sites\/15\/2024\/12\/1-300x167.png\",\"contentUrl\":\"http:\/\/pokerplanets2.com\/pokerplanets6\/wp-content\/uploads\/sites\/15\/2024\/12\/1-300x167.png\"},{\"@type\":\"BreadcrumbList\",\"@id\":\"https:\/\/pokerplanets6.com\/es\/poker\/manos-de-poker\/#breadcrumb\",\"itemListElement\":[{\"@type\":\"ListItem\",\"position\":1,\"name\":\"Home\",\"item\":\"https:\/\/pokerplanets6.com\/es\/\"},{\"@type\":\"ListItem\",\"position\":2,\"name\":\"P\u00f3ker\",\"item\":\"https:\/\/pokerplanets6.com\/es\/poker\/\"},{\"@type\":\"ListItem\",\"position\":3,\"name\":\"Manos de P\u00f3ker\"}]},{\"@type\":\"WebSite\",\"@id\":\"https:\/\/pokerplanets6.com\/es\/#website\",\"url\":\"https:\/\/pokerplanets6.com\/es\/\",\"name\":\"PokerPlanets\",\"description\":\"\",\"potentialAction\":[{\"@type\":\"SearchAction\",\"target\":{\"@type\":\"EntryPoint\",\"urlTemplate\":\"https:\/\/pokerplanets6.com\/es\/?s={search_term_string}\"},\"query-input\":{\"@type\":\"PropertyValueSpecification\",\"valueRequired\":true,\"valueName\":\"search_term_string\"}}],\"inLanguage\":\"es\"}]}<\/script>\n<!-- \/ Yoast SEO plugin. -->","yoast_head_json":{"title":"Clasificaci\u00f3n de manos de p\u00f3ker: aprende qu\u00e9 mano gana a cu\u00e1l","description":"Lista completa de manos ganadoras \u2714 Aprende las reglas y \u00fanete a las partidas en vivo en PokerPlanets","robots":{"index":"index","follow":"follow","max-snippet":"max-snippet:-1","max-image-preview":"max-image-preview:large","max-video-preview":"max-video-preview:-1"},"og_locale":"es_ES","og_type":"article","og_title":"Clasificaci\u00f3n de manos de p\u00f3ker: desde la pareja hasta la escalera real","og_description":"Explora la lista completa de manos de p\u00f3ker con ejemplos y explicaciones claras. Perfecto para principiantes y jugadores avanzados","og_url":"https:\/\/pokerplanets6.com\/es\/poker\/manos-de-poker\/","og_site_name":"PokerPlanets","og_image":[{"url":"http:\/\/pokerplanets2.com\/pokerplanets6\/wp-content\/uploads\/sites\/15\/2024\/12\/1-300x167.png","type":"","width":"","height":""}],"twitter_card":"summary_large_image","twitter_misc":{"Tiempo de lectura":"3 minutos"},"schema":{"@context":"https:\/\/schema.org","@graph":[{"@type":"WebPage","@id":"https:\/\/pokerplanets6.com\/es\/poker\/manos-de-poker\/","url":"https:\/\/pokerplanets6.com\/es\/poker\/manos-de-poker\/","name":"Clasificaci\u00f3n de manos de p\u00f3ker: aprende qu\u00e9 mano gana a cu\u00e1l","isPartOf":{"@id":"https:\/\/pokerplanets6.com\/es\/#website"},"primaryImageOfPage":{"@id":"https:\/\/pokerplanets6.com\/es\/poker\/manos-de-poker\/#primaryimage"},"image":{"@id":"https:\/\/pokerplanets6.com\/es\/poker\/manos-de-poker\/#primaryimage"},"thumbnailUrl":"http:\/\/pokerplanets2.com\/pokerplanets6\/wp-content\/uploads\/sites\/15\/2024\/12\/1-300x167.png","datePublished":"2024-12-20T19:11:03+00:00","description":"Lista completa de manos ganadoras \u2714 Aprende las reglas y \u00fanete a las partidas en vivo en PokerPlanets","breadcrumb":{"@id":"https:\/\/pokerplanets6.com\/es\/poker\/manos-de-poker\/#breadcrumb"},"inLanguage":"es","potentialAction":[{"@type":"ReadAction","target":["https:\/\/pokerplanets6.com\/es\/poker\/manos-de-poker\/"]}]},{"@type":"ImageObject","inLanguage":"es","@id":"https:\/\/pokerplanets6.com\/es\/poker\/manos-de-poker\/#primaryimage","url":"http:\/\/pokerplanets2.com\/pokerplanets6\/wp-content\/uploads\/sites\/15\/2024\/12\/1-300x167.png","contentUrl":"http:\/\/pokerplanets2.com\/pokerplanets6\/wp-content\/uploads\/sites\/15\/2024\/12\/1-300x167.png"},{"@type":"BreadcrumbList","@id":"https:\/\/pokerplanets6.com\/es\/poker\/manos-de-poker\/#breadcrumb","itemListElement":[{"@type":"ListItem","position":1,"name":"Home","item":"https:\/\/pokerplanets6.com\/es\/"},{"@type":"ListItem","position":2,"name":"P\u00f3ker","item":"https:\/\/pokerplanets6.com\/es\/poker\/"},{"@type":"ListItem","position":3,"name":"Manos de P\u00f3ker"}]},{"@type":"WebSite","@id":"https:\/\/pokerplanets6.com\/es\/#website","url":"https:\/\/pokerplanets6.com\/es\/","name":"PokerPlanets","description":"","potentialAction":[{"@type":"SearchAction","target":{"@type":"EntryPoint","urlTemplate":"https:\/\/pokerplanets6.com\/es\/?s={search_term_string}"},"query-input":{"@type":"PropertyValueSpecification","valueRequired":true,"valueName":"search_term_string"}}],"inLanguage":"es"}]}},"publishpress_future_action":{"enabled":false,"date":"2026-04-24 00:49:53","action":"change-status","newStatus":"draft","terms":[],"taxonomy":"translation_priority","extraData":[]},"publishpress_future_workflow_manual_trigger":{"enabledWorkflows":[]},"_links":{"self":[{"href":"https:\/\/pokerplanets6.com\/es\/wp-json\/wp\/v2\/pages\/6462","targetHints":{"allow":["GET"]}}],"collection":[{"href":"https:\/\/pokerplanets6.com\/es\/wp-json\/wp\/v2\/pages"}],"about":[{"href":"https:\/\/pokerplanets6.com\/es\/wp-json\/wp\/v2\/types\/page"}],"author":[{"embeddable":true,"href":"https:\/\/pokerplanets6.com\/es\/wp-json\/wp\/v2\/users\/1"}],"replies":[{"embeddable":true,"href":"https:\/\/pokerplanets6.com\/es\/wp-json\/wp\/v2\/comments?post=6462"}],"version-history":[{"count":0,"href":"https:\/\/pokerplanets6.com\/es\/wp-json\/wp\/v2\/pages\/6462\/revisions"}],"up":[{"embeddable":true,"href":"https:\/\/pokerplanets6.com\/es\/wp-json\/wp\/v2\/pages\/6403"}],"wp:attachment":[{"href":"https:\/\/pokerplanets6.com\/es\/wp-json\/wp\/v2\/media?parent=6462"}],"curies":[{"name":"wp","href":"https:\/\/api.w.org\/{rel}","templated":true}]}}