{"id":6405,"date":"2024-12-20T22:58:34","date_gmt":"2024-12-20T19:58:34","guid":{"rendered":"https:\/\/pokerplanets2.com\/pokerplanets6\/poker\/poker-omaha-de-5-cartas\/"},"modified":"2024-12-20T22:58:34","modified_gmt":"2024-12-20T19:58:34","slug":"poker-omaha-de-5-cartas","status":"publish","type":"page","link":"https:\/\/pokerplanets6.com\/es\/poker\/poker-omaha-de-5-cartas\/","title":{"rendered":"P\u00f3ker Omaha de 5 cartas"},"content":{"rendered":"<p style=\"text-align: center;\"><span style=\"font-size: 14pt;\"><b>Omaha de Cinco Cartas: Reglas y Caracter\u00edsticas Clave<\/b><\/span><\/p>\r\n<p><span style=\"font-size: 10pt;\"><span style=\"font-size: 12pt;\"><b>Reglas B\u00e1sicas<\/b><\/span><b><br \/>\r\n<\/b><span style=\"font-weight: 400;\">El Omaha de 5 cartas es una variante del p\u00f3ker Omaha cl\u00e1sico, donde a cada jugador se le reparten cinco cartas ocultas y se revelan cinco cartas comunitarias en la mesa.<\/span><\/span><\/p>\r\n<p><span style=\"font-size: 10pt;\"><b>La Regla Clave<\/b><span style=\"font-weight: 400;\">: el jugador debe formar su mano usando <\/span><b>exactamente dos cartas ocultas y tres cartas comunitarias<\/b><span style=\"font-weight: 400;\">. <\/span><span style=\"font-weight: 400;\"><a href=\"https:\/\/pokerplanets2.com\/pokerplanets6\/poker\/poker-hands\/\">Aprende m\u00e1s sobre la jerarqu\u00eda de manos en p\u00f3ker<\/a>.<\/span><\/span><\/p>\r\n<p><span style=\"font-size: 10pt;\"><b>Tipos de Omaha de 5 Cartas<\/b><\/span><\/p>\r\n<ul>\r\n\t<li style=\"font-weight: 400;\" aria-level=\"1\"><span style=\"font-size: 10pt;\"><b>Pot-Limit Omaha<\/b><span style=\"font-weight: 400;\">: La apuesta m\u00e1xima est\u00e1 limitada al tama\u00f1o del bote. Esto genera un juego tenso y con profundidad estrat\u00e9gica. Es uno de los formatos m\u00e1s populares.<\/span><\/span><\/li>\r\n\t<li style=\"font-weight: 400;\" aria-level=\"1\"><span style=\"font-size: 10pt;\"><b>No-Limit Omaha<\/b><span style=\"font-weight: 400;\">: No hay l\u00edmites en las apuestas, permitiendo faroles audaces y movimientos decisivos.<\/span><\/span><\/li>\r\n<\/ul>\r\n<p><span style=\"font-size: 10pt;\"><span style=\"font-weight: 400;\">\u00bfC\u00f3mo jugar al Omaha de 5 Cartas?<\/span><span style=\"font-weight: 400;\"><br \/>\r\n<\/span><span style=\"font-weight: 400;\">En Pot-Limit Omaha de 5 Cartas, las partidas var\u00edan seg\u00fan el tama\u00f1o de las ciegas (por ejemplo, en una partida de $1\/$2, la ciega peque\u00f1a es $1 y la grande $2). A cada jugador se le reparten cinco cartas ocultas y la acci\u00f3n de apuestas avanza en sentido horario comenzando por el jugador a la izquierda de la ciega grande.<\/span><\/span><\/p>\r\n<p><span style=\"font-size: 10pt;\"><b>\u00bfC\u00f3mo avanza el juego?<\/b><\/span><\/p>\r\n<ol>\r\n\t<li style=\"font-weight: 400;\" aria-level=\"1\"><span style=\"font-size: 10pt;\"><b>Preflop<\/b><span style=\"font-weight: 400;\">: Se reparten cinco cartas ocultas a cada jugador. Comienza la primera ronda de apuestas.<\/span><\/span><\/li>\r\n\t<li style=\"font-weight: 400;\" aria-level=\"1\"><span style=\"font-size: 10pt;\"><b>Flop<\/b><span style=\"font-weight: 400;\">: Se revelan tres cartas comunitarias en la mesa, seguida por la segunda ronda de apuestas.<\/span><\/span><\/li>\r\n\t<li style=\"font-weight: 400;\" aria-level=\"1\"><span style=\"font-size: 10pt;\"><b>Turn<\/b><span style=\"font-weight: 400;\">: Se a\u00f1ade la cuarta carta comunitaria a la mesa, dando paso a la tercera ronda de apuestas.<\/span><\/span><\/li>\r\n\t<li style=\"font-weight: 400;\" aria-level=\"1\"><span style=\"font-size: 10pt;\"><b>River<\/b><span style=\"font-weight: 400;\">: Se revela la quinta y \u00faltima carta comunitaria, seguida por la ronda final de apuestas.<\/span><\/span><\/li>\r\n\t<li style=\"font-weight: 400;\" aria-level=\"1\"><span style=\"font-size: 10pt;\"><b>Showdown<\/b><span style=\"font-weight: 400;\">: Los jugadores muestran sus cartas y gana la mejor combinaci\u00f3n. La mano v\u00e1lida debe consistir en exactamente dos cartas ocultas y tres comunitarias.<\/span><\/span><\/li>\r\n<\/ol>\r\n<p><span style=\"font-size: 10pt;\"><b>Reglas de apuestas en Pot-Limit y No-Limit Omaha de 5 Cartas<\/b><\/span><\/p>\r\n<p><span style=\"font-weight: 400; font-size: 10pt;\">Las reglas para Pot-Limit y No-Limit Omaha de 5 Cartas son similares, con algunas diferencias:<\/span><\/p>\r\n<h3><span style=\"font-size: 10pt;\"><b>Pot-Limit Omaha<\/b><\/span><\/h3>\r\n<ul>\r\n\t<li style=\"font-weight: 400;\" aria-level=\"1\"><span style=\"font-size: 10pt;\"><b>Apuesta m\u00ednima<\/b><span style=\"font-weight: 400;\"> igual a la ciega grande.<\/span><\/span><\/li>\r\n\t<li style=\"font-weight: 400;\" aria-level=\"1\"><span style=\"font-size: 10pt;\"><b>Subida m\u00ednima<\/b><span style=\"font-weight: 400;\"> debe ser al menos del tama\u00f1o de la apuesta o subida anterior.<\/span><\/span><\/li>\r\n\t<li style=\"font-weight: 400;\" aria-level=\"1\"><span style=\"font-size: 10pt;\"><b>Subida m\u00e1xima<\/b><span style=\"font-weight: 400;\"> igual al tama\u00f1o del bote.<\/span><\/span><\/li>\r\n\t<li style=\"font-weight: 400;\" aria-level=\"1\"><span style=\"font-size: 10pt;\"><span style=\"font-weight: 400;\">Hay<\/span><b> subidas ilimitadas <\/b><span style=\"font-weight: 400;\">en Pot-Limit Omaha de 5 Cartas.<\/span><\/span><\/li>\r\n<\/ul>\r\n<h4><span style=\"font-size: 10pt;\"><b>Ejemplo de subida m\u00ednima:<\/b><\/span><\/h4>\r\n<p><span style=\"font-size: 10pt;\"><span style=\"font-weight: 400;\">Si un jugador apuesta $5, el siguiente <\/span><b>debe subir al menos $5 <\/b><span style=\"font-weight: 400;\">(apuesta total $10) <\/span><b>o m\u00e1s<\/b><span style=\"font-weight: 400;\">, siempre que no supere el tama\u00f1o del bote.<\/span><\/span><\/p>\r\n<h4><span style=\"font-size: 10pt;\"><b>Ejemplo de c\u00e1lculo de subida m\u00e1xima:<\/b><\/span><\/h4>\r\n<p><span style=\"font-weight: 400; font-size: 10pt;\">Si el bote contiene $100 y no se han realizado apuestas en la ronda actual, un jugador puede apostar hasta $100. Si hace una apuesta, el siguiente jugador puede:<\/span><\/p>\r\n<ul>\r\n\t<li style=\"font-weight: 400;\" aria-level=\"1\"><span style=\"font-weight: 400; font-size: 10pt;\">Retirarse,<\/span><\/li>\r\n\t<li style=\"font-weight: 400;\" aria-level=\"1\"><span style=\"font-weight: 400; font-size: 10pt;\">Igualar $100, o<\/span><\/li>\r\n\t<li style=\"font-weight: 400;\" aria-level=\"1\"><span style=\"font-weight: 400; font-size: 10pt;\">Subir a $400 (igualar $100 + a\u00f1adir $300 por la subida).<\/span><\/li>\r\n<\/ul>\r\n<h3><span style=\"font-size: 10pt;\"><b>No-Limit Omaha<\/b><\/span><\/h3>\r\n<ul>\r\n\t<li style=\"font-weight: 400;\" aria-level=\"1\"><span style=\"font-size: 10pt;\"><b>Apuesta m\u00ednima<\/b><span style=\"font-weight: 400;\"> igual a la ciega grande.<\/span><\/span><\/li>\r\n\t<li style=\"font-weight: 400;\" aria-level=\"1\"><span style=\"font-size: 10pt;\"><b>Subida m\u00ednima<\/b><span style=\"font-weight: 400;\"> debe ser al menos del tama\u00f1o de la apuesta o subida anterior.<\/span><\/span><\/li>\r\n\t<li style=\"font-weight: 400;\" aria-level=\"1\"><span style=\"font-size: 10pt;\"><b>Apuesta m\u00e1xima<\/b><span style=\"font-weight: 400;\"> es todo el stack del jugador.<\/span><\/span><\/li>\r\n\t<li style=\"font-weight: 400;\" aria-level=\"1\"><span style=\"font-size: 10pt;\"><span style=\"font-weight: 400;\">Hay<\/span><b> subidas ilimitadas <\/b><span style=\"font-weight: 400;\">en No-Limit Omaha de 5 Cartas.<\/span><\/span><\/li>\r\n<\/ul>\r\n<h4><span style=\"font-size: 10pt;\"><b>Ejemplo de subida m\u00ednima:<\/b><\/span><\/h4>\r\n<p><span style=\"font-size: 10pt;\"><span style=\"font-weight: 400;\">Si un jugador apuesta $5, el siguiente <\/span><b>debe subir al menos $5<\/b><span style=\"font-weight: 400;\"> (apuesta total $10).<\/span><\/span><\/p>\r\n<p style=\"text-align: center;\"><span style=\"font-size: 10pt;\"><b>\u00bfListo para dominar el Omaha de 5 Cartas? \u00a1Juega Gratis!<\/b><\/span><\/p>\r\n<p style=\"text-align: center;\"><span style=\"font-weight: 400; font-size: 10pt;\">Descarga la app de PokerPlanets y empieza a jugar gratis o con dinero real. Sum\u00e9rgete en el juego, perfecciona tus estrategias, analiza a los oponentes y reclama la victoria. Disfruta de juego justo, amplia selecci\u00f3n de mesas y la emoci\u00f3n real. \u00a1\u00danete ahora y explora todas las dimensiones del Omaha!<\/span><\/p>\r\n<p style=\"text-align: center;\"><div id=\"detectButton5\" style=\"margin: 0 auto; text-align: center;\"><button class=\"button  button--red\" type=\"button\"><svg class=\"svg\"><use xlink:href=\"\/wp-content\/uploads\/sites\/15\/2024\/12\/sprite.svg#lock\"><\/use> <\/svg>  DOWNLOAD POKERPLANETS <\/button><\/div>","protected":false},"excerpt":{"rendered":"<p>Omaha de Cinco Cartas: Reglas y Caracter\u00edsticas Clave Reglas B\u00e1sicas El Omaha de 5 cartas es una variante del p\u00f3ker Omaha cl\u00e1sico, donde a cada jugador se le reparten cinco cartas ocultas y se revelan cinco cartas comunitarias en la mesa. La Regla Clave: el jugador debe formar su mano usando exactamente dos cartas ocultas [&hellip;]<\/p>\n","protected":false},"author":1,"featured_media":0,"parent":6403,"menu_order":0,"comment_status":"closed","ping_status":"closed","template":"page-faq-nosidebar.php","meta":{"_acf_changed":false,"inline_featured_image":false,"footnotes":""},"class_list":["post-6405","page","type-page","status-publish","hentry"],"acf":[],"yoast_head":"<!-- This site is optimized with the Yoast SEO plugin v24.4 - https:\/\/yoast.com\/wordpress\/plugins\/seo\/ -->\n<title>Reglas del p\u00f3ker Omaha de 5 cartas - Poker Planets<\/title>\n<meta name=\"description\" content=\"Domina el Omaha de 5 cartas en PokerPlanets \u2705 Aprende Omaha y \u00fanete a partidas de dinero real \u2705 Aprende y juega online\" \/>\n<meta name=\"robots\" content=\"index, follow, max-snippet:-1, max-image-preview:large, max-video-preview:-1\" \/>\n<meta property=\"og:locale\" content=\"es_ES\" \/>\n<meta property=\"og:type\" content=\"article\" \/>\n<meta property=\"og:title\" content=\"Reglas del p\u00f3ker Omaha de 5 cartas - Poker Planets\" \/>\n<meta property=\"og:description\" content=\"Domina el Omaha de 5 cartas en PokerPlanets \u2705 Aprende Omaha y \u00fanete a partidas de dinero real \u2705 Aprende y juega online\" \/>\n<meta property=\"og:url\" content=\"https:\/\/pokerplanets6.com\/es\/poker\/poker-omaha-de-5-cartas\/\" \/>\n<meta property=\"og:site_name\" content=\"PokerPlanets\" \/>\n<meta name=\"twitter:card\" content=\"summary_large_image\" \/>\n<meta name=\"twitter:label1\" content=\"Tiempo de lectura\" \/>\n\t<meta name=\"twitter:data1\" content=\"3 minutos\" \/>\n<script type=\"application\/ld+json\" class=\"yoast-schema-graph\">{\"@context\":\"https:\/\/schema.org\",\"@graph\":[{\"@type\":\"WebPage\",\"@id\":\"https:\/\/pokerplanets6.com\/es\/poker\/poker-omaha-de-5-cartas\/\",\"url\":\"https:\/\/pokerplanets6.com\/es\/poker\/poker-omaha-de-5-cartas\/\",\"name\":\"Reglas del p\u00f3ker Omaha de 5 cartas - Poker Planets\",\"isPartOf\":{\"@id\":\"https:\/\/pokerplanets6.com\/es\/#website\"},\"datePublished\":\"2024-12-20T19:58:34+00:00\",\"description\":\"Domina el Omaha de 5 cartas en PokerPlanets \u2705 Aprende Omaha y \u00fanete a partidas de dinero real \u2705 Aprende y juega online\",\"breadcrumb\":{\"@id\":\"https:\/\/pokerplanets6.com\/es\/poker\/poker-omaha-de-5-cartas\/#breadcrumb\"},\"inLanguage\":\"es\",\"potentialAction\":[{\"@type\":\"ReadAction\",\"target\":[\"https:\/\/pokerplanets6.com\/es\/poker\/poker-omaha-de-5-cartas\/\"]}]},{\"@type\":\"BreadcrumbList\",\"@id\":\"https:\/\/pokerplanets6.com\/es\/poker\/poker-omaha-de-5-cartas\/#breadcrumb\",\"itemListElement\":[{\"@type\":\"ListItem\",\"position\":1,\"name\":\"Home\",\"item\":\"https:\/\/pokerplanets6.com\/es\/\"},{\"@type\":\"ListItem\",\"position\":2,\"name\":\"P\u00f3ker\",\"item\":\"https:\/\/pokerplanets6.com\/es\/poker\/\"},{\"@type\":\"ListItem\",\"position\":3,\"name\":\"P\u00f3ker Omaha de 5 cartas\"}]},{\"@type\":\"WebSite\",\"@id\":\"https:\/\/pokerplanets6.com\/es\/#website\",\"url\":\"https:\/\/pokerplanets6.com\/es\/\",\"name\":\"PokerPlanets\",\"description\":\"\",\"potentialAction\":[{\"@type\":\"SearchAction\",\"target\":{\"@type\":\"EntryPoint\",\"urlTemplate\":\"https:\/\/pokerplanets6.com\/es\/?s={search_term_string}\"},\"query-input\":{\"@type\":\"PropertyValueSpecification\",\"valueRequired\":true,\"valueName\":\"search_term_string\"}}],\"inLanguage\":\"es\"}]}<\/script>\n<!-- \/ Yoast SEO plugin. -->","yoast_head_json":{"title":"Reglas del p\u00f3ker Omaha de 5 cartas - Poker Planets","description":"Domina el Omaha de 5 cartas en PokerPlanets \u2705 Aprende Omaha y \u00fanete a partidas de dinero real \u2705 Aprende y juega online","robots":{"index":"index","follow":"follow","max-snippet":"max-snippet:-1","max-image-preview":"max-image-preview:large","max-video-preview":"max-video-preview:-1"},"og_locale":"es_ES","og_type":"article","og_title":"Reglas del p\u00f3ker Omaha de 5 cartas - Poker Planets","og_description":"Domina el Omaha de 5 cartas en PokerPlanets \u2705 Aprende Omaha y \u00fanete a partidas de dinero real \u2705 Aprende y juega online","og_url":"https:\/\/pokerplanets6.com\/es\/poker\/poker-omaha-de-5-cartas\/","og_site_name":"PokerPlanets","twitter_card":"summary_large_image","twitter_misc":{"Tiempo de lectura":"3 minutos"},"schema":{"@context":"https:\/\/schema.org","@graph":[{"@type":"WebPage","@id":"https:\/\/pokerplanets6.com\/es\/poker\/poker-omaha-de-5-cartas\/","url":"https:\/\/pokerplanets6.com\/es\/poker\/poker-omaha-de-5-cartas\/","name":"Reglas del p\u00f3ker Omaha de 5 cartas - Poker Planets","isPartOf":{"@id":"https:\/\/pokerplanets6.com\/es\/#website"},"datePublished":"2024-12-20T19:58:34+00:00","description":"Domina el Omaha de 5 cartas en PokerPlanets \u2705 Aprende Omaha y \u00fanete a partidas de dinero real \u2705 Aprende y juega online","breadcrumb":{"@id":"https:\/\/pokerplanets6.com\/es\/poker\/poker-omaha-de-5-cartas\/#breadcrumb"},"inLanguage":"es","potentialAction":[{"@type":"ReadAction","target":["https:\/\/pokerplanets6.com\/es\/poker\/poker-omaha-de-5-cartas\/"]}]},{"@type":"BreadcrumbList","@id":"https:\/\/pokerplanets6.com\/es\/poker\/poker-omaha-de-5-cartas\/#breadcrumb","itemListElement":[{"@type":"ListItem","position":1,"name":"Home","item":"https:\/\/pokerplanets6.com\/es\/"},{"@type":"ListItem","position":2,"name":"P\u00f3ker","item":"https:\/\/pokerplanets6.com\/es\/poker\/"},{"@type":"ListItem","position":3,"name":"P\u00f3ker Omaha de 5 cartas"}]},{"@type":"WebSite","@id":"https:\/\/pokerplanets6.com\/es\/#website","url":"https:\/\/pokerplanets6.com\/es\/","name":"PokerPlanets","description":"","potentialAction":[{"@type":"SearchAction","target":{"@type":"EntryPoint","urlTemplate":"https:\/\/pokerplanets6.com\/es\/?s={search_term_string}"},"query-input":{"@type":"PropertyValueSpecification","valueRequired":true,"valueName":"search_term_string"}}],"inLanguage":"es"}]}},"publishpress_future_action":{"enabled":false,"date":"2026-04-23 23:36:22","action":"change-status","newStatus":"draft","terms":[],"taxonomy":"translation_priority","extraData":[]},"publishpress_future_workflow_manual_trigger":{"enabledWorkflows":[]},"_links":{"self":[{"href":"https:\/\/pokerplanets6.com\/es\/wp-json\/wp\/v2\/pages\/6405","targetHints":{"allow":["GET"]}}],"collection":[{"href":"https:\/\/pokerplanets6.com\/es\/wp-json\/wp\/v2\/pages"}],"about":[{"href":"https:\/\/pokerplanets6.com\/es\/wp-json\/wp\/v2\/types\/page"}],"author":[{"embeddable":true,"href":"https:\/\/pokerplanets6.com\/es\/wp-json\/wp\/v2\/users\/1"}],"replies":[{"embeddable":true,"href":"https:\/\/pokerplanets6.com\/es\/wp-json\/wp\/v2\/comments?post=6405"}],"version-history":[{"count":0,"href":"https:\/\/pokerplanets6.com\/es\/wp-json\/wp\/v2\/pages\/6405\/revisions"}],"up":[{"embeddable":true,"href":"https:\/\/pokerplanets6.com\/es\/wp-json\/wp\/v2\/pages\/6403"}],"wp:attachment":[{"href":"https:\/\/pokerplanets6.com\/es\/wp-json\/wp\/v2\/media?parent=6405"}],"curies":[{"name":"wp","href":"https:\/\/api.w.org\/{rel}","templated":true}]}}