{"id":6245,"date":"2025-01-28T23:25:27","date_gmt":"2025-01-28T20:25:27","guid":{"rendered":"https:\/\/pokerplanets2.com\/pokerplanets6\/terminos-y-condiciones-generales\/juego-responsable\/"},"modified":"2025-01-28T23:25:27","modified_gmt":"2025-01-28T20:25:27","slug":"juego-responsable","status":"publish","type":"page","link":"https:\/\/pokerplanets6.com\/es\/terminos-y-condiciones-generales\/juego-responsable\/","title":{"rendered":"Juego responsable"},"content":{"rendered":"<p><span style=\"font-size: 10pt;\"><em>Versi\u00f3n 1.0.<\/em><\/span><br \/>\r\n<span style=\"font-size: 10pt;\"><em>\u00daltima actualizaci\u00f3n: 1 de marzo de 2025<\/em><\/span><\/p>\r\n<div>\r\n<ul>\r\n\t<li><span style=\"font-size: 10pt;\">Por favor, revisa cuidadosamente la informaci\u00f3n proporcionada.<\/span><\/li>\r\n\t<li><span style=\"font-size: 10pt;\">Este sitio web, la aplicaci\u00f3n cliente con interfaz gr\u00e1fica de usuario y las aplicaciones m\u00f3viles correspondientes (\"Sitio web\") son propiedad y est\u00e1n operadas por Entertainment Planets B.V., una empresa registrada conforme a las leyes de Curazao, con n\u00famero de registro 166486 y domicilio en Kaya Richard J. Beaujon Z\/N, Curazao (en adelante, \"nosotros\", \"nuestro\" o \"empresa\"). Este Sitio web est\u00e1 licenciado y regulado por la Junta de Control del Juego de Curazao, Licencia N.\u00ba OGL\/2024\/1469\/0855.<\/span><\/li>\r\n\t<li><span style=\"font-size: 10pt;\">Los t\u00e9rminos \"usuario\", \"jugador\" o \"t\u00fa\" se refieren a la persona que ha registrado o tiene la intenci\u00f3n de registrar una Cuenta en el Sitio web.<\/span><\/li>\r\n<\/ul>\r\n<\/div>\r\n<div>\r\n<p><span style=\"font-size: 10pt;\"><strong>Juego Responsable<\/strong><\/span><\/p>\r\n<ul>\r\n\t<li><span style=\"font-size: 10pt;\">Para la mayor\u00eda de nuestros usuarios, el juego es una forma de entretenimiento, un pasatiempo y una fuente de emoci\u00f3n saludable. Sin embargo, entendemos que para algunos usuarios el juego puede tener consecuencias negativas. En la medicina, el juego patol\u00f3gico est\u00e1 reconocido como una enfermedad.<\/span><\/li>\r\n\t<li><span style=\"font-size: 10pt;\">Desde el inicio de nuestras actividades, hemos prestado atenci\u00f3n a este problema y hacemos todo lo posible por minimizarlo. Por \"juego responsable\" entendemos un conjunto de medidas que un operador de juego puede adoptar para ayudar a reducir la probabilidad de consecuencias negativas. Las principales herramientas para prevenir dichas consecuencias son el conocimiento y la educaci\u00f3n sobre los riesgos del juego, ayudando a los usuarios a controlarse y evitar efectos perjudiciales.<\/span><\/li>\r\n<\/ul>\r\n<\/div>\r\n<div><span style=\"font-size: 10pt;\"><strong>Informaci\u00f3n y Contacto<\/strong><\/span>\r\n<ul>\r\n\t<li><span style=\"font-size: 10pt;\">Apoyamos las iniciativas de juego responsable y recomendamos consultar la informaci\u00f3n disponible en los siguientes sitios web: GambleAware (<a href=\"https:\/\/www.gambleaware.co.uk\/\">https:\/\/www.gambleaware.co.uk\/<\/a>), GamCare (<a href=\"https:\/\/www.gamcare.org.uk\/\">https:\/\/www.gamcare.org.uk\/<\/a>), GordonHouse (<a href=\"https:\/\/www.gamblingtherapy.org\/\">https:\/\/www.gamblingtherapy.org\/<\/a>), Gamon (<a href=\"http:\/\/gamanon.org.uk\/\">http:\/\/gamanon.org.uk\/<\/a>) y GA (<a href=\"https:\/\/www.gamblersanonymous.org.uk\/\">https:\/\/www.gamblersanonymous.org.uk\/<\/a>).<\/span><\/li>\r\n\t<li><span style=\"font-size: 10pt;\">Puedes realizar un test de adicci\u00f3n al juego en: <a href=\"https:\/\/www.begambleaware.org\/gambling-problems\/do-i-have-a-gambling-problem\/\">https:\/\/www.begambleaware.org\/gambling-problems\/do-i-have-a-gambling-problem\/<\/a>.<\/span><\/li>\r\n\t<li><span style=\"font-size: 10pt;\">Nuestro servicio de soporte est\u00e1 siempre disponible para ayudarte \u2013 support@pokerplanets2.com\/pokerplanets6.<\/span><\/li>\r\n<\/ul>\r\n<\/div>\r\n<div><span style=\"font-size: 10pt;\"><strong>Consejos \u00datiles<\/strong><\/span>\r\n<ul>\r\n\t<li><span style=\"font-size: 10pt;\">Recomendamos tener en cuenta los siguientes consejos para garantizar que el juego siga siendo una forma de entretenimiento y no genere consecuencias negativas:<\/span><br \/>\r\n<span style=\"font-size: 10pt;\"><strong>\u2022 Establece un l\u00edmite de dep\u00f3sito<\/strong><\/span><br \/>\r\n<span style=\"font-size: 10pt;\">Antes de comenzar a jugar, piensa cu\u00e1nto puedes permitirte gastar seg\u00fan tu situaci\u00f3n financiera. Juega solo con el dinero destinado al ocio.<\/span><br \/>\r\n<span style=\"font-size: 10pt;\"><strong>\u2022 No intentes recuperar p\u00e9rdidas a toda costa<\/strong><\/span><br \/>\r\n<span style=\"font-size: 10pt;\">Evita asumir riesgos excesivos para recuperar p\u00e9rdidas. Juega por diversi\u00f3n, no con la intenci\u00f3n de ganar dinero.<\/span><br \/>\r\n<span style=\"font-size: 10pt;\"><strong>\u2022 Establece un l\u00edmite de tiempo<\/strong><\/span><br \/>\r\n<span style=\"font-size: 10pt;\">Define un l\u00edmite de tiempo y no lo sobrepases. Recuerda que el juego debe coexistir con otros intereses y no convertirse en tu \u00fanica actividad.<\/span><br \/>\r\n<span style=\"font-size: 10pt;\"><strong>\u2022 Juega con sensatez<\/strong><\/span><br \/>\r\n<span style=\"font-size: 10pt;\">No juegues si est\u00e1s estresado, deprimido o pasando por un mal momento. No juegues bajo los efectos de medicamentos, drogas o alcohol.<\/span><br \/>\r\n<span style=\"font-size: 10pt;\"><strong>\u2022 T\u00f3mate descansos<\/strong><\/span><br \/>\r\n<span style=\"font-size: 10pt;\">Haz pausas si notas que est\u00e1s cansado o te cuesta concentrarte.<\/span><br \/>\r\n<span style=\"font-size: 10pt;\"><strong>\u2022 Una cuenta por persona<\/strong><\/span><br \/>\r\n<span style=\"font-size: 10pt;\">Para facilitar el control del tiempo y el gasto, y cumplir con las reglas del Sitio web, se recomienda encarecidamente no crear m\u00e1s de una cuenta por persona.<\/span><\/li>\r\n<\/ul>\r\n<\/div>\r\n<div><span style=\"font-size: 10pt;\"><strong>Protecci\u00f3n de Menores<\/strong><\/span>\r\n<ul>\r\n\t<li><span style=\"font-size: 10pt;\">Est\u00e1 estrictamente prohibido el uso del Sitio web por parte de personas menores de 18 a\u00f1os o que no tengan la mayor\u00eda de edad legal en su jurisdicci\u00f3n. Por favor, mant\u00e9n tu informaci\u00f3n de acceso fuera del alcance de menores.<\/span><\/li>\r\n\t<li><span style=\"font-size: 10pt;\">Recomendamos encarecidamente utilizar sistemas de filtrado. Estos sistemas permiten controlar el acceso a Internet seg\u00fan ciertos criterios. Los padres pueden emplearlos para evitar que los menores accedan a sitios de juego. Si hay menores en tu entorno o se ha solicitado autoexclusi\u00f3n, configura medidas de filtrado o limita el acceso a tus dispositivos.<\/span><\/li>\r\n\t<li><span style=\"font-size: 10pt;\">Podemos recomendarte una lista de sistemas de filtrado para impedir el acceso de menores a contenido no deseado: <a href=\"https:\/\/famisafe.wondershare.com\/internet-filter\/best-internet-filters.html\">https:\/\/famisafe.wondershare.com\/internet-filter\/best-internet-filters.html<\/a><\/span><\/li>\r\n<\/ul>\r\n<\/div>\r\n<div>\r\n<p><span style=\"font-size: 10pt;\"><strong>L\u00edmites<\/strong><\/span><\/p>\r\n<ul>\r\n\t<li><span style=\"font-size: 10pt;\">Para fomentar el juego responsable, puedes establecer los siguientes l\u00edmites en tu Cuenta:<\/span><\/li>\r\n\t<li><span style=\"font-size: 10pt;\">- El tiempo m\u00e1ximo por d\u00eda, semana o mes que puedes utilizar el Sitio web.<\/span><br \/>\r\n<span style=\"font-size: 10pt;\">- El importe m\u00e1ximo que puedes depositar en tu cuenta por d\u00eda, semana o mes.<\/span><br \/>\r\n<span style=\"font-size: 10pt;\">- El importe m\u00e1ximo que puedes gastar por d\u00eda, semana o mes. Los bonos y apuestas gratuitas no se incluyen en estos c\u00e1lculos.<\/span><\/li>\r\n\t<li><span style=\"font-size: 10pt;\">Si deseas establecer l\u00edmites, hazlo en la secci\u00f3n correspondiente del Sitio web.<\/span><\/li>\r\n<\/ul>\r\n<\/div>\r\n<div><span style=\"font-size: 10pt;\"><strong>Autoexclusi\u00f3n<\/strong><\/span>\r\n<ul>\r\n\t<li><span style=\"font-size: 10pt;\">Si necesitas una pausa en tu actividad en el Sitio web, te ofrecemos la opci\u00f3n de autoexclusi\u00f3n. Esto significa que tu Cuenta permanecer\u00e1 cerrada durante un periodo determinado y no podr\u00e1 reactivarse bajo ninguna circunstancia durante dicho periodo. Haremos todo lo posible para impedir que abras una nueva cuenta con nosotros. Sin embargo, si logras crear una cuenta nueva proporcionando datos falsos u otros m\u00e9todos, aceptas que toda responsabilidad por cualquier p\u00e9rdida posterior recae exclusivamente en ti. Si detectamos que has creado una cuenta duplicada de esta forma, nos reservamos el derecho de cerrarla inmediatamente.<\/span><\/li>\r\n\t<li><span style=\"font-size: 10pt;\">El periodo m\u00ednimo de autoexclusi\u00f3n es de 6 (seis) meses.<\/span><\/li>\r\n<\/ul>\r\n<\/div>","protected":false},"excerpt":{"rendered":"<p>Versi\u00f3n 1.0. \u00daltima actualizaci\u00f3n: 1 de marzo de 2025 Por favor, revisa cuidadosamente la informaci\u00f3n proporcionada. Este sitio web, la aplicaci\u00f3n cliente con interfaz gr\u00e1fica de usuario y las aplicaciones m\u00f3viles correspondientes (\"Sitio web\") son propiedad y est\u00e1n operadas por Entertainment Planets B.V., una empresa registrada conforme a las leyes de Curazao, con n\u00famero de [&hellip;]<\/p>\n","protected":false},"author":1,"featured_media":0,"parent":6189,"menu_order":0,"comment_status":"closed","ping_status":"closed","template":"page-simple3.php","meta":{"_acf_changed":false,"inline_featured_image":false,"footnotes":""},"class_list":["post-6245","page","type-page","status-publish","hentry"],"acf":[],"yoast_head":"<!-- This site is optimized with the Yoast SEO plugin v24.4 - https:\/\/yoast.com\/wordpress\/plugins\/seo\/ -->\n<title>Juego responsable<\/title>\n<meta name=\"description\" content=\"Herramientas para un juego seguro \u2705 Respuestas a las preguntas m\u00e1s frecuentes sobre el p\u00f3ker\" \/>\n<meta name=\"robots\" content=\"index, follow, max-snippet:-1, max-image-preview:large, max-video-preview:-1\" \/>\n<meta property=\"og:locale\" content=\"es_ES\" \/>\n<meta property=\"og:type\" content=\"article\" \/>\n<meta property=\"og:title\" content=\"Juego responsable\" \/>\n<meta property=\"og:description\" content=\"Herramientas para un juego seguro \u2705 Respuestas a las preguntas m\u00e1s frecuentes sobre el p\u00f3ker\" \/>\n<meta property=\"og:url\" content=\"https:\/\/pokerplanets6.com\/es\/terminos-y-condiciones-generales\/juego-responsable\/\" \/>\n<meta property=\"og:site_name\" content=\"PokerPlanets\" \/>\n<meta name=\"twitter:card\" content=\"summary_large_image\" \/>\n<meta name=\"twitter:label1\" content=\"Tiempo de lectura\" \/>\n\t<meta name=\"twitter:data1\" content=\"4 minutos\" \/>\n<script type=\"application\/ld+json\" class=\"yoast-schema-graph\">{\"@context\":\"https:\/\/schema.org\",\"@graph\":[{\"@type\":\"WebPage\",\"@id\":\"https:\/\/pokerplanets6.com\/es\/terminos-y-condiciones-generales\/juego-responsable\/\",\"url\":\"https:\/\/pokerplanets6.com\/es\/terminos-y-condiciones-generales\/juego-responsable\/\",\"name\":\"Juego responsable\",\"isPartOf\":{\"@id\":\"https:\/\/pokerplanets6.com\/es\/#website\"},\"datePublished\":\"2025-01-28T20:25:27+00:00\",\"description\":\"Herramientas para un juego seguro \u2705 Respuestas a las preguntas m\u00e1s frecuentes sobre el p\u00f3ker\",\"breadcrumb\":{\"@id\":\"https:\/\/pokerplanets6.com\/es\/terminos-y-condiciones-generales\/juego-responsable\/#breadcrumb\"},\"inLanguage\":\"es\",\"potentialAction\":[{\"@type\":\"ReadAction\",\"target\":[\"https:\/\/pokerplanets6.com\/es\/terminos-y-condiciones-generales\/juego-responsable\/\"]}]},{\"@type\":\"BreadcrumbList\",\"@id\":\"https:\/\/pokerplanets6.com\/es\/terminos-y-condiciones-generales\/juego-responsable\/#breadcrumb\",\"itemListElement\":[{\"@type\":\"ListItem\",\"position\":1,\"name\":\"Home\",\"item\":\"https:\/\/pokerplanets6.com\/es\/\"},{\"@type\":\"ListItem\",\"position\":2,\"name\":\"T\u00e9rminos y condiciones generales\",\"item\":\"https:\/\/pokerplanets6.com\/es\/terminos-y-condiciones-generales\/\"},{\"@type\":\"ListItem\",\"position\":3,\"name\":\"Juego responsable\"}]},{\"@type\":\"WebSite\",\"@id\":\"https:\/\/pokerplanets6.com\/es\/#website\",\"url\":\"https:\/\/pokerplanets6.com\/es\/\",\"name\":\"PokerPlanets\",\"description\":\"\",\"potentialAction\":[{\"@type\":\"SearchAction\",\"target\":{\"@type\":\"EntryPoint\",\"urlTemplate\":\"https:\/\/pokerplanets6.com\/es\/?s={search_term_string}\"},\"query-input\":{\"@type\":\"PropertyValueSpecification\",\"valueRequired\":true,\"valueName\":\"search_term_string\"}}],\"inLanguage\":\"es\"}]}<\/script>\n<!-- \/ Yoast SEO plugin. -->","yoast_head_json":{"title":"Juego responsable","description":"Herramientas para un juego seguro \u2705 Respuestas a las preguntas m\u00e1s frecuentes sobre el p\u00f3ker","robots":{"index":"index","follow":"follow","max-snippet":"max-snippet:-1","max-image-preview":"max-image-preview:large","max-video-preview":"max-video-preview:-1"},"og_locale":"es_ES","og_type":"article","og_title":"Juego responsable","og_description":"Herramientas para un juego seguro \u2705 Respuestas a las preguntas m\u00e1s frecuentes sobre el p\u00f3ker","og_url":"https:\/\/pokerplanets6.com\/es\/terminos-y-condiciones-generales\/juego-responsable\/","og_site_name":"PokerPlanets","twitter_card":"summary_large_image","twitter_misc":{"Tiempo de lectura":"4 minutos"},"schema":{"@context":"https:\/\/schema.org","@graph":[{"@type":"WebPage","@id":"https:\/\/pokerplanets6.com\/es\/terminos-y-condiciones-generales\/juego-responsable\/","url":"https:\/\/pokerplanets6.com\/es\/terminos-y-condiciones-generales\/juego-responsable\/","name":"Juego responsable","isPartOf":{"@id":"https:\/\/pokerplanets6.com\/es\/#website"},"datePublished":"2025-01-28T20:25:27+00:00","description":"Herramientas para un juego seguro \u2705 Respuestas a las preguntas m\u00e1s frecuentes sobre el p\u00f3ker","breadcrumb":{"@id":"https:\/\/pokerplanets6.com\/es\/terminos-y-condiciones-generales\/juego-responsable\/#breadcrumb"},"inLanguage":"es","potentialAction":[{"@type":"ReadAction","target":["https:\/\/pokerplanets6.com\/es\/terminos-y-condiciones-generales\/juego-responsable\/"]}]},{"@type":"BreadcrumbList","@id":"https:\/\/pokerplanets6.com\/es\/terminos-y-condiciones-generales\/juego-responsable\/#breadcrumb","itemListElement":[{"@type":"ListItem","position":1,"name":"Home","item":"https:\/\/pokerplanets6.com\/es\/"},{"@type":"ListItem","position":2,"name":"T\u00e9rminos y condiciones generales","item":"https:\/\/pokerplanets6.com\/es\/terminos-y-condiciones-generales\/"},{"@type":"ListItem","position":3,"name":"Juego responsable"}]},{"@type":"WebSite","@id":"https:\/\/pokerplanets6.com\/es\/#website","url":"https:\/\/pokerplanets6.com\/es\/","name":"PokerPlanets","description":"","potentialAction":[{"@type":"SearchAction","target":{"@type":"EntryPoint","urlTemplate":"https:\/\/pokerplanets6.com\/es\/?s={search_term_string}"},"query-input":{"@type":"PropertyValueSpecification","valueRequired":true,"valueName":"search_term_string"}}],"inLanguage":"es"}]}},"publishpress_future_action":{"enabled":false,"date":"2026-04-24 00:49:53","action":"change-status","newStatus":"draft","terms":[],"taxonomy":"translation_priority","extraData":[]},"publishpress_future_workflow_manual_trigger":{"enabledWorkflows":[]},"_links":{"self":[{"href":"https:\/\/pokerplanets6.com\/es\/wp-json\/wp\/v2\/pages\/6245","targetHints":{"allow":["GET"]}}],"collection":[{"href":"https:\/\/pokerplanets6.com\/es\/wp-json\/wp\/v2\/pages"}],"about":[{"href":"https:\/\/pokerplanets6.com\/es\/wp-json\/wp\/v2\/types\/page"}],"author":[{"embeddable":true,"href":"https:\/\/pokerplanets6.com\/es\/wp-json\/wp\/v2\/users\/1"}],"replies":[{"embeddable":true,"href":"https:\/\/pokerplanets6.com\/es\/wp-json\/wp\/v2\/comments?post=6245"}],"version-history":[{"count":0,"href":"https:\/\/pokerplanets6.com\/es\/wp-json\/wp\/v2\/pages\/6245\/revisions"}],"up":[{"embeddable":true,"href":"https:\/\/pokerplanets6.com\/es\/wp-json\/wp\/v2\/pages\/6189"}],"wp:attachment":[{"href":"https:\/\/pokerplanets6.com\/es\/wp-json\/wp\/v2\/media?parent=6245"}],"curies":[{"name":"wp","href":"https:\/\/api.w.org\/{rel}","templated":true}]}}