{"id":6243,"date":"2025-01-28T23:10:48","date_gmt":"2025-01-28T20:10:48","guid":{"rendered":"https:\/\/pokerplanets2.com\/pokerplanets6\/terminos-y-condiciones-generales\/politica-de-integridad-del-juego\/"},"modified":"2025-01-28T23:10:48","modified_gmt":"2025-01-28T20:10:48","slug":"politica-de-integridad-del-juego","status":"publish","type":"page","link":"https:\/\/pokerplanets6.com\/es\/terminos-y-condiciones-generales\/politica-de-integridad-del-juego\/","title":{"rendered":"Pol\u00edtica de integridad del juego"},"content":{"rendered":"<p><span style=\"font-size: 10pt;\"><em>Versi\u00f3n 1.0. <\/em><\/span><br \/>\r\n<span style=\"font-size: 10pt;\"><em>\u00daltima actualizaci\u00f3n: 1 de marzo de 2025<\/em><\/span><\/p>\r\n<div><span style=\"font-size: 10pt;\"><strong>1. INTRODUCCI\u00d3N<\/strong><\/span>\r\n<ul>\r\n\t<li><span style=\"font-size: 10pt;\">Estamos comprometidos a ofrecer a nuestros usuarios un entorno seguro, confiable y c\u00f3modo para jugar con personas reales de todo el mundo. Creemos que cada jugador tiene derecho a un juego justo y a igualdad de oportunidades. Cualquier intento de eludir las normas o de obtener una ventaja injusta ser\u00e1 analizado y bloqueado.<\/span><\/li>\r\n\t<li><span style=\"font-size: 10pt;\">La Pol\u00edtica de Integridad del Juego de este sitio web, la aplicaci\u00f3n cliente para escritorio y la aplicaci\u00f3n m\u00f3vil (el \"Sitio web\") es un acuerdo entre usted y Entertainment Planets B.V., una empresa constituida bajo las leyes de Curazao, con n\u00famero de registro 166486 y domicilio en Kaya Richard J. Beaujon Z\/N, Curazao (en adelante, \"nosotros\", \"nuestro\" o \"la Empresa\"). El funcionamiento del Sitio web est\u00e1 regulado bajo la licencia n.\u00ba OGL\/2024\/1469\/0855, emitida por la Junta de Control del Juego de Curazao.<\/span><\/li>\r\n\t<li><span style=\"font-size: 10pt;\">Los t\u00e9rminos \"usuario\", \"jugador\" o \"usted\" se refieren a cualquier persona que haya registrado o pretenda registrar una Cuenta en el Sitio web.<\/span><\/li>\r\n\t<li><span style=\"font-size: 10pt;\">Esta Pol\u00edtica de Integridad del Juego forma parte integrante de los T\u00e9rminos y Condiciones Generales del Sitio web.<\/span><\/li>\r\n\t<li><span style=\"font-size: 10pt;\">Nos reservamos el derecho de modificar peri\u00f3dicamente esta Pol\u00edtica de Integridad del Juego sin previo aviso a los usuarios. La versi\u00f3n vigente de la Pol\u00edtica de Integridad del Juego estar\u00e1 siempre disponible en el Sitio web con la fecha de entrada en vigor indicada. Cualquier modificaci\u00f3n de la Pol\u00edtica de Integridad del Juego entrar\u00e1 en vigor siete (7) d\u00edas despu\u00e9s de su publicaci\u00f3n en el Sitio web o en el plazo espec\u00edfico exigido por ley o por otras disposiciones normativas.<\/span><\/li>\r\n\t<li><span style=\"font-size: 10pt;\">Si no est\u00e1 de acuerdo con esta Pol\u00edtica de Integridad del Juego o con cualquiera de sus modificaciones, le rogamos que no abra una Cuenta y\/o que no contin\u00fae utilizando el Sitio web. El uso continuado del Sitio web implica la aceptaci\u00f3n de esta Pol\u00edtica de Integridad del Juego.<\/span><\/li>\r\n<\/ul>\r\n<\/div>\r\n<div><span style=\"font-size: 10pt;\"><strong>2. CONTROLES DE SEGURIDAD<\/strong><\/span>\r\n<ul>\r\n\t<li><span style=\"font-size: 10pt;\">Aplicamos procedimientos y controles de seguridad para proteger tanto a nuestros jugadores como a nosotros mismos frente a distintos tipos de fraude y otras conductas ilegales. Estamos convencidos de que nuestros procesos de seguridad responden al inter\u00e9s de nuestros usuarios.<\/span><\/li>\r\n\t<li><span style=\"font-size: 10pt;\">De forma ocasional, y como parte de nuestros procedimientos de seguridad, nos reservamos el derecho de realizar verificaciones sobre la Cuenta y el comportamiento de juego. Estas comprobaciones pueden dar lugar a la suspensi\u00f3n o restricci\u00f3n del uso de la Cuenta (incluyendo, entre otros, bloqueos de retiradas, dep\u00f3sitos, transferencias entre jugadores, restricciones de participaci\u00f3n, etc.) durante el tiempo que dure dicha verificaci\u00f3n.<\/span><\/li>\r\n\t<li><span style=\"font-size: 10pt;\">Nos reservamos el derecho de no revelar ni compartir los detalles de las verificaciones realizadas ni la informaci\u00f3n obtenida como resultado de las mismas, incluso con el usuario cuya Cuenta haya sido revisada.<\/span><\/li>\r\n\t<li><span style=\"font-size: 10pt;\">Si como resultado de la verificaci\u00f3n encontramos indicios de que usted ha realizado acciones prohibidas y ha infringido nuestras normas, nos reservamos el derecho de aplicar una o varias de las siguientes medidas contra el infractor:<\/span><br \/>\r\n<span style=\"font-size: 10pt;\">\u2022 <strong>Advertencia<\/strong>;<\/span><br \/>\r\n<span style=\"font-size: 10pt;\">\u2022 <strong>Denegaci\u00f3n de servicio<\/strong>, es decir, restricci\u00f3n del acceso a todos o ciertos productos y funciones del Sitio web;<\/span><br \/>\r\n<span style=\"font-size: 10pt;\">\u2022 <strong>Suspensi\u00f3n temporal de la Cuenta por un per\u00edodo determinado<\/strong>;<\/span><br \/>\r\n<span style=\"font-size: 10pt;\">\u2022 <strong>Cierre permanente de la Cuenta sin posibilidad de reactivaci\u00f3n<\/strong>;<\/span><br \/>\r\n<span style=\"font-size: 10pt;\">\u2022 <strong>Confiscaci\u00f3n de fondos<\/strong> (No obtenemos beneficios de los fondos confiscados. Todos los fondos confiscados se reparten entre los afectados por el juego desleal).<\/span><\/li>\r\n\t<li><span style=\"font-size: 10pt;\">Nos reservamos el derecho exclusivo de determinar las infracciones, y cualquier decisi\u00f3n relacionada con las medidas mencionadas anteriormente es definitiva.<\/span><\/li>\r\n\t<li><span style=\"font-size: 10pt;\">Usted deber\u00e1 indemnizarnos \u00edntegramente por cualquier reclamaci\u00f3n, responsabilidad, gasto (incluidos los honorarios legales) u otros costes derivados de su infracci\u00f3n.<\/span><\/li>\r\n<\/ul>\r\n<\/div>\r\n<div><span style=\"font-size: 10pt;\"><strong>3. ACTIVIDADES PROHIBIDAS<\/strong><\/span>\r\n<ul>\r\n\t<li><span style=\"font-size: 10pt;\">Las siguientes acciones est\u00e1n prohibidas y constituyen infracciones graves de nuestras normas:<\/span><\/li>\r\n\t<li><span style=\"font-size: 10pt;\">3.1. Juego desleal<\/span><br \/>\r\n<span style=\"font-size: 10pt;\">Cualquier forma de juego desleal, incluyendo pero sin limitarse a:<\/span><br \/>\r\n<span style=\"font-size: 10pt;\">\u2022 <strong>Hacer trampa<\/strong><\/span><br \/>\r\n<span style=\"font-size: 10pt;\">Utilizar enga\u00f1os o informaci\u00f3n falsa para obtener ventaja en el juego.<\/span><br \/>\r\n<span style=\"font-size: 10pt;\">\u2022 <strong>Colusi\u00f3n<\/strong><\/span><br \/>\r\n<span style=\"font-size: 10pt;\">Conducta coordinada entre dos o m\u00e1s usuarios para obtener una ventaja injusta sobre otros jugadores. Cada jugador debe jugar sus manos de forma independiente y en su propio inter\u00e9s. Est\u00e1 estrictamente prohibido compartir informaci\u00f3n de cartas en tiempo real bajo cualquier circunstancia.<\/span><br \/>\r\n<span style=\"font-size: 10pt;\">\u2022 <strong>Juego en equipo<\/strong><\/span><br \/>\r\n<span style=\"font-size: 10pt;\">Organizar o participar en acciones conjuntas entre varios usuarios para obtener ventaja en el juego.<\/span><br \/>\r\n<span style=\"font-size: 10pt;\">\u2022 <strong>M\u00faltiples cuentas<\/strong><\/span><br \/>\r\n<span style=\"font-size: 10pt;\">Est\u00e1 estrictamente prohibido crear o utilizar deliberadamente m\u00e1s de una Cuenta. Cada jugador puede registrar solo una Cuenta en nuestro Sitio web. Usar varias Cuentas en cualquier formato de juego, como participar en partidas desde distintas Cuentas o registrar varias Cuentas en un mismo torneo, constituye una infracci\u00f3n grave.<\/span><br \/>\r\n<span style=\"font-size: 10pt;\">\u2022 <strong>Compartir cuentas<\/strong><\/span><br \/>\r\n<span style=\"font-size: 10pt;\">El uso compartido de cuentas se produce cuando un usuario proporciona acceso a su Cuenta a otra persona o utiliza una Cuenta registrada a nombre de otro. Esta pr\u00e1ctica est\u00e1 estrictamente prohibida. Los usuarios son plenamente responsables de todas las acciones realizadas con su Cuenta, independientemente de si est\u00e1n autorizadas, salvo que dichas acciones resulten de un error del Sitio web.<\/span><br \/>\r\n<span style=\"font-size: 10pt;\">\u2022 <strong>Ghosting<\/strong><\/span><br \/>\r\n<span style=\"font-size: 10pt;\">Una forma de juego desleal en la que un jugador recibe ayuda externa durante el juego o transfiere por completo el control de su Cuenta a otra persona que juega en su nombre. Esto incluye la consulta en tiempo real, en la que el jugador recibe consejos o indicaciones de otra persona o software durante el juego. Est\u00e1 estrictamente prohibido utilizar programas u otras herramientas que env\u00eden datos sobre cartas y situaciones a otros en tiempo real.<\/span><br \/>\r\n<span style=\"font-size: 10pt;\">\u2022 <strong>Bum Hunting<\/strong><\/span><br \/>\r\n<span style=\"font-size: 10pt;\">Conducta poco \u00e9tica en la que un jugador busca deliberadamente oponentes m\u00e1s d\u00e9biles para jugar exclusivamente contra ellos. Esto incluye negarse a jugar contra jugadores fuertes (por ejemplo, abandonar una mesa o no unirse a ella cuando hay oponentes fuertes presentes), unirse selectivamente a partidas con jugadores m\u00e1s d\u00e9biles o abandonar el juego en cuanto el jugador m\u00e1s d\u00e9bil deja la mesa.<\/span><br \/>\r\n<span style=\"font-size: 10pt;\">\u2022 <strong>Chip Dumping<\/strong><\/span><br \/>\r\n<span style=\"font-size: 10pt;\">Una forma de trampa en la que uno o m\u00e1s jugadores pierden deliberadamente sus fichas frente a otro jugador para ayudarle a obtener una ventaja o transferir fondos en un formato de juego.<\/span><br \/>\r\n<span style=\"font-size: 10pt;\">\u2022 <strong>Data Mining<\/strong><\/span><br \/>\r\n<span style=\"font-size: 10pt;\">Recopilaci\u00f3n y an\u00e1lisis de grandes vol\u00famenes de datos sobre manos, jugadores y patrones de juego sin participar en las partidas. El data mining se utiliza para obtener una ventaja injusta mediante el acceso a estad\u00edsticas que el jugador no podr\u00eda haber obtenido de forma leg\u00edtima.<\/span><\/li>\r\n\t<li><span style=\"font-size: 10pt;\">3.2. Otras Actividades Prohibidas<\/span><br \/>\r\n<span style=\"font-size: 10pt;\">\u2022 Explotar errores, fallos o vulnerabilidades en nuestro software.<\/span><br \/>\r\n<span style=\"font-size: 10pt;\">\u2022 Usar software malicioso.<\/span><br \/>\r\n<span style=\"font-size: 10pt;\">\u2022 Emplear patrones o estrategias de apuesta desleales que consideremos que explotan el sistema.<\/span><br \/>\r\n<span style=\"font-size: 10pt;\">\u2022 Usar tarjetas bancarias, Cuentas y\/o monederos robados, clonados o no autorizados como fuente de fondos.<\/span><br \/>\r\n<span style=\"font-size: 10pt;\">\u2022 Participar en actividades delictivas, incluidas, entre otras, el blanqueo de capitales y la financiaci\u00f3n del terrorismo.<\/span><\/li>\r\n\t<li><span style=\"font-size: 10pt;\">Tomaremos todas las medidas razonables para prevenir, detectar y actuar contra dichas actividades, incluyendo compartir informaci\u00f3n con las autoridades y organizaciones pertinentes.<\/span><\/li>\r\n\t<li><span style=\"font-size: 10pt;\">Si sospechas que alguien est\u00e1 coludiendo, haciendo trampas o participando en otras actividades prohibidas, inf\u00f3rmanos de inmediato.<\/span><\/li>\r\n\t<li><span style=\"font-size: 10pt;\">Nos reservamos el derecho de informar a las autoridades competentes, otros operadores de juegos en l\u00ednea, proveedores de servicios, bancos y entidades financieras sobre la identidad de los infractores y cualquier actividad sospechosa de ser ilegal, fraudulenta o prohibida. Aceptas colaborar plenamente con nosotros en la investigaci\u00f3n de dichas actividades.<\/span><\/li>\r\n\t<li><span style=\"font-size: 10pt;\">No nos hacemos responsables de las p\u00e9rdidas o da\u00f1os que t\u00fa u otro jugador puedan sufrir como resultado de estas acciones.<\/span><\/li>\r\n<\/ul>\r\n<\/div>\r\n<div><span style=\"font-size: 10pt;\"><strong>4. PROGRAMAS, HERRAMIENTAS Y SERVICIOS PROHIBIDOS<\/strong><\/span>\r\n<ul>\r\n\t<li><span style=\"font-size: 10pt;\">Se proh\u00edbe a los jugadores el uso de cualquier programa, herramienta de terceros o servicio que proporcione una ventaja injusta en los juegos.<\/span><\/li>\r\n\t<li><span style=\"font-size: 10pt;\">Se proh\u00edben, entre otros, los siguientes:<\/span><\/li>\r\n\t<li><span style=\"font-size: 10pt;\">4.1. Herramientas y servicios de terceros<\/span><br \/>\r\n<span style=\"font-size: 10pt;\">\u2022 <strong>Bots (programas total o parcialmente automatizados):<\/strong><\/span><br \/>\r\n<span style=\"font-size: 10pt;\">Utilizamos soluciones avanzadas para detectar el uso de programas automatizados o herramientas basadas en inteligencia artificial dise\u00f1adas para simplificar el juego. Los jugadores deben tomar todas las decisiones del juego de forma independiente, incluyendo la selecci\u00f3n de acciones y tama\u00f1os de apuesta. Est\u00e1 estrictamente prohibido el uso de programas, herramientas o servicios que analicen la situaci\u00f3n del juego actual y ayuden a tomar decisiones.<\/span><br \/>\r\n<span style=\"font-size: 10pt;\">\u2022 <strong>Asistencia en tiempo real (RTA):<\/strong><\/span><br \/>\r\n<span style=\"font-size: 10pt;\">Todas las decisiones del juego deben ser tomadas \u00fanicamente por el jugador sin asistencia externa. Las herramientas RTA, que proporcionan una ventaja injusta sobre los oponentes, influyen en las decisiones en tiempo real o permiten ejecutar acciones y estrategias que no ser\u00edan posibles sin dicha asistencia, est\u00e1n estrictamente prohibidas.<\/span><br \/>\r\n<span style=\"font-size: 10pt;\">\u2022 <strong>Trackers de p\u00f3ker (HUDs)<\/strong><\/span><br \/>\r\n<span style=\"font-size: 10pt;\">\u2022 <strong>Tablas de p\u00f3ker<\/strong><\/span><br \/>\r\n<span style=\"font-size: 10pt;\">\u2022 <strong>Solvers de p\u00f3ker<\/strong><\/span><\/li>\r\n\t<li><span style=\"font-size: 10pt;\">4.2. Herramientas que facilitan el Data Mining, incluidas, entre otras:<\/span><br \/>\r\n<span style=\"font-size: 10pt;\">\u2022 <strong>Holdem Manager<\/strong><\/span><br \/>\r\n<span style=\"font-size: 10pt;\">\u2022 <strong>Hand2Note<\/strong><\/span><br \/>\r\n<span style=\"font-size: 10pt;\">\u2022 <strong>PokerTracker<\/strong><\/span><\/li>\r\n\t<li><span style=\"font-size: 10pt;\">4.3. Herramientas de acceso remoto, incluidas, entre otras:<\/span><br \/>\r\n<span style=\"font-size: 10pt;\">\u2022 <strong>AnyDesk<\/strong><\/span><br \/>\r\n<span style=\"font-size: 10pt;\">\u2022 <strong>ChromeRDP<\/strong><\/span><br \/>\r\n<span style=\"font-size: 10pt;\">\u2022 <strong>TeamViewer<\/strong><\/span><br \/>\r\n<span style=\"font-size: 10pt;\">\u2022 <strong>Microsoft Remote Desktop<\/strong><\/span><\/li>\r\n\t<li><span style=\"font-size: 10pt;\">4.4. Emuladores o m\u00e1quinas virtuales, incluidas, entre otras:<\/span><br \/>\r\n<span style=\"font-size: 10pt;\">\u2022 <strong>VMware<\/strong><\/span><br \/>\r\n<span style=\"font-size: 10pt;\">\u2022 <strong>Microsoft Hyper-V<\/strong><\/span><br \/>\r\n<span style=\"font-size: 10pt;\">\u2022 <strong>Oracle VM VirtualBox<\/strong><\/span><\/li>\r\n\t<li><span style=\"font-size: 10pt;\">4.5. Otros programas, herramientas y servicios<\/span><br \/>\r\n<span style=\"font-size: 10pt;\">Cualquier otro programa, herramienta o servicio que otorgue una ventaja injusta o comprometa la integridad del juego.<\/span><\/li>\r\n<\/ul>\r\n<\/div>","protected":false},"excerpt":{"rendered":"<p>Versi\u00f3n 1.0. \u00daltima actualizaci\u00f3n: 1 de marzo de 2025 1. INTRODUCCI\u00d3N Estamos comprometidos a ofrecer a nuestros usuarios un entorno seguro, confiable y c\u00f3modo para jugar con personas reales de todo el mundo. Creemos que cada jugador tiene derecho a un juego justo y a igualdad de oportunidades. Cualquier intento de eludir las normas o [&hellip;]<\/p>\n","protected":false},"author":1,"featured_media":0,"parent":6189,"menu_order":0,"comment_status":"closed","ping_status":"closed","template":"page-simple3.php","meta":{"_acf_changed":false,"inline_featured_image":false,"footnotes":""},"class_list":["post-6243","page","type-page","status-publish","hentry"],"acf":[],"yoast_head":"<!-- This site is optimized with the Yoast SEO plugin v24.4 - https:\/\/yoast.com\/wordpress\/plugins\/seo\/ -->\n<title>Pol\u00edtica de integridad del juego: Juego seguro y justo<\/title>\n<meta name=\"description\" content=\"Lea c\u00f3mo garantizamos el juego limpio \ud83c\udfaf Juegue seg\u00fan las reglas con total transparencia\" \/>\n<meta name=\"robots\" content=\"index, follow, max-snippet:-1, max-image-preview:large, max-video-preview:-1\" \/>\n<meta property=\"og:locale\" content=\"es_ES\" \/>\n<meta property=\"og:type\" content=\"article\" \/>\n<meta property=\"og:title\" content=\"Pol\u00edtica de integridad del juego: Juego seguro y justo\" \/>\n<meta property=\"og:description\" content=\"Lea c\u00f3mo garantizamos el juego limpio \ud83c\udfaf Juegue seg\u00fan las reglas con total transparencia\" \/>\n<meta property=\"og:url\" content=\"https:\/\/pokerplanets6.com\/es\/terminos-y-condiciones-generales\/politica-de-integridad-del-juego\/\" \/>\n<meta property=\"og:site_name\" content=\"PokerPlanets\" \/>\n<meta name=\"twitter:card\" content=\"summary_large_image\" \/>\n<meta name=\"twitter:label1\" content=\"Tiempo de lectura\" \/>\n\t<meta name=\"twitter:data1\" content=\"8 minutos\" \/>\n<script type=\"application\/ld+json\" class=\"yoast-schema-graph\">{\"@context\":\"https:\/\/schema.org\",\"@graph\":[{\"@type\":\"WebPage\",\"@id\":\"https:\/\/pokerplanets6.com\/es\/terminos-y-condiciones-generales\/politica-de-integridad-del-juego\/\",\"url\":\"https:\/\/pokerplanets6.com\/es\/terminos-y-condiciones-generales\/politica-de-integridad-del-juego\/\",\"name\":\"Pol\u00edtica de integridad del juego: Juego seguro y justo\",\"isPartOf\":{\"@id\":\"https:\/\/pokerplanets6.com\/es\/#website\"},\"datePublished\":\"2025-01-28T20:10:48+00:00\",\"description\":\"Lea c\u00f3mo garantizamos el juego limpio \ud83c\udfaf Juegue seg\u00fan las reglas con total transparencia\",\"breadcrumb\":{\"@id\":\"https:\/\/pokerplanets6.com\/es\/terminos-y-condiciones-generales\/politica-de-integridad-del-juego\/#breadcrumb\"},\"inLanguage\":\"es\",\"potentialAction\":[{\"@type\":\"ReadAction\",\"target\":[\"https:\/\/pokerplanets6.com\/es\/terminos-y-condiciones-generales\/politica-de-integridad-del-juego\/\"]}]},{\"@type\":\"BreadcrumbList\",\"@id\":\"https:\/\/pokerplanets6.com\/es\/terminos-y-condiciones-generales\/politica-de-integridad-del-juego\/#breadcrumb\",\"itemListElement\":[{\"@type\":\"ListItem\",\"position\":1,\"name\":\"Home\",\"item\":\"https:\/\/pokerplanets6.com\/es\/\"},{\"@type\":\"ListItem\",\"position\":2,\"name\":\"T\u00e9rminos y condiciones generales\",\"item\":\"https:\/\/pokerplanets6.com\/es\/terminos-y-condiciones-generales\/\"},{\"@type\":\"ListItem\",\"position\":3,\"name\":\"Pol\u00edtica de integridad del juego\"}]},{\"@type\":\"WebSite\",\"@id\":\"https:\/\/pokerplanets6.com\/es\/#website\",\"url\":\"https:\/\/pokerplanets6.com\/es\/\",\"name\":\"PokerPlanets\",\"description\":\"\",\"potentialAction\":[{\"@type\":\"SearchAction\",\"target\":{\"@type\":\"EntryPoint\",\"urlTemplate\":\"https:\/\/pokerplanets6.com\/es\/?s={search_term_string}\"},\"query-input\":{\"@type\":\"PropertyValueSpecification\",\"valueRequired\":true,\"valueName\":\"search_term_string\"}}],\"inLanguage\":\"es\"}]}<\/script>\n<!-- \/ Yoast SEO plugin. -->","yoast_head_json":{"title":"Pol\u00edtica de integridad del juego: Juego seguro y justo","description":"Lea c\u00f3mo garantizamos el juego limpio \ud83c\udfaf Juegue seg\u00fan las reglas con total transparencia","robots":{"index":"index","follow":"follow","max-snippet":"max-snippet:-1","max-image-preview":"max-image-preview:large","max-video-preview":"max-video-preview:-1"},"og_locale":"es_ES","og_type":"article","og_title":"Pol\u00edtica de integridad del juego: Juego seguro y justo","og_description":"Lea c\u00f3mo garantizamos el juego limpio \ud83c\udfaf Juegue seg\u00fan las reglas con total transparencia","og_url":"https:\/\/pokerplanets6.com\/es\/terminos-y-condiciones-generales\/politica-de-integridad-del-juego\/","og_site_name":"PokerPlanets","twitter_card":"summary_large_image","twitter_misc":{"Tiempo de lectura":"8 minutos"},"schema":{"@context":"https:\/\/schema.org","@graph":[{"@type":"WebPage","@id":"https:\/\/pokerplanets6.com\/es\/terminos-y-condiciones-generales\/politica-de-integridad-del-juego\/","url":"https:\/\/pokerplanets6.com\/es\/terminos-y-condiciones-generales\/politica-de-integridad-del-juego\/","name":"Pol\u00edtica de integridad del juego: Juego seguro y justo","isPartOf":{"@id":"https:\/\/pokerplanets6.com\/es\/#website"},"datePublished":"2025-01-28T20:10:48+00:00","description":"Lea c\u00f3mo garantizamos el juego limpio \ud83c\udfaf Juegue seg\u00fan las reglas con total transparencia","breadcrumb":{"@id":"https:\/\/pokerplanets6.com\/es\/terminos-y-condiciones-generales\/politica-de-integridad-del-juego\/#breadcrumb"},"inLanguage":"es","potentialAction":[{"@type":"ReadAction","target":["https:\/\/pokerplanets6.com\/es\/terminos-y-condiciones-generales\/politica-de-integridad-del-juego\/"]}]},{"@type":"BreadcrumbList","@id":"https:\/\/pokerplanets6.com\/es\/terminos-y-condiciones-generales\/politica-de-integridad-del-juego\/#breadcrumb","itemListElement":[{"@type":"ListItem","position":1,"name":"Home","item":"https:\/\/pokerplanets6.com\/es\/"},{"@type":"ListItem","position":2,"name":"T\u00e9rminos y condiciones generales","item":"https:\/\/pokerplanets6.com\/es\/terminos-y-condiciones-generales\/"},{"@type":"ListItem","position":3,"name":"Pol\u00edtica de integridad del juego"}]},{"@type":"WebSite","@id":"https:\/\/pokerplanets6.com\/es\/#website","url":"https:\/\/pokerplanets6.com\/es\/","name":"PokerPlanets","description":"","potentialAction":[{"@type":"SearchAction","target":{"@type":"EntryPoint","urlTemplate":"https:\/\/pokerplanets6.com\/es\/?s={search_term_string}"},"query-input":{"@type":"PropertyValueSpecification","valueRequired":true,"valueName":"search_term_string"}}],"inLanguage":"es"}]}},"publishpress_future_action":{"enabled":false,"date":"2026-04-23 23:34:55","action":"change-status","newStatus":"draft","terms":[],"taxonomy":"translation_priority","extraData":[]},"publishpress_future_workflow_manual_trigger":{"enabledWorkflows":[]},"_links":{"self":[{"href":"https:\/\/pokerplanets6.com\/es\/wp-json\/wp\/v2\/pages\/6243","targetHints":{"allow":["GET"]}}],"collection":[{"href":"https:\/\/pokerplanets6.com\/es\/wp-json\/wp\/v2\/pages"}],"about":[{"href":"https:\/\/pokerplanets6.com\/es\/wp-json\/wp\/v2\/types\/page"}],"author":[{"embeddable":true,"href":"https:\/\/pokerplanets6.com\/es\/wp-json\/wp\/v2\/users\/1"}],"replies":[{"embeddable":true,"href":"https:\/\/pokerplanets6.com\/es\/wp-json\/wp\/v2\/comments?post=6243"}],"version-history":[{"count":0,"href":"https:\/\/pokerplanets6.com\/es\/wp-json\/wp\/v2\/pages\/6243\/revisions"}],"up":[{"embeddable":true,"href":"https:\/\/pokerplanets6.com\/es\/wp-json\/wp\/v2\/pages\/6189"}],"wp:attachment":[{"href":"https:\/\/pokerplanets6.com\/es\/wp-json\/wp\/v2\/media?parent=6243"}],"curies":[{"name":"wp","href":"https:\/\/api.w.org\/{rel}","templated":true}]}}