{"id":6241,"date":"2025-01-28T23:21:27","date_gmt":"2025-01-28T20:21:27","guid":{"rendered":"https:\/\/pokerplanets2.com\/pokerplanets6\/terminos-y-condiciones-generales\/justicia-y-rng\/"},"modified":"2025-01-28T23:21:27","modified_gmt":"2025-01-28T20:21:27","slug":"justicia-y-rng","status":"publish","type":"page","link":"https:\/\/pokerplanets6.com\/es\/terminos-y-condiciones-generales\/justicia-y-rng\/","title":{"rendered":"Justicia y RNG"},"content":{"rendered":"<div>\r\n<ul>\r\n\t<li style=\"text-align: left;\"><span style=\"font-size: 10pt;\">Los productos presentados en nuestro sitio web son suministrados por empresas que cumplen plenamente con las normativas vigentes en el \u00e1mbito del juego online. Para garantizar la equidad de nuestros juegos, todos ellos se someten a pruebas exhaustivas y se utiliza constantemente un Generador de N\u00fameros Aleatorios (RNG) para producir resultados aleatorios.<\/span><\/li>\r\n\t<li style=\"text-align: left;\"><span style=\"font-size: 10pt;\">Nuestros socios est\u00e1n totalmente certificados para cumplir con los m\u00e1s altos est\u00e1ndares de seguridad, equidad e integridad en los juegos. Este sitio web es operado por Entertainment Planets B.V. en cooperaci\u00f3n con proveedores de software de confianza dentro de la industria del juego.<\/span><\/li>\r\n\t<li style=\"text-align: left;\"><span style=\"font-size: 10pt;\">Nuestro RNG garantiza resultados aleatorios, los cuales han sido minuciosamente probados mediante simulaciones y an\u00e1lisis de miles de sesiones de juego. El Generador de N\u00fameros Aleatorios asegura un proceso de juego fiable y justo.<\/span><\/li>\r\n\t<li style=\"text-align: left;\"><span style=\"font-size: 10pt;\">La calidad de nuestro RNG ha sido certificada por una de las principales empresas de pruebas y certificaci\u00f3n: iTech Labs.<\/span><\/li>\r\n<\/ul>\r\n<\/div>\r\n<div style=\"text-align: center; display: block; margin: 0 auto;\"><a href=\"https:\/\/www.itechlabs.com\/certificates\/evenbet\/RNG_Certificate_UK_EvenbetGamingLtd_05Aug24.pdf\"><img loading=\"lazy\" decoding=\"async\" class=\"aligncenter wp-image-282 size-small\" src=\"\/wp-content\/uploads\/sites\/15\/2025\/03\/itech-labs-300x113.png\" alt=\"\" width=\"150\" height=\"57\" \/><\/a><\/div>","protected":false},"excerpt":{"rendered":"<p>Los productos presentados en nuestro sitio web son suministrados por empresas que cumplen plenamente con las normativas vigentes en el \u00e1mbito del juego online. Para garantizar la equidad de nuestros juegos, todos ellos se someten a pruebas exhaustivas y se utiliza constantemente un Generador de N\u00fameros Aleatorios (RNG) para producir resultados aleatorios. Nuestros socios est\u00e1n [&hellip;]<\/p>\n","protected":false},"author":1,"featured_media":0,"parent":6189,"menu_order":0,"comment_status":"closed","ping_status":"closed","template":"page-simple3.php","meta":{"_acf_changed":false,"inline_featured_image":false,"footnotes":""},"class_list":["post-6241","page","type-page","status-publish","hentry"],"acf":[],"yoast_head":"<!-- This site is optimized with the Yoast SEO plugin v24.4 - https:\/\/yoast.com\/wordpress\/plugins\/seo\/ -->\n<title>Justicia y RNG \u2014 Integridad del juego de PokerPlanets<\/title>\n<meta name=\"description\" content=\"Lea sobre la certificaci\u00f3n RNG \ud83c\udfaf Juegue seg\u00fan las reglas con total transparencia\" \/>\n<meta name=\"robots\" content=\"index, follow, max-snippet:-1, max-image-preview:large, max-video-preview:-1\" \/>\n<meta property=\"og:locale\" content=\"es_ES\" \/>\n<meta property=\"og:type\" content=\"article\" \/>\n<meta property=\"og:title\" content=\"Justicia y RNG \u2014 Integridad del juego de PokerPlanets\" \/>\n<meta property=\"og:description\" content=\"Lea sobre la certificaci\u00f3n RNG \ud83c\udfaf Juegue seg\u00fan las reglas con total transparencia\" \/>\n<meta property=\"og:url\" content=\"https:\/\/pokerplanets6.com\/es\/terminos-y-condiciones-generales\/justicia-y-rng\/\" \/>\n<meta property=\"og:site_name\" content=\"PokerPlanets\" \/>\n<meta name=\"twitter:card\" content=\"summary_large_image\" \/>\n<meta name=\"twitter:label1\" content=\"Tiempo de lectura\" \/>\n\t<meta name=\"twitter:data1\" content=\"1 minuto\" \/>\n<script type=\"application\/ld+json\" class=\"yoast-schema-graph\">{\"@context\":\"https:\/\/schema.org\",\"@graph\":[{\"@type\":\"WebPage\",\"@id\":\"https:\/\/pokerplanets6.com\/es\/terminos-y-condiciones-generales\/justicia-y-rng\/\",\"url\":\"https:\/\/pokerplanets6.com\/es\/terminos-y-condiciones-generales\/justicia-y-rng\/\",\"name\":\"Justicia y RNG \u2014 Integridad del juego de PokerPlanets\",\"isPartOf\":{\"@id\":\"https:\/\/pokerplanets6.com\/es\/#website\"},\"datePublished\":\"2025-01-28T20:21:27+00:00\",\"description\":\"Lea sobre la certificaci\u00f3n RNG \ud83c\udfaf Juegue seg\u00fan las reglas con total transparencia\",\"breadcrumb\":{\"@id\":\"https:\/\/pokerplanets6.com\/es\/terminos-y-condiciones-generales\/justicia-y-rng\/#breadcrumb\"},\"inLanguage\":\"es\",\"potentialAction\":[{\"@type\":\"ReadAction\",\"target\":[\"https:\/\/pokerplanets6.com\/es\/terminos-y-condiciones-generales\/justicia-y-rng\/\"]}]},{\"@type\":\"BreadcrumbList\",\"@id\":\"https:\/\/pokerplanets6.com\/es\/terminos-y-condiciones-generales\/justicia-y-rng\/#breadcrumb\",\"itemListElement\":[{\"@type\":\"ListItem\",\"position\":1,\"name\":\"Home\",\"item\":\"https:\/\/pokerplanets6.com\/es\/\"},{\"@type\":\"ListItem\",\"position\":2,\"name\":\"T\u00e9rminos y condiciones generales\",\"item\":\"https:\/\/pokerplanets6.com\/es\/terminos-y-condiciones-generales\/\"},{\"@type\":\"ListItem\",\"position\":3,\"name\":\"Justicia y RNG\"}]},{\"@type\":\"WebSite\",\"@id\":\"https:\/\/pokerplanets6.com\/es\/#website\",\"url\":\"https:\/\/pokerplanets6.com\/es\/\",\"name\":\"PokerPlanets\",\"description\":\"\",\"potentialAction\":[{\"@type\":\"SearchAction\",\"target\":{\"@type\":\"EntryPoint\",\"urlTemplate\":\"https:\/\/pokerplanets6.com\/es\/?s={search_term_string}\"},\"query-input\":{\"@type\":\"PropertyValueSpecification\",\"valueRequired\":true,\"valueName\":\"search_term_string\"}}],\"inLanguage\":\"es\"}]}<\/script>\n<!-- \/ Yoast SEO plugin. -->","yoast_head_json":{"title":"Justicia y RNG \u2014 Integridad del juego de PokerPlanets","description":"Lea sobre la certificaci\u00f3n RNG \ud83c\udfaf Juegue seg\u00fan las reglas con total transparencia","robots":{"index":"index","follow":"follow","max-snippet":"max-snippet:-1","max-image-preview":"max-image-preview:large","max-video-preview":"max-video-preview:-1"},"og_locale":"es_ES","og_type":"article","og_title":"Justicia y RNG \u2014 Integridad del juego de PokerPlanets","og_description":"Lea sobre la certificaci\u00f3n RNG \ud83c\udfaf Juegue seg\u00fan las reglas con total transparencia","og_url":"https:\/\/pokerplanets6.com\/es\/terminos-y-condiciones-generales\/justicia-y-rng\/","og_site_name":"PokerPlanets","twitter_card":"summary_large_image","twitter_misc":{"Tiempo de lectura":"1 minuto"},"schema":{"@context":"https:\/\/schema.org","@graph":[{"@type":"WebPage","@id":"https:\/\/pokerplanets6.com\/es\/terminos-y-condiciones-generales\/justicia-y-rng\/","url":"https:\/\/pokerplanets6.com\/es\/terminos-y-condiciones-generales\/justicia-y-rng\/","name":"Justicia y RNG \u2014 Integridad del juego de PokerPlanets","isPartOf":{"@id":"https:\/\/pokerplanets6.com\/es\/#website"},"datePublished":"2025-01-28T20:21:27+00:00","description":"Lea sobre la certificaci\u00f3n RNG \ud83c\udfaf Juegue seg\u00fan las reglas con total transparencia","breadcrumb":{"@id":"https:\/\/pokerplanets6.com\/es\/terminos-y-condiciones-generales\/justicia-y-rng\/#breadcrumb"},"inLanguage":"es","potentialAction":[{"@type":"ReadAction","target":["https:\/\/pokerplanets6.com\/es\/terminos-y-condiciones-generales\/justicia-y-rng\/"]}]},{"@type":"BreadcrumbList","@id":"https:\/\/pokerplanets6.com\/es\/terminos-y-condiciones-generales\/justicia-y-rng\/#breadcrumb","itemListElement":[{"@type":"ListItem","position":1,"name":"Home","item":"https:\/\/pokerplanets6.com\/es\/"},{"@type":"ListItem","position":2,"name":"T\u00e9rminos y condiciones generales","item":"https:\/\/pokerplanets6.com\/es\/terminos-y-condiciones-generales\/"},{"@type":"ListItem","position":3,"name":"Justicia y RNG"}]},{"@type":"WebSite","@id":"https:\/\/pokerplanets6.com\/es\/#website","url":"https:\/\/pokerplanets6.com\/es\/","name":"PokerPlanets","description":"","potentialAction":[{"@type":"SearchAction","target":{"@type":"EntryPoint","urlTemplate":"https:\/\/pokerplanets6.com\/es\/?s={search_term_string}"},"query-input":{"@type":"PropertyValueSpecification","valueRequired":true,"valueName":"search_term_string"}}],"inLanguage":"es"}]}},"publishpress_future_action":{"enabled":false,"date":"2026-04-23 23:36:22","action":"change-status","newStatus":"draft","terms":[],"taxonomy":"translation_priority","extraData":[]},"publishpress_future_workflow_manual_trigger":{"enabledWorkflows":[]},"_links":{"self":[{"href":"https:\/\/pokerplanets6.com\/es\/wp-json\/wp\/v2\/pages\/6241","targetHints":{"allow":["GET"]}}],"collection":[{"href":"https:\/\/pokerplanets6.com\/es\/wp-json\/wp\/v2\/pages"}],"about":[{"href":"https:\/\/pokerplanets6.com\/es\/wp-json\/wp\/v2\/types\/page"}],"author":[{"embeddable":true,"href":"https:\/\/pokerplanets6.com\/es\/wp-json\/wp\/v2\/users\/1"}],"replies":[{"embeddable":true,"href":"https:\/\/pokerplanets6.com\/es\/wp-json\/wp\/v2\/comments?post=6241"}],"version-history":[{"count":0,"href":"https:\/\/pokerplanets6.com\/es\/wp-json\/wp\/v2\/pages\/6241\/revisions"}],"up":[{"embeddable":true,"href":"https:\/\/pokerplanets6.com\/es\/wp-json\/wp\/v2\/pages\/6189"}],"wp:attachment":[{"href":"https:\/\/pokerplanets6.com\/es\/wp-json\/wp\/v2\/media?parent=6241"}],"curies":[{"name":"wp","href":"https:\/\/api.w.org\/{rel}","templated":true}]}}