{"id":6195,"date":"2025-01-28T23:04:39","date_gmt":"2025-01-28T20:04:39","guid":{"rendered":"https:\/\/pokerplanets2.com\/pokerplanets6\/terminos-y-condiciones-generales\/politica-de-cookies\/"},"modified":"2025-01-28T23:04:39","modified_gmt":"2025-01-28T20:04:39","slug":"politica-de-cookies","status":"publish","type":"page","link":"https:\/\/pokerplanets6.com\/es\/terminos-y-condiciones-generales\/politica-de-cookies\/","title":{"rendered":"Pol\u00edtica de cookies"},"content":{"rendered":"<div>\r\n<p><span style=\"font-size: 10pt;\"><em>Versi\u00f3n 1.0.<\/em><\/span><br \/>\r\n<span style=\"font-size: 10pt;\"><em>\u00daltima actualizaci\u00f3n: 01 de marzo de 2025<\/em><\/span><\/p>\r\n<p><span style=\"font-size: 10pt;\"><strong>Aviso de Cookies<\/strong><\/span><\/p>\r\n<ul>\r\n\t<li><span style=\"font-size: 10pt;\">Cuando accedes a nuestro Sitio Web, su contenido, productos y servicios o los utilizas, podemos recopilar informaci\u00f3n de tus dispositivos mediante cookies. Las cookies cumplen diversas funciones, y el prop\u00f3sito de esta Pol\u00edtica es ofrecerte una comprensi\u00f3n clara de qu\u00e9 son las cookies, por qu\u00e9 las usamos, cu\u00e1les utilizamos y c\u00f3mo puedes controlar su uso. Como estas cookies no son estrictamente necesarias para el funcionamiento del Sitio Web y la prestaci\u00f3n de nuestros servicios, te pediremos tu consentimiento para su uso cuando visites por primera vez nuestro Sitio Web. Salvo lo indicado expresamente en esta Pol\u00edtica, se aplicar\u00e1 la Pol\u00edtica de Privacidad al tratamiento de los datos que recopilamos mediante cookies.<\/span><\/li>\r\n<\/ul>\r\n<\/div>\r\n<div>\r\n<p><span style=\"font-size: 10pt;\"><strong>Acerca de las Cookies<\/strong><\/span><\/p>\r\n<ul>\r\n\t<li><span style=\"font-size: 10pt;\">Las cookies son archivos de texto que contienen una peque\u00f1a cantidad de informaci\u00f3n y que se descargan en tu dispositivo al visitar el Sitio Web. Esta informaci\u00f3n puede referirse a ti, tus preferencias o tu dispositivo, y se utiliza principalmente para mejorar tu experiencia en l\u00ednea y garantizar que el contenido y las funciones relevantes se entreguen y utilicen de manera m\u00e1s eficaz. Tu navegador pone las cookies a disposici\u00f3n cada vez que visitas nuestro Sitio Web. Por lo general, las cookies no contienen informaci\u00f3n que identifique personalmente a un usuario, pero la Informaci\u00f3n Personal que almacenamos puede estar vinculada a la informaci\u00f3n almacenada y obtenida a partir de cookies.<\/span><\/li>\r\n<\/ul>\r\n<\/div>\r\n<div>\r\n<p><span style=\"font-size: 10pt;\"><strong>Cookies Utilizadas en Nuestro Sitio Web<\/strong><\/span><\/p>\r\n<ul>\r\n\t<li><span style=\"font-size: 10pt;\">Usamos tanto cookies de sesi\u00f3n como cookies persistentes para realizar diversas funciones en el Sitio Web. Las cookies de sesi\u00f3n se descargan temporalmente en tu dispositivo durante el periodo en que usas el Sitio Web; estas cookies pueden permitirte navegar por el Sitio Web de manera m\u00e1s eficiente y recordar las preferencias que has seleccionado. Las cookies persistentes ser\u00e1n almacenadas por un navegador web y seguir\u00e1n siendo v\u00e1lidas hasta su fecha de caducidad establecida, a menos que el usuario las elimine. Estas cookies pueden utilizarse para ayudar al Sitio Web a recordarte como visitante recurrente y pueden contener datos como detalles de inicio de sesi\u00f3n, informaci\u00f3n de contacto y n\u00fameros de cuenta, para que no tengas que introducirlos cada vez que utilices el Sitio Web.<\/span><\/li>\r\n\t<li><span style=\"font-size: 10pt;\">Algunas cookies son establecidas por el operador del Sitio Web. Se denominan cookies de origen. Las cookies tambi\u00e9n pueden ser establecidas en tu dispositivo por proveedores de servicios externos. Estas cookies se conocen como cookies de terceros. Aunque existen diversos usos para las cookies, las que podemos usar se agrupan en una de las siguientes categor\u00edas principales:<\/span><\/li>\r\n\t<li><span style=\"font-size: 10pt;\"><strong>Cookies estrictamente necesarias:<\/strong> Estas cookies son absolutamente necesarias para el funcionamiento de nuestro Sitio Web. Se utilizan para proporcionarte el contenido, los productos y los servicios que has solicitado. Este tipo de cookie es esencial para que tu dispositivo descargue o transmita informaci\u00f3n que te permita navegar por el Sitio Web y utilizar sus funciones. Se utilizan para mantener la sesi\u00f3n activa del usuario dentro del Sitio Web o para mantener una sesi\u00f3n de usuario an\u00f3nima por parte del servidor. No almacenan ninguna Informaci\u00f3n Personal, y sin ellas, el Sitio Web no puede funcionar correctamente, por lo que no pueden ser desactivadas.<\/span><\/li>\r\n\t<li><span style=\"font-size: 10pt;\"><strong>Cookies funcionales:<\/strong> Estas cookies se utilizan para reconocerte cuando vuelves al Sitio Web y nos permiten recordar tus elecciones y ofrecer funciones mejoradas. Tambi\u00e9n mejoran la funcionalidad de nuestro Sitio Web. Las cookies funcionales registran informaci\u00f3n sobre las decisiones que has tomado (como las preferencias de idioma) y nos permiten ofrecerte caracter\u00edsticas m\u00e1s personalizadas. Pueden ser establecidas por nosotros o por terceros cuyos servicios hemos incorporado al Sitio Web.<\/span><\/li>\r\n\t<li><span style=\"font-size: 10pt;\"><strong>Cookies de rendimiento:<\/strong> Estas cookies se utilizan para recopilar informaci\u00f3n sobre el uso del Sitio Web. Aunque estas cookies no te identifican personalmente mientras no hayas iniciado sesi\u00f3n, recopilar\u00e1n informaci\u00f3n sobre tu navegador y datos an\u00f3nimos que se utilizar\u00e1n para proporcionar estad\u00edsticas agregadas sobre los visitantes del Sitio Web. Estas estad\u00edsticas se utilizan internamente para ayudarnos a probar y mejorar el rendimiento del Sitio Web, ofreciendo una mejor experiencia al usuario. En ciertos casos, estas cookies son gestionadas por proveedores externos. Estos proveedores no pueden utilizar estas cookies para fines distintos de los indicados anteriormente ni identificarte mediante estas cookies.<\/span><br \/>\r\n<span style=\"font-size: 10pt;\">Nuestro Sitio Web utiliza cookies de terceros. En algunos casos, puedes cambiar la configuraci\u00f3n de las cookies a trav\u00e9s de los sitios web de estos proveedores externos.<\/span><\/li>\r\n\t<li><span style=\"font-size: 10pt;\"><strong>Cookies de segmentaci\u00f3n:<\/strong> Estas cookies registran informaci\u00f3n como tu visita al Sitio Web, tus h\u00e1bitos de navegaci\u00f3n, las p\u00e1ginas que has visitado, los enlaces que has seguido y los productos que has seleccionado. Utilizaremos esta informaci\u00f3n para que nuestro Sitio Web, la publicidad mostrada y nuestras comunicaciones de marketing sean m\u00e1s relevantes para tus intereses. Estas cookies pueden ser establecidas en el Sitio Web por nuestros socios publicitarios. Pueden ser utilizadas por estas empresas para elaborar un perfil de tus intereses, mostrarte contenido relevante \u2014incluyendo anuncios en otros sitios\u2014, entregar contenido y comunicaciones adaptadas a tus intereses, limitar el n\u00famero de veces que ves un anuncio y ayudar a medir la efectividad de una campa\u00f1a publicitaria. No almacenan Informaci\u00f3n Personal directamente, pero se basan en identificar de manera \u00fanica tu navegador y dispositivo de internet.<\/span><\/li>\r\n\t<li><span style=\"font-size: 10pt;\"><strong>Prevenci\u00f3n de fraude:<\/strong> Estas cookies almacenan informaci\u00f3n que nos ayuda a prevenir el uso fraudulento del Sitio Web.<\/span><\/li>\r\n<\/ul>\r\n<\/div>\r\n<div>\r\n<p><span style=\"font-size: 10pt;\"><strong>Gesti\u00f3n de Cookies<\/strong><\/span><\/p>\r\n<ul>\r\n\t<li><span style=\"font-size: 10pt;\">Puedes aceptar o rechazar cookies de diferentes maneras, como cambiando la configuraci\u00f3n de tu navegador o eliminando las cookies existentes. Ten en cuenta que si ajustas las cookies mediante la configuraci\u00f3n del navegador web, salvo que elimines o bloquees cada cookie de forma individual, los cambios se aplicar\u00e1n a todos los sitios web que visites, no solo a nuestro Sitio Web. Tambi\u00e9n deber\u00e1s ajustar las cookies para cada navegador por separado. Adem\u00e1s, ten en cuenta que eliminar nuestras cookies o desactivar las cookies futuras podr\u00eda impedirte acceder a ciertas secciones o funciones del Sitio Web. Por ejemplo, si tu navegador est\u00e1 configurado para desactivar las cookies de sesi\u00f3n, no podr\u00e1s iniciar sesi\u00f3n en tu Cuenta.<\/span><\/li>\r\n\t<li><span style=\"font-size: 10pt;\">Aprende a gestionar cookies en los navegadores m\u00e1s populares:<\/span><br \/>\r\n<span style=\"font-size: 10pt;\">\u2022 <a href=\"https:\/\/allaboutcookies.org\/how-to-manage-cookies\">Google Chrome<\/a><\/span><br \/>\r\n<span style=\"font-size: 10pt;\">\u2022 <a href=\"https:\/\/allaboutcookies.org\/how-to-manage-cookies\">Microsoft Edge<\/a><\/span><br \/>\r\n<span style=\"font-size: 10pt;\">\u2022 <a href=\"https:\/\/allaboutcookies.org\/how-to-manage-cookies\">Mozilla Firefox<\/a><\/span><br \/>\r\n<span style=\"font-size: 10pt;\">\u2022 <a href=\"https:\/\/allaboutcookies.org\/how-to-manage-cookies\">Microsoft Internet Explorer<\/a><\/span><br \/>\r\n<span style=\"font-size: 10pt;\">\u2022 <a href=\"https:\/\/allaboutcookies.org\/how-to-manage-cookies\">Opera<\/a><\/span><br \/>\r\n<span style=\"font-size: 10pt;\">\u2022 <a href=\"https:\/\/allaboutcookies.org\/how-to-manage-cookies\">Apple Safari<\/a><\/span><\/li>\r\n\t<li><span style=\"font-size: 10pt;\">Para encontrar informaci\u00f3n sobre otros navegadores, visita el sitio web del desarrollador del navegador. Puedes consultar c\u00f3mo protegemos tu privacidad en nuestra <a href=\"http:\/\/pokerplanets2.com\/pokerplanets6\/en\/terms-conditions\/privacy-policy\/\">Pol\u00edtica de Privacidad<\/a>.<\/span><\/li>\r\n<\/ul>\r\n<\/div>\r\n","protected":false},"excerpt":{"rendered":"<p>Versi\u00f3n 1.0. \u00daltima actualizaci\u00f3n: 01 de marzo de 2025 Aviso de Cookies Cuando accedes a nuestro Sitio Web, su contenido, productos y servicios o los utilizas, podemos recopilar informaci\u00f3n de tus dispositivos mediante cookies. Las cookies cumplen diversas funciones, y el prop\u00f3sito de esta Pol\u00edtica es ofrecerte una comprensi\u00f3n clara de qu\u00e9 son las cookies, [&hellip;]<\/p>\n","protected":false},"author":1,"featured_media":0,"parent":6189,"menu_order":0,"comment_status":"closed","ping_status":"closed","template":"page-simple3.php","meta":{"_acf_changed":false,"inline_featured_image":false,"footnotes":""},"class_list":["post-6195","page","type-page","status-publish","hentry"],"acf":[],"yoast_head":"<!-- This site is optimized with the Yoast SEO plugin v24.4 - https:\/\/yoast.com\/wordpress\/plugins\/seo\/ -->\n<title>Pol\u00edtica de cookies<\/title>\n<meta name=\"description\" content=\"Lea sobre las cookies \ud83c\udfaf Juegue seg\u00fan las reglas con total transparencia\" \/>\n<meta name=\"robots\" content=\"index, follow, max-snippet:-1, max-image-preview:large, max-video-preview:-1\" \/>\n<meta property=\"og:locale\" content=\"es_ES\" \/>\n<meta property=\"og:type\" content=\"article\" \/>\n<meta property=\"og:title\" content=\"Pol\u00edtica de cookies\" \/>\n<meta property=\"og:description\" content=\"Lea sobre las cookies \ud83c\udfaf Juegue seg\u00fan las reglas con total transparencia\" \/>\n<meta property=\"og:url\" content=\"https:\/\/pokerplanets6.com\/es\/terminos-y-condiciones-generales\/politica-de-cookies\/\" \/>\n<meta property=\"og:site_name\" content=\"PokerPlanets\" \/>\n<meta name=\"twitter:card\" content=\"summary_large_image\" \/>\n<meta name=\"twitter:label1\" content=\"Tiempo de lectura\" \/>\n\t<meta name=\"twitter:data1\" content=\"6 minutos\" \/>\n<script type=\"application\/ld+json\" class=\"yoast-schema-graph\">{\"@context\":\"https:\/\/schema.org\",\"@graph\":[{\"@type\":\"WebPage\",\"@id\":\"https:\/\/pokerplanets6.com\/es\/terminos-y-condiciones-generales\/politica-de-cookies\/\",\"url\":\"https:\/\/pokerplanets6.com\/es\/terminos-y-condiciones-generales\/politica-de-cookies\/\",\"name\":\"Pol\u00edtica de cookies\",\"isPartOf\":{\"@id\":\"https:\/\/pokerplanets6.com\/es\/#website\"},\"datePublished\":\"2025-01-28T20:04:39+00:00\",\"description\":\"Lea sobre las cookies \ud83c\udfaf Juegue seg\u00fan las reglas con total transparencia\",\"breadcrumb\":{\"@id\":\"https:\/\/pokerplanets6.com\/es\/terminos-y-condiciones-generales\/politica-de-cookies\/#breadcrumb\"},\"inLanguage\":\"es\",\"potentialAction\":[{\"@type\":\"ReadAction\",\"target\":[\"https:\/\/pokerplanets6.com\/es\/terminos-y-condiciones-generales\/politica-de-cookies\/\"]}]},{\"@type\":\"BreadcrumbList\",\"@id\":\"https:\/\/pokerplanets6.com\/es\/terminos-y-condiciones-generales\/politica-de-cookies\/#breadcrumb\",\"itemListElement\":[{\"@type\":\"ListItem\",\"position\":1,\"name\":\"Home\",\"item\":\"https:\/\/pokerplanets6.com\/es\/\"},{\"@type\":\"ListItem\",\"position\":2,\"name\":\"T\u00e9rminos y condiciones generales\",\"item\":\"https:\/\/pokerplanets6.com\/es\/terminos-y-condiciones-generales\/\"},{\"@type\":\"ListItem\",\"position\":3,\"name\":\"Pol\u00edtica de cookies\"}]},{\"@type\":\"WebSite\",\"@id\":\"https:\/\/pokerplanets6.com\/es\/#website\",\"url\":\"https:\/\/pokerplanets6.com\/es\/\",\"name\":\"PokerPlanets\",\"description\":\"\",\"potentialAction\":[{\"@type\":\"SearchAction\",\"target\":{\"@type\":\"EntryPoint\",\"urlTemplate\":\"https:\/\/pokerplanets6.com\/es\/?s={search_term_string}\"},\"query-input\":{\"@type\":\"PropertyValueSpecification\",\"valueRequired\":true,\"valueName\":\"search_term_string\"}}],\"inLanguage\":\"es\"}]}<\/script>\n<!-- \/ Yoast SEO plugin. -->","yoast_head_json":{"title":"Pol\u00edtica de cookies","description":"Lea sobre las cookies \ud83c\udfaf Juegue seg\u00fan las reglas con total transparencia","robots":{"index":"index","follow":"follow","max-snippet":"max-snippet:-1","max-image-preview":"max-image-preview:large","max-video-preview":"max-video-preview:-1"},"og_locale":"es_ES","og_type":"article","og_title":"Pol\u00edtica de cookies","og_description":"Lea sobre las cookies \ud83c\udfaf Juegue seg\u00fan las reglas con total transparencia","og_url":"https:\/\/pokerplanets6.com\/es\/terminos-y-condiciones-generales\/politica-de-cookies\/","og_site_name":"PokerPlanets","twitter_card":"summary_large_image","twitter_misc":{"Tiempo de lectura":"6 minutos"},"schema":{"@context":"https:\/\/schema.org","@graph":[{"@type":"WebPage","@id":"https:\/\/pokerplanets6.com\/es\/terminos-y-condiciones-generales\/politica-de-cookies\/","url":"https:\/\/pokerplanets6.com\/es\/terminos-y-condiciones-generales\/politica-de-cookies\/","name":"Pol\u00edtica de cookies","isPartOf":{"@id":"https:\/\/pokerplanets6.com\/es\/#website"},"datePublished":"2025-01-28T20:04:39+00:00","description":"Lea sobre las cookies \ud83c\udfaf Juegue seg\u00fan las reglas con total transparencia","breadcrumb":{"@id":"https:\/\/pokerplanets6.com\/es\/terminos-y-condiciones-generales\/politica-de-cookies\/#breadcrumb"},"inLanguage":"es","potentialAction":[{"@type":"ReadAction","target":["https:\/\/pokerplanets6.com\/es\/terminos-y-condiciones-generales\/politica-de-cookies\/"]}]},{"@type":"BreadcrumbList","@id":"https:\/\/pokerplanets6.com\/es\/terminos-y-condiciones-generales\/politica-de-cookies\/#breadcrumb","itemListElement":[{"@type":"ListItem","position":1,"name":"Home","item":"https:\/\/pokerplanets6.com\/es\/"},{"@type":"ListItem","position":2,"name":"T\u00e9rminos y condiciones generales","item":"https:\/\/pokerplanets6.com\/es\/terminos-y-condiciones-generales\/"},{"@type":"ListItem","position":3,"name":"Pol\u00edtica de cookies"}]},{"@type":"WebSite","@id":"https:\/\/pokerplanets6.com\/es\/#website","url":"https:\/\/pokerplanets6.com\/es\/","name":"PokerPlanets","description":"","potentialAction":[{"@type":"SearchAction","target":{"@type":"EntryPoint","urlTemplate":"https:\/\/pokerplanets6.com\/es\/?s={search_term_string}"},"query-input":{"@type":"PropertyValueSpecification","valueRequired":true,"valueName":"search_term_string"}}],"inLanguage":"es"}]}},"publishpress_future_action":{"enabled":false,"date":"2026-04-23 23:36:31","action":"change-status","newStatus":"draft","terms":[],"taxonomy":"translation_priority","extraData":[]},"publishpress_future_workflow_manual_trigger":{"enabledWorkflows":[]},"_links":{"self":[{"href":"https:\/\/pokerplanets6.com\/es\/wp-json\/wp\/v2\/pages\/6195","targetHints":{"allow":["GET"]}}],"collection":[{"href":"https:\/\/pokerplanets6.com\/es\/wp-json\/wp\/v2\/pages"}],"about":[{"href":"https:\/\/pokerplanets6.com\/es\/wp-json\/wp\/v2\/types\/page"}],"author":[{"embeddable":true,"href":"https:\/\/pokerplanets6.com\/es\/wp-json\/wp\/v2\/users\/1"}],"replies":[{"embeddable":true,"href":"https:\/\/pokerplanets6.com\/es\/wp-json\/wp\/v2\/comments?post=6195"}],"version-history":[{"count":0,"href":"https:\/\/pokerplanets6.com\/es\/wp-json\/wp\/v2\/pages\/6195\/revisions"}],"up":[{"embeddable":true,"href":"https:\/\/pokerplanets6.com\/es\/wp-json\/wp\/v2\/pages\/6189"}],"wp:attachment":[{"href":"https:\/\/pokerplanets6.com\/es\/wp-json\/wp\/v2\/media?parent=6195"}],"curies":[{"name":"wp","href":"https:\/\/api.w.org\/{rel}","templated":true}]}}