{"id":6080,"date":"2025-04-25T23:46:54","date_gmt":"2025-04-25T20:46:54","guid":{"rendered":"https:\/\/pokerplanets2.com\/pokerplanets6\/preguntas-frecuentes\/"},"modified":"2025-04-25T23:46:54","modified_gmt":"2025-04-25T20:46:54","slug":"preguntas-frecuentes","status":"publish","type":"page","link":"https:\/\/pokerplanets6.com\/es\/preguntas-frecuentes\/","title":{"rendered":"Preguntas Frecuentes"},"content":{"rendered":"<h2>Preguntas Frecuentes sobre Dep\u00f3sitos<\/h2> \r\n<p>https:\/\/pokerplanets2.com\/pokerplanets6\/en\/faq-new\/how-can-i-make-a-deposit\/<\/p>\r\n<p>https:\/\/pokerplanets2.com\/pokerplanets6\/en\/faq-new\/how-safe-is-it-to-make-a-payment-on-your-platform\/<\/p>\r\n<p>https:\/\/pokerplanets2.com\/pokerplanets6\/en\/faq-new\/are-there-any-fees-for-making-deposits\/<\/p>\r\n<p>https:\/\/pokerplanets2.com\/pokerplanets6\/en\/faq-new\/which-currencies-do-you-accept-for-deposits\/<\/p>\r\n<p>https:\/\/pokerplanets2.com\/pokerplanets6\/en\/faq-new\/why-was-my-deposit-rejected\/<\/p>\r\n<p>https:\/\/pokerplanets2.com\/pokerplanets6\/en\/faq-new\/how-long-will-it-take-for-my-deposit-to-appear-in-my-account-balance\/<\/p>\r\n<p>https:\/\/pokerplanets2.com\/pokerplanets6\/en\/faq-new\/can-i-use-someone-elses-card-to-deposit-funds\/<\/p>\r\n<p>https:\/\/pokerplanets2.com\/pokerplanets6\/en\/faq-new\/can-i-cancel-my-deposit-request\/<\/p>\r\n<p>https:\/\/pokerplanets2.com\/pokerplanets6\/en\/faq-new\/is-there-a-minimum-deposit-amount\/<\/p>\r\n<p>https:\/\/pokerplanets2.com\/pokerplanets6\/en\/faq-new\/how-can-i-confirm-that-my-deposit-was-successful\/<\/p>\r\n<p>https:\/\/pokerplanets2.com\/pokerplanets6\/en\/faq-new\/can-i-make-a-deposit-using-cryptocurrency\/<\/p>\r\n<p>https:\/\/pokerplanets2.com\/pokerplanets6\/en\/faq-new\/why-is-my-deposit-pending\/<\/p>\r\n<p>https:\/\/pokerplanets2.com\/pokerplanets6\/en\/faq-new\/can-i-use-multiple-payment-methods-for-deposits\/<\/p>\r\n<p>https:\/\/pokerplanets2.com\/pokerplanets6\/en\/faq-new\/what-should-i-do-if-my-deposit-is-not-credited-to-my-account\/<\/p>\r\n<p>https:\/\/pokerplanets2.com\/pokerplanets6\/en\/faq-new\/is-there-a-maximum-deposit-amount\/<\/p>\r\n<p>https:\/\/pokerplanets2.com\/pokerplanets6\/en\/faq-new\/can-i-set-deposit-limits-on-my-account\/<\/p>\r\n<p>https:\/\/pokerplanets2.com\/pokerplanets6\/en\/faq-new\/do-you-accept-deposits-in-multiple-currencies\/<\/p>\r\n\r\n<h2>Preguntas Frecuentes sobre la Cuenta<\/h2>\r\n<p><b><a href=\"https:\/\/pokerplanets2.com\/pokerplanets6\/en\/faq-new\/how-can-i-start-playing-on-pokerplanets\/\">\u00bfC\u00f3mo puedo empezar a jugar en PokerPlanets?<\/a><br \/>\r\n<a href=\"https:\/\/pokerplanets2.com\/pokerplanets6\/en\/faq-new\/can-i-choose-any-username-i-like\/\">\u00bfPuedo elegir cualquier nombre de usuario que me guste?<\/a><br \/>\r\n<\/b><strong><a href=\"https:\/\/pokerplanets2.com\/pokerplanets6\/en\/faq-new\/why-am-i-not-receiving-the-verification-code-for-my-email-validation\/\">\u00bfPor qu\u00e9 no recibo el c\u00f3digo de verificaci\u00f3n para validar mi correo electr\u00f3nico?<\/a><br \/>\r\n<a href=\"https:\/\/pokerplanets2.com\/pokerplanets6\/en\/faq-new\/why-am-i-not-receiving-the-verification-code-for-my-email-validation\/\">\u00bfPuede un familiar crear su propia cuenta si compartimos ordenador o domicilio?<\/a><br \/>\r\n<b><a href=\"https:\/\/pokerplanets2.com\/pokerplanets6\/en\/faq-new\/why-cant-i-register-multiple-accounts\/\">\u00bfPor qu\u00e9 no puedo registrar varias cuentas?<\/a><br \/>\r\n<a href=\"https:\/\/pokerplanets2.com\/pokerplanets6\/en\/faq-new\/how-can-i-change-my-username\/\">\u00bfC\u00f3mo puedo cambiar mi nombre de usuario?<\/a><br \/>\r\n<\/b><a href=\"https:\/\/pokerplanets2.com\/pokerplanets6\/en\/faq-new\/can-i-set-my-own-image-as-an-avatar\/\">\u00bfPuedo usar mi propia imagen como avatar?<\/a><br \/>\r\n<\/strong><a href=\"https:\/\/pokerplanets2.com\/pokerplanets6\/en\/faq-new\/how-can-i-reset-my-password\/\"><b>\u00bfC\u00f3mo puedo restablecer mi contrase\u00f1a?<\/b><\/a><br \/>\r\n<b><a href=\"https:\/\/pokerplanets2.com\/pokerplanets6\/en\/faq-new\/can-i-change-my-email-address\/\">\u00bfPuedo cambiar mi direcci\u00f3n de correo electr\u00f3nico?<\/a><br \/>\r\n<a href=\"https:\/\/pokerplanets2.com\/pokerplanets6\/en\/faq-new\/can-i-change-my-phone-number\/\">\u00bfPuedo cambiar mi n\u00famero de tel\u00e9fono?<\/a><br \/>\r\n<a href=\"https:\/\/pokerplanets2.com\/pokerplanets6\/en\/faq-new\/ive-moved-do-i-need-to-complete-verification-again\/\">Me he mudado \u2014 \u00bfdebo volver a verificar mi cuenta?<\/a><br \/>\r\n<a href=\"https:\/\/pokerplanets2.com\/pokerplanets6\/en\/faq-new\/why-does-my-lobby-say-that-i-am-not-verified-address-change\/\">\u00bfPor qu\u00e9 en el lobby aparece que no estoy verificado? (cambio de direcci\u00f3n)<\/a><br \/>\r\n<a href=\"https:\/\/pokerplanets2.com\/pokerplanets6\/en\/faq-new\/can-i-change-my-personal-information\/\">\u00bfPuedo cambiar mis datos personales?<\/a><br \/>\r\n<a href=\"https:\/\/pokerplanets2.com\/pokerplanets6\/en\/faq-new\/i-want-to-move-to-another-country-what-will-happen-to-my-account\/\">Quiero mudarme a otro pa\u00eds, \u00bfqu\u00e9 pasar\u00e1 con mi cuenta?<\/a><br \/>\r\n<a href=\"https:\/\/pokerplanets2.com\/pokerplanets6\/en\/faq-new\/can-i-play-while-traveling-to-other-countries\/\">\u00bfPuedo jugar mientras viajo a otros pa\u00edses?<\/a><br \/>\r\n<\/b><b><a href=\"https:\/\/pokerplanets2.com\/pokerplanets6\/en\/faq-new\/how-can-i-close-my-account\/\">\u00bfC\u00f3mo puedo cerrar mi cuenta?<\/a><br \/>\r\n<a href=\"https:\/\/pokerplanets2.com\/pokerplanets6\/en\/faq-new\/what-will-happen-to-my-data-after-my-account-is-closed\/\">\u00bfQu\u00e9 ocurrir\u00e1 con mis datos tras cerrar la cuenta?<\/a><br \/>\r\n<\/b><b><br \/>\r\n<\/b><\/p>\r\n<p>&nbsp;<\/p>","protected":false},"excerpt":{"rendered":"<p>Preguntas Frecuentes sobre Dep\u00f3sitos https:\/\/pokerplanets2.com\/pokerplanets6\/en\/faq-new\/how-can-i-make-a-deposit\/ https:\/\/pokerplanets2.com\/pokerplanets6\/en\/faq-new\/how-safe-is-it-to-make-a-payment-on-your-platform\/ https:\/\/pokerplanets2.com\/pokerplanets6\/en\/faq-new\/are-there-any-fees-for-making-deposits\/ https:\/\/pokerplanets2.com\/pokerplanets6\/en\/faq-new\/which-currencies-do-you-accept-for-deposits\/ https:\/\/pokerplanets2.com\/pokerplanets6\/en\/faq-new\/why-was-my-deposit-rejected\/ https:\/\/pokerplanets2.com\/pokerplanets6\/en\/faq-new\/how-long-will-it-take-for-my-deposit-to-appear-in-my-account-balance\/ https:\/\/pokerplanets2.com\/pokerplanets6\/en\/faq-new\/can-i-use-someone-elses-card-to-deposit-funds\/ https:\/\/pokerplanets2.com\/pokerplanets6\/en\/faq-new\/can-i-cancel-my-deposit-request\/ https:\/\/pokerplanets2.com\/pokerplanets6\/en\/faq-new\/is-there-a-minimum-deposit-amount\/ https:\/\/pokerplanets2.com\/pokerplanets6\/en\/faq-new\/how-can-i-confirm-that-my-deposit-was-successful\/ https:\/\/pokerplanets2.com\/pokerplanets6\/en\/faq-new\/can-i-make-a-deposit-using-cryptocurrency\/ https:\/\/pokerplanets2.com\/pokerplanets6\/en\/faq-new\/why-is-my-deposit-pending\/ https:\/\/pokerplanets2.com\/pokerplanets6\/en\/faq-new\/can-i-use-multiple-payment-methods-for-deposits\/ https:\/\/pokerplanets2.com\/pokerplanets6\/en\/faq-new\/what-should-i-do-if-my-deposit-is-not-credited-to-my-account\/ https:\/\/pokerplanets2.com\/pokerplanets6\/en\/faq-new\/is-there-a-maximum-deposit-amount\/ https:\/\/pokerplanets2.com\/pokerplanets6\/en\/faq-new\/can-i-set-deposit-limits-on-my-account\/ https:\/\/pokerplanets2.com\/pokerplanets6\/en\/faq-new\/do-you-accept-deposits-in-multiple-currencies\/ Preguntas Frecuentes sobre la Cuenta \u00bfC\u00f3mo puedo empezar a jugar en PokerPlanets? \u00bfPuedo elegir cualquier nombre de usuario que me guste? \u00bfPor qu\u00e9 no recibo el c\u00f3digo de verificaci\u00f3n para validar mi correo electr\u00f3nico? [&hellip;]<\/p>\n","protected":false},"author":1,"featured_media":0,"parent":0,"menu_order":0,"comment_status":"closed","ping_status":"closed","template":"page-simple3.php","meta":{"_acf_changed":false,"inline_featured_image":false,"footnotes":""},"class_list":["post-6080","page","type-page","status-publish","hentry"],"acf":[],"yoast_head":"<!-- This site is optimized with the Yoast SEO plugin v24.4 - https:\/\/yoast.com\/wordpress\/plugins\/seo\/ -->\n<title>Preguntas Frecuentes - PokerPlanets<\/title>\n<meta name=\"robots\" content=\"noindex, follow\" \/>\n<meta property=\"og:locale\" content=\"es_ES\" \/>\n<meta property=\"og:type\" content=\"article\" \/>\n<meta property=\"og:title\" content=\"Preguntas Frecuentes - PokerPlanets\" \/>\n<meta property=\"og:description\" content=\"Preguntas Frecuentes sobre Dep\u00f3sitos https:\/\/pokerplanets2.com\/pokerplanets6\/en\/faq-new\/how-can-i-make-a-deposit\/ https:\/\/pokerplanets2.com\/pokerplanets6\/en\/faq-new\/how-safe-is-it-to-make-a-payment-on-your-platform\/ https:\/\/pokerplanets2.com\/pokerplanets6\/en\/faq-new\/are-there-any-fees-for-making-deposits\/ https:\/\/pokerplanets2.com\/pokerplanets6\/en\/faq-new\/which-currencies-do-you-accept-for-deposits\/ https:\/\/pokerplanets2.com\/pokerplanets6\/en\/faq-new\/why-was-my-deposit-rejected\/ https:\/\/pokerplanets2.com\/pokerplanets6\/en\/faq-new\/how-long-will-it-take-for-my-deposit-to-appear-in-my-account-balance\/ https:\/\/pokerplanets2.com\/pokerplanets6\/en\/faq-new\/can-i-use-someone-elses-card-to-deposit-funds\/ https:\/\/pokerplanets2.com\/pokerplanets6\/en\/faq-new\/can-i-cancel-my-deposit-request\/ https:\/\/pokerplanets2.com\/pokerplanets6\/en\/faq-new\/is-there-a-minimum-deposit-amount\/ https:\/\/pokerplanets2.com\/pokerplanets6\/en\/faq-new\/how-can-i-confirm-that-my-deposit-was-successful\/ https:\/\/pokerplanets2.com\/pokerplanets6\/en\/faq-new\/can-i-make-a-deposit-using-cryptocurrency\/ https:\/\/pokerplanets2.com\/pokerplanets6\/en\/faq-new\/why-is-my-deposit-pending\/ https:\/\/pokerplanets2.com\/pokerplanets6\/en\/faq-new\/can-i-use-multiple-payment-methods-for-deposits\/ https:\/\/pokerplanets2.com\/pokerplanets6\/en\/faq-new\/what-should-i-do-if-my-deposit-is-not-credited-to-my-account\/ https:\/\/pokerplanets2.com\/pokerplanets6\/en\/faq-new\/is-there-a-maximum-deposit-amount\/ https:\/\/pokerplanets2.com\/pokerplanets6\/en\/faq-new\/can-i-set-deposit-limits-on-my-account\/ https:\/\/pokerplanets2.com\/pokerplanets6\/en\/faq-new\/do-you-accept-deposits-in-multiple-currencies\/ Preguntas Frecuentes sobre la Cuenta \u00bfC\u00f3mo puedo empezar a jugar en PokerPlanets? \u00bfPuedo elegir cualquier nombre de usuario que me guste? \u00bfPor qu\u00e9 no recibo el c\u00f3digo de verificaci\u00f3n para validar mi correo electr\u00f3nico? [&hellip;]\" \/>\n<meta property=\"og:url\" content=\"https:\/\/pokerplanets6.com\/es\/preguntas-frecuentes\/\" \/>\n<meta property=\"og:site_name\" content=\"PokerPlanets\" \/>\n<meta name=\"twitter:card\" content=\"summary_large_image\" \/>\n<meta name=\"twitter:label1\" content=\"Tiempo de lectura\" \/>\n\t<meta name=\"twitter:data1\" content=\"1 minuto\" \/>\n<script type=\"application\/ld+json\" class=\"yoast-schema-graph\">{\"@context\":\"https:\/\/schema.org\",\"@graph\":[{\"@type\":\"WebPage\",\"@id\":\"https:\/\/pokerplanets6.com\/es\/preguntas-frecuentes\/\",\"url\":\"https:\/\/pokerplanets6.com\/es\/preguntas-frecuentes\/\",\"name\":\"Preguntas Frecuentes - PokerPlanets\",\"isPartOf\":{\"@id\":\"https:\/\/pokerplanets6.com\/es\/#website\"},\"datePublished\":\"2025-04-25T20:46:54+00:00\",\"breadcrumb\":{\"@id\":\"https:\/\/pokerplanets6.com\/es\/preguntas-frecuentes\/#breadcrumb\"},\"inLanguage\":\"es\",\"potentialAction\":[{\"@type\":\"ReadAction\",\"target\":[\"https:\/\/pokerplanets6.com\/es\/preguntas-frecuentes\/\"]}]},{\"@type\":\"BreadcrumbList\",\"@id\":\"https:\/\/pokerplanets6.com\/es\/preguntas-frecuentes\/#breadcrumb\",\"itemListElement\":[{\"@type\":\"ListItem\",\"position\":1,\"name\":\"Home\",\"item\":\"https:\/\/pokerplanets6.com\/es\/\"},{\"@type\":\"ListItem\",\"position\":2,\"name\":\"Preguntas Frecuentes\"}]},{\"@type\":\"WebSite\",\"@id\":\"https:\/\/pokerplanets6.com\/es\/#website\",\"url\":\"https:\/\/pokerplanets6.com\/es\/\",\"name\":\"PokerPlanets\",\"description\":\"\",\"potentialAction\":[{\"@type\":\"SearchAction\",\"target\":{\"@type\":\"EntryPoint\",\"urlTemplate\":\"https:\/\/pokerplanets6.com\/es\/?s={search_term_string}\"},\"query-input\":{\"@type\":\"PropertyValueSpecification\",\"valueRequired\":true,\"valueName\":\"search_term_string\"}}],\"inLanguage\":\"es\"}]}<\/script>\n<!-- \/ Yoast SEO plugin. -->","yoast_head_json":{"title":"Preguntas Frecuentes - PokerPlanets","robots":{"index":"noindex","follow":"follow"},"og_locale":"es_ES","og_type":"article","og_title":"Preguntas Frecuentes - PokerPlanets","og_description":"Preguntas Frecuentes sobre Dep\u00f3sitos https:\/\/pokerplanets2.com\/pokerplanets6\/en\/faq-new\/how-can-i-make-a-deposit\/ https:\/\/pokerplanets2.com\/pokerplanets6\/en\/faq-new\/how-safe-is-it-to-make-a-payment-on-your-platform\/ https:\/\/pokerplanets2.com\/pokerplanets6\/en\/faq-new\/are-there-any-fees-for-making-deposits\/ https:\/\/pokerplanets2.com\/pokerplanets6\/en\/faq-new\/which-currencies-do-you-accept-for-deposits\/ https:\/\/pokerplanets2.com\/pokerplanets6\/en\/faq-new\/why-was-my-deposit-rejected\/ https:\/\/pokerplanets2.com\/pokerplanets6\/en\/faq-new\/how-long-will-it-take-for-my-deposit-to-appear-in-my-account-balance\/ https:\/\/pokerplanets2.com\/pokerplanets6\/en\/faq-new\/can-i-use-someone-elses-card-to-deposit-funds\/ https:\/\/pokerplanets2.com\/pokerplanets6\/en\/faq-new\/can-i-cancel-my-deposit-request\/ https:\/\/pokerplanets2.com\/pokerplanets6\/en\/faq-new\/is-there-a-minimum-deposit-amount\/ https:\/\/pokerplanets2.com\/pokerplanets6\/en\/faq-new\/how-can-i-confirm-that-my-deposit-was-successful\/ https:\/\/pokerplanets2.com\/pokerplanets6\/en\/faq-new\/can-i-make-a-deposit-using-cryptocurrency\/ https:\/\/pokerplanets2.com\/pokerplanets6\/en\/faq-new\/why-is-my-deposit-pending\/ https:\/\/pokerplanets2.com\/pokerplanets6\/en\/faq-new\/can-i-use-multiple-payment-methods-for-deposits\/ https:\/\/pokerplanets2.com\/pokerplanets6\/en\/faq-new\/what-should-i-do-if-my-deposit-is-not-credited-to-my-account\/ https:\/\/pokerplanets2.com\/pokerplanets6\/en\/faq-new\/is-there-a-maximum-deposit-amount\/ https:\/\/pokerplanets2.com\/pokerplanets6\/en\/faq-new\/can-i-set-deposit-limits-on-my-account\/ https:\/\/pokerplanets2.com\/pokerplanets6\/en\/faq-new\/do-you-accept-deposits-in-multiple-currencies\/ Preguntas Frecuentes sobre la Cuenta \u00bfC\u00f3mo puedo empezar a jugar en PokerPlanets? \u00bfPuedo elegir cualquier nombre de usuario que me guste? \u00bfPor qu\u00e9 no recibo el c\u00f3digo de verificaci\u00f3n para validar mi correo electr\u00f3nico? [&hellip;]","og_url":"https:\/\/pokerplanets6.com\/es\/preguntas-frecuentes\/","og_site_name":"PokerPlanets","twitter_card":"summary_large_image","twitter_misc":{"Tiempo de lectura":"1 minuto"},"schema":{"@context":"https:\/\/schema.org","@graph":[{"@type":"WebPage","@id":"https:\/\/pokerplanets6.com\/es\/preguntas-frecuentes\/","url":"https:\/\/pokerplanets6.com\/es\/preguntas-frecuentes\/","name":"Preguntas Frecuentes - PokerPlanets","isPartOf":{"@id":"https:\/\/pokerplanets6.com\/es\/#website"},"datePublished":"2025-04-25T20:46:54+00:00","breadcrumb":{"@id":"https:\/\/pokerplanets6.com\/es\/preguntas-frecuentes\/#breadcrumb"},"inLanguage":"es","potentialAction":[{"@type":"ReadAction","target":["https:\/\/pokerplanets6.com\/es\/preguntas-frecuentes\/"]}]},{"@type":"BreadcrumbList","@id":"https:\/\/pokerplanets6.com\/es\/preguntas-frecuentes\/#breadcrumb","itemListElement":[{"@type":"ListItem","position":1,"name":"Home","item":"https:\/\/pokerplanets6.com\/es\/"},{"@type":"ListItem","position":2,"name":"Preguntas Frecuentes"}]},{"@type":"WebSite","@id":"https:\/\/pokerplanets6.com\/es\/#website","url":"https:\/\/pokerplanets6.com\/es\/","name":"PokerPlanets","description":"","potentialAction":[{"@type":"SearchAction","target":{"@type":"EntryPoint","urlTemplate":"https:\/\/pokerplanets6.com\/es\/?s={search_term_string}"},"query-input":{"@type":"PropertyValueSpecification","valueRequired":true,"valueName":"search_term_string"}}],"inLanguage":"es"}]}},"publishpress_future_action":{"enabled":false,"date":"2026-05-07 00:05:19","action":"change-status","newStatus":"draft","terms":[],"taxonomy":"translation_priority","extraData":[]},"publishpress_future_workflow_manual_trigger":{"enabledWorkflows":[]},"_links":{"self":[{"href":"https:\/\/pokerplanets6.com\/es\/wp-json\/wp\/v2\/pages\/6080","targetHints":{"allow":["GET"]}}],"collection":[{"href":"https:\/\/pokerplanets6.com\/es\/wp-json\/wp\/v2\/pages"}],"about":[{"href":"https:\/\/pokerplanets6.com\/es\/wp-json\/wp\/v2\/types\/page"}],"author":[{"embeddable":true,"href":"https:\/\/pokerplanets6.com\/es\/wp-json\/wp\/v2\/users\/1"}],"replies":[{"embeddable":true,"href":"https:\/\/pokerplanets6.com\/es\/wp-json\/wp\/v2\/comments?post=6080"}],"version-history":[{"count":0,"href":"https:\/\/pokerplanets6.com\/es\/wp-json\/wp\/v2\/pages\/6080\/revisions"}],"wp:attachment":[{"href":"https:\/\/pokerplanets6.com\/es\/wp-json\/wp\/v2\/media?parent=6080"}],"curies":[{"name":"wp","href":"https:\/\/api.w.org\/{rel}","templated":true}]}}