{"id":10044,"date":"2025-12-19T23:36:16","date_gmt":"2025-12-19T20:36:16","guid":{"rendered":"https:\/\/pokerplanets2.com\/pokerplanets6\/promociones\/holiday-gift-blizzard\/"},"modified":"2025-12-20T00:00:30","modified_gmt":"2025-12-19T21:00:30","slug":"holiday-gift-blizzard","status":"publish","type":"page","link":"https:\/\/pokerplanets6.com\/es\/promociones\/holiday-gift-blizzard\/","title":{"rendered":"Holiday Gift Blizzard"},"content":{"rendered":"<p style=\"text-align: center;\"><span style=\"font-size: 14pt;\"><strong>Ventisca de regalos navide\u00f1os en PokerPlanets!<\/strong><\/span><\/p>\r\n<p><span style=\"font-size: 10pt;\"><strong>Del 20 de diciembre al 16 de enero<\/strong>, las partidas de cash son a\u00fan m\u00e1s rentables: juega en cualquier l\u00edmite, gana entradas para <strong>torneos All-in Shootout<\/strong> y <strong>consigue premios<\/strong> en sorteos semanales por un total de <strong>$5 000<\/strong>.<\/span><\/p>\r\n<p><span style=\"font-size: 10pt;\"><strong>Mec\u00e1nica simple:<\/strong><\/span><\/p>\r\n<ol>\r\n\t<li><span style=\"font-size: 10pt;\">Juega cash con dinero real en cualquier l\u00edmite.<\/span><\/li>\r\n\t<li><span style=\"font-size: 10pt;\">Por <strong>cada 50 manos con rake, recibe 1 ticket<\/strong> para el torneo. \u00a1Hasta 4 tickets por semana!<\/span><\/li>\r\n\t<li><span style=\"font-size: 10pt;\"><strong>La presencia no es obligatoria: los regalos te encontrar\u00e1n.<\/strong><\/span><\/li>\r\n<\/ol>\r\n<p><span style=\"font-size: 10pt;\"><strong>\u00a1M\u00e1s tickets, m\u00e1s oportunidades!<br \/>\r\n<\/strong>Cada ticket te da un asiento separado en el torneo. Consigue el m\u00e1ximo y multiplica tus chances de ganar.<\/span><\/p>\r\n<p><span style=\"font-size: 10pt;\"><strong>Torneos finales:<\/strong><\/span><\/p>\r\n<ul>\r\n\t<li><span style=\"font-size: 10pt;\"><strong>26 de diciembre, 16:30 MSK<\/strong> \u2014 pozo de premios de <strong>$1 000<\/strong>.<\/span><\/li>\r\n\t<li><span style=\"font-size: 10pt;\"><strong>2 de enero, 16:30 MSK<\/strong> \u2014 pozo de premios de <strong>$1 500<\/strong>.<\/span><\/li>\r\n\t<li><span style=\"font-size: 10pt;\"><strong>9 de enero, 16:30 MSK<\/strong> \u2014 pozo de premios de <strong>$1 500<\/strong>.<\/span><\/li>\r\n\t<li><span style=\"font-size: 10pt;\"><strong>16 de enero, 16:30 MSK<\/strong> \u2014 pozo de premios de <strong>$1 000<\/strong>.<\/span><\/li>\r\n<\/ul>\r\n<p style=\"text-align: center;\"><span style=\"font-size: 10pt;\"><strong>Juega cash, acumula la mayor cantidad posible de tickets y recibe tus regalos navide\u00f1os en PokerPlanets.<\/strong><\/span><\/p>\r\n<div style=\"margin: 0 auto; text-align: center;\"><div id=\"detectButton5\" style=\"margin: 0 auto; text-align: center;\"><button class=\"button  button--red\" type=\"button\"><svg class=\"svg\">\r\n              <use xlink:href=\"\/wp-content\/uploads\/sites\/15\/2024\/12\/sprite.svg#lock\"><\/use>\r\n             <\/svg>  DESCARGAR POKERPLANETS <\/button><\/div><\/div>\r\n<p>&nbsp;<\/p>","protected":false},"excerpt":{"rendered":"<p>Ventisca de regalos navide\u00f1os en PokerPlanets! Del 20 de diciembre al 16 de enero, las partidas de cash son a\u00fan m\u00e1s rentables: juega en cualquier l\u00edmite, gana entradas para torneos All-in Shootout y consigue premios en sorteos semanales por un total de $5 000. Mec\u00e1nica simple: Juega cash con dinero real en cualquier l\u00edmite. Por [&hellip;]<\/p>\n","protected":false},"author":1,"featured_media":0,"parent":6515,"menu_order":0,"comment_status":"closed","ping_status":"closed","template":"page-faq-nosidebar-promo.php","meta":{"_acf_changed":false,"inline_featured_image":false,"footnotes":""},"class_list":["post-10044","page","type-page","status-publish","hentry"],"acf":[],"yoast_head":"<!-- This site is optimized with the Yoast SEO plugin v24.4 - https:\/\/yoast.com\/wordpress\/plugins\/seo\/ -->\n<title>Holiday Gift Blizzard - PokerPlanets<\/title>\n<meta name=\"robots\" content=\"index, follow, max-snippet:-1, max-image-preview:large, max-video-preview:-1\" \/>\n<meta property=\"og:locale\" content=\"es_ES\" \/>\n<meta property=\"og:type\" content=\"article\" \/>\n<meta property=\"og:title\" content=\"Holiday Gift Blizzard - PokerPlanets\" \/>\n<meta property=\"og:description\" content=\"Ventisca de regalos navide\u00f1os en PokerPlanets! Del 20 de diciembre al 16 de enero, las partidas de cash son a\u00fan m\u00e1s rentables: juega en cualquier l\u00edmite, gana entradas para torneos All-in Shootout y consigue premios en sorteos semanales por un total de $5 000. Mec\u00e1nica simple: Juega cash con dinero real en cualquier l\u00edmite. Por [&hellip;]\" \/>\n<meta property=\"og:url\" content=\"https:\/\/pokerplanets6.com\/es\/promociones\/holiday-gift-blizzard\/\" \/>\n<meta property=\"og:site_name\" content=\"PokerPlanets\" \/>\n<meta property=\"article:modified_time\" content=\"2025-12-19T21:00:30+00:00\" \/>\n<meta name=\"twitter:card\" content=\"summary_large_image\" \/>\n<meta name=\"twitter:label1\" content=\"Tiempo de lectura\" \/>\n\t<meta name=\"twitter:data1\" content=\"1 minuto\" \/>\n<script type=\"application\/ld+json\" class=\"yoast-schema-graph\">{\"@context\":\"https:\/\/schema.org\",\"@graph\":[{\"@type\":\"WebPage\",\"@id\":\"https:\/\/pokerplanets6.com\/es\/promociones\/holiday-gift-blizzard\/\",\"url\":\"https:\/\/pokerplanets6.com\/es\/promociones\/holiday-gift-blizzard\/\",\"name\":\"Holiday Gift Blizzard - PokerPlanets\",\"isPartOf\":{\"@id\":\"https:\/\/pokerplanets6.com\/es\/#website\"},\"datePublished\":\"2025-12-19T20:36:16+00:00\",\"dateModified\":\"2025-12-19T21:00:30+00:00\",\"breadcrumb\":{\"@id\":\"https:\/\/pokerplanets6.com\/es\/promociones\/holiday-gift-blizzard\/#breadcrumb\"},\"inLanguage\":\"es\",\"potentialAction\":[{\"@type\":\"ReadAction\",\"target\":[\"https:\/\/pokerplanets6.com\/es\/promociones\/holiday-gift-blizzard\/\"]}]},{\"@type\":\"BreadcrumbList\",\"@id\":\"https:\/\/pokerplanets6.com\/es\/promociones\/holiday-gift-blizzard\/#breadcrumb\",\"itemListElement\":[{\"@type\":\"ListItem\",\"position\":1,\"name\":\"Home\",\"item\":\"https:\/\/pokerplanets6.com\/es\/\"},{\"@type\":\"ListItem\",\"position\":2,\"name\":\"Promociones\",\"item\":\"https:\/\/pokerplanets6.com\/es\/promociones\/\"},{\"@type\":\"ListItem\",\"position\":3,\"name\":\"Holiday Gift Blizzard\"}]},{\"@type\":\"WebSite\",\"@id\":\"https:\/\/pokerplanets6.com\/es\/#website\",\"url\":\"https:\/\/pokerplanets6.com\/es\/\",\"name\":\"PokerPlanets\",\"description\":\"\",\"potentialAction\":[{\"@type\":\"SearchAction\",\"target\":{\"@type\":\"EntryPoint\",\"urlTemplate\":\"https:\/\/pokerplanets6.com\/es\/?s={search_term_string}\"},\"query-input\":{\"@type\":\"PropertyValueSpecification\",\"valueRequired\":true,\"valueName\":\"search_term_string\"}}],\"inLanguage\":\"es\"}]}<\/script>\n<!-- \/ Yoast SEO plugin. -->","yoast_head_json":{"title":"Holiday Gift Blizzard - PokerPlanets","robots":{"index":"index","follow":"follow","max-snippet":"max-snippet:-1","max-image-preview":"max-image-preview:large","max-video-preview":"max-video-preview:-1"},"og_locale":"es_ES","og_type":"article","og_title":"Holiday Gift Blizzard - PokerPlanets","og_description":"Ventisca de regalos navide\u00f1os en PokerPlanets! Del 20 de diciembre al 16 de enero, las partidas de cash son a\u00fan m\u00e1s rentables: juega en cualquier l\u00edmite, gana entradas para torneos All-in Shootout y consigue premios en sorteos semanales por un total de $5 000. Mec\u00e1nica simple: Juega cash con dinero real en cualquier l\u00edmite. Por [&hellip;]","og_url":"https:\/\/pokerplanets6.com\/es\/promociones\/holiday-gift-blizzard\/","og_site_name":"PokerPlanets","article_modified_time":"2025-12-19T21:00:30+00:00","twitter_card":"summary_large_image","twitter_misc":{"Tiempo de lectura":"1 minuto"},"schema":{"@context":"https:\/\/schema.org","@graph":[{"@type":"WebPage","@id":"https:\/\/pokerplanets6.com\/es\/promociones\/holiday-gift-blizzard\/","url":"https:\/\/pokerplanets6.com\/es\/promociones\/holiday-gift-blizzard\/","name":"Holiday Gift Blizzard - PokerPlanets","isPartOf":{"@id":"https:\/\/pokerplanets6.com\/es\/#website"},"datePublished":"2025-12-19T20:36:16+00:00","dateModified":"2025-12-19T21:00:30+00:00","breadcrumb":{"@id":"https:\/\/pokerplanets6.com\/es\/promociones\/holiday-gift-blizzard\/#breadcrumb"},"inLanguage":"es","potentialAction":[{"@type":"ReadAction","target":["https:\/\/pokerplanets6.com\/es\/promociones\/holiday-gift-blizzard\/"]}]},{"@type":"BreadcrumbList","@id":"https:\/\/pokerplanets6.com\/es\/promociones\/holiday-gift-blizzard\/#breadcrumb","itemListElement":[{"@type":"ListItem","position":1,"name":"Home","item":"https:\/\/pokerplanets6.com\/es\/"},{"@type":"ListItem","position":2,"name":"Promociones","item":"https:\/\/pokerplanets6.com\/es\/promociones\/"},{"@type":"ListItem","position":3,"name":"Holiday Gift Blizzard"}]},{"@type":"WebSite","@id":"https:\/\/pokerplanets6.com\/es\/#website","url":"https:\/\/pokerplanets6.com\/es\/","name":"PokerPlanets","description":"","potentialAction":[{"@type":"SearchAction","target":{"@type":"EntryPoint","urlTemplate":"https:\/\/pokerplanets6.com\/es\/?s={search_term_string}"},"query-input":{"@type":"PropertyValueSpecification","valueRequired":true,"valueName":"search_term_string"}}],"inLanguage":"es"}]}},"publishpress_future_action":{"enabled":false,"date":"2026-05-07 00:05:46","action":"change-status","newStatus":"draft","terms":[],"taxonomy":"translation_priority","extraData":[]},"publishpress_future_workflow_manual_trigger":{"enabledWorkflows":[]},"_links":{"self":[{"href":"https:\/\/pokerplanets6.com\/es\/wp-json\/wp\/v2\/pages\/10044","targetHints":{"allow":["GET"]}}],"collection":[{"href":"https:\/\/pokerplanets6.com\/es\/wp-json\/wp\/v2\/pages"}],"about":[{"href":"https:\/\/pokerplanets6.com\/es\/wp-json\/wp\/v2\/types\/page"}],"author":[{"embeddable":true,"href":"https:\/\/pokerplanets6.com\/es\/wp-json\/wp\/v2\/users\/1"}],"replies":[{"embeddable":true,"href":"https:\/\/pokerplanets6.com\/es\/wp-json\/wp\/v2\/comments?post=10044"}],"version-history":[{"count":2,"href":"https:\/\/pokerplanets6.com\/es\/wp-json\/wp\/v2\/pages\/10044\/revisions"}],"predecessor-version":[{"id":10046,"href":"https:\/\/pokerplanets6.com\/es\/wp-json\/wp\/v2\/pages\/10044\/revisions\/10046"}],"up":[{"embeddable":true,"href":"https:\/\/pokerplanets6.com\/es\/wp-json\/wp\/v2\/pages\/6515"}],"wp:attachment":[{"href":"https:\/\/pokerplanets6.com\/es\/wp-json\/wp\/v2\/media?parent=10044"}],"curies":[{"name":"wp","href":"https:\/\/api.w.org\/{rel}","templated":true}]}}